{"id":14267,"date":"2025-09-21T14:34:25","date_gmt":"2025-09-21T14:34:25","guid":{"rendered":"https:\/\/meetgirl.ch\/?page_id=14267"},"modified":"2025-09-21T14:45:59","modified_gmt":"2025-09-21T14:45:59","slug":"lausana","status":"publish","type":"page","link":"https:\/\/meetgirl.ch\/es\/acompanante\/lausana\/","title":{"rendered":"Escort Lausanne - anuncios certificados y acompa\u00f1antes de lujo"},"content":{"rendered":"<div data-elementor-type=\"wp-page\" data-elementor-id=\"14267\" class=\"elementor elementor-14267\">\n\t\t\t\t<div class=\"elementor-element elementor-element-29eddcb e-flex e-con-boxed e-con e-parent\" data-id=\"29eddcb\" data-element_type=\"container\" data-settings=\"{&quot;jet_parallax_layout_list&quot;:[]}\">\n\t\t\t\t\t<div class=\"e-con-inner\">\n\t\t\t\t<div class=\"elementor-element elementor-element-858182b elementor-widget elementor-widget-text-editor\" data-id=\"858182b\" data-element_type=\"widget\" data-widget_type=\"text-editor.default\">\n\t\t\t\t<div class=\"elementor-widget-container\">\n\t\t\t\t\t\t\t\t\t<div style=\"color:#ffffff; font-family:Arial,sans-serif; line-height:1.6;\">\n\n<h1 style=\"color:#f67675; font-size:32px; font-weight:bold; text-align:center;\">\nEscort Lausanne - anuncios certificados y acompa\u00f1antes de lujo\n<\/h1>\n\n<!-- Sommaire -->\n<h2 style=\"color:#f67675;\">Contenido<\/h2>\n<ul>\n  <li><a href=\"#pourquoi\" style=\"color:#f67675;\">Por qu\u00e9 elegir una escort en Lausana<\/a><\/li>\n  <li><a href=\"#quartiers\" style=\"color:#f67675;\">Barrios y lugares que no debe perderse<\/a><\/li>\n  <li><a href=\"#tarifs\" style=\"color:#f67675;\">Tarifas y servicios<\/a><\/li>\n  <li><a href=\"#evenements\" style=\"color:#f67675;\">Eventos y experiencias en Lausana<\/a><\/li>\n  <li><a href=\"#specs\" style=\"color:#f67675;\">Particularidades de Lausana<\/a><\/li>\n  <li><a href=\"#conseils\" style=\"color:#f67675;\">Consejos para una reuni\u00f3n fruct\u00edfera<\/a><\/li>\n  <li><a href=\"#faq\" style=\"color:#f67675;\">FAQ - Escort Lausanne<\/a><\/li>\n<\/ul>\n\n<p>\nEn <strong>escort Lausana<\/strong> en Meetgirl son seleccionadas por su elegancia, profesionalidad y discreci\u00f3n. Tanto si buscas una <strong>escort girl Lausanne<\/strong>a <strong>compa\u00f1ero Lausana<\/strong> o un <strong>escort de lujo Lausana<\/strong>Nuestros anuncios certificados garantizan autenticidad y seguridad.\n<\/p>\n\n<h2 id=\"pourquoi\" style=\"color:#f67675;\">\u00bfPor qu\u00e9 elegir una escort en Lausana?<\/h2>\n<p>\nLausana, a orillas del lago Lem\u00e1n, es una ciudad cosmopolita que combina cultura, refinamiento y ambiente festivo. Con una <strong>escort Lausana<\/strong>En el Museo Ol\u00edmpico o en el barrio de Flon, disfrutar\u00e1 de una presencia elegante para sus fiestas privadas, eventos de negocios o escapadas \u00edntimas. Del Museo Ol\u00edmpico al barrio de Flon, cada encuentro se convierte en una experiencia memorable.\n<\/p>\n\n<h2 id=\"quartiers\" style=\"color:#f67675;\">Barrios y lugares que no debe perderse<\/h2>\n<p>\nNuestra <strong>acompa\u00f1antes Lausana<\/strong> desplazarse por los principales distritos:\n<\/p>\n<ul>\n  <li><strong>Ouchy<\/strong> - rom\u00e1ntico paseo por el lago.<\/li>\n  <li><strong>Le Flon<\/strong> - bares de moda y una animada vida nocturna.<\/li>\n  <li><strong>Lausana-Gare<\/strong> - c\u00e9ntrico y discreto para sus citas.<\/li>\n  <li><strong>Pully y Chailly<\/strong> - elegantes zonas residenciales.<\/li>\n  <li><strong>Epalinges<\/strong> - para mayor discreci\u00f3n y privacidad.<\/li>\n<\/ul>\n\n<h2 id=\"tarifs\" style=\"color:#f67675;\">Tarifas y servicios<\/h2>\n<p>\nTarifas para <strong>escort Lausana<\/strong> var\u00edan en funci\u00f3n de la duraci\u00f3n y los servicios:\n<\/p>\n<ul>\n  <li>Reuni\u00f3n corta (1h): a partir de CHF 250<\/li>\n  <li>Velada completa: 600-1000 CHF<\/li>\n  <li>Noche entera: a partir de 1.500 CHF<\/li>\n<\/ul>\n<p>\nLos servicios incluyen masajes, juegos de rol, acompa\u00f1amiento VIP, viajes privados y servicios personalizados. Cada anuncio establece claramente los t\u00e9rminos y condiciones de la<strong>escort girl Lausanne<\/strong>.\n<\/p>\n\n<h2 id=\"evenements\" style=\"color:#f67675;\">Eventos y experiencias en Lausana<\/h2>\n<p>\nLausana acoge prestigiosos acontecimientos como el Festival de la Cit\u00e9, el vecino Festival de Jazz de Montreux y conferencias internacionales. Nuestra <strong>compa\u00f1eros Lausana<\/strong> puede acompa\u00f1arle al Palacio del Beau-Rivage, al Royal Savoy o a cenas gastron\u00f3micas. Cada encuentro combina discreci\u00f3n, elegancia y placer.\n<\/p>\n\n<h2 id=\"specs\" style=\"color:#f67675;\">Particularidades de Lausana<\/h2>\n<p>\nLausana es tambi\u00e9n una ciudad \u00fanica por su topograf\u00eda y su vida local. Construida sobre tres colinas, ofrece espectaculares vistas panor\u00e1micas del lago Lem\u00e1n y los Alpes. Este entorno rom\u00e1ntico es ideal para un encuentro con un ser querido. <strong>escort Lausana<\/strong>. La ciudad tambi\u00e9n es famosa por su dinamismo estudiantil, su ambiente festivo y sus numerosos bares de copas. Visite <strong>azafata particular Lausana<\/strong> le guiar\u00e1 a las mejores direcciones y convertir\u00e1 una simple velada en una aventura memorable.\n<\/p>\n\n<h2 id=\"conseils\" style=\"color:#f67675;\">Consejos para una reuni\u00f3n fruct\u00edfera<\/h2>\n<ul>\n  <li>Reserve con antelaci\u00f3n para garantizar la disponibilidad.<\/li>\n  <li>Comunique claramente sus expectativas.<\/li>\n  <li>Respeta los l\u00edmites establecidos por el escolta.<\/li>\n  <li>Planifique un lugar adecuado: hotel, piso privado, espacio discreto.<\/li>\n<\/ul>\n\n<h2 style=\"color:#f67675;\">Otros destinos disponibles<\/h2>\n<p>\nDescubra tambi\u00e9n nuestro <a style=\"color:#f67675; text-decoration:underline;\" href=\"\/es\/acompanante\/geneve\/\">escort Ginebra<\/a>as\u00ed como nuestros anuncios en el <a style=\"color:#f67675; text-decoration:underline;\" href=\"\/es\/acompanante\/valais\/\">Valais<\/a>, \u00e0 <a style=\"color:#f67675; text-decoration:underline;\" href=\"\/es\/acompanante\/friburgo\/\">Friburgo<\/a> y <a style=\"color:#f67675; text-decoration:underline;\" href=\"\/es\/acompanante\/berne\/\">Berna<\/a>.\n<\/p>\n\n<h2 id=\"faq\" style=\"color:#f67675;\">FAQ - Escort Lausanne<\/h2>\n\n<h3 style=\"color:#f67675;\">\u00bfC\u00f3mo se reserva un acompa\u00f1ante en Lausana?<\/h3>\n<p>Reserva directamente a trav\u00e9s de anuncios certificados de Meetgirl, poni\u00e9ndote en contacto con la chica de compa\u00f1\u00eda o con su agencia.<\/p>\n\n<h3 style=\"color:#f67675;\">\u00bfQu\u00e9 tipos de servicios hay disponibles?<\/h3>\n<p>Masajes, asistencia VIP, juegos de rol, fiestas privadas, viajes personalizados.<\/p>\n\n<h3 style=\"color:#f67675;\">\u00bfSon discretas las reuniones?<\/h3>\n<p>S\u00ed, todos los anuncios certificados garantizan confidencialidad y seguridad.<\/p>\n\n<h3 style=\"color:#f67675;\">\u00bfCu\u00e1les son los barrios m\u00e1s populares?<\/h3>\n<p>Ouchy, Le Flon, Lausanne-Gare, Pully, Chailly y Epalinges.<\/p>\n\n<h3 style=\"color:#f67675;\">\u00bfLas escorts trabajan a domicilio o en hoteles?<\/h3>\n<p>S\u00ed, seg\u00fan sus condiciones, pueden trasladarse a hoteles o pisos privados.<\/p>\n\n<\/div>\n\t\t\t\t\t\t\t\t<\/div>\n\t\t\t\t<\/div>\n\t\t\t\t\t<\/div>\n\t\t\t\t<\/div>\n\t\t<div class=\"elementor-element elementor-element-546248b e-flex e-con-boxed e-con e-parent\" data-id=\"546248b\" data-element_type=\"container\" data-settings=\"{&quot;jet_parallax_layout_list&quot;:[]}\">\n\t\t\t\t\t<div class=\"e-con-inner\">\n\t\t<div class=\"elementor-element elementor-element-8a7b3aa e-con-full e-flex e-con e-child\" data-id=\"8a7b3aa\" data-element_type=\"container\" data-settings=\"{&quot;jet_parallax_layout_list&quot;:[]}\">\n\t\t\t\t<div class=\"elementor-element elementor-element-0f42661 elementor-widget elementor-widget-image\" data-id=\"0f42661\" data-element_type=\"widget\" data-widget_type=\"image.default\">\n\t\t\t\t<div class=\"elementor-widget-container\">\n\t\t\t\t\t\t\t\t\t\t\t\t\t\t\t<img decoding=\"async\" width=\"820\" height=\"542\" src=\"https:\/\/meetgirl.ch\/wp-content\/uploads\/2025\/09\/escort-girl-lausanne-quartier-flon.png\" class=\"attachment-large size-large wp-image-14283\" alt=\"Escort girl Lausanne - elegante velada en el barrio de Flon\" srcset=\"https:\/\/meetgirl.ch\/wp-content\/uploads\/2025\/09\/escort-girl-lausanne-quartier-flon.png 820w, https:\/\/meetgirl.ch\/wp-content\/uploads\/2025\/09\/escort-girl-lausanne-quartier-flon-300x198.png 300w, https:\/\/meetgirl.ch\/wp-content\/uploads\/2025\/09\/escort-girl-lausanne-quartier-flon-768x508.png 768w, https:\/\/meetgirl.ch\/wp-content\/uploads\/2025\/09\/escort-girl-lausanne-quartier-flon-18x12.png 18w, https:\/\/meetgirl.ch\/wp-content\/uploads\/2025\/09\/escort-girl-lausanne-quartier-flon-600x397.png 600w\" sizes=\"(max-width: 820px) 100vw, 820px\" \/>\t\t\t\t\t\t\t\t\t\t\t\t\t\t\t<\/div>\n\t\t\t\t<\/div>\n\t\t\t\t<\/div>\n\t\t<div class=\"elementor-element elementor-element-27d5330 e-con-full e-flex e-con e-child\" data-id=\"27d5330\" data-element_type=\"container\" data-settings=\"{&quot;jet_parallax_layout_list&quot;:[]}\">\n\t\t\t\t<div class=\"elementor-element elementor-element-8564fdb elementor-widget elementor-widget-image\" data-id=\"8564fdb\" data-element_type=\"widget\" data-widget_type=\"image.default\">\n\t\t\t\t<div class=\"elementor-widget-container\">\n\t\t\t\t\t\t\t\t\t\t\t\t\t\t\t<img decoding=\"async\" width=\"814\" height=\"534\" src=\"https:\/\/meetgirl.ch\/wp-content\/uploads\/2025\/09\/accompagnatrice-lausanne-hotel-luxe.png\" class=\"attachment-large size-large wp-image-14284\" alt=\"Acompa\u00f1ante Lausana - Reuni\u00f3n VIP en un hotel de prestigio\" srcset=\"https:\/\/meetgirl.ch\/wp-content\/uploads\/2025\/09\/accompagnatrice-lausanne-hotel-luxe.png 814w, https:\/\/meetgirl.ch\/wp-content\/uploads\/2025\/09\/accompagnatrice-lausanne-hotel-luxe-300x197.png 300w, https:\/\/meetgirl.ch\/wp-content\/uploads\/2025\/09\/accompagnatrice-lausanne-hotel-luxe-768x504.png 768w, https:\/\/meetgirl.ch\/wp-content\/uploads\/2025\/09\/accompagnatrice-lausanne-hotel-luxe-18x12.png 18w, https:\/\/meetgirl.ch\/wp-content\/uploads\/2025\/09\/accompagnatrice-lausanne-hotel-luxe-600x394.png 600w\" sizes=\"(max-width: 814px) 100vw, 814px\" \/>\t\t\t\t\t\t\t\t\t\t\t\t\t\t\t<\/div>\n\t\t\t\t<\/div>\n\t\t\t\t<\/div>\n\t\t<div class=\"elementor-element elementor-element-bf6526c e-con-full e-flex e-con e-child\" data-id=\"bf6526c\" data-element_type=\"container\" data-settings=\"{&quot;jet_parallax_layout_list&quot;:[]}\">\n\t\t\t\t<div class=\"elementor-element elementor-element-0828575 elementor-widget elementor-widget-image\" data-id=\"0828575\" data-element_type=\"widget\" data-widget_type=\"image.default\">\n\t\t\t\t<div class=\"elementor-widget-container\">\n\t\t\t\t\t\t\t\t\t\t\t\t\t\t\t<img decoding=\"async\" width=\"822\" height=\"540\" src=\"https:\/\/meetgirl.ch\/wp-content\/uploads\/2025\/09\/escort-lausanne-lac-leman.png\" class=\"attachment-large size-large wp-image-14282\" alt=\"Escort Lausana - escort de lujo en el Lago Lem\u00e1n\" srcset=\"https:\/\/meetgirl.ch\/wp-content\/uploads\/2025\/09\/escort-lausanne-lac-leman.png 822w, https:\/\/meetgirl.ch\/wp-content\/uploads\/2025\/09\/escort-lausanne-lac-leman-300x197.png 300w, https:\/\/meetgirl.ch\/wp-content\/uploads\/2025\/09\/escort-lausanne-lac-leman-768x505.png 768w, https:\/\/meetgirl.ch\/wp-content\/uploads\/2025\/09\/escort-lausanne-lac-leman-18x12.png 18w, https:\/\/meetgirl.ch\/wp-content\/uploads\/2025\/09\/escort-lausanne-lac-leman-600x394.png 600w\" sizes=\"(max-width: 822px) 100vw, 822px\" \/>\t\t\t\t\t\t\t\t\t\t\t\t\t\t\t<\/div>\n\t\t\t\t<\/div>\n\t\t\t\t<\/div>\n\t\t\t\t\t<\/div>\n\t\t\t\t<\/div>\n\t\t\t\t<\/div>","protected":false},"excerpt":{"rendered":"<p>Escort Lausanne \u2013 annonces certifi\u00e9es et escort de luxe Sommaire Pourquoi choisir une escort \u00e0 Lausanne Quartiers et lieux incontournables Tarifs et services \u00c9v\u00e9nements et exp\u00e9riences \u00e0 Lausanne Sp\u00e9cificit\u00e9s lausannoises Conseils pour une rencontre r\u00e9ussie FAQ \u2013 Escort Lausanne Les escort Lausanne propos\u00e9es sur Meetgirl sont s\u00e9lectionn\u00e9es pour leur \u00e9l\u00e9gance, leur professionnalisme et leur discr\u00e9tion. [&hellip;]<\/p>","protected":false},"author":3,"featured_media":0,"parent":14075,"menu_order":0,"comment_status":"closed","ping_status":"closed","template":"","meta":{"footnotes":""},"class_list":["post-14267","page","type-page","status-publish","hentry"],"acf":[],"yoast_head":"<!-- This site is optimized with the Yoast SEO plugin v26.0 - https:\/\/yoast.com\/wordpress\/plugins\/seo\/ -->\n<title>Escort Lausanne | Escort girl Lausanne \u2013 Meetgirl<\/title>\n<meta name=\"description\" content=\"D\u00e9couvrez nos annonces certifi\u00e9es d\u2019escorts \u00e0 Lausanne : escort girls ind\u00e9pendantes et agences. Discr\u00e9tion et \u00e9l\u00e9gance garanties\" \/>\n<meta name=\"robots\" content=\"index, follow, max-snippet:-1, max-image-preview:large, max-video-preview:-1\" \/>\n<link rel=\"canonical\" href=\"https:\/\/meetgirl.ch\/es\/acompanante\/lausana\/\" \/>\n<meta property=\"og:locale\" content=\"es_ES\" \/>\n<meta property=\"og:type\" content=\"article\" \/>\n<meta property=\"og:title\" content=\"Escort Lausanne | Escort girl Lausanne \u2013 Meetgirl\" \/>\n<meta property=\"og:description\" content=\"D\u00e9couvrez nos annonces certifi\u00e9es d\u2019escorts \u00e0 Lausanne : escort girls ind\u00e9pendantes et agences. Discr\u00e9tion et \u00e9l\u00e9gance garanties\" \/>\n<meta property=\"og:url\" content=\"https:\/\/meetgirl.ch\/es\/acompanante\/lausana\/\" \/>\n<meta property=\"og:site_name\" content=\"Meetgirl - Annonces \u00e9rotiques - Escorts, massages et salons\" \/>\n<meta property=\"article:modified_time\" content=\"2025-09-21T14:45:59+00:00\" \/>\n<meta property=\"og:image\" content=\"https:\/\/meetgirl.ch\/wp-content\/uploads\/2025\/09\/escort-girl-lausanne-quartier-flon.png\" \/>\n\t<meta property=\"og:image:width\" content=\"820\" \/>\n\t<meta property=\"og:image:height\" content=\"542\" \/>\n\t<meta property=\"og:image:type\" content=\"image\/png\" \/>\n<meta name=\"twitter:card\" content=\"summary_large_image\" \/>\n<meta name=\"twitter:label1\" content=\"Tiempo de lectura\" \/>\n\t<meta name=\"twitter:data1\" content=\"4 minutos\" \/>\n<script type=\"application\/ld+json\" class=\"yoast-schema-graph\">{\"@context\":\"https:\/\/schema.org\",\"@graph\":[{\"@type\":\"WebPage\",\"@id\":\"https:\/\/meetgirl.ch\/escort\/lausanne\/\",\"url\":\"https:\/\/meetgirl.ch\/escort\/lausanne\/\",\"name\":\"Escort Lausanne | Escort girl Lausanne \u2013 Meetgirl\",\"isPartOf\":{\"@id\":\"https:\/\/meetgirl.ch\/#website\"},\"primaryImageOfPage\":{\"@id\":\"https:\/\/meetgirl.ch\/escort\/lausanne\/#primaryimage\"},\"image\":{\"@id\":\"https:\/\/meetgirl.ch\/escort\/lausanne\/#primaryimage\"},\"thumbnailUrl\":\"https:\/\/meetgirl.ch\/wp-content\/uploads\/2025\/09\/escort-girl-lausanne-quartier-flon.png\",\"datePublished\":\"2025-09-21T14:34:25+00:00\",\"dateModified\":\"2025-09-21T14:45:59+00:00\",\"description\":\"D\u00e9couvrez nos annonces certifi\u00e9es d\u2019escorts \u00e0 Lausanne : escort girls ind\u00e9pendantes et agences. Discr\u00e9tion et \u00e9l\u00e9gance garanties\",\"breadcrumb\":{\"@id\":\"https:\/\/meetgirl.ch\/escort\/lausanne\/#breadcrumb\"},\"inLanguage\":\"es\",\"potentialAction\":[{\"@type\":\"ReadAction\",\"target\":[\"https:\/\/meetgirl.ch\/escort\/lausanne\/\"]}]},{\"@type\":\"ImageObject\",\"inLanguage\":\"es\",\"@id\":\"https:\/\/meetgirl.ch\/escort\/lausanne\/#primaryimage\",\"url\":\"https:\/\/meetgirl.ch\/wp-content\/uploads\/2025\/09\/escort-girl-lausanne-quartier-flon.png\",\"contentUrl\":\"https:\/\/meetgirl.ch\/wp-content\/uploads\/2025\/09\/escort-girl-lausanne-quartier-flon.png\"},{\"@type\":\"BreadcrumbList\",\"@id\":\"https:\/\/meetgirl.ch\/escort\/lausanne\/#breadcrumb\",\"itemListElement\":[{\"@type\":\"ListItem\",\"position\":1,\"name\":\"Accueil\",\"item\":\"https:\/\/meetgirl.ch\/\"},{\"@type\":\"ListItem\",\"position\":2,\"name\":\"Escort en Suisse \u2013 annonces certifi\u00e9es et v\u00e9rifi\u00e9es\",\"item\":\"https:\/\/meetgirl.ch\/escort\/\"},{\"@type\":\"ListItem\",\"position\":3,\"name\":\"Escort Lausanne \u2013 annonces certifi\u00e9es et escort de luxe\"}]},{\"@type\":\"WebSite\",\"@id\":\"https:\/\/meetgirl.ch\/#website\",\"url\":\"https:\/\/meetgirl.ch\/\",\"name\":\"MeetGirl - Annonces \u00e9rotiques Suisse - Escorts, massages et salons\",\"description\":\"Escorts et massages \u00e9rotiques\",\"publisher\":{\"@id\":\"https:\/\/meetgirl.ch\/#organization\"},\"alternateName\":\"Annuaire \u00e9rotique Suisse Escort \u00e0 Gen\u00e8ve, Lausanne, Valais, Neuch\u00e2tel\",\"potentialAction\":[{\"@type\":\"SearchAction\",\"target\":{\"@type\":\"EntryPoint\",\"urlTemplate\":\"https:\/\/meetgirl.ch\/?s={search_term_string}\"},\"query-input\":{\"@type\":\"PropertyValueSpecification\",\"valueRequired\":true,\"valueName\":\"search_term_string\"}}],\"inLanguage\":\"es\"},{\"@type\":\"Organization\",\"@id\":\"https:\/\/meetgirl.ch\/#organization\",\"name\":\"Escort et massage \u00e9rotique\",\"alternateName\":\"Meetgirl escortes et masseuses\",\"url\":\"https:\/\/meetgirl.ch\/\",\"logo\":{\"@type\":\"ImageObject\",\"inLanguage\":\"es\",\"@id\":\"https:\/\/meetgirl.ch\/#\/schema\/logo\/image\/\",\"url\":\"https:\/\/meetgirl.ch\/wp-content\/uploads\/2024\/05\/cropped-meet-logo.png\",\"contentUrl\":\"https:\/\/meetgirl.ch\/wp-content\/uploads\/2024\/05\/cropped-meet-logo.png\",\"width\":512,\"height\":512,\"caption\":\"Escort et massage \u00e9rotique\"},\"image\":{\"@id\":\"https:\/\/meetgirl.ch\/#\/schema\/logo\/image\/\"}}]}<\/script>\n<!-- \/ Yoast SEO plugin. -->","yoast_head_json":{"title":"Escort Lausanne | Escort girl Lausanne - Meetgirl","description":"Descubra nuestros anuncios de acompa\u00f1antes diplomados en Lausana: chicas de compa\u00f1\u00eda independientes y agencias. Discreci\u00f3n y elegancia garantizadas","robots":{"index":"index","follow":"follow","max-snippet":"max-snippet:-1","max-image-preview":"max-image-preview:large","max-video-preview":"max-video-preview:-1"},"canonical":"https:\/\/meetgirl.ch\/es\/acompanante\/lausana\/","og_locale":"es_ES","og_type":"article","og_title":"Escort Lausanne | Escort girl Lausanne \u2013 Meetgirl","og_description":"D\u00e9couvrez nos annonces certifi\u00e9es d\u2019escorts \u00e0 Lausanne : escort girls ind\u00e9pendantes et agences. Discr\u00e9tion et \u00e9l\u00e9gance garanties","og_url":"https:\/\/meetgirl.ch\/es\/acompanante\/lausana\/","og_site_name":"Meetgirl - Annonces \u00e9rotiques - Escorts, massages et salons","article_modified_time":"2025-09-21T14:45:59+00:00","og_image":[{"width":820,"height":542,"url":"https:\/\/meetgirl.ch\/wp-content\/uploads\/2025\/09\/escort-girl-lausanne-quartier-flon.png","type":"image\/png"}],"twitter_card":"summary_large_image","twitter_misc":{"Tiempo de lectura":"4 minutos"},"schema":{"@context":"https:\/\/schema.org","@graph":[{"@type":"WebPage","@id":"https:\/\/meetgirl.ch\/escort\/lausanne\/","url":"https:\/\/meetgirl.ch\/escort\/lausanne\/","name":"Escort Lausanne | Escort girl Lausanne - Meetgirl","isPartOf":{"@id":"https:\/\/meetgirl.ch\/#website"},"primaryImageOfPage":{"@id":"https:\/\/meetgirl.ch\/escort\/lausanne\/#primaryimage"},"image":{"@id":"https:\/\/meetgirl.ch\/escort\/lausanne\/#primaryimage"},"thumbnailUrl":"https:\/\/meetgirl.ch\/wp-content\/uploads\/2025\/09\/escort-girl-lausanne-quartier-flon.png","datePublished":"2025-09-21T14:34:25+00:00","dateModified":"2025-09-21T14:45:59+00:00","description":"Descubra nuestros anuncios de acompa\u00f1antes diplomados en Lausana: chicas de compa\u00f1\u00eda independientes y agencias. Discreci\u00f3n y elegancia garantizadas","breadcrumb":{"@id":"https:\/\/meetgirl.ch\/escort\/lausanne\/#breadcrumb"},"inLanguage":"es","potentialAction":[{"@type":"ReadAction","target":["https:\/\/meetgirl.ch\/escort\/lausanne\/"]}]},{"@type":"ImageObject","inLanguage":"es","@id":"https:\/\/meetgirl.ch\/escort\/lausanne\/#primaryimage","url":"https:\/\/meetgirl.ch\/wp-content\/uploads\/2025\/09\/escort-girl-lausanne-quartier-flon.png","contentUrl":"https:\/\/meetgirl.ch\/wp-content\/uploads\/2025\/09\/escort-girl-lausanne-quartier-flon.png"},{"@type":"BreadcrumbList","@id":"https:\/\/meetgirl.ch\/escort\/lausanne\/#breadcrumb","itemListElement":[{"@type":"ListItem","position":1,"name":"Accueil","item":"https:\/\/meetgirl.ch\/"},{"@type":"ListItem","position":2,"name":"Escort en Suisse \u2013 annonces certifi\u00e9es et v\u00e9rifi\u00e9es","item":"https:\/\/meetgirl.ch\/escort\/"},{"@type":"ListItem","position":3,"name":"Escort Lausanne \u2013 annonces certifi\u00e9es et escort de luxe"}]},{"@type":"WebSite","@id":"https:\/\/meetgirl.ch\/#website","url":"https:\/\/meetgirl.ch\/","name":"MeetGirl - Anuncios er\u00f3ticos Suiza - Escorts, masajes y salones","description":"Escorts y masajes er\u00f3ticos","publisher":{"@id":"https:\/\/meetgirl.ch\/#organization"},"alternateName":"Annuaire \u00e9rotique Suisse Escort \u00e0 Gen\u00e8ve, Lausanne, Valais, Neuch\u00e2tel","potentialAction":[{"@type":"SearchAction","target":{"@type":"EntryPoint","urlTemplate":"https:\/\/meetgirl.ch\/?s={search_term_string}"},"query-input":{"@type":"PropertyValueSpecification","valueRequired":true,"valueName":"search_term_string"}}],"inLanguage":"es"},{"@type":"Organization","@id":"https:\/\/meetgirl.ch\/#organization","name":"Escort y masaje er\u00f3tico","alternateName":"Meetgirl escortes et masseuses","url":"https:\/\/meetgirl.ch\/","logo":{"@type":"ImageObject","inLanguage":"es","@id":"https:\/\/meetgirl.ch\/#\/schema\/logo\/image\/","url":"https:\/\/meetgirl.ch\/wp-content\/uploads\/2024\/05\/cropped-meet-logo.png","contentUrl":"https:\/\/meetgirl.ch\/wp-content\/uploads\/2024\/05\/cropped-meet-logo.png","width":512,"height":512,"caption":"Escort et massage \u00e9rotique"},"image":{"@id":"https:\/\/meetgirl.ch\/#\/schema\/logo\/image\/"}}]}},"_links":{"self":[{"href":"https:\/\/meetgirl.ch\/es\/wp-json\/wp\/v2\/pages\/14267","targetHints":{"allow":["GET"]}}],"collection":[{"href":"https:\/\/meetgirl.ch\/es\/wp-json\/wp\/v2\/pages"}],"about":[{"href":"https:\/\/meetgirl.ch\/es\/wp-json\/wp\/v2\/types\/page"}],"author":[{"embeddable":true,"href":"https:\/\/meetgirl.ch\/es\/wp-json\/wp\/v2\/users\/3"}],"replies":[{"embeddable":true,"href":"https:\/\/meetgirl.ch\/es\/wp-json\/wp\/v2\/comments?post=14267"}],"version-history":[{"count":5,"href":"https:\/\/meetgirl.ch\/es\/wp-json\/wp\/v2\/pages\/14267\/revisions"}],"predecessor-version":[{"id":14287,"href":"https:\/\/meetgirl.ch\/es\/wp-json\/wp\/v2\/pages\/14267\/revisions\/14287"}],"up":[{"embeddable":true,"href":"https:\/\/meetgirl.ch\/es\/wp-json\/wp\/v2\/pages\/14075"}],"wp:attachment":[{"href":"https:\/\/meetgirl.ch\/es\/wp-json\/wp\/v2\/media?parent=14267"}],"curies":[{"name":"wp","href":"https:\/\/api.w.org\/{rel}","templated":true}]}}