{"id":14294,"date":"2025-09-21T15:14:49","date_gmt":"2025-09-21T15:14:49","guid":{"rendered":"https:\/\/meetgirl.ch\/?page_id=14294"},"modified":"2026-01-21T12:43:09","modified_gmt":"2026-01-21T12:43:09","slug":"friburgo","status":"publish","type":"page","link":"https:\/\/meetgirl.ch\/es\/acompanante\/friburgo\/","title":{"rendered":"Escort Fribourg \u2013 Annonces certifi\u00e9es et v\u00e9rifi\u00e9es"},"content":{"rendered":"<div data-elementor-type=\"wp-page\" data-elementor-id=\"14294\" class=\"elementor elementor-14294\">\n\t\t\t\t<div class=\"elementor-element elementor-element-5588eae e-flex e-con-boxed e-con e-parent\" data-id=\"5588eae\" data-element_type=\"container\" data-settings=\"{&quot;jet_parallax_layout_list&quot;:[]}\">\n\t\t\t\t\t<div class=\"e-con-inner\">\n\t\t\t\t<div class=\"elementor-element elementor-element-4aaed6f elementor-widget elementor-widget-text-editor\" data-id=\"4aaed6f\" data-element_type=\"widget\" data-widget_type=\"text-editor.default\">\n\t\t\t\t<div class=\"elementor-widget-container\">\n\t\t\t\t\t\t\t\t\t<div style=\"color:#ffffff;\">\n  <h1 style=\"color:#f67675;\">Escort Fribourg - anuncios certificados y verificados<\/h1>\n\n  <h2 style=\"color:#f67675;\">Contenido<\/h2>\n  <ul>\n    <li><a href=\"#pourquoi\" style=\"color:#f67675;\">Por qu\u00e9 elegir una escort en Friburgo<\/a><\/li>\n    <li><a href=\"#quartiers\" style=\"color:#f67675;\">Barrios y lugares que no debe perderse<\/a><\/li>\n    <li><a href=\"#tarifs\" style=\"color:#f67675;\">Tarifas y servicios<\/a><\/li>\n    <li><a href=\"#culture\" style=\"color:#f67675;\">Friburgo: una ciudad universitaria biling\u00fce<\/a><\/li>\n    <li><a href=\"#specificites\" style=\"color:#f67675;\">Especificidades locales<\/a><\/li>\n    <li><a href=\"#faq\" style=\"color:#f67675;\">FAQ Escort Friburgo<\/a><\/li>\n  <\/ul>\n\n  <h2 id=\"pourquoi\" style=\"color:#f67675;\">\u00bfPor qu\u00e9 elegir una escort en Friburgo?<\/h2>\n  <p>Opte por un <strong>acompa\u00f1ante en Friburgo<\/strong> le permite beneficiarse de anuncios verificados, discretos y fiables. En efecto, la ciudad ofrece un marco ideal para encuentros refinados. Adem\u00e1s, gracias a su biling\u00fcismo y dinamismo, Friburgo atrae a una clientela internacional.<\/p>\n\n  <h2 id=\"quartiers\" style=\"color:#f67675;\">Barrios y lugares que no debe perderse<\/h2>\n  <p>El centro hist\u00f3rico cuenta con estrechas callejuelas medievales y agradables terrazas. El barrio de P\u00e9rolles atrae a una clientela joven y moderna. Por \u00faltimo, Bourguillon y las afueras de la ciudad ofrecen un ambiente m\u00e1s discreto. A <strong>acompa\u00f1ante de lujo Friburgo<\/strong> se adaptar\u00e1 a sus deseos, ya sea para una cena chic o una velada privada.<\/p>\n  <p>Para variar sus experiencias, eche un vistazo a nuestras p\u00e1ginas <a href=\"https:\/\/meetgirl.ch\/es\/acompanante\/lausana\/\" style=\"color:#f67675;\">escort Lausana<\/a> y <a href=\"https:\/\/meetgirl.ch\/es\/acompanante\/geneve\/\" style=\"color:#f67675;\">escort Ginebra<\/a>que complementan perfectamente la oferta regional.<\/p>\n\n  <h2 id=\"tarifs\" style=\"color:#f67675;\">Precios y servicios<\/h2>\n  <p>Por t\u00e9rmino medio, una hora con un <strong>acompa\u00f1ante certificado Friburgo<\/strong> cuesta unos 300 CHF. Por una velada completa, deber\u00e1 pagar entre 1.000 y 1.200 CHF. Sin embargo, algunos servicios VIP o personalizados pueden superar estas cantidades. Por eso recomendamos consultar directamente cada anuncio para ver las opciones disponibles.<\/p>\n\n  <h2 id=\"culture\" style=\"color:#f67675;\">Friburgo: una ciudad universitaria biling\u00fce<\/h2>\n  <p>Esta ciudad cosmopolita atrae tanto a profesionales como a estudiantes internacionales. Visite <strong>Escorts suizos en Friburgo<\/strong> reflejan esta diversidad y a menudo hablan varios idiomas. Por ello, pueden acompa\u00f1arle tanto a una cena de negocios como a una fiesta local.<\/p>\n\n  <h2 id=\"specificites\" style=\"color:#f67675;\">Especificidades locales<\/h2>\n  <p>El casco antiguo medieval, los pintorescos puentes y el r\u00edo Sarine ofrecen un tel\u00f3n de fondo \u00fanico para sus reuniones. Los bares de estudiantes y los restaurantes gourmet del barrio de P\u00e9rolles a\u00f1aden atractivo a la ciudad. Con una <strong>escort girl Friburgo<\/strong>Estos momentos se vuelven a\u00fan m\u00e1s memorables.<\/p>\n\n  <h2 id=\"faq\" style=\"color:#f67675;\">FAQ Escort Friburgo<\/h2>\n  <h3 style=\"color:#f67675;\">\u00bfC\u00f3mo se reserva un acompa\u00f1ante en Friburgo?<\/h3>\n  <p>S\u00f3lo tienes que echar un vistazo a los anuncios certificados de Meetgirl y ponerte en contacto directamente con la escort que elijas.<\/p>\n\n  <h3 style=\"color:#f67675;\">\u00bfCu\u00e1les son los barrios m\u00e1s populares?<\/h3>\n  <p>El centro hist\u00f3rico, P\u00e9rolles y Bourguillon est\u00e1n muy solicitados. Sin embargo, hay quien prefiere las zonas perif\u00e9ricas por su mayor discreci\u00f3n.<\/p>\n\n  <h3 style=\"color:#f67675;\">\u00bfQu\u00e9 tarifas se aplican en Friburgo?<\/h3>\n  <p>Por regla general, una hora cuesta unos 300 CHF y una velada completa entre 1.000 y 1.200 CHF. Los servicios VIP pueden ser m\u00e1s caros.<\/p>\n\n  <h3 style=\"color:#f67675;\">\u00bfLos escoltas hablan varios idiomas?<\/h3>\n  <p>S\u00ed, la mayor\u00eda de <strong>chicas de compa\u00f1\u00eda Fribourg<\/strong> son multiling\u00fces, lo que facilita la comunicaci\u00f3n con clientes extranjeros.<\/p>\n<\/div>\n\n<!-- Schema FAQ -->\n<script type=\"application\/ld+json\">\n{\n  \"@context\": \"https:\/\/schema.org\",\n  \"@type\": \"FAQPage\",\n  \"mainEntity\": [\n    {\n      \"@type\": \"Question\",\n      \"name\": \"Comment r\u00e9server une escort \u00e0 Fribourg ?\",\n      \"acceptedAnswer\": {\n        \"@type\": \"Answer\",\n        \"text\": \"Il suffit de parcourir les annonces certifi\u00e9es sur Meetgirl et de contacter directement l\u2019escort choisie.\"\n      }\n    },\n    {\n      \"@type\": \"Question\",\n      \"name\": \"Quels sont les quartiers les plus populaires ?\",\n      \"acceptedAnswer\": {\n        \"@type\": \"Answer\",\n        \"text\": \"Le centre historique, P\u00e9rolles et Bourguillon sont tr\u00e8s recherch\u00e9s. Certains pr\u00e9f\u00e8rent cependant les zones p\u00e9riph\u00e9riques pour plus de discr\u00e9tion.\"\n      }\n    },\n    {\n      \"@type\": \"Question\",\n      \"name\": \"Quels tarifs sont pratiqu\u00e9s \u00e0 Fribourg ?\",\n      \"acceptedAnswer\": {\n        \"@type\": \"Answer\",\n        \"text\": \"En r\u00e8gle g\u00e9n\u00e9rale, une heure co\u00fbte environ 300 CHF et une soir\u00e9e compl\u00e8te entre 1000 et 1200 CHF. Les prestations VIP peuvent \u00eatre plus \u00e9lev\u00e9es.\"\n      }\n    },\n    {\n      \"@type\": \"Question\",\n      \"name\": \"Les escorts parlent-elles plusieurs langues ?\",\n      \"acceptedAnswer\": {\n        \"@type\": \"Answer\",\n        \"text\": \"Oui, la majorit\u00e9 des escort girls Fribourg sont multilingues, ce qui facilite les \u00e9changes avec les clients \u00e9trangers.\"\n      }\n    }\n  ]\n}\n<\/script>\n\t\t\t\t\t\t\t\t<\/div>\n\t\t\t\t<\/div>\n\t\t\t\t\t<\/div>\n\t\t\t\t<\/div>\n\t\t<div class=\"elementor-element elementor-element-8be1367 e-flex e-con-boxed e-con e-parent\" data-id=\"8be1367\" data-element_type=\"container\" data-settings=\"{&quot;jet_parallax_layout_list&quot;:[]}\">\n\t\t\t\t\t<div class=\"e-con-inner\">\n\t\t<div class=\"elementor-element elementor-element-dcbdb28 e-con-full e-flex e-con e-child\" data-id=\"dcbdb28\" data-element_type=\"container\" data-settings=\"{&quot;jet_parallax_layout_list&quot;:[]}\">\n\t\t\t\t<div class=\"elementor-element elementor-element-71b9ae9 elementor-widget elementor-widget-image\" data-id=\"71b9ae9\" data-element_type=\"widget\" data-widget_type=\"image.default\">\n\t\t\t\t<div class=\"elementor-widget-container\">\n\t\t\t\t\t\t\t\t\t\t\t\t\t\t\t<img decoding=\"async\" width=\"822\" height=\"620\" src=\"https:\/\/meetgirl.ch\/wp-content\/uploads\/2025\/09\/escort-fribourg-hotel.png\" class=\"attachment-large size-large wp-image-14301\" alt=\"Escort Fribourg - encuentro discreto y elegante en un hotel\" srcset=\"https:\/\/meetgirl.ch\/wp-content\/uploads\/2025\/09\/escort-fribourg-hotel.png 822w, https:\/\/meetgirl.ch\/wp-content\/uploads\/2025\/09\/escort-fribourg-hotel-300x226.png 300w, https:\/\/meetgirl.ch\/wp-content\/uploads\/2025\/09\/escort-fribourg-hotel-768x579.png 768w, https:\/\/meetgirl.ch\/wp-content\/uploads\/2025\/09\/escort-fribourg-hotel-16x12.png 16w, https:\/\/meetgirl.ch\/wp-content\/uploads\/2025\/09\/escort-fribourg-hotel-600x453.png 600w\" sizes=\"(max-width: 822px) 100vw, 822px\" \/>\t\t\t\t\t\t\t\t\t\t\t\t\t\t\t<\/div>\n\t\t\t\t<\/div>\n\t\t\t\t<\/div>\n\t\t<div class=\"elementor-element elementor-element-25b528e e-con-full e-flex e-con e-child\" data-id=\"25b528e\" data-element_type=\"container\" data-settings=\"{&quot;jet_parallax_layout_list&quot;:[]}\">\n\t\t\t\t<\/div>\n\t\t\t\t\t<\/div>\n\t\t\t\t<\/div>\n\t\t\t\t<\/div>","protected":false},"excerpt":{"rendered":"<p>Escort Fribourg \u2013 annonces certifi\u00e9es et v\u00e9rifi\u00e9es Sommaire Pourquoi choisir une escort \u00e0 Fribourg Quartiers et lieux incontournables Tarifs et services Fribourg : ville bilingue et universitaire Sp\u00e9cificit\u00e9s locales FAQ Escort Fribourg Pourquoi choisir une escort girl \u00e0 Fribourg ? Opter pour une escort \u00e0 Fribourg permet de profiter d\u2019annonces v\u00e9rifi\u00e9es, discr\u00e8tes et fiables. En [&hellip;]<\/p>","protected":false},"author":3,"featured_media":0,"parent":14075,"menu_order":0,"comment_status":"closed","ping_status":"closed","template":"","meta":{"footnotes":""},"class_list":["post-14294","page","type-page","status-publish","hentry"],"acf":[],"yoast_head":"<!-- This site is optimized with the Yoast SEO plugin v26.0 - https:\/\/yoast.com\/wordpress\/plugins\/seo\/ -->\n<title>Escort Fribourg \u2013 Annonces certifi\u00e9es | Meetgirl<\/title>\n<meta name=\"description\" content=\"Escort Fribourg : annonces certifi\u00e9es, escort girls de luxe et ind\u00e9pendantes. Discr\u00e9tion, \u00e9l\u00e9gance et exp\u00e9riences sensuelles garanties.\" \/>\n<meta name=\"robots\" content=\"index, follow, max-snippet:-1, max-image-preview:large, max-video-preview:-1\" \/>\n<link rel=\"canonical\" href=\"https:\/\/meetgirl.ch\/es\/acompanante\/friburgo\/\" \/>\n<meta property=\"og:locale\" content=\"es_ES\" \/>\n<meta property=\"og:type\" content=\"article\" \/>\n<meta property=\"og:title\" content=\"Escort Fribourg \u2013 Annonces certifi\u00e9es | Meetgirl\" \/>\n<meta property=\"og:description\" content=\"Escort Fribourg : annonces certifi\u00e9es, escort girls de luxe et ind\u00e9pendantes. Discr\u00e9tion, \u00e9l\u00e9gance et exp\u00e9riences sensuelles garanties.\" \/>\n<meta property=\"og:url\" content=\"https:\/\/meetgirl.ch\/es\/acompanante\/friburgo\/\" \/>\n<meta property=\"og:site_name\" content=\"Meetgirl - Annonces \u00e9rotiques - Escorts, massages et salons\" \/>\n<meta property=\"article:modified_time\" content=\"2026-01-21T12:43:09+00:00\" \/>\n<meta property=\"og:image\" content=\"https:\/\/meetgirl.ch\/wp-content\/uploads\/2025\/09\/escort-fribourg-hotel.png\" \/>\n<meta name=\"twitter:card\" content=\"summary_large_image\" \/>\n<meta name=\"twitter:label1\" content=\"Tiempo de lectura\" \/>\n\t<meta name=\"twitter:data1\" content=\"3 minutos\" \/>\n<script type=\"application\/ld+json\" class=\"yoast-schema-graph\">{\"@context\":\"https:\/\/schema.org\",\"@graph\":[{\"@type\":\"WebPage\",\"@id\":\"https:\/\/meetgirl.ch\/escort\/fribourg\/\",\"url\":\"https:\/\/meetgirl.ch\/escort\/fribourg\/\",\"name\":\"Escort Fribourg \u2013 Annonces certifi\u00e9es | Meetgirl\",\"isPartOf\":{\"@id\":\"https:\/\/meetgirl.ch\/#website\"},\"primaryImageOfPage\":{\"@id\":\"https:\/\/meetgirl.ch\/escort\/fribourg\/#primaryimage\"},\"image\":{\"@id\":\"https:\/\/meetgirl.ch\/escort\/fribourg\/#primaryimage\"},\"thumbnailUrl\":\"https:\/\/meetgirl.ch\/wp-content\/uploads\/2025\/09\/escort-fribourg-hotel.png\",\"datePublished\":\"2025-09-21T15:14:49+00:00\",\"dateModified\":\"2026-01-21T12:43:09+00:00\",\"description\":\"Escort Fribourg : annonces certifi\u00e9es, escort girls de luxe et ind\u00e9pendantes. Discr\u00e9tion, \u00e9l\u00e9gance et exp\u00e9riences sensuelles garanties.\",\"breadcrumb\":{\"@id\":\"https:\/\/meetgirl.ch\/escort\/fribourg\/#breadcrumb\"},\"inLanguage\":\"es\",\"potentialAction\":[{\"@type\":\"ReadAction\",\"target\":[\"https:\/\/meetgirl.ch\/escort\/fribourg\/\"]}]},{\"@type\":\"ImageObject\",\"inLanguage\":\"es\",\"@id\":\"https:\/\/meetgirl.ch\/escort\/fribourg\/#primaryimage\",\"url\":\"https:\/\/meetgirl.ch\/wp-content\/uploads\/2025\/09\/escort-fribourg-hotel.png\",\"contentUrl\":\"https:\/\/meetgirl.ch\/wp-content\/uploads\/2025\/09\/escort-fribourg-hotel.png\"},{\"@type\":\"BreadcrumbList\",\"@id\":\"https:\/\/meetgirl.ch\/escort\/fribourg\/#breadcrumb\",\"itemListElement\":[{\"@type\":\"ListItem\",\"position\":1,\"name\":\"Accueil\",\"item\":\"https:\/\/meetgirl.ch\/\"},{\"@type\":\"ListItem\",\"position\":2,\"name\":\"Escort en Suisse \u2013 annonces certifi\u00e9es et v\u00e9rifi\u00e9es\",\"item\":\"https:\/\/meetgirl.ch\/escort\/\"},{\"@type\":\"ListItem\",\"position\":3,\"name\":\"Escort Fribourg \u2013 Annonces certifi\u00e9es et v\u00e9rifi\u00e9es\"}]},{\"@type\":\"WebSite\",\"@id\":\"https:\/\/meetgirl.ch\/#website\",\"url\":\"https:\/\/meetgirl.ch\/\",\"name\":\"MeetGirl - Annonces \u00e9rotiques Suisse - Escorts, massages et salons\",\"description\":\"Escorts et massages \u00e9rotiques\",\"publisher\":{\"@id\":\"https:\/\/meetgirl.ch\/#organization\"},\"alternateName\":\"Annuaire \u00e9rotique Suisse Escort \u00e0 Gen\u00e8ve, Lausanne, Valais, Neuch\u00e2tel\",\"potentialAction\":[{\"@type\":\"SearchAction\",\"target\":{\"@type\":\"EntryPoint\",\"urlTemplate\":\"https:\/\/meetgirl.ch\/?s={search_term_string}\"},\"query-input\":{\"@type\":\"PropertyValueSpecification\",\"valueRequired\":true,\"valueName\":\"search_term_string\"}}],\"inLanguage\":\"es\"},{\"@type\":\"Organization\",\"@id\":\"https:\/\/meetgirl.ch\/#organization\",\"name\":\"Escort et massage \u00e9rotique\",\"alternateName\":\"Meetgirl escortes et masseuses\",\"url\":\"https:\/\/meetgirl.ch\/\",\"logo\":{\"@type\":\"ImageObject\",\"inLanguage\":\"es\",\"@id\":\"https:\/\/meetgirl.ch\/#\/schema\/logo\/image\/\",\"url\":\"https:\/\/meetgirl.ch\/wp-content\/uploads\/2024\/05\/cropped-meet-logo.png\",\"contentUrl\":\"https:\/\/meetgirl.ch\/wp-content\/uploads\/2024\/05\/cropped-meet-logo.png\",\"width\":512,\"height\":512,\"caption\":\"Escort et massage \u00e9rotique\"},\"image\":{\"@id\":\"https:\/\/meetgirl.ch\/#\/schema\/logo\/image\/\"}}]}<\/script>\n<!-- \/ Yoast SEO plugin. -->","yoast_head_json":{"title":"Escort Fribourg - Anuncios certificados | Meetgirl","description":"Escort Fribourg: anuncios certificados, chicas de compa\u00f1\u00eda de lujo e independientes. Discreci\u00f3n, elegancia y experiencias sensuales garantizadas.","robots":{"index":"index","follow":"follow","max-snippet":"max-snippet:-1","max-image-preview":"max-image-preview:large","max-video-preview":"max-video-preview:-1"},"canonical":"https:\/\/meetgirl.ch\/es\/acompanante\/friburgo\/","og_locale":"es_ES","og_type":"article","og_title":"Escort Fribourg \u2013 Annonces certifi\u00e9es | Meetgirl","og_description":"Escort Fribourg : annonces certifi\u00e9es, escort girls de luxe et ind\u00e9pendantes. Discr\u00e9tion, \u00e9l\u00e9gance et exp\u00e9riences sensuelles garanties.","og_url":"https:\/\/meetgirl.ch\/es\/acompanante\/friburgo\/","og_site_name":"Meetgirl - Annonces \u00e9rotiques - Escorts, massages et salons","article_modified_time":"2026-01-21T12:43:09+00:00","og_image":[{"url":"https:\/\/meetgirl.ch\/wp-content\/uploads\/2025\/09\/escort-fribourg-hotel.png","type":"","width":"","height":""}],"twitter_card":"summary_large_image","twitter_misc":{"Tiempo de lectura":"3 minutos"},"schema":{"@context":"https:\/\/schema.org","@graph":[{"@type":"WebPage","@id":"https:\/\/meetgirl.ch\/escort\/fribourg\/","url":"https:\/\/meetgirl.ch\/escort\/fribourg\/","name":"Escort Fribourg - Anuncios certificados | Meetgirl","isPartOf":{"@id":"https:\/\/meetgirl.ch\/#website"},"primaryImageOfPage":{"@id":"https:\/\/meetgirl.ch\/escort\/fribourg\/#primaryimage"},"image":{"@id":"https:\/\/meetgirl.ch\/escort\/fribourg\/#primaryimage"},"thumbnailUrl":"https:\/\/meetgirl.ch\/wp-content\/uploads\/2025\/09\/escort-fribourg-hotel.png","datePublished":"2025-09-21T15:14:49+00:00","dateModified":"2026-01-21T12:43:09+00:00","description":"Escort Fribourg: anuncios certificados, chicas de compa\u00f1\u00eda de lujo e independientes. Discreci\u00f3n, elegancia y experiencias sensuales garantizadas.","breadcrumb":{"@id":"https:\/\/meetgirl.ch\/escort\/fribourg\/#breadcrumb"},"inLanguage":"es","potentialAction":[{"@type":"ReadAction","target":["https:\/\/meetgirl.ch\/escort\/fribourg\/"]}]},{"@type":"ImageObject","inLanguage":"es","@id":"https:\/\/meetgirl.ch\/escort\/fribourg\/#primaryimage","url":"https:\/\/meetgirl.ch\/wp-content\/uploads\/2025\/09\/escort-fribourg-hotel.png","contentUrl":"https:\/\/meetgirl.ch\/wp-content\/uploads\/2025\/09\/escort-fribourg-hotel.png"},{"@type":"BreadcrumbList","@id":"https:\/\/meetgirl.ch\/escort\/fribourg\/#breadcrumb","itemListElement":[{"@type":"ListItem","position":1,"name":"Accueil","item":"https:\/\/meetgirl.ch\/"},{"@type":"ListItem","position":2,"name":"Escort en Suisse \u2013 annonces certifi\u00e9es et v\u00e9rifi\u00e9es","item":"https:\/\/meetgirl.ch\/escort\/"},{"@type":"ListItem","position":3,"name":"Escort Fribourg \u2013 Annonces certifi\u00e9es et v\u00e9rifi\u00e9es"}]},{"@type":"WebSite","@id":"https:\/\/meetgirl.ch\/#website","url":"https:\/\/meetgirl.ch\/","name":"MeetGirl - Anuncios er\u00f3ticos Suiza - Escorts, masajes y salones","description":"Escorts y masajes er\u00f3ticos","publisher":{"@id":"https:\/\/meetgirl.ch\/#organization"},"alternateName":"Annuaire \u00e9rotique Suisse Escort \u00e0 Gen\u00e8ve, Lausanne, Valais, Neuch\u00e2tel","potentialAction":[{"@type":"SearchAction","target":{"@type":"EntryPoint","urlTemplate":"https:\/\/meetgirl.ch\/?s={search_term_string}"},"query-input":{"@type":"PropertyValueSpecification","valueRequired":true,"valueName":"search_term_string"}}],"inLanguage":"es"},{"@type":"Organization","@id":"https:\/\/meetgirl.ch\/#organization","name":"Escort y masaje er\u00f3tico","alternateName":"Meetgirl escortes et masseuses","url":"https:\/\/meetgirl.ch\/","logo":{"@type":"ImageObject","inLanguage":"es","@id":"https:\/\/meetgirl.ch\/#\/schema\/logo\/image\/","url":"https:\/\/meetgirl.ch\/wp-content\/uploads\/2024\/05\/cropped-meet-logo.png","contentUrl":"https:\/\/meetgirl.ch\/wp-content\/uploads\/2024\/05\/cropped-meet-logo.png","width":512,"height":512,"caption":"Escort et massage \u00e9rotique"},"image":{"@id":"https:\/\/meetgirl.ch\/#\/schema\/logo\/image\/"}}]}},"_links":{"self":[{"href":"https:\/\/meetgirl.ch\/es\/wp-json\/wp\/v2\/pages\/14294","targetHints":{"allow":["GET"]}}],"collection":[{"href":"https:\/\/meetgirl.ch\/es\/wp-json\/wp\/v2\/pages"}],"about":[{"href":"https:\/\/meetgirl.ch\/es\/wp-json\/wp\/v2\/types\/page"}],"author":[{"embeddable":true,"href":"https:\/\/meetgirl.ch\/es\/wp-json\/wp\/v2\/users\/3"}],"replies":[{"embeddable":true,"href":"https:\/\/meetgirl.ch\/es\/wp-json\/wp\/v2\/comments?post=14294"}],"version-history":[{"count":13,"href":"https:\/\/meetgirl.ch\/es\/wp-json\/wp\/v2\/pages\/14294\/revisions"}],"predecessor-version":[{"id":14311,"href":"https:\/\/meetgirl.ch\/es\/wp-json\/wp\/v2\/pages\/14294\/revisions\/14311"}],"up":[{"embeddable":true,"href":"https:\/\/meetgirl.ch\/es\/wp-json\/wp\/v2\/pages\/14075"}],"wp:attachment":[{"href":"https:\/\/meetgirl.ch\/es\/wp-json\/wp\/v2\/media?parent=14294"}],"curies":[{"name":"wp","href":"https:\/\/api.w.org\/{rel}","templated":true}]}}