{"id":19475,"date":"2026-01-28T11:52:22","date_gmt":"2026-01-28T11:52:22","guid":{"rendered":"https:\/\/meetgirl.ch\/?page_id=19475"},"modified":"2026-01-28T11:53:02","modified_gmt":"2026-01-28T11:53:02","slug":"rencontre-erotique-suisse","status":"publish","type":"page","link":"https:\/\/meetgirl.ch\/es\/rencontre-erotique-suisse\/","title":{"rendered":"Rencontre \u00c9rotique Suisse \u2013 Annonces Certifi\u00e9es et V\u00e9rifi\u00e9es"},"content":{"rendered":"<div data-elementor-type=\"wp-page\" data-elementor-id=\"19475\" class=\"elementor elementor-19475\">\n\t\t\t\t<div class=\"elementor-element elementor-element-ab8fe0b e-flex e-con-boxed e-con e-parent\" data-id=\"ab8fe0b\" data-element_type=\"container\" data-settings=\"{&quot;jet_parallax_layout_list&quot;:[]}\">\n\t\t\t\t\t<div class=\"e-con-inner\">\n\t\t\t\t<div class=\"elementor-element elementor-element-6e2fe65 elementor-widget elementor-widget-html\" data-id=\"6e2fe65\" data-element_type=\"widget\" data-widget_type=\"html.default\">\n\t\t\t\t<div class=\"elementor-widget-container\">\n\t\t\t\t\t<div style=\"color: #ffffff;\">\n<!-- H1 principal -->\n<h1 style=\"color: #f67675;\">Rencontre \u00c9rotique Suisse \u2013 annonces certifi\u00e9es et v\u00e9rifi\u00e9es<\/h1>\n\u00bfEst\u00e1 buscando <strong>rencontre \u00e9rotique suisse<\/strong> \u00bfelegante y fiable? En Meetgirl, todos los anuncios son <strong>certificado<\/strong>. Tambi\u00e9n encontrar\u00e1 <strong>rencontres \u00e9rotiques girls suisses<\/strong> que <strong>compa\u00f1eros<\/strong> y <strong>azafatas privadas<\/strong>, disponibles dans toute la Suisse romande et al\u00e9manique. Chaque profil est v\u00e9rifi\u00e9 pour assurer authenticit\u00e9, discr\u00e9tion et confort. D\u00e9couvrez les meilleures <strong>rencontres \u00e9rotiques en Suisse<\/strong> pour des moments inoubliables.\n<!-- Sommaire -->\n<h2 style=\"color: #f67675;\">Contenido<\/h2>\n<ul>\n  <li><a style=\"color: #f67675;\" href=\"#presentation\">Rencontre \u00e9rotique en Suisse : pr\u00e9sentation g\u00e9n\u00e9rale<\/a><\/li>\n  <li><a style=\"color: #f67675;\" href=\"#villes\">Les principales villes suisses pour rencontres \u00e9rotiques<\/a><\/li>\n  <li><a style=\"color: #f67675;\" href=\"#tarifs\">Tarifs et services de rencontres \u00e9rotiques<\/a><\/li>\n  <li><a style=\"color: #f67675;\" href=\"#culture\">Guide culturel pour les visiteurs en qu\u00eate de rencontres<\/a><\/li>\n  <li><a style=\"color: #f67675;\" href=\"#specificites\">Pourquoi choisir une rencontre \u00e9rotique en Suisse ?<\/a><\/li>\n  <li><a style=\"color: #f67675;\" href=\"#securite\">S\u00e9curit\u00e9 et discr\u00e9tion pour rencontres \u00e9rotiques<\/a><\/li>\n  <li><a style=\"color: #f67675;\" href=\"#faq\">FAQ \u2013 Rencontre \u00c9rotique Suisse<\/a><\/li>\n<\/ul>\n<!-- Section 1 -->\n<h2 id=\"presentation\" style=\"color: #f67675;\">Rencontre \u00e9rotique en Suisse : pr\u00e9sentation g\u00e9n\u00e9rale<\/h2>\nSuiza es famosa por su lujo, su hospitalidad y su sentido de la confidencialidad. Visite <strong>rencontres \u00e9rotiques suisses<\/strong> s\u2019adressent aussi bien aux hommes d\u2019affaires en d\u00e9placement qu\u2019aux voyageurs en qu\u00eate d\u2019une <strong>rencontre \u00e9rotique unique<\/strong>. Que vous cherchiez une <strong>rencontre \u00e9rotique de luxe suisse<\/strong> para una velada elegante o <strong>Compa\u00f1ero suizo<\/strong> para un viaje, anuncios <strong>certificado<\/strong> garantizan calidad y fiabilidad. Ginebra, Z\u00farich, Lausana y Basilea concentran el grueso de la oferta, pero tambi\u00e9n puede encontrar una amplia gama de servicios. <strong>rencontre \u00e9rotique \u00e0 Berne<\/strong>, <strong>Montreux<\/strong> o <strong>Neuch\u00e2tel<\/strong>. Explorez les <strong>rencontres \u00e9rotiques Suisse<\/strong> adapt\u00e9es \u00e0 vos envies.\n<!-- Section 2 -->\n<h2 id=\"villes\" style=\"color: #f67675;\">Les principales villes suisses pour rencontres \u00e9rotiques<\/h2>\nCada ciudad tiene su propio ambiente. <strong>Ginebra<\/strong> atrae a una clientela internacional, <strong>Z\u00farich<\/strong> con su econom\u00eda din\u00e1mica, <strong>Lausana<\/strong> por su energ\u00eda estudiantil y <strong>Basilea<\/strong> por su riqueza cultural. Otros destinos como <strong>Montreux<\/strong> con su festival de jazz, <strong>Neuch\u00e2tel<\/strong> con su universidad y <strong>Berna<\/strong> el capital, completa la oferta. Si busca un <strong>rencontre \u00e9rotique Zurich<\/strong>, vous trouverez \u00e9galement des profils haut de gamme adapt\u00e9s aux soir\u00e9es priv\u00e9es et aux voyages professionnels. Les <strong>rencontres \u00e9rotiques Gen\u00e8ve<\/strong>, <strong>rencontres \u00e9rotiques Lausanne<\/strong> et plus sont disponibles partout en Suisse.\n<ul>\n  <li><a style=\"color: #f67675;\" href=\"\/es\/rencontre-erotique-geneve\/\">Rencontre \u00c9rotique Gen\u00e8ve<\/a> - de lujo e internacional.<\/li>\n  <li><a style=\"color: #f67675;\" href=\"\/es\/rencontre-erotique-lausanne\/\">Rencontre \u00c9rotique Lausanne<\/a> - juventud y cultura.<\/li>\n  <li><a style=\"color: #f67675;\" href=\"\/es\/rencontre-erotique-zurich\/\">Rencontre \u00c9rotique Zurich<\/a> - capital econ\u00f3mico.<\/li>\n  <li><a style=\"color: #f67675;\" href=\"\/es\/rencontre-erotique-bale\/\">Rencontre \u00c9rotique B\u00e2le<\/a> - congresos y exposiciones.<\/li>\n  <li><a style=\"color: #f67675;\" href=\"\/es\/rencontre-erotique-berne\/\">Rencontre \u00c9rotique Berne<\/a> - encanto de la capital.<\/li>\n  <li><a style=\"color: #f67675;\" href=\"\/es\/rencontre-erotique-montreux\/\">Rencontre \u00c9rotique Montreux<\/a> - m\u00fasica y festivales.<\/li>\n<\/ul>\n<!-- Section 3 -->\n<h2 id=\"tarifs\" style=\"color: #f67675;\">Tarifs et services de rencontres \u00e9rotiques<\/h2>\nLos precios de un <strong>rencontre \u00e9rotique en Suisse<\/strong> dependen del perfil y del tipo de servicio. Una reuni\u00f3n de una hora con un aut\u00f3nomo ronda los 300 CHF. A <strong>rencontre \u00e9rotique girl suisse de luxe<\/strong> Trabajar con una agencia puede costar varios miles de francos. En los anuncios siempre se especifican las condiciones de tarificaci\u00f3n. Visite <strong>Azafatas suizas<\/strong> proposent des services vari\u00e9s : d\u00eener d\u2019affaires, soir\u00e9e romantique, accompagnement \u00e0 un congr\u00e8s ou voyage priv\u00e9 avec <strong>encuentro er\u00f3tico<\/strong>.\n<!-- Section 4 -->\n<h2 id=\"culture\" style=\"color: #f67675;\">Guide culturel pour les visiteurs en qu\u00eate de rencontres<\/h2>\nSuiza acoge grandes acontecimientos internacionales. Cada a\u00f1o, el Foro Econ\u00f3mico Mundial de Davos re\u00fane a los principales responsables de la toma de decisiones del mundo. El Sal\u00f3n del Autom\u00f3vil de Ginebra atrae a aficionados e inversores. Art Basel es una de las mayores ferias de arte contempor\u00e1neo del mundo. El Festival de Jazz de Montreux y las Fiestas de Ginebra marcan la temporada estival. A <strong>rencontre \u00e9rotique girl suisse<\/strong> peut vous accompagner lors de ces occasions, apportant \u00e9l\u00e9gance et convivialit\u00e9 pour une <strong>rencontre \u00e9rotique Suisse<\/strong> parfaite.\n<!-- Section 5 -->\n<h2 id=\"specificites\" style=\"color: #f67675;\">Pourquoi choisir une rencontre \u00e9rotique en Suisse ?<\/h2>\nEn <strong>rencontres \u00e9rotiques suisses<\/strong> se distinguen por su puntualidad, elegancia y multiling\u00fcismo. La mayor\u00eda habla franc\u00e9s, ingl\u00e9s, alem\u00e1n, italiano y, a veces, ruso o espa\u00f1ol. Tanto en la Suiza franc\u00f3fona como en la german\u00f3fona, encontrar\u00e1 <strong>rencontres \u00e9rotiques certifi\u00e9es<\/strong> adapt\u00e9es \u00e0 vos attentes. Le pays, reconnu pour son hospitalit\u00e9 et son cadre luxueux, offre des conditions id\u00e9ales pour des <strong>rencontres \u00e9rotiques raffin\u00e9es<\/strong> et s\u00e9curis\u00e9es.\n<!-- Section 6 -->\n<h2 id=\"securite\" style=\"color: #f67675;\">S\u00e9curit\u00e9 et discr\u00e9tion pour rencontres \u00e9rotiques<\/h2>\nTodos nuestros anuncios son <strong>certificado<\/strong>. Les faux profils sont \u00e9limin\u00e9s pour garantir un cadre fiable. La r\u00e9putation de la Suisse en mati\u00e8re de confidentialit\u00e9 s\u2019applique aussi ici : chaque <strong>rencontre \u00e9rotique suisse<\/strong> respeta su intimidad.\n<!-- Section 7 : FAQ -->\n<h2 id=\"faq\" style=\"color: #f67675;\">FAQ \u2013 Rencontre \u00c9rotique Suisse<\/h2>\n<h3 style=\"color: #f67675;\">Comment trouver une rencontre \u00e9rotique suisse de confiance ?<\/h3>\nConsultar los anuncios <strong>certificado<\/strong>. Chaque profil affiche photos, description et disponibilit\u00e9s pour une <strong>encuentro er\u00f3tico<\/strong> id\u00e9ale.\n<h3 style=\"color: #f67675;\">Quels sont les tarifs moyens d\u2019une rencontre \u00e9rotique girl suisse ?<\/h3>\nEl precio de una reuni\u00f3n est\u00e1ndar oscila entre 300 y 600 CHF. A <strong>rencontre \u00e9rotique de luxe suisse<\/strong> puede costar m\u00e1s en funci\u00f3n del perfil.\n<h3 style=\"color: #f67675;\">Rencontre \u00e9rotique suisse : ind\u00e9pendante ou agence ?<\/h3>\nLes deux options existent. Une ind\u00e9pendante propose plus de flexibilit\u00e9, tandis qu\u2019une agence garantit un service structur\u00e9 et vari\u00e9 pour <strong>encuentros er\u00f3ticos<\/strong>.\n<h3 style=\"color: #f67675;\">Les rencontres \u00e9rotiques suisses parlent-elles plusieurs langues ?<\/h3>\nOui. La majorit\u00e9 sont multilingues (fran\u00e7ais, anglais, allemand, italien, espagnol, russe), id\u00e9ales pour une client\u00e8le internationale en <strong>encuentro er\u00f3tico<\/strong>.\n<h3 style=\"color: #f67675;\">Dans quelles villes peut-on trouver une rencontre \u00e9rotique en Suisse ?<\/h3>\nLas principales ciudades son <strong>Ginebra<\/strong>, <strong>Z\u00farich<\/strong>, <strong>Lausana<\/strong>, <strong>Basilea<\/strong>, <strong>Berna<\/strong>, <strong>Montreux<\/strong> y <strong>Neuch\u00e2tel<\/strong> pour des <strong>encuentros er\u00f3ticos<\/strong>.\n<h3 style=\"color: #f67675;\">Les annonces de rencontre \u00e9rotique suisse sont-elles v\u00e9rifi\u00e9es ?<\/h3>\nS\u00ed. Cada anuncio es <strong>certificado<\/strong> para garantizar la seguridad y la fiabilidad.\n<p style=\"margin-top: 20px; font-weight: bold; color: #f67675;\">\u27a1 D\u00e9couvrez d\u00e8s maintenant toutes les annonces de rencontre \u00e9rotique suisse et trouvez la rencontre \u00e9rotique certifi\u00e9e qui vous correspond.<\/p>\n<\/div>\n<!-- LocalBusiness Schema enrichi -->\n<script type=\"application\/ld+json\">\n{\n  \"@context\": \"https:\/\/schema.org\",\n  \"@type\": \"LocalBusiness\",\n  \"name\": \"Rencontre \u00c9rotique Suisse - Meetgirl\",\n  \"description\": \"Annonces de rencontre \u00e9rotique suisse certifi\u00e9es dans toute la Suisse\",\n  \"address\": {\n    \"@type\": \"PostalAddress\",\n    \"addressCountry\": \"CH\"\n  },\n  \"areaServed\": [\"Gen\u00e8ve\", \"Zurich\", \"Lausanne\", \"B\u00e2le\", \"Berne\"]\n}\n<\/script>\t\t\t\t<\/div>\n\t\t\t\t<\/div>\n\t\t\t\t\t<\/div>\n\t\t\t\t<\/div>\n\t\t\t\t<\/div>","protected":false},"excerpt":{"rendered":"<p>Rencontre \u00c9rotique Suisse \u2013 annonces certifi\u00e9es et v\u00e9rifi\u00e9es Vous recherchez une rencontre \u00e9rotique suisse \u00e9l\u00e9gante et fiable ? Sur Meetgirl, toutes les annonces sont certifi\u00e9es. Vous trouverez aussi bien des rencontres \u00e9rotiques girls suisses que des accompagnatrices et h\u00f4tesses priv\u00e9es, disponibles dans toute la Suisse romande et al\u00e9manique. Chaque profil est v\u00e9rifi\u00e9 pour assurer authenticit\u00e9, [&hellip;]<\/p>","protected":false},"author":3,"featured_media":0,"parent":0,"menu_order":0,"comment_status":"closed","ping_status":"closed","template":"","meta":{"footnotes":""},"class_list":["post-19475","page","type-page","status-publish","hentry"],"acf":[],"yoast_head":"<!-- This site is optimized with the Yoast SEO plugin v26.0 - https:\/\/yoast.com\/wordpress\/plugins\/seo\/ -->\n<title>Rencontre \u00c9rotique Suisse : Annonces Certifi\u00e9es | Meetgirl.ch<\/title>\n<meta name=\"description\" content=\"Recherchez une rencontre \u00e9rotique suisse \u00e9l\u00e9gante et certifi\u00e9e ? Sur Meetgirl, trouvez des annonces v\u00e9rifi\u00e9es \u00e0 Gen\u00e8ve, Zurich et Lausanne\" \/>\n<meta name=\"robots\" content=\"index, follow, max-snippet:-1, max-image-preview:large, max-video-preview:-1\" \/>\n<link rel=\"canonical\" href=\"https:\/\/meetgirl.ch\/es\/rencontre-erotique-suisse\/\" \/>\n<meta property=\"og:locale\" content=\"es_ES\" \/>\n<meta property=\"og:type\" content=\"article\" \/>\n<meta property=\"og:title\" content=\"Rencontre \u00c9rotique Suisse : Annonces Certifi\u00e9es | Meetgirl.ch\" \/>\n<meta property=\"og:description\" content=\"Recherchez une rencontre \u00e9rotique suisse \u00e9l\u00e9gante et certifi\u00e9e ? Sur Meetgirl, trouvez des annonces v\u00e9rifi\u00e9es \u00e0 Gen\u00e8ve, Zurich et Lausanne\" \/>\n<meta property=\"og:url\" content=\"https:\/\/meetgirl.ch\/es\/rencontre-erotique-suisse\/\" \/>\n<meta property=\"og:site_name\" content=\"Meetgirl - Annonces \u00e9rotiques - Escorts, massages et salons\" \/>\n<meta property=\"article:modified_time\" content=\"2026-01-28T11:53:02+00:00\" \/>\n<meta property=\"og:image\" content=\"https:\/\/meetgirl.ch\/wp-content\/uploads\/2025\/03\/meetgirl-yoast.jpg\" \/>\n\t<meta property=\"og:image:width\" content=\"1200\" \/>\n\t<meta property=\"og:image:height\" content=\"675\" \/>\n\t<meta property=\"og:image:type\" content=\"image\/jpeg\" \/>\n<meta name=\"twitter:card\" content=\"summary_large_image\" \/>\n<meta name=\"twitter:label1\" content=\"Tiempo de lectura\" \/>\n\t<meta name=\"twitter:data1\" content=\"5 minutos\" \/>\n<script type=\"application\/ld+json\" class=\"yoast-schema-graph\">{\"@context\":\"https:\/\/schema.org\",\"@graph\":[{\"@type\":\"WebPage\",\"@id\":\"https:\/\/meetgirl.ch\/rencontre-erotique-suisse\/\",\"url\":\"https:\/\/meetgirl.ch\/rencontre-erotique-suisse\/\",\"name\":\"Rencontre \u00c9rotique Suisse : Annonces Certifi\u00e9es | Meetgirl.ch\",\"isPartOf\":{\"@id\":\"https:\/\/meetgirl.ch\/#website\"},\"datePublished\":\"2026-01-28T11:52:22+00:00\",\"dateModified\":\"2026-01-28T11:53:02+00:00\",\"description\":\"Recherchez une rencontre \u00e9rotique suisse \u00e9l\u00e9gante et certifi\u00e9e ? Sur Meetgirl, trouvez des annonces v\u00e9rifi\u00e9es \u00e0 Gen\u00e8ve, Zurich et Lausanne\",\"breadcrumb\":{\"@id\":\"https:\/\/meetgirl.ch\/rencontre-erotique-suisse\/#breadcrumb\"},\"inLanguage\":\"es\",\"potentialAction\":[{\"@type\":\"ReadAction\",\"target\":[\"https:\/\/meetgirl.ch\/rencontre-erotique-suisse\/\"]}]},{\"@type\":\"BreadcrumbList\",\"@id\":\"https:\/\/meetgirl.ch\/rencontre-erotique-suisse\/#breadcrumb\",\"itemListElement\":[{\"@type\":\"ListItem\",\"position\":1,\"name\":\"Accueil\",\"item\":\"https:\/\/meetgirl.ch\/\"},{\"@type\":\"ListItem\",\"position\":2,\"name\":\"Rencontre \u00c9rotique Suisse \u2013 Annonces Certifi\u00e9es et V\u00e9rifi\u00e9es\"}]},{\"@type\":\"WebSite\",\"@id\":\"https:\/\/meetgirl.ch\/#website\",\"url\":\"https:\/\/meetgirl.ch\/\",\"name\":\"MeetGirl - Annonces \u00e9rotiques Suisse - Escorts, massages et salons\",\"description\":\"Escorts et massages \u00e9rotiques\",\"publisher\":{\"@id\":\"https:\/\/meetgirl.ch\/#organization\"},\"alternateName\":\"Annuaire \u00e9rotique Suisse Escort \u00e0 Gen\u00e8ve, Lausanne, Valais, Neuch\u00e2tel\",\"potentialAction\":[{\"@type\":\"SearchAction\",\"target\":{\"@type\":\"EntryPoint\",\"urlTemplate\":\"https:\/\/meetgirl.ch\/?s={search_term_string}\"},\"query-input\":{\"@type\":\"PropertyValueSpecification\",\"valueRequired\":true,\"valueName\":\"search_term_string\"}}],\"inLanguage\":\"es\"},{\"@type\":\"Organization\",\"@id\":\"https:\/\/meetgirl.ch\/#organization\",\"name\":\"Escort et massage \u00e9rotique\",\"alternateName\":\"Meetgirl escortes et masseuses\",\"url\":\"https:\/\/meetgirl.ch\/\",\"logo\":{\"@type\":\"ImageObject\",\"inLanguage\":\"es\",\"@id\":\"https:\/\/meetgirl.ch\/#\/schema\/logo\/image\/\",\"url\":\"https:\/\/meetgirl.ch\/wp-content\/uploads\/2024\/05\/cropped-meet-logo.png\",\"contentUrl\":\"https:\/\/meetgirl.ch\/wp-content\/uploads\/2024\/05\/cropped-meet-logo.png\",\"width\":512,\"height\":512,\"caption\":\"Escort et massage \u00e9rotique\"},\"image\":{\"@id\":\"https:\/\/meetgirl.ch\/#\/schema\/logo\/image\/\"}}]}<\/script>\n<!-- \/ Yoast SEO plugin. -->","yoast_head_json":{"title":"Rencontre \u00c9rotique Suisse : Annonces Certifi\u00e9es | Meetgirl.ch","description":"Recherchez une rencontre \u00e9rotique suisse \u00e9l\u00e9gante et certifi\u00e9e ? Sur Meetgirl, trouvez des annonces v\u00e9rifi\u00e9es \u00e0 Gen\u00e8ve, Zurich et Lausanne","robots":{"index":"index","follow":"follow","max-snippet":"max-snippet:-1","max-image-preview":"max-image-preview:large","max-video-preview":"max-video-preview:-1"},"canonical":"https:\/\/meetgirl.ch\/es\/rencontre-erotique-suisse\/","og_locale":"es_ES","og_type":"article","og_title":"Rencontre \u00c9rotique Suisse : Annonces Certifi\u00e9es | Meetgirl.ch","og_description":"Recherchez une rencontre \u00e9rotique suisse \u00e9l\u00e9gante et certifi\u00e9e ? Sur Meetgirl, trouvez des annonces v\u00e9rifi\u00e9es \u00e0 Gen\u00e8ve, Zurich et Lausanne","og_url":"https:\/\/meetgirl.ch\/es\/rencontre-erotique-suisse\/","og_site_name":"Meetgirl - Annonces \u00e9rotiques - Escorts, massages et salons","article_modified_time":"2026-01-28T11:53:02+00:00","og_image":[{"width":1200,"height":675,"url":"https:\/\/meetgirl.ch\/wp-content\/uploads\/2025\/03\/meetgirl-yoast.jpg","type":"image\/jpeg"}],"twitter_card":"summary_large_image","twitter_misc":{"Tiempo de lectura":"5 minutos"},"schema":{"@context":"https:\/\/schema.org","@graph":[{"@type":"WebPage","@id":"https:\/\/meetgirl.ch\/rencontre-erotique-suisse\/","url":"https:\/\/meetgirl.ch\/rencontre-erotique-suisse\/","name":"Rencontre \u00c9rotique Suisse : Annonces Certifi\u00e9es | Meetgirl.ch","isPartOf":{"@id":"https:\/\/meetgirl.ch\/#website"},"datePublished":"2026-01-28T11:52:22+00:00","dateModified":"2026-01-28T11:53:02+00:00","description":"Recherchez une rencontre \u00e9rotique suisse \u00e9l\u00e9gante et certifi\u00e9e ? Sur Meetgirl, trouvez des annonces v\u00e9rifi\u00e9es \u00e0 Gen\u00e8ve, Zurich et Lausanne","breadcrumb":{"@id":"https:\/\/meetgirl.ch\/rencontre-erotique-suisse\/#breadcrumb"},"inLanguage":"es","potentialAction":[{"@type":"ReadAction","target":["https:\/\/meetgirl.ch\/rencontre-erotique-suisse\/"]}]},{"@type":"BreadcrumbList","@id":"https:\/\/meetgirl.ch\/rencontre-erotique-suisse\/#breadcrumb","itemListElement":[{"@type":"ListItem","position":1,"name":"Accueil","item":"https:\/\/meetgirl.ch\/"},{"@type":"ListItem","position":2,"name":"Rencontre \u00c9rotique Suisse \u2013 Annonces Certifi\u00e9es et V\u00e9rifi\u00e9es"}]},{"@type":"WebSite","@id":"https:\/\/meetgirl.ch\/#website","url":"https:\/\/meetgirl.ch\/","name":"MeetGirl - Anuncios er\u00f3ticos Suiza - Escorts, masajes y salones","description":"Escorts y masajes er\u00f3ticos","publisher":{"@id":"https:\/\/meetgirl.ch\/#organization"},"alternateName":"Annuaire \u00e9rotique Suisse Escort \u00e0 Gen\u00e8ve, Lausanne, Valais, Neuch\u00e2tel","potentialAction":[{"@type":"SearchAction","target":{"@type":"EntryPoint","urlTemplate":"https:\/\/meetgirl.ch\/?s={search_term_string}"},"query-input":{"@type":"PropertyValueSpecification","valueRequired":true,"valueName":"search_term_string"}}],"inLanguage":"es"},{"@type":"Organization","@id":"https:\/\/meetgirl.ch\/#organization","name":"Escort y masaje er\u00f3tico","alternateName":"Meetgirl escortes et masseuses","url":"https:\/\/meetgirl.ch\/","logo":{"@type":"ImageObject","inLanguage":"es","@id":"https:\/\/meetgirl.ch\/#\/schema\/logo\/image\/","url":"https:\/\/meetgirl.ch\/wp-content\/uploads\/2024\/05\/cropped-meet-logo.png","contentUrl":"https:\/\/meetgirl.ch\/wp-content\/uploads\/2024\/05\/cropped-meet-logo.png","width":512,"height":512,"caption":"Escort et massage \u00e9rotique"},"image":{"@id":"https:\/\/meetgirl.ch\/#\/schema\/logo\/image\/"}}]}},"_links":{"self":[{"href":"https:\/\/meetgirl.ch\/es\/wp-json\/wp\/v2\/pages\/19475","targetHints":{"allow":["GET"]}}],"collection":[{"href":"https:\/\/meetgirl.ch\/es\/wp-json\/wp\/v2\/pages"}],"about":[{"href":"https:\/\/meetgirl.ch\/es\/wp-json\/wp\/v2\/types\/page"}],"author":[{"embeddable":true,"href":"https:\/\/meetgirl.ch\/es\/wp-json\/wp\/v2\/users\/3"}],"replies":[{"embeddable":true,"href":"https:\/\/meetgirl.ch\/es\/wp-json\/wp\/v2\/comments?post=19475"}],"version-history":[{"count":4,"href":"https:\/\/meetgirl.ch\/es\/wp-json\/wp\/v2\/pages\/19475\/revisions"}],"predecessor-version":[{"id":19479,"href":"https:\/\/meetgirl.ch\/es\/wp-json\/wp\/v2\/pages\/19475\/revisions\/19479"}],"wp:attachment":[{"href":"https:\/\/meetgirl.ch\/es\/wp-json\/wp\/v2\/media?parent=19475"}],"curies":[{"name":"wp","href":"https:\/\/api.w.org\/{rel}","templated":true}]}}