{"id":3633,"date":"2024-08-30T10:16:05","date_gmt":"2024-08-30T10:16:05","guid":{"rendered":"https:\/\/meet2.le-digital.ch\/?page_id=3633"},"modified":"2025-06-26T17:59:16","modified_gmt":"2025-06-26T17:59:16","slug":"compromiso-y-recursos-de-meetgirl","status":"publish","type":"page","link":"https:\/\/meetgirl.ch\/es\/compromiso-y-recursos-de-meetgirl\/","title":{"rendered":"Compromiso y recursos de Meetgirl"},"content":{"rendered":"<div data-elementor-type=\"wp-page\" data-elementor-id=\"3633\" class=\"elementor elementor-3633\">\n\t\t\t\t<div class=\"elementor-element elementor-element-11c2fad e-flex e-con-boxed e-con e-parent\" data-id=\"11c2fad\" data-element_type=\"container\" data-settings=\"{&quot;jet_parallax_layout_list&quot;:[]}\">\n\t\t\t\t\t<div class=\"e-con-inner\">\n\t\t\t\t<div class=\"elementor-element elementor-element-c31b457 elementor-widget elementor-widget-image\" data-id=\"c31b457\" data-element_type=\"widget\" data-widget_type=\"image.default\">\n\t\t\t\t<div class=\"elementor-widget-container\">\n\t\t\t\t\t\t\t\t\t\t\t\t\t\t\t<img decoding=\"async\" width=\"1024\" height=\"151\" src=\"https:\/\/meetgirl.ch\/wp-content\/uploads\/2024\/05\/logo-7-1024x151.jpg\" class=\"attachment-large size-large wp-image-2002\" alt=\"\" srcset=\"https:\/\/meetgirl.ch\/wp-content\/uploads\/2024\/05\/logo-7-1024x151.jpg 1024w, https:\/\/meetgirl.ch\/wp-content\/uploads\/2024\/05\/logo-7-300x44.jpg 300w, https:\/\/meetgirl.ch\/wp-content\/uploads\/2024\/05\/logo-7-768x113.jpg 768w, https:\/\/meetgirl.ch\/wp-content\/uploads\/2024\/05\/logo-7-18x3.jpg 18w, https:\/\/meetgirl.ch\/wp-content\/uploads\/2024\/05\/logo-7-600x89.jpg 600w, https:\/\/meetgirl.ch\/wp-content\/uploads\/2024\/05\/logo-7.jpg 1200w\" sizes=\"(max-width: 1024px) 100vw, 1024px\" \/>\t\t\t\t\t\t\t\t\t\t\t\t\t\t\t<\/div>\n\t\t\t\t<\/div>\n\t\t\t\t\t<\/div>\n\t\t\t\t<\/div>\n\t\t<div class=\"elementor-element elementor-element-2a003e2 e-flex e-con-boxed e-con e-parent\" data-id=\"2a003e2\" data-element_type=\"container\" data-settings=\"{&quot;jet_parallax_layout_list&quot;:[]}\">\n\t\t\t\t\t<div class=\"e-con-inner\">\n\t\t\t\t<div class=\"elementor-element elementor-element-a469689 elementor-widget elementor-widget-text-editor\" data-id=\"a469689\" data-element_type=\"widget\" data-widget_type=\"text-editor.default\">\n\t\t\t\t<div class=\"elementor-widget-container\">\n\t\t\t\t\t\t\t\t\t<p>En Meetgirl reconocemos la importancia de sensibilizar a la opini\u00f3n p\u00fablica sobre la lucha contra la trata de seres humanos. Como empresa privada en l\u00ednea, hemos tomado la iniciativa de implicarnos activamente en la lucha contra este problema mundial. Si detectamos un caso de trata, actuamos de inmediato y colaboramos estrechamente con las autoridades locales e internacionales. Para denunciar cualquier sospecha de trata, p\u00f3ngase en contacto con nosotros en: contact@meetgirl<a>.ch<\/a>.<\/p>\n<p><!-- \/wp:paragraph --><!-- wp:paragraph --><\/p>\n<p>Tambi\u00e9n le animamos a denunciar cualquier sospecha de trata a las autoridades competentes.<\/p>\n<p><!-- \/wp:paragraph --><!-- wp:paragraph --><\/p>\n<p><strong>La importancia de combatir la trata de seres humanos<\/strong><\/p>\n<p><!-- \/wp:paragraph --><!-- wp:paragraph --><\/p>\n<p>Aunque la prostituci\u00f3n y los servicios de acompa\u00f1antes independientes son legales en Suiza, algunas personas se aprovechan de estas leyes para violar los derechos humanos. Cuando una mujer decide libremente prostituirse, debe ser tratada con respeto. Sin embargo, cuando una persona es obligada a prostituirse, esto constituye una grave violaci\u00f3n de los derechos humanos. Suiza ha conseguido tomar medidas importantes contra estos abusos.<\/p>\n<p><!-- \/wp:paragraph --><!-- wp:paragraph --><\/p>\n<p>En caso de duda o urgencia, llame inmediatamente al 117 (polic\u00eda). Tambi\u00e9n puede denunciar casos de trata a las siguientes brigadas cantonales:<\/p>\n<p><!-- \/wp:paragraph --><!-- wp:list --><\/p>\n<ul>\n<li style=\"list-style-type: none;\">\n<ul><!-- wp:list-item --><\/ul>\n<\/li>\n<\/ul>\n<p>\u00a0<\/p>\n<ul>\n<li style=\"list-style-type: none;\">\n<ul>\n<li>Subdirecci\u00f3n de Ginebra: +41 22 427 71 50<\/li>\n<\/ul>\n<\/li>\n<\/ul>\n<p><!-- \/wp:list-item --><!-- wp:list-item --><\/p>\n<ul>\n<li style=\"list-style-type: none;\">\n<ul>\n<li>Viceescuadra de Vaud: +41 21 315 15 15<\/li>\n<\/ul>\n<\/li>\n<\/ul>\n<p><!-- \/wp:list-item --><!-- wp:list-item --><\/p>\n<ul>\n<li style=\"list-style-type: none;\">\n<ul>\n<li>Viceescuadra de Neuch\u00e2tel: +41 32 889 68 10<\/li>\n<\/ul>\n<\/li>\n<\/ul>\n<p><!-- \/wp:list-item --><!-- wp:list-item --><\/p>\n<ul>\n<li style=\"list-style-type: none;\">\n<ul>\n<li>Viceescuadra de Valais: +41 27 606 56 90<\/li>\n<\/ul>\n<\/li>\n<\/ul>\n<p><!-- \/wp:list-item --><!-- wp:list-item --><\/p>\n<ul>\n<li style=\"list-style-type: none;\">\n<ul>\n<li>Viceescuadra de Friburgo: +41 26 305 19 19<\/li>\n<\/ul>\n<\/li>\n<\/ul>\n<p><!-- \/wp:list-item --><!-- wp:list-item --><\/p>\n<ul>\n<li style=\"list-style-type: none;\">\n<ul>\n<li>Viceescuadra Jura: +41 32 420 76 00<\/li>\n<\/ul>\n<\/li>\n<\/ul>\n<p><!-- \/wp:list-item --><!-- wp:list-item --><\/p>\n<ul>\n<li style=\"list-style-type: none;\">\n<ul>\n<li>Brigada antivicio Berna: +41 31 638 81 11<\/li>\n<\/ul>\n<\/li>\n<\/ul>\n<p><!-- \/wp:list-item --><!-- wp:list-item --><\/p>\n<ul>\n<li style=\"list-style-type: none;\">\n<ul>\n<li>Viceescuadra de Z\u00farich: +41 58 648 48 48<\/li>\n<\/ul>\n<\/li>\n<\/ul>\n<p><!-- \/wp:list-item --><\/p>\n<p><!-- \/wp:list --><!-- wp:paragraph --><\/p>\n<p><!-- \/wp:paragraph --><!-- wp:paragraph --><\/p>\n<p>\u00a0<\/p>\n<p><!-- \/wp:list-item --><\/p>\n<p><!-- \/wp:list --><\/p>\t\t\t\t\t\t\t\t<\/div>\n\t\t\t\t<\/div>\n\t\t\t\t\t<\/div>\n\t\t\t\t<\/div>\n\t\t\t\t<\/div>","protected":false},"excerpt":{"rendered":"<p>En Meetgirl reconocemos la importancia de sensibilizar a la opini\u00f3n p\u00fablica sobre la lucha contra la trata de seres humanos. Como empresa privada en l\u00ednea, hemos tomado la iniciativa de implicarnos activamente en la lucha contra este problema mundial. Si nos encontramos con un caso de trata de seres humanos, actuamos de inmediato y colaboramos estrechamente con las autoridades.<\/p>","protected":false},"author":3,"featured_media":0,"parent":0,"menu_order":0,"comment_status":"closed","ping_status":"closed","template":"","meta":{"footnotes":""},"class_list":["post-3633","page","type-page","status-publish","hentry"],"acf":[],"yoast_head":"<!-- This site is optimized with the Yoast SEO plugin v26.0 - https:\/\/yoast.com\/wordpress\/plugins\/seo\/ -->\n<title>Engagement et Ressources de Meetgirl - Meetgirl - Annonces \u00e9rotiques - Escorts, massages et salons<\/title>\n<meta name=\"robots\" content=\"index, follow, max-snippet:-1, max-image-preview:large, max-video-preview:-1\" \/>\n<link rel=\"canonical\" href=\"https:\/\/meetgirl.ch\/es\/compromiso-y-recursos-de-meetgirl\/\" \/>\n<meta property=\"og:locale\" content=\"es_ES\" \/>\n<meta property=\"og:type\" content=\"article\" \/>\n<meta property=\"og:title\" content=\"Engagement et Ressources de Meetgirl - Meetgirl - Annonces \u00e9rotiques - Escorts, massages et salons\" \/>\n<meta property=\"og:description\" content=\"Chez Meetgirl, nous reconnaissons l&rsquo;importance de sensibiliser le public \u00e0 la lutte contre la traite des \u00eatres humains. En tant qu&rsquo;entreprise priv\u00e9e en ligne, nous avons pris l&rsquo;initiative de nous engager activement dans la lutte contre ce probl\u00e8me mondial. Si nous venons \u00e0 identifier un cas de traite, nous agissons imm\u00e9diatement et collaborons \u00e9troitement avec [&hellip;]\" \/>\n<meta property=\"og:url\" content=\"https:\/\/meetgirl.ch\/es\/compromiso-y-recursos-de-meetgirl\/\" \/>\n<meta property=\"og:site_name\" content=\"Meetgirl - Annonces \u00e9rotiques - Escorts, massages et salons\" \/>\n<meta property=\"article:modified_time\" content=\"2025-06-26T17:59:16+00:00\" \/>\n<meta property=\"og:image\" content=\"https:\/\/meetgirl.ch\/wp-content\/uploads\/2024\/05\/logo-7.jpg\" \/>\n\t<meta property=\"og:image:width\" content=\"1200\" \/>\n\t<meta property=\"og:image:height\" content=\"177\" \/>\n\t<meta property=\"og:image:type\" content=\"image\/jpeg\" \/>\n<meta name=\"twitter:card\" content=\"summary_large_image\" \/>\n<meta name=\"twitter:label1\" content=\"Tiempo de lectura\" \/>\n\t<meta name=\"twitter:data1\" content=\"2 minutos\" \/>\n<script type=\"application\/ld+json\" class=\"yoast-schema-graph\">{\"@context\":\"https:\/\/schema.org\",\"@graph\":[{\"@type\":\"WebPage\",\"@id\":\"https:\/\/meetgirl.ch\/engagement-et-ressources-de-meetgirl\/\",\"url\":\"https:\/\/meetgirl.ch\/engagement-et-ressources-de-meetgirl\/\",\"name\":\"Engagement et Ressources de Meetgirl - Meetgirl - Annonces \u00e9rotiques - Escorts, massages et salons\",\"isPartOf\":{\"@id\":\"https:\/\/meetgirl.ch\/#website\"},\"primaryImageOfPage\":{\"@id\":\"https:\/\/meetgirl.ch\/engagement-et-ressources-de-meetgirl\/#primaryimage\"},\"image\":{\"@id\":\"https:\/\/meetgirl.ch\/engagement-et-ressources-de-meetgirl\/#primaryimage\"},\"thumbnailUrl\":\"https:\/\/meetgirl.ch\/wp-content\/uploads\/2024\/05\/logo-7-1024x151.jpg\",\"datePublished\":\"2024-08-30T10:16:05+00:00\",\"dateModified\":\"2025-06-26T17:59:16+00:00\",\"breadcrumb\":{\"@id\":\"https:\/\/meetgirl.ch\/engagement-et-ressources-de-meetgirl\/#breadcrumb\"},\"inLanguage\":\"es\",\"potentialAction\":[{\"@type\":\"ReadAction\",\"target\":[\"https:\/\/meetgirl.ch\/engagement-et-ressources-de-meetgirl\/\"]}]},{\"@type\":\"ImageObject\",\"inLanguage\":\"es\",\"@id\":\"https:\/\/meetgirl.ch\/engagement-et-ressources-de-meetgirl\/#primaryimage\",\"url\":\"https:\/\/meetgirl.ch\/wp-content\/uploads\/2024\/05\/logo-7-1024x151.jpg\",\"contentUrl\":\"https:\/\/meetgirl.ch\/wp-content\/uploads\/2024\/05\/logo-7-1024x151.jpg\"},{\"@type\":\"BreadcrumbList\",\"@id\":\"https:\/\/meetgirl.ch\/engagement-et-ressources-de-meetgirl\/#breadcrumb\",\"itemListElement\":[{\"@type\":\"ListItem\",\"position\":1,\"name\":\"Accueil\",\"item\":\"https:\/\/meetgirl.ch\/\"},{\"@type\":\"ListItem\",\"position\":2,\"name\":\"Engagement et Ressources de Meetgirl\"}]},{\"@type\":\"WebSite\",\"@id\":\"https:\/\/meetgirl.ch\/#website\",\"url\":\"https:\/\/meetgirl.ch\/\",\"name\":\"MeetGirl - Annonces \u00e9rotiques Suisse - Escorts, massages et salons\",\"description\":\"Escorts et massages \u00e9rotiques\",\"publisher\":{\"@id\":\"https:\/\/meetgirl.ch\/#organization\"},\"alternateName\":\"Annuaire \u00e9rotique Suisse Escort \u00e0 Gen\u00e8ve, Lausanne, Valais, Neuch\u00e2tel\",\"potentialAction\":[{\"@type\":\"SearchAction\",\"target\":{\"@type\":\"EntryPoint\",\"urlTemplate\":\"https:\/\/meetgirl.ch\/?s={search_term_string}\"},\"query-input\":{\"@type\":\"PropertyValueSpecification\",\"valueRequired\":true,\"valueName\":\"search_term_string\"}}],\"inLanguage\":\"es\"},{\"@type\":\"Organization\",\"@id\":\"https:\/\/meetgirl.ch\/#organization\",\"name\":\"Escort et massage \u00e9rotique\",\"alternateName\":\"Meetgirl escortes et masseuses\",\"url\":\"https:\/\/meetgirl.ch\/\",\"logo\":{\"@type\":\"ImageObject\",\"inLanguage\":\"es\",\"@id\":\"https:\/\/meetgirl.ch\/#\/schema\/logo\/image\/\",\"url\":\"https:\/\/meetgirl.ch\/wp-content\/uploads\/2024\/05\/cropped-meet-logo.png\",\"contentUrl\":\"https:\/\/meetgirl.ch\/wp-content\/uploads\/2024\/05\/cropped-meet-logo.png\",\"width\":512,\"height\":512,\"caption\":\"Escort et massage \u00e9rotique\"},\"image\":{\"@id\":\"https:\/\/meetgirl.ch\/#\/schema\/logo\/image\/\"}}]}<\/script>\n<!-- \/ Yoast SEO plugin. -->","yoast_head_json":{"title":"Meetgirl Compromiso y Recursos - Meetgirl - Anuncios er\u00f3ticos - Escorts, masajes y salones","robots":{"index":"index","follow":"follow","max-snippet":"max-snippet:-1","max-image-preview":"max-image-preview:large","max-video-preview":"max-video-preview:-1"},"canonical":"https:\/\/meetgirl.ch\/es\/compromiso-y-recursos-de-meetgirl\/","og_locale":"es_ES","og_type":"article","og_title":"Engagement et Ressources de Meetgirl - Meetgirl - Annonces \u00e9rotiques - Escorts, massages et salons","og_description":"Chez Meetgirl, nous reconnaissons l&rsquo;importance de sensibiliser le public \u00e0 la lutte contre la traite des \u00eatres humains. En tant qu&rsquo;entreprise priv\u00e9e en ligne, nous avons pris l&rsquo;initiative de nous engager activement dans la lutte contre ce probl\u00e8me mondial. Si nous venons \u00e0 identifier un cas de traite, nous agissons imm\u00e9diatement et collaborons \u00e9troitement avec [&hellip;]","og_url":"https:\/\/meetgirl.ch\/es\/compromiso-y-recursos-de-meetgirl\/","og_site_name":"Meetgirl - Annonces \u00e9rotiques - Escorts, massages et salons","article_modified_time":"2025-06-26T17:59:16+00:00","og_image":[{"width":1200,"height":177,"url":"https:\/\/meetgirl.ch\/wp-content\/uploads\/2024\/05\/logo-7.jpg","type":"image\/jpeg"}],"twitter_card":"summary_large_image","twitter_misc":{"Tiempo de lectura":"2 minutos"},"schema":{"@context":"https:\/\/schema.org","@graph":[{"@type":"WebPage","@id":"https:\/\/meetgirl.ch\/engagement-et-ressources-de-meetgirl\/","url":"https:\/\/meetgirl.ch\/engagement-et-ressources-de-meetgirl\/","name":"Meetgirl Compromiso y Recursos - Meetgirl - Anuncios er\u00f3ticos - Escorts, masajes y salones","isPartOf":{"@id":"https:\/\/meetgirl.ch\/#website"},"primaryImageOfPage":{"@id":"https:\/\/meetgirl.ch\/engagement-et-ressources-de-meetgirl\/#primaryimage"},"image":{"@id":"https:\/\/meetgirl.ch\/engagement-et-ressources-de-meetgirl\/#primaryimage"},"thumbnailUrl":"https:\/\/meetgirl.ch\/wp-content\/uploads\/2024\/05\/logo-7-1024x151.jpg","datePublished":"2024-08-30T10:16:05+00:00","dateModified":"2025-06-26T17:59:16+00:00","breadcrumb":{"@id":"https:\/\/meetgirl.ch\/engagement-et-ressources-de-meetgirl\/#breadcrumb"},"inLanguage":"es","potentialAction":[{"@type":"ReadAction","target":["https:\/\/meetgirl.ch\/engagement-et-ressources-de-meetgirl\/"]}]},{"@type":"ImageObject","inLanguage":"es","@id":"https:\/\/meetgirl.ch\/engagement-et-ressources-de-meetgirl\/#primaryimage","url":"https:\/\/meetgirl.ch\/wp-content\/uploads\/2024\/05\/logo-7-1024x151.jpg","contentUrl":"https:\/\/meetgirl.ch\/wp-content\/uploads\/2024\/05\/logo-7-1024x151.jpg"},{"@type":"BreadcrumbList","@id":"https:\/\/meetgirl.ch\/engagement-et-ressources-de-meetgirl\/#breadcrumb","itemListElement":[{"@type":"ListItem","position":1,"name":"Accueil","item":"https:\/\/meetgirl.ch\/"},{"@type":"ListItem","position":2,"name":"Engagement et Ressources de Meetgirl"}]},{"@type":"WebSite","@id":"https:\/\/meetgirl.ch\/#website","url":"https:\/\/meetgirl.ch\/","name":"MeetGirl - Anuncios er\u00f3ticos Suiza - Escorts, masajes y salones","description":"Escorts y masajes er\u00f3ticos","publisher":{"@id":"https:\/\/meetgirl.ch\/#organization"},"alternateName":"Annuaire \u00e9rotique Suisse Escort \u00e0 Gen\u00e8ve, Lausanne, Valais, Neuch\u00e2tel","potentialAction":[{"@type":"SearchAction","target":{"@type":"EntryPoint","urlTemplate":"https:\/\/meetgirl.ch\/?s={search_term_string}"},"query-input":{"@type":"PropertyValueSpecification","valueRequired":true,"valueName":"search_term_string"}}],"inLanguage":"es"},{"@type":"Organization","@id":"https:\/\/meetgirl.ch\/#organization","name":"Escort y masaje er\u00f3tico","alternateName":"Meetgirl escortes et masseuses","url":"https:\/\/meetgirl.ch\/","logo":{"@type":"ImageObject","inLanguage":"es","@id":"https:\/\/meetgirl.ch\/#\/schema\/logo\/image\/","url":"https:\/\/meetgirl.ch\/wp-content\/uploads\/2024\/05\/cropped-meet-logo.png","contentUrl":"https:\/\/meetgirl.ch\/wp-content\/uploads\/2024\/05\/cropped-meet-logo.png","width":512,"height":512,"caption":"Escort et massage \u00e9rotique"},"image":{"@id":"https:\/\/meetgirl.ch\/#\/schema\/logo\/image\/"}}]}},"_links":{"self":[{"href":"https:\/\/meetgirl.ch\/es\/wp-json\/wp\/v2\/pages\/3633","targetHints":{"allow":["GET"]}}],"collection":[{"href":"https:\/\/meetgirl.ch\/es\/wp-json\/wp\/v2\/pages"}],"about":[{"href":"https:\/\/meetgirl.ch\/es\/wp-json\/wp\/v2\/types\/page"}],"author":[{"embeddable":true,"href":"https:\/\/meetgirl.ch\/es\/wp-json\/wp\/v2\/users\/3"}],"replies":[{"embeddable":true,"href":"https:\/\/meetgirl.ch\/es\/wp-json\/wp\/v2\/comments?post=3633"}],"version-history":[{"count":0,"href":"https:\/\/meetgirl.ch\/es\/wp-json\/wp\/v2\/pages\/3633\/revisions"}],"wp:attachment":[{"href":"https:\/\/meetgirl.ch\/es\/wp-json\/wp\/v2\/media?parent=3633"}],"curies":[{"name":"wp","href":"https:\/\/api.w.org\/{rel}","templated":true}]}}