{"id":9803,"date":"2025-06-25T12:24:27","date_gmt":"2025-06-25T12:24:27","guid":{"rendered":"https:\/\/meetgirl.ch\/?page_id=9803"},"modified":"2026-01-25T16:13:23","modified_gmt":"2026-01-25T16:13:23","slug":"limusina-meetgirl-lausana","status":"publish","type":"page","link":"https:\/\/meetgirl.ch\/es\/limusina-meetgirl-lausana\/","title":{"rendered":"Limusina Meetgirl Lausana"},"content":{"rendered":"<div data-elementor-type=\"wp-page\" data-elementor-id=\"9803\" class=\"elementor elementor-9803\">\n\t\t\t\t<div class=\"elementor-element elementor-element-ae97e15 e-flex e-con-boxed e-con e-parent\" data-id=\"ae97e15\" data-element_type=\"container\" data-settings=\"{&quot;jet_parallax_layout_list&quot;:[]}\">\n\t\t\t\t\t<div class=\"e-con-inner\">\n\t\t<div class=\"elementor-element elementor-element-1d5f08a e-con-full e-flex e-con e-child\" data-id=\"1d5f08a\" data-element_type=\"container\" data-settings=\"{&quot;jet_parallax_layout_list&quot;:[]}\">\n\t\t\t\t<div class=\"elementor-element elementor-element-d841c3d elementor-widget elementor-widget-image\" data-id=\"d841c3d\" data-element_type=\"widget\" data-widget_type=\"image.default\">\n\t\t\t\t<div class=\"elementor-widget-container\">\n\t\t\t\t\t\t\t\t\t\t\t\t\t\t\t<img decoding=\"async\" width=\"1024\" height=\"576\" src=\"https:\/\/meetgirl.ch\/wp-content\/uploads\/2025\/06\/limousine-lausanne-1-1024x576.jpg\" class=\"attachment-large size-large wp-image-9809\" alt=\"Limusina Meetgirl Lausana\" srcset=\"https:\/\/meetgirl.ch\/wp-content\/uploads\/2025\/06\/limousine-lausanne-1-1024x576.jpg 1024w, https:\/\/meetgirl.ch\/wp-content\/uploads\/2025\/06\/limousine-lausanne-1-300x169.jpg 300w, https:\/\/meetgirl.ch\/wp-content\/uploads\/2025\/06\/limousine-lausanne-1-768x432.jpg 768w, https:\/\/meetgirl.ch\/wp-content\/uploads\/2025\/06\/limousine-lausanne-1-18x10.jpg 18w, https:\/\/meetgirl.ch\/wp-content\/uploads\/2025\/06\/limousine-lausanne-1-600x337.jpg 600w, https:\/\/meetgirl.ch\/wp-content\/uploads\/2025\/06\/limousine-lausanne-1.jpg 1200w\" sizes=\"(max-width: 1024px) 100vw, 1024px\" \/>\t\t\t\t\t\t\t\t\t\t\t\t\t\t\t<\/div>\n\t\t\t\t<\/div>\n\t\t\t\t<\/div>\n\t\t<div class=\"elementor-element elementor-element-97b0f44 e-con-full e-flex e-con e-child\" data-id=\"97b0f44\" data-element_type=\"container\" data-settings=\"{&quot;jet_parallax_layout_list&quot;:[]}\">\n\t\t\t\t<div class=\"elementor-element elementor-element-a0c701f elementor-widget elementor-widget-image\" data-id=\"a0c701f\" data-element_type=\"widget\" data-widget_type=\"image.default\">\n\t\t\t\t<div class=\"elementor-widget-container\">\n\t\t\t\t\t\t\t\t\t\t\t\t\t\t\t<img decoding=\"async\" width=\"1024\" height=\"576\" src=\"https:\/\/meetgirl.ch\/wp-content\/uploads\/2025\/06\/limousine-vaud-1024x576.jpg\" class=\"attachment-large size-large wp-image-9807\" alt=\"Limusina Chateau de Chillon\" srcset=\"https:\/\/meetgirl.ch\/wp-content\/uploads\/2025\/06\/limousine-vaud-1024x576.jpg 1024w, https:\/\/meetgirl.ch\/wp-content\/uploads\/2025\/06\/limousine-vaud-300x169.jpg 300w, https:\/\/meetgirl.ch\/wp-content\/uploads\/2025\/06\/limousine-vaud-768x432.jpg 768w, https:\/\/meetgirl.ch\/wp-content\/uploads\/2025\/06\/limousine-vaud-18x10.jpg 18w, https:\/\/meetgirl.ch\/wp-content\/uploads\/2025\/06\/limousine-vaud-600x337.jpg 600w, https:\/\/meetgirl.ch\/wp-content\/uploads\/2025\/06\/limousine-vaud.jpg 1200w\" sizes=\"(max-width: 1024px) 100vw, 1024px\" \/>\t\t\t\t\t\t\t\t\t\t\t\t\t\t\t<\/div>\n\t\t\t\t<\/div>\n\t\t\t\t<\/div>\n\t\t\t\t\t<\/div>\n\t\t\t\t<\/div>\n\t\t<div class=\"elementor-element elementor-element-ef02324 e-flex e-con-boxed e-con e-parent\" data-id=\"ef02324\" data-element_type=\"container\" data-settings=\"{&quot;jet_parallax_layout_list&quot;:[]}\">\n\t\t\t\t\t<div class=\"e-con-inner\">\n\t\t<div class=\"elementor-element elementor-element-007b94a e-con-full e-flex e-con e-child\" data-id=\"007b94a\" data-element_type=\"container\" data-settings=\"{&quot;jet_parallax_layout_list&quot;:[]}\">\n\t\t\t\t<div class=\"elementor-element elementor-element-ae20788 elementor-widget elementor-widget-image\" data-id=\"ae20788\" data-element_type=\"widget\" data-widget_type=\"image.default\">\n\t\t\t\t<div class=\"elementor-widget-container\">\n\t\t\t\t\t\t\t\t\t\t\t\t\t\t\t<img decoding=\"async\" width=\"1024\" height=\"576\" src=\"https:\/\/meetgirl.ch\/wp-content\/uploads\/2025\/06\/limousine-payerne-1024x576.jpg\" class=\"attachment-large size-large wp-image-9806\" alt=\"Limusina Payerne\" srcset=\"https:\/\/meetgirl.ch\/wp-content\/uploads\/2025\/06\/limousine-payerne-1024x576.jpg 1024w, https:\/\/meetgirl.ch\/wp-content\/uploads\/2025\/06\/limousine-payerne-300x169.jpg 300w, https:\/\/meetgirl.ch\/wp-content\/uploads\/2025\/06\/limousine-payerne-768x432.jpg 768w, https:\/\/meetgirl.ch\/wp-content\/uploads\/2025\/06\/limousine-payerne-18x10.jpg 18w, https:\/\/meetgirl.ch\/wp-content\/uploads\/2025\/06\/limousine-payerne-600x337.jpg 600w, https:\/\/meetgirl.ch\/wp-content\/uploads\/2025\/06\/limousine-payerne.jpg 1200w\" sizes=\"(max-width: 1024px) 100vw, 1024px\" \/>\t\t\t\t\t\t\t\t\t\t\t\t\t\t\t<\/div>\n\t\t\t\t<\/div>\n\t\t\t\t<\/div>\n\t\t<div class=\"elementor-element elementor-element-4356ddd e-con-full e-flex e-con e-child\" data-id=\"4356ddd\" data-element_type=\"container\" data-settings=\"{&quot;jet_parallax_layout_list&quot;:[]}\">\n\t\t\t\t<div class=\"elementor-element elementor-element-3c9e3ba elementor-widget elementor-widget-image\" data-id=\"3c9e3ba\" data-element_type=\"widget\" data-widget_type=\"image.default\">\n\t\t\t\t<div class=\"elementor-widget-container\">\n\t\t\t\t\t\t\t\t\t\t\t\t\t\t\t<img decoding=\"async\" width=\"1024\" height=\"576\" src=\"https:\/\/meetgirl.ch\/wp-content\/uploads\/2025\/06\/limousine-lutry-1024x576.jpg\" class=\"attachment-large size-large wp-image-9805\" alt=\"Limusina Lutry\" srcset=\"https:\/\/meetgirl.ch\/wp-content\/uploads\/2025\/06\/limousine-lutry-1024x576.jpg 1024w, https:\/\/meetgirl.ch\/wp-content\/uploads\/2025\/06\/limousine-lutry-300x169.jpg 300w, https:\/\/meetgirl.ch\/wp-content\/uploads\/2025\/06\/limousine-lutry-768x432.jpg 768w, https:\/\/meetgirl.ch\/wp-content\/uploads\/2025\/06\/limousine-lutry-18x10.jpg 18w, https:\/\/meetgirl.ch\/wp-content\/uploads\/2025\/06\/limousine-lutry-600x337.jpg 600w, https:\/\/meetgirl.ch\/wp-content\/uploads\/2025\/06\/limousine-lutry.jpg 1200w\" sizes=\"(max-width: 1024px) 100vw, 1024px\" \/>\t\t\t\t\t\t\t\t\t\t\t\t\t\t\t<\/div>\n\t\t\t\t<\/div>\n\t\t\t\t<\/div>\n\t\t\t\t\t<\/div>\n\t\t\t\t<\/div>\n\t\t<div class=\"elementor-element elementor-element-db2bf4c e-flex e-con-boxed e-con e-parent\" data-id=\"db2bf4c\" data-element_type=\"container\" data-settings=\"{&quot;jet_parallax_layout_list&quot;:[]}\">\n\t\t\t\t\t<div class=\"e-con-inner\">\n\t\t<div class=\"elementor-element elementor-element-f015ea8 e-con-full e-flex e-con e-child\" data-id=\"f015ea8\" data-element_type=\"container\" data-settings=\"{&quot;jet_parallax_layout_list&quot;:[]}\">\n\t\t\t\t<div class=\"elementor-element elementor-element-a4015f4 elementor-widget elementor-widget-image\" data-id=\"a4015f4\" data-element_type=\"widget\" data-widget_type=\"image.default\">\n\t\t\t\t<div class=\"elementor-widget-container\">\n\t\t\t\t\t\t\t\t\t\t\t\t\t\t\t<img decoding=\"async\" width=\"1024\" height=\"576\" src=\"https:\/\/meetgirl.ch\/wp-content\/uploads\/2025\/06\/limousine-lausanne-1024x576.jpg\" class=\"attachment-large size-large wp-image-9778\" alt=\"Limusina Lausana\" srcset=\"https:\/\/meetgirl.ch\/wp-content\/uploads\/2025\/06\/limousine-lausanne-1024x576.jpg 1024w, https:\/\/meetgirl.ch\/wp-content\/uploads\/2025\/06\/limousine-lausanne-300x169.jpg 300w, https:\/\/meetgirl.ch\/wp-content\/uploads\/2025\/06\/limousine-lausanne-768x432.jpg 768w, https:\/\/meetgirl.ch\/wp-content\/uploads\/2025\/06\/limousine-lausanne-18x10.jpg 18w, https:\/\/meetgirl.ch\/wp-content\/uploads\/2025\/06\/limousine-lausanne-600x337.jpg 600w, https:\/\/meetgirl.ch\/wp-content\/uploads\/2025\/06\/limousine-lausanne.jpg 1200w\" sizes=\"(max-width: 1024px) 100vw, 1024px\" \/>\t\t\t\t\t\t\t\t\t\t\t\t\t\t\t<\/div>\n\t\t\t\t<\/div>\n\t\t\t\t<\/div>\n\t\t\t\t\t<\/div>\n\t\t\t\t<\/div>\n\t\t<div class=\"elementor-element elementor-element-0668fe7 e-flex e-con-boxed e-con e-parent\" data-id=\"0668fe7\" data-element_type=\"container\" data-settings=\"{&quot;jet_parallax_layout_list&quot;:[]}\">\n\t\t\t\t\t<div class=\"e-con-inner\">\n\t\t\t\t<div class=\"elementor-element elementor-element-bc816f4 elementor-widget elementor-widget-text-editor\" data-id=\"bc816f4\" data-element_type=\"widget\" data-widget_type=\"text-editor.default\">\n\t\t\t\t<div class=\"elementor-widget-container\">\n\t\t\t\t\t\t\t\t\t<h2 data-start=\"264\" data-end=\"384\"><span style=\"color: #ffffff;\"><strong data-start=\"271\" data-end=\"314\">Meetgirl On Tour en el cant\u00f3n de Vaud<\/strong> Una sensual limusina de lujo, champ\u00e1n y placeres secretos...<\/span><\/h2><p data-start=\"386\" data-end=\"833\"><span style=\"color: #ffffff;\">En <strong data-start=\"389\" data-end=\"411\">24 y 25 de junio de 2025<\/strong>el famoso <strong data-start=\"424\" data-end=\"454\">limusina Meetgirl On Tour<\/strong> fijar las carreteras de <strong data-start=\"480\" data-end=\"498\">Cant\u00f3n de Vaud<\/strong>para una gira totalmente nueva y seductora. En <strong data-start=\"559\" data-end=\"582\">Ferry de Lausana a Montreux<\/strong>a trav\u00e9s de los id\u00edlicos paisajes del <strong data-start=\"626\" data-end=\"636\">Lavaux<\/strong>las encantadoras calles de <strong data-start=\"664\" data-end=\"673\">Lutry<\/strong>las orillas del<strong data-start=\"687\" data-end=\"708\">Yverdon-les-Bains<\/strong>o las estrechas calles de <strong data-start=\"735\" data-end=\"746\">Payerne<\/strong>a las puertas de <strong data-start=\"768\" data-end=\"780\">Friburgo<\/strong>Esta lujosa procesi\u00f3n no dej\u00f3 indiferente a nadie.<\/span><\/p><p data-start=\"835\" data-end=\"995\"><span style=\"color: #ffffff;\">Y en <strong data-start=\"842\" data-end=\"862\">la costa de Vaud<\/strong>entre <strong data-start=\"870\" data-end=\"880\">Morges<\/strong>, <strong data-start=\"882\" data-end=\"891\">Rollo<\/strong>y <strong data-start=\"896\" data-end=\"904\">Nyon<\/strong>Todas las miradas estaban puestas en la limusina negra con su misterioso brillo.<\/span><\/p><p data-start=\"997\" data-end=\"1183\"><span style=\"color: #ffffff;\">Pero <strong data-start=\"1002\" data-end=\"1046\">qu\u00e9 hay realmente detr\u00e1s de este coche de ensue\u00f1o<\/strong> \u00bfconducir por las carreteras en silencio, con m\u00fasica suave de fondo y las ventanillas bien cerradas?<\/span><br data-start=\"1136\" data-end=\"1139\" \/><span style=\"color: #ffffff;\">Dentro, es un mundo completamente diferente...<\/span><\/p><p data-start=\"1185\" data-end=\"1492\"><span style=\"color: #ffffff;\"><strong data-start=\"1185\" data-end=\"1297\">Sof\u00e1s de terciopelo, luz tenue, burbujas de champ\u00e1n que fluyen libremente, perfumes dulces y cuerpos que se rozan<\/strong> al ritmo de una lista de reproducci\u00f3n embriagadora. Aqu\u00ed, el tiempo se detiene. Las conversaciones se convierten en murmullos, las miradas en acaloradas, y <strong data-start=\"1430\" data-end=\"1491\">trajes a veces caen tan r\u00e1pido como las inhibiciones<\/strong>.<\/span><\/p><p data-start=\"1494\" data-end=\"1723\"><span style=\"color: #ffffff;\">Algunas personas hablan de <strong data-start=\"1517\" data-end=\"1535\">bailes privados<\/strong>de <strong data-start=\"1540\" data-end=\"1557\">juegos sensuales<\/strong>de <strong data-start=\"1562\" data-end=\"1579\">besos robados<\/strong>o <strong data-start=\"1594\" data-end=\"1620\">t\u00f3rridas sesiones fotogr\u00e1ficas<\/strong> con vistas al <strong data-start=\"1649\" data-end=\"1671\">Castillo de Chillon<\/strong>o en las alturas de <strong data-start=\"1697\" data-end=\"1709\">Montreux<\/strong>frente al lago.<\/span><\/p><p data-start=\"1725\" data-end=\"1894\"><span style=\"color: #ffffff;\">Entre sorbo y sorbo de champ\u00e1n, re\u00edmos, jugamos, nos acercamos... <strong data-start=\"1792\" data-end=\"1894\">La limusina se convierte en un elegante capullo libertino, donde cada uno puede explorar sus deseos con total discreci\u00f3n.<\/strong><\/span><\/p><p data-start=\"1896\" data-end=\"2070\"><span style=\"color: #ffffff;\">Algunos <strong data-start=\"1908\" data-end=\"1925\">fotos robadas<\/strong> filtrado en las redes: miradas calientes, piernas desnudas, cuerpos abrazados...<\/span><br data-start=\"2003\" data-end=\"2006\" \/><span style=\"color: #ffffff;\">Suficiente para despertar la curiosidad de todo el <strong data-start=\"2051\" data-end=\"2069\">Suiza franc\u00f3fona<\/strong>.<\/span><\/p><hr data-start=\"2072\" data-end=\"2075\" \/><h2 data-start=\"2077\" data-end=\"2221\"><span style=\"color: #ffffff;\"><strong data-start=\"2077\" data-end=\"2097\">Meetgirl de gira<\/strong>no es s\u00f3lo un viaje, es una forma de vida. <strong data-start=\"2132\" data-end=\"2177\">una experiencia carnal, elegante y libre<\/strong>una mezcla de placer, misterio y suave decadencia.<\/span><\/h2>\t\t\t\t\t\t\t\t<\/div>\n\t\t\t\t<\/div>\n\t\t\t\t\t<\/div>\n\t\t\t\t<\/div>\n\t\t\t\t<\/div>","protected":false},"excerpt":{"rendered":"<p>Meetgirl On Tour dans le canton de Vaud : une limousine sulfureuse entre luxe, champagne et plaisirs secrets\u2026 Du 24 au 25 juin 2025, la fameuse limousine Meetgirl On Tour a enflamm\u00e9 les routes du Canton de Vaud, pour une tourn\u00e9e in\u00e9dite sous le signe de la s\u00e9duction. De Lausanne \u00e0 Montreux, en passant par [&hellip;]<\/p>","protected":false},"author":3,"featured_media":0,"parent":0,"menu_order":0,"comment_status":"closed","ping_status":"closed","template":"","meta":{"footnotes":""},"class_list":["post-9803","page","type-page","status-publish","hentry"],"acf":[],"yoast_head":"<!-- This site is optimized with the Yoast SEO plugin v26.0 - https:\/\/yoast.com\/wordpress\/plugins\/seo\/ -->\n<title>Limousine Meetgirl Lausanne - Meetgirl - Annonces \u00e9rotiques - Escorts, massages et salons<\/title>\n<meta name=\"description\" content=\"D\u00e9couvrez le Meetgirl On Tour : la limousine la plus sensuelle de Lausanne a fait sensation dans tout le Canton de Vaud\" \/>\n<meta name=\"robots\" content=\"index, follow, max-snippet:-1, max-image-preview:large, max-video-preview:-1\" \/>\n<link rel=\"canonical\" href=\"https:\/\/meetgirl.ch\/es\/limusina-meetgirl-lausana\/\" \/>\n<meta property=\"og:locale\" content=\"es_ES\" \/>\n<meta property=\"og:type\" content=\"article\" \/>\n<meta property=\"og:title\" content=\"Limousine Meetgirl Lausanne - Meetgirl - Annonces \u00e9rotiques - Escorts, massages et salons\" \/>\n<meta property=\"og:description\" content=\"D\u00e9couvrez le Meetgirl On Tour : la limousine la plus sensuelle de Lausanne a fait sensation dans tout le Canton de Vaud\" \/>\n<meta property=\"og:url\" content=\"https:\/\/meetgirl.ch\/es\/limusina-meetgirl-lausana\/\" \/>\n<meta property=\"og:site_name\" content=\"Meetgirl - Annonces \u00e9rotiques - Escorts, massages et salons\" \/>\n<meta property=\"article:modified_time\" content=\"2026-01-25T16:13:23+00:00\" \/>\n<meta property=\"og:image\" content=\"https:\/\/meetgirl.ch\/wp-content\/uploads\/2025\/06\/limousine-lausanne-1.jpg\" \/>\n\t<meta property=\"og:image:width\" content=\"1200\" \/>\n\t<meta property=\"og:image:height\" content=\"675\" \/>\n\t<meta property=\"og:image:type\" content=\"image\/jpeg\" \/>\n<meta name=\"twitter:card\" content=\"summary_large_image\" \/>\n<meta name=\"twitter:label1\" content=\"Tiempo de lectura\" \/>\n\t<meta name=\"twitter:data1\" content=\"3 minutos\" \/>\n<script type=\"application\/ld+json\" class=\"yoast-schema-graph\">{\"@context\":\"https:\/\/schema.org\",\"@graph\":[{\"@type\":\"WebPage\",\"@id\":\"https:\/\/meetgirl.ch\/limousine-meetgirl-lausanne\/\",\"url\":\"https:\/\/meetgirl.ch\/limousine-meetgirl-lausanne\/\",\"name\":\"Limousine Meetgirl Lausanne - Meetgirl - Annonces \u00e9rotiques - Escorts, massages et salons\",\"isPartOf\":{\"@id\":\"https:\/\/meetgirl.ch\/#website\"},\"primaryImageOfPage\":{\"@id\":\"https:\/\/meetgirl.ch\/limousine-meetgirl-lausanne\/#primaryimage\"},\"image\":{\"@id\":\"https:\/\/meetgirl.ch\/limousine-meetgirl-lausanne\/#primaryimage\"},\"thumbnailUrl\":\"https:\/\/meetgirl.ch\/wp-content\/uploads\/2025\/06\/limousine-lausanne-1-1024x576.jpg\",\"datePublished\":\"2025-06-25T12:24:27+00:00\",\"dateModified\":\"2026-01-25T16:13:23+00:00\",\"description\":\"D\u00e9couvrez le Meetgirl On Tour : la limousine la plus sensuelle de Lausanne a fait sensation dans tout le Canton de Vaud\",\"breadcrumb\":{\"@id\":\"https:\/\/meetgirl.ch\/limousine-meetgirl-lausanne\/#breadcrumb\"},\"inLanguage\":\"es\",\"potentialAction\":[{\"@type\":\"ReadAction\",\"target\":[\"https:\/\/meetgirl.ch\/limousine-meetgirl-lausanne\/\"]}]},{\"@type\":\"ImageObject\",\"inLanguage\":\"es\",\"@id\":\"https:\/\/meetgirl.ch\/limousine-meetgirl-lausanne\/#primaryimage\",\"url\":\"https:\/\/meetgirl.ch\/wp-content\/uploads\/2025\/06\/limousine-lausanne-1-1024x576.jpg\",\"contentUrl\":\"https:\/\/meetgirl.ch\/wp-content\/uploads\/2025\/06\/limousine-lausanne-1-1024x576.jpg\"},{\"@type\":\"BreadcrumbList\",\"@id\":\"https:\/\/meetgirl.ch\/limousine-meetgirl-lausanne\/#breadcrumb\",\"itemListElement\":[{\"@type\":\"ListItem\",\"position\":1,\"name\":\"Accueil\",\"item\":\"https:\/\/meetgirl.ch\/\"},{\"@type\":\"ListItem\",\"position\":2,\"name\":\"Limousine Meetgirl Lausanne\"}]},{\"@type\":\"WebSite\",\"@id\":\"https:\/\/meetgirl.ch\/#website\",\"url\":\"https:\/\/meetgirl.ch\/\",\"name\":\"MeetGirl - Annonces \u00e9rotiques Suisse - Escorts, massages et salons\",\"description\":\"Escorts et massages \u00e9rotiques\",\"publisher\":{\"@id\":\"https:\/\/meetgirl.ch\/#organization\"},\"alternateName\":\"Annuaire \u00e9rotique Suisse Escort \u00e0 Gen\u00e8ve, Lausanne, Valais, Neuch\u00e2tel\",\"potentialAction\":[{\"@type\":\"SearchAction\",\"target\":{\"@type\":\"EntryPoint\",\"urlTemplate\":\"https:\/\/meetgirl.ch\/?s={search_term_string}\"},\"query-input\":{\"@type\":\"PropertyValueSpecification\",\"valueRequired\":true,\"valueName\":\"search_term_string\"}}],\"inLanguage\":\"es\"},{\"@type\":\"Organization\",\"@id\":\"https:\/\/meetgirl.ch\/#organization\",\"name\":\"Escort et massage \u00e9rotique\",\"alternateName\":\"Meetgirl escortes et masseuses\",\"url\":\"https:\/\/meetgirl.ch\/\",\"logo\":{\"@type\":\"ImageObject\",\"inLanguage\":\"es\",\"@id\":\"https:\/\/meetgirl.ch\/#\/schema\/logo\/image\/\",\"url\":\"https:\/\/meetgirl.ch\/wp-content\/uploads\/2024\/05\/cropped-meet-logo.png\",\"contentUrl\":\"https:\/\/meetgirl.ch\/wp-content\/uploads\/2024\/05\/cropped-meet-logo.png\",\"width\":512,\"height\":512,\"caption\":\"Escort et massage \u00e9rotique\"},\"image\":{\"@id\":\"https:\/\/meetgirl.ch\/#\/schema\/logo\/image\/\"}}]}<\/script>\n<!-- \/ Yoast SEO plugin. -->","yoast_head_json":{"title":"Limusina Meetgirl Lausanne - Meetgirl - Anuncios er\u00f3ticos - Escorts, masajes y salones","description":"Descubra la Meetgirl On Tour: la limusina m\u00e1s sensual de Lausana caus\u00f3 sensaci\u00f3n en todo el cant\u00f3n de Vaud","robots":{"index":"index","follow":"follow","max-snippet":"max-snippet:-1","max-image-preview":"max-image-preview:large","max-video-preview":"max-video-preview:-1"},"canonical":"https:\/\/meetgirl.ch\/es\/limusina-meetgirl-lausana\/","og_locale":"es_ES","og_type":"article","og_title":"Limousine Meetgirl Lausanne - Meetgirl - Annonces \u00e9rotiques - Escorts, massages et salons","og_description":"D\u00e9couvrez le Meetgirl On Tour : la limousine la plus sensuelle de Lausanne a fait sensation dans tout le Canton de Vaud","og_url":"https:\/\/meetgirl.ch\/es\/limusina-meetgirl-lausana\/","og_site_name":"Meetgirl - Annonces \u00e9rotiques - Escorts, massages et salons","article_modified_time":"2026-01-25T16:13:23+00:00","og_image":[{"width":1200,"height":675,"url":"https:\/\/meetgirl.ch\/wp-content\/uploads\/2025\/06\/limousine-lausanne-1.jpg","type":"image\/jpeg"}],"twitter_card":"summary_large_image","twitter_misc":{"Tiempo de lectura":"3 minutos"},"schema":{"@context":"https:\/\/schema.org","@graph":[{"@type":"WebPage","@id":"https:\/\/meetgirl.ch\/limousine-meetgirl-lausanne\/","url":"https:\/\/meetgirl.ch\/limousine-meetgirl-lausanne\/","name":"Limusina Meetgirl Lausanne - Meetgirl - Anuncios er\u00f3ticos - Escorts, masajes y salones","isPartOf":{"@id":"https:\/\/meetgirl.ch\/#website"},"primaryImageOfPage":{"@id":"https:\/\/meetgirl.ch\/limousine-meetgirl-lausanne\/#primaryimage"},"image":{"@id":"https:\/\/meetgirl.ch\/limousine-meetgirl-lausanne\/#primaryimage"},"thumbnailUrl":"https:\/\/meetgirl.ch\/wp-content\/uploads\/2025\/06\/limousine-lausanne-1-1024x576.jpg","datePublished":"2025-06-25T12:24:27+00:00","dateModified":"2026-01-25T16:13:23+00:00","description":"Descubra la Meetgirl On Tour: la limusina m\u00e1s sensual de Lausana caus\u00f3 sensaci\u00f3n en todo el cant\u00f3n de Vaud","breadcrumb":{"@id":"https:\/\/meetgirl.ch\/limousine-meetgirl-lausanne\/#breadcrumb"},"inLanguage":"es","potentialAction":[{"@type":"ReadAction","target":["https:\/\/meetgirl.ch\/limousine-meetgirl-lausanne\/"]}]},{"@type":"ImageObject","inLanguage":"es","@id":"https:\/\/meetgirl.ch\/limousine-meetgirl-lausanne\/#primaryimage","url":"https:\/\/meetgirl.ch\/wp-content\/uploads\/2025\/06\/limousine-lausanne-1-1024x576.jpg","contentUrl":"https:\/\/meetgirl.ch\/wp-content\/uploads\/2025\/06\/limousine-lausanne-1-1024x576.jpg"},{"@type":"BreadcrumbList","@id":"https:\/\/meetgirl.ch\/limousine-meetgirl-lausanne\/#breadcrumb","itemListElement":[{"@type":"ListItem","position":1,"name":"Accueil","item":"https:\/\/meetgirl.ch\/"},{"@type":"ListItem","position":2,"name":"Limousine Meetgirl Lausanne"}]},{"@type":"WebSite","@id":"https:\/\/meetgirl.ch\/#website","url":"https:\/\/meetgirl.ch\/","name":"MeetGirl - Anuncios er\u00f3ticos Suiza - Escorts, masajes y salones","description":"Escorts y masajes er\u00f3ticos","publisher":{"@id":"https:\/\/meetgirl.ch\/#organization"},"alternateName":"Annuaire \u00e9rotique Suisse Escort \u00e0 Gen\u00e8ve, Lausanne, Valais, Neuch\u00e2tel","potentialAction":[{"@type":"SearchAction","target":{"@type":"EntryPoint","urlTemplate":"https:\/\/meetgirl.ch\/?s={search_term_string}"},"query-input":{"@type":"PropertyValueSpecification","valueRequired":true,"valueName":"search_term_string"}}],"inLanguage":"es"},{"@type":"Organization","@id":"https:\/\/meetgirl.ch\/#organization","name":"Escort y masaje er\u00f3tico","alternateName":"Meetgirl escortes et masseuses","url":"https:\/\/meetgirl.ch\/","logo":{"@type":"ImageObject","inLanguage":"es","@id":"https:\/\/meetgirl.ch\/#\/schema\/logo\/image\/","url":"https:\/\/meetgirl.ch\/wp-content\/uploads\/2024\/05\/cropped-meet-logo.png","contentUrl":"https:\/\/meetgirl.ch\/wp-content\/uploads\/2024\/05\/cropped-meet-logo.png","width":512,"height":512,"caption":"Escort et massage \u00e9rotique"},"image":{"@id":"https:\/\/meetgirl.ch\/#\/schema\/logo\/image\/"}}]}},"_links":{"self":[{"href":"https:\/\/meetgirl.ch\/es\/wp-json\/wp\/v2\/pages\/9803","targetHints":{"allow":["GET"]}}],"collection":[{"href":"https:\/\/meetgirl.ch\/es\/wp-json\/wp\/v2\/pages"}],"about":[{"href":"https:\/\/meetgirl.ch\/es\/wp-json\/wp\/v2\/types\/page"}],"author":[{"embeddable":true,"href":"https:\/\/meetgirl.ch\/es\/wp-json\/wp\/v2\/users\/3"}],"replies":[{"embeddable":true,"href":"https:\/\/meetgirl.ch\/es\/wp-json\/wp\/v2\/comments?post=9803"}],"version-history":[{"count":12,"href":"https:\/\/meetgirl.ch\/es\/wp-json\/wp\/v2\/pages\/9803\/revisions"}],"predecessor-version":[{"id":19399,"href":"https:\/\/meetgirl.ch\/es\/wp-json\/wp\/v2\/pages\/9803\/revisions\/19399"}],"wp:attachment":[{"href":"https:\/\/meetgirl.ch\/es\/wp-json\/wp\/v2\/media?parent=9803"}],"curies":[{"name":"wp","href":"https:\/\/api.w.org\/{rel}","templated":true}]}}