{"id":10150,"date":"2025-06-28T11:52:51","date_gmt":"2025-06-28T11:52:51","guid":{"rendered":"https:\/\/meetgirl.ch\/?page_id=10150"},"modified":"2025-06-28T11:58:19","modified_gmt":"2025-06-28T11:58:19","slug":"fellatio-a-ginevra","status":"publish","type":"page","link":"https:\/\/meetgirl.ch\/it\/fellatio-a-ginevra\/","title":{"rendered":"Pompini a Ginevra"},"content":{"rendered":"<div data-elementor-type=\"wp-page\" data-elementor-id=\"10150\" class=\"elementor elementor-10150\">\n\t\t\t\t<div class=\"elementor-element elementor-element-248bf79 e-flex e-con-boxed e-con e-parent\" data-id=\"248bf79\" data-element_type=\"container\" data-settings=\"{&quot;jet_parallax_layout_list&quot;:[]}\">\n\t\t\t\t\t<div class=\"e-con-inner\">\n\t\t\t\t<div class=\"elementor-element elementor-element-187ed92 elementor-widget elementor-widget-case27-listing-feed-widget\" data-id=\"187ed92\" data-element_type=\"widget\" data-widget_type=\"case27-listing-feed-widget.default\">\n\t\t\t\t<div class=\"elementor-widget-container\">\n\t\t\t\t\t\t\t<section class=\"i-section listing-feed\">\r\n\t\t<div class=\"container-fluid\">\r\n\t\t\t<div class=\"row section-body grid\">\r\n\t\t\t\t\t\t\t\t\t<div class=\"col-lg-4 col-md-4 col-sm-6 col-xs-12 grid-item\"><div class=\"lf-item-container listing-preview type-independante c27-verified no-logo has-tagline no-info-fields level-promoted priority-2\" data-id=\"listing-id-2156\" data-category-icon=\"\t&lt;i class=&quot;mi bookmark_border&quot; style=&quot;color: #fff; background: #f67675; &quot;&gt;&lt;\/i&gt;\t\" data-category-color=\"#f67675\" data-category-text-color=\"#fff\" data-thumbnail=\"https:\/\/meetgirl.ch\/wp-content\/themes\/my-listing\/assets\/images\/marker.jpg\" data-marker=\"https:\/\/meetgirl.ch\/wp-content\/themes\/my-listing\/assets\/images\/marker.jpg\" data-template=\"default\" data-locations=\"[{&quot;address&quot;:&quot;Gen\\u00e8ve, canton de Gen\\u00e8ve, Suisse&quot;,&quot;lat&quot;:&quot;46.20211&quot;,&quot;lng&quot;:&quot;6.15122&quot;}]\"\n><div class=\"lf-item lf-item-default\" data-template=\"default\"> <a href=\"https:\/\/meetgirl.ch\/it\/accompagnatori-2\/crudelia-2\/\"> <div class=\"overlay\" style=\" background-color: #242429; opacity: 0;\"><\/div> <div class=\"lf-background\" style=\"background-image: url('https:\/\/meetgirl.ch\/wp-content\/uploads\/listing-uploads\/cover\/2024\/05\/Capture-decran-2024-05-21-a-15.04.09.jpg');\"><\/div> <div class=\"lf-item-info\"> <h4 class=\"case27-primary-text listing-preview-title\"> Crudelia <img decoding=\"async\" height=\"18\" width=\"18\" alt=\"Elenco verificato\" class=\"verified-listing\" src=\"https:\/\/meetgirl.ch\/wp-content\/themes\/my-listing\/assets\/images\/tick.svg\"> <\/h4> <\/div> <\/a> <div class=\"lf-head level-promoted\"> <span class=\"tooltip-element tooltip-bottom\"> <div class=\"lf-head-btn ad-badge\"> <span><i class=\"icon-flash\"><\/i><\/span> <\/div> <span class=\"tooltip-container\">Promosso<\/span> <\/span> <\/div> <\/div> <div class=\"listing-details-3 c27-footer-section\"> <ul class=\"details-list no-list-style\"> <li class=\"\" > <span>Cornavin <\/span> <\/li> <li class=\"\" > <span> <div class=\"codicts-online-status\"><span class=\"codicts-dot cdtsols-online\"><\/span> <span class=\"cdtsols-txt\">In linea<\/span><\/div> <\/span> <\/li> <\/ul> <\/div> <div class=\"listing-details-3 c27-footer-section\"> <ul class=\"details-list no-list-style\"> <li class=\"\" > <span>grrrr <\/span> <\/li> <\/ul> <\/div> <\/div><\/div>\t\t\t\t\t\t\t\t\t<div class=\"col-lg-4 col-md-4 col-sm-6 col-xs-12 grid-item\"><div class=\"lf-item-container listing-preview type-independante c27-verified no-logo has-tagline no-info-fields level-promoted priority-2\" data-id=\"listing-id-1944\" data-category-icon=\"\t&lt;i class=&quot;mi bookmark_border&quot; style=&quot;color: #fff; background: #f67675; &quot;&gt;&lt;\/i&gt;\t\" data-category-color=\"#f67675\" data-category-text-color=\"#fff\" data-thumbnail=\"https:\/\/meetgirl.ch\/wp-content\/themes\/my-listing\/assets\/images\/marker.jpg\" data-marker=\"https:\/\/meetgirl.ch\/wp-content\/themes\/my-listing\/assets\/images\/marker.jpg\" data-template=\"default\" data-locations=\"[{&quot;address&quot;:&quot;Centre sportif du Bout-du-Monde, Route de Vessy 12, Gen\\u00e8ve, canton de Gen\\u00e8ve 1206, Suisse&quot;,&quot;lat&quot;:&quot;46.18092&quot;,&quot;lng&quot;:&quot;6.15724&quot;}]\"\n><div class=\"lf-item lf-item-default\" data-template=\"default\"> <a href=\"https:\/\/meetgirl.ch\/it\/accompagnatori-2\/sonya\/\"> <div class=\"overlay\" style=\" background-color: #242429; opacity: 0;\"><\/div> <div class=\"lf-background\" style=\"background-image: url('https:\/\/meetgirl.ch\/wp-content\/uploads\/listing-uploads\/cover\/2024\/04\/135640.jpg');\"><\/div> <div class=\"lf-item-info\"> <h4 class=\"case27-primary-text listing-preview-title\"> Sonya <img decoding=\"async\" height=\"18\" width=\"18\" alt=\"Elenco verificato\" class=\"verified-listing\" src=\"https:\/\/meetgirl.ch\/wp-content\/themes\/my-listing\/assets\/images\/tick.svg\"> <\/h4> <\/div> <\/a> <div class=\"lf-head level-promoted\"> <span class=\"tooltip-element tooltip-bottom\"> <div class=\"lf-head-btn ad-badge\"> <span><i class=\"icon-flash\"><\/i><\/span> <\/div> <span class=\"tooltip-container\">Promosso<\/span> <\/span> <\/div> <\/div> <div class=\"listing-details-3 c27-footer-section\"> <ul class=\"details-list no-list-style\"> <li class=\"\" > <span>Ginevra, Cornavin <\/span> <\/li> <li class=\"\" > <span> <div class=\"codicts-online-status\"><span class=\"codicts-dot cdtsols-offline\"><\/span> <span class=\"cdtsols-txt\">Mai attivo<\/span><\/div> <\/span> <\/li> <\/ul> <\/div> <div class=\"listing-details-3 c27-footer-section\"> <ul class=\"details-list no-list-style\"> <li class=\"\" > <span>Per qualche giorno <\/span> <\/li> <\/ul> <\/div> <\/div><\/div>\t\t\t\t\t\t\t\t\t<div class=\"col-lg-4 col-md-4 col-sm-6 col-xs-12 grid-item\"><div class=\"lf-item-container listing-preview type-independante c27-verified no-logo has-tagline no-info-fields level-featured priority-1\" data-id=\"listing-id-2140\" data-category-icon=\"\t&lt;i class=&quot;mi bookmark_border&quot; style=&quot;color: #fff; background: #f67675; &quot;&gt;&lt;\/i&gt;\t\" data-category-color=\"#f67675\" data-category-text-color=\"#fff\" data-thumbnail=\"https:\/\/meetgirl.ch\/wp-content\/themes\/my-listing\/assets\/images\/marker.jpg\" data-marker=\"https:\/\/meetgirl.ch\/wp-content\/themes\/my-listing\/assets\/images\/marker.jpg\" data-template=\"default\" data-locations=\"[{&quot;address&quot;:&quot;Gen\\u00e8ve, canton de Gen\\u00e8ve, Suisse&quot;,&quot;lat&quot;:&quot;46.20211&quot;,&quot;lng&quot;:&quot;6.15122&quot;}]\"\n><div class=\"lf-item lf-item-default\" data-template=\"default\"> <a href=\"https:\/\/meetgirl.ch\/it\/accompagnatori-2\/tania\/\"> <div class=\"overlay\" style=\" background-color: #242429; opacity: 0;\"><\/div> <div class=\"lf-background\" style=\"background-image: url('https:\/\/meetgirl.ch\/wp-content\/uploads\/listing-uploads\/cover\/2024\/05\/Capture-decran-2024-05-21-a-15.03.31.jpg');\"><\/div> <div class=\"lf-item-info\"> <h4 class=\"case27-primary-text listing-preview-title\"> Tania <img decoding=\"async\" height=\"18\" width=\"18\" alt=\"Elenco verificato\" class=\"verified-listing\" src=\"https:\/\/meetgirl.ch\/wp-content\/themes\/my-listing\/assets\/images\/tick.svg\"> <\/h4> <\/div> <\/a> <div class=\"lf-head level-featured\"> <span class=\"tooltip-element tooltip-bottom\"> <div class=\"lf-head-btn ad-badge\"> <span><i class=\"icon-flash\"><\/i><\/span> <\/div> <span class=\"tooltip-container\">In primo piano<\/span> <\/span> <\/div> <\/div> <div class=\"listing-details-3 c27-footer-section\"> <ul class=\"details-list no-list-style\"> <li class=\"\" > <span>Ginevra <\/span> <\/li> <li class=\"\" > <span> <div class=\"codicts-online-status\"><span class=\"codicts-dot cdtsols-online\"><\/span> <span class=\"cdtsols-txt\">In linea<\/span><\/div> <\/span> <\/li> <\/ul> <\/div> <div class=\"listing-details-3 c27-footer-section\"> <ul class=\"details-list no-list-style\"> <li class=\"\" > <span>Faccio tutto <\/span> <\/li> <\/ul> <\/div> <\/div><\/div>\t\t\t\t\t\t\t<\/div>\r\n\t\t<\/div>\r\n\t<\/section>\r\n\r\n\t\t\t\t<\/div>\n\t\t\t\t<\/div>\n\t\t\t\t\t<\/div>\n\t\t\t\t<\/div>\n\t\t<div class=\"elementor-element elementor-element-ccc307f e-flex e-con-boxed e-con e-parent\" data-id=\"ccc307f\" data-element_type=\"container\" data-settings=\"{&quot;jet_parallax_layout_list&quot;:[]}\">\n\t\t\t\t\t<div class=\"e-con-inner\">\n\t\t\t\t<div class=\"elementor-element elementor-element-916ce07 elementor-widget elementor-widget-text-editor\" data-id=\"916ce07\" data-element_type=\"widget\" data-widget_type=\"text-editor.default\">\n\t\t\t\t<div class=\"elementor-widget-container\">\n\t\t\t\t\t\t\t\t\t<h1><span style=\"color: #ffffff;\">Pompino a Ginevra con una escort: piacere orale<\/span><\/h1>\n<p><span style=\"color: #ffffff;\">Alla ricerca di un <strong>fellatio a Ginevra<\/strong> con una escort di lusso che ha imparato l'arte del piacere orale?&nbsp;<\/span><\/p>\n<h2><span style=\"color: #ffffff;\">Che cos'\u00e8 la fellatio?<\/span><\/h2>\n<p><span style=\"color: #ffffff;\">La <strong>fellatio<\/strong> \u00e8 una forma di sesso orale in cui la bocca, le labbra e la lingua stimolano il pene e il glande. Pu\u00f2 essere delicato, lento, ritmico o intenso, a seconda delle preferenze individuali. \u00c8 una delle forme di preliminari pi\u00f9 apprezzate dai nostri clienti.<\/span><\/p>\n<h2><span style=\"color: #ffffff;\">Tecniche di sesso orale offerte dalle nostre escort a Ginevra<\/span><\/h2>\n<p><span style=\"color: #ffffff;\">Le nostre accompagnatrici sanno come variare i piaceri e padroneggiano diverse tecniche per offrire una <strong>fellatio su misura<\/strong> :<\/span><\/p>\n<h3><span style=\"color: #ffffff;\">Pompino classico<\/span><\/h3>\n<p><span style=\"color: #ffffff;\">La versione pi\u00f9 comune, in cui la escort usa la bocca per stimolare delicatamente o vigorosamente il pene. Pu\u00f2 incorporare carezze manuali e variare il ritmo per accentuare l'aumento del piacere.<\/span><\/p>\n<h3><span style=\"color: #ffffff;\">Pompino con gola profonda<\/span><\/h3>\n<p><span style=\"color: #ffffff;\">Per chi cerca la massima intensit\u00e0, alcuni <strong>ragazze escort a Geneva<\/strong> pratica <strong>gola profonda<\/strong>inserendo il pene in profondit\u00e0 nella gola. Questo metodo richiede esperienza, respirazione controllata e una perfetta comunicazione tra i partner.<\/span><\/p>\n<h2><span style=\"color: #ffffff;\">Varianti e posizioni: personalizzate la vostra esperienza<\/span><\/h2>\n<p><span style=\"color: #ffffff;\">La <strong>fellatio a Ginevra<\/strong> possono essere praticati in diverse posizioni: sdraiati, in piedi, seduti o in 69. Potete anche scegliere un servizio duo con due accompagnatori per un piacere ancora maggiore.<\/span><\/p>\n<h3><span style=\"color: #ffffff;\">Pompino con stimolazione anale<\/span><\/h3>\n<p><span style=\"color: #ffffff;\">Per intensificare le sensazioni, alcune escort offrono la stimolazione simultanea della zona anale durante la fellatio, aggiungendo una dimensione extra al vostro piacere.<\/span><\/p>\n<h2><span style=\"color: #ffffff;\">Perch\u00e9 scegliere Meetgirl Ginevra per il sesso orale?<\/span><\/h2>\n<p><span style=\"color: #ffffff;\">Il&nbsp;<strong>ragazze escort<\/strong> non si limitano a eseguire una fellatio, ma la trasformano in una forma d'arte sensuale. Eleganti, attente e discrete, creano un ambiente favorevole al relax e alla volutt\u00e0.&nbsp;<\/span><\/p><p><span style=\"color: rgb(255, 255, 255); font-family: inherit; font-size: 30px; font-weight: 600; text-align: var(--text-align);\">Prenota ora la tua escort specializzata in fellatio a Ginevra<\/span><\/p>\n<p><span style=\"color: #ffffff;\">Lasciatevi tentare da un momento di piacere intenso e raffinato. Meetgirl.ch<\/span><\/p>\t\t\t\t\t\t\t\t<\/div>\n\t\t\t\t<\/div>\n\t\t\t\t\t<\/div>\n\t\t\t\t<\/div>\n\t\t\t\t<\/div>","protected":false},"excerpt":{"rendered":"<p>Fellation \u00e0 Gen\u00e8ve avec escort : plaisir oral Envie d\u2019une fellation \u00e0 Gen\u00e8ve avec une escort de luxe qui ma\u00eetrise l\u2019art du plaisir oral ?&nbsp; Qu\u2019est-ce que la fellation ? La fellation est une pratique sexuelle orale o\u00f9 la bouche, les l\u00e8vres et la langue stimulent le p\u00e9nis et le gland. Elle peut \u00eatre tendre, [&hellip;]<\/p>","protected":false},"author":3,"featured_media":0,"parent":0,"menu_order":0,"comment_status":"closed","ping_status":"closed","template":"","meta":{"footnotes":""},"class_list":["post-10150","page","type-page","status-publish","hentry"],"acf":[],"yoast_head":"<!-- This site is optimized with the Yoast SEO plugin v26.0 - https:\/\/yoast.com\/wordpress\/plugins\/seo\/ -->\n<title>Fellation \u00e0 Gen\u00e8ve - Meetgirl - Annonces \u00e9rotiques - Escorts, massages et salons<\/title>\n<meta name=\"description\" content=\"D\u00e9couvrez les meilleures escort girls pour fellation \u00e0 Gen\u00e8ve. Services de sexe oral haut de gamme et techniques vari\u00e9es\" \/>\n<meta name=\"robots\" content=\"index, follow, max-snippet:-1, max-image-preview:large, max-video-preview:-1\" \/>\n<link rel=\"canonical\" href=\"https:\/\/meetgirl.ch\/it\/fellatio-a-ginevra\/\" \/>\n<meta property=\"og:locale\" content=\"it_IT\" \/>\n<meta property=\"og:type\" content=\"article\" \/>\n<meta property=\"og:title\" content=\"Fellation \u00e0 Gen\u00e8ve - Meetgirl - Annonces \u00e9rotiques - Escorts, massages et salons\" \/>\n<meta property=\"og:description\" content=\"D\u00e9couvrez les meilleures escort girls pour fellation \u00e0 Gen\u00e8ve. Services de sexe oral haut de gamme et techniques vari\u00e9es\" \/>\n<meta property=\"og:url\" content=\"https:\/\/meetgirl.ch\/it\/fellatio-a-ginevra\/\" \/>\n<meta property=\"og:site_name\" content=\"Meetgirl - Annonces \u00e9rotiques - Escorts, massages et salons\" \/>\n<meta property=\"article:modified_time\" content=\"2025-06-28T11:58:19+00:00\" \/>\n<meta property=\"og:image\" content=\"https:\/\/meetgirl.ch\/wp-content\/uploads\/2025\/03\/meetgirl-yoast.jpg\" \/>\n\t<meta property=\"og:image:width\" content=\"1200\" \/>\n\t<meta property=\"og:image:height\" content=\"675\" \/>\n\t<meta property=\"og:image:type\" content=\"image\/jpeg\" \/>\n<meta name=\"twitter:card\" content=\"summary_large_image\" \/>\n<meta name=\"twitter:label1\" content=\"Tempo di lettura stimato\" \/>\n\t<meta name=\"twitter:data1\" content=\"2 minuti\" \/>\n<script type=\"application\/ld+json\" class=\"yoast-schema-graph\">{\"@context\":\"https:\/\/schema.org\",\"@graph\":[{\"@type\":\"WebPage\",\"@id\":\"https:\/\/meetgirl.ch\/fellation-a-geneve\/\",\"url\":\"https:\/\/meetgirl.ch\/fellation-a-geneve\/\",\"name\":\"Fellation \u00e0 Gen\u00e8ve - Meetgirl - Annonces \u00e9rotiques - Escorts, massages et salons\",\"isPartOf\":{\"@id\":\"https:\/\/meetgirl.ch\/#website\"},\"datePublished\":\"2025-06-28T11:52:51+00:00\",\"dateModified\":\"2025-06-28T11:58:19+00:00\",\"description\":\"D\u00e9couvrez les meilleures escort girls pour fellation \u00e0 Gen\u00e8ve. Services de sexe oral haut de gamme et techniques vari\u00e9es\",\"breadcrumb\":{\"@id\":\"https:\/\/meetgirl.ch\/fellation-a-geneve\/#breadcrumb\"},\"inLanguage\":\"it-IT\",\"potentialAction\":[{\"@type\":\"ReadAction\",\"target\":[\"https:\/\/meetgirl.ch\/fellation-a-geneve\/\"]}]},{\"@type\":\"BreadcrumbList\",\"@id\":\"https:\/\/meetgirl.ch\/fellation-a-geneve\/#breadcrumb\",\"itemListElement\":[{\"@type\":\"ListItem\",\"position\":1,\"name\":\"Accueil\",\"item\":\"https:\/\/meetgirl.ch\/\"},{\"@type\":\"ListItem\",\"position\":2,\"name\":\"Fellation \u00e0 Gen\u00e8ve\"}]},{\"@type\":\"WebSite\",\"@id\":\"https:\/\/meetgirl.ch\/#website\",\"url\":\"https:\/\/meetgirl.ch\/\",\"name\":\"MeetGirl - Annonces \u00e9rotiques Suisse - Escorts, massages et salons\",\"description\":\"Escorts et massages \u00e9rotiques\",\"publisher\":{\"@id\":\"https:\/\/meetgirl.ch\/#organization\"},\"alternateName\":\"Annuaire \u00e9rotique Suisse Escort \u00e0 Gen\u00e8ve, Lausanne, Valais, Neuch\u00e2tel\",\"potentialAction\":[{\"@type\":\"SearchAction\",\"target\":{\"@type\":\"EntryPoint\",\"urlTemplate\":\"https:\/\/meetgirl.ch\/?s={search_term_string}\"},\"query-input\":{\"@type\":\"PropertyValueSpecification\",\"valueRequired\":true,\"valueName\":\"search_term_string\"}}],\"inLanguage\":\"it-IT\"},{\"@type\":\"Organization\",\"@id\":\"https:\/\/meetgirl.ch\/#organization\",\"name\":\"Escort et massage \u00e9rotique\",\"alternateName\":\"Meetgirl escortes et masseuses\",\"url\":\"https:\/\/meetgirl.ch\/\",\"logo\":{\"@type\":\"ImageObject\",\"inLanguage\":\"it-IT\",\"@id\":\"https:\/\/meetgirl.ch\/#\/schema\/logo\/image\/\",\"url\":\"https:\/\/meetgirl.ch\/wp-content\/uploads\/2024\/05\/cropped-meet-logo.png\",\"contentUrl\":\"https:\/\/meetgirl.ch\/wp-content\/uploads\/2024\/05\/cropped-meet-logo.png\",\"width\":512,\"height\":512,\"caption\":\"Escort et massage \u00e9rotique\"},\"image\":{\"@id\":\"https:\/\/meetgirl.ch\/#\/schema\/logo\/image\/\"}}]}<\/script>\n<!-- \/ Yoast SEO plugin. -->","yoast_head_json":{"title":"Fellation \u00e0 Gen\u00e8ve - Meetgirl - Annunci erotici - Accompagnatori, massaggi e saloni di bellezza","description":"Scopri le migliori ragazze escort per il sesso orale a Ginevra. Servizi di sesso orale al top della gamma e una variet\u00e0 di tecniche","robots":{"index":"index","follow":"follow","max-snippet":"max-snippet:-1","max-image-preview":"max-image-preview:large","max-video-preview":"max-video-preview:-1"},"canonical":"https:\/\/meetgirl.ch\/it\/fellatio-a-ginevra\/","og_locale":"it_IT","og_type":"article","og_title":"Fellation \u00e0 Gen\u00e8ve - Meetgirl - Annonces \u00e9rotiques - Escorts, massages et salons","og_description":"D\u00e9couvrez les meilleures escort girls pour fellation \u00e0 Gen\u00e8ve. Services de sexe oral haut de gamme et techniques vari\u00e9es","og_url":"https:\/\/meetgirl.ch\/it\/fellatio-a-ginevra\/","og_site_name":"Meetgirl - Annonces \u00e9rotiques - Escorts, massages et salons","article_modified_time":"2025-06-28T11:58:19+00:00","og_image":[{"width":1200,"height":675,"url":"https:\/\/meetgirl.ch\/wp-content\/uploads\/2025\/03\/meetgirl-yoast.jpg","type":"image\/jpeg"}],"twitter_card":"summary_large_image","twitter_misc":{"Tempo di lettura stimato":"2 minuti"},"schema":{"@context":"https:\/\/schema.org","@graph":[{"@type":"WebPage","@id":"https:\/\/meetgirl.ch\/fellation-a-geneve\/","url":"https:\/\/meetgirl.ch\/fellation-a-geneve\/","name":"Fellation \u00e0 Gen\u00e8ve - Meetgirl - Annunci erotici - Accompagnatori, massaggi e saloni di bellezza","isPartOf":{"@id":"https:\/\/meetgirl.ch\/#website"},"datePublished":"2025-06-28T11:52:51+00:00","dateModified":"2025-06-28T11:58:19+00:00","description":"Scopri le migliori ragazze escort per il sesso orale a Ginevra. Servizi di sesso orale al top della gamma e una variet\u00e0 di tecniche","breadcrumb":{"@id":"https:\/\/meetgirl.ch\/fellation-a-geneve\/#breadcrumb"},"inLanguage":"it-IT","potentialAction":[{"@type":"ReadAction","target":["https:\/\/meetgirl.ch\/fellation-a-geneve\/"]}]},{"@type":"BreadcrumbList","@id":"https:\/\/meetgirl.ch\/fellation-a-geneve\/#breadcrumb","itemListElement":[{"@type":"ListItem","position":1,"name":"Accueil","item":"https:\/\/meetgirl.ch\/"},{"@type":"ListItem","position":2,"name":"Fellation \u00e0 Gen\u00e8ve"}]},{"@type":"WebSite","@id":"https:\/\/meetgirl.ch\/#website","url":"https:\/\/meetgirl.ch\/","name":"MeetGirl - Annunci erotici Svizzera - Accompagnatrici, massaggi e saloni di bellezza","description":"Escort e massaggi erotici","publisher":{"@id":"https:\/\/meetgirl.ch\/#organization"},"alternateName":"Annuaire \u00e9rotique Suisse Escort \u00e0 Gen\u00e8ve, Lausanne, Valais, Neuch\u00e2tel","potentialAction":[{"@type":"SearchAction","target":{"@type":"EntryPoint","urlTemplate":"https:\/\/meetgirl.ch\/?s={search_term_string}"},"query-input":{"@type":"PropertyValueSpecification","valueRequired":true,"valueName":"search_term_string"}}],"inLanguage":"it-IT"},{"@type":"Organization","@id":"https:\/\/meetgirl.ch\/#organization","name":"Escort e massaggio erotico","alternateName":"Meetgirl escortes et masseuses","url":"https:\/\/meetgirl.ch\/","logo":{"@type":"ImageObject","inLanguage":"it-IT","@id":"https:\/\/meetgirl.ch\/#\/schema\/logo\/image\/","url":"https:\/\/meetgirl.ch\/wp-content\/uploads\/2024\/05\/cropped-meet-logo.png","contentUrl":"https:\/\/meetgirl.ch\/wp-content\/uploads\/2024\/05\/cropped-meet-logo.png","width":512,"height":512,"caption":"Escort et massage \u00e9rotique"},"image":{"@id":"https:\/\/meetgirl.ch\/#\/schema\/logo\/image\/"}}]}},"_links":{"self":[{"href":"https:\/\/meetgirl.ch\/it\/wp-json\/wp\/v2\/pages\/10150","targetHints":{"allow":["GET"]}}],"collection":[{"href":"https:\/\/meetgirl.ch\/it\/wp-json\/wp\/v2\/pages"}],"about":[{"href":"https:\/\/meetgirl.ch\/it\/wp-json\/wp\/v2\/types\/page"}],"author":[{"embeddable":true,"href":"https:\/\/meetgirl.ch\/it\/wp-json\/wp\/v2\/users\/3"}],"replies":[{"embeddable":true,"href":"https:\/\/meetgirl.ch\/it\/wp-json\/wp\/v2\/comments?post=10150"}],"version-history":[{"count":0,"href":"https:\/\/meetgirl.ch\/it\/wp-json\/wp\/v2\/pages\/10150\/revisions"}],"wp:attachment":[{"href":"https:\/\/meetgirl.ch\/it\/wp-json\/wp\/v2\/media?parent=10150"}],"curies":[{"name":"wp","href":"https:\/\/api.w.org\/{rel}","templated":true}]}}