{"id":10164,"date":"2025-06-28T12:10:08","date_gmt":"2025-06-28T12:10:08","guid":{"rendered":"https:\/\/meetgirl.ch\/?page_id=10164"},"modified":"2025-08-29T08:33:14","modified_gmt":"2025-08-29T08:33:14","slug":"massaggi-erotici-a-ginevra","status":"publish","type":"page","link":"https:\/\/meetgirl.ch\/it\/massaggi-erotici-a-ginevra\/","title":{"rendered":"Massaggi erotici a Ginevra"},"content":{"rendered":"<div data-elementor-type=\"wp-page\" data-elementor-id=\"10164\" class=\"elementor elementor-10164\">\n\t\t\t\t<div class=\"elementor-element elementor-element-29679f8 e-flex e-con-boxed e-con e-parent\" data-id=\"29679f8\" data-element_type=\"container\" data-settings=\"{&quot;jet_parallax_layout_list&quot;:[]}\">\n\t\t\t\t\t<div class=\"e-con-inner\">\n\t\t<div class=\"elementor-element elementor-element-672f812 e-con-full e-flex e-con e-child\" data-id=\"672f812\" data-element_type=\"container\" data-settings=\"{&quot;jet_parallax_layout_list&quot;:[]}\">\n\t\t\t\t<div class=\"elementor-element elementor-element-cc911f2 elementor-widget elementor-widget-image\" data-id=\"cc911f2\" data-element_type=\"widget\" data-widget_type=\"image.default\">\n\t\t\t\t<div class=\"elementor-widget-container\">\n\t\t\t\t\t\t\t\t\t\t\t\t\t\t\t<img decoding=\"async\" width=\"1024\" height=\"512\" src=\"https:\/\/meetgirl.ch\/wp-content\/uploads\/2024\/10\/massage-erotique-lausanne-1024x512.jpeg\" class=\"attachment-large size-large wp-image-4240\" alt=\"\" srcset=\"https:\/\/meetgirl.ch\/wp-content\/uploads\/2024\/10\/massage-erotique-lausanne-1024x512.jpeg 1024w, https:\/\/meetgirl.ch\/wp-content\/uploads\/2024\/10\/massage-erotique-lausanne-300x150.jpeg 300w, https:\/\/meetgirl.ch\/wp-content\/uploads\/2024\/10\/massage-erotique-lausanne-768x384.jpeg 768w, https:\/\/meetgirl.ch\/wp-content\/uploads\/2024\/10\/massage-erotique-lausanne-18x9.jpeg 18w, https:\/\/meetgirl.ch\/wp-content\/uploads\/2024\/10\/massage-erotique-lausanne-600x300.jpeg 600w, https:\/\/meetgirl.ch\/wp-content\/uploads\/2024\/10\/massage-erotique-lausanne.jpeg 1408w\" sizes=\"(max-width: 1024px) 100vw, 1024px\" \/>\t\t\t\t\t\t\t\t\t\t\t\t\t\t\t<\/div>\n\t\t\t\t<\/div>\n\t\t\t\t<div class=\"elementor-element elementor-element-b1ad899 elementor-widget elementor-widget-image\" data-id=\"b1ad899\" data-element_type=\"widget\" data-widget_type=\"image.default\">\n\t\t\t\t<div class=\"elementor-widget-container\">\n\t\t\t\t\t\t\t\t\t\t\t\t\t\t\t<img decoding=\"async\" width=\"600\" height=\"400\" src=\"https:\/\/meetgirl.ch\/wp-content\/uploads\/2025\/02\/massage-erotique-geneve.webp\" class=\"attachment-large size-large wp-image-5048\" alt=\"\" srcset=\"https:\/\/meetgirl.ch\/wp-content\/uploads\/2025\/02\/massage-erotique-geneve.webp 600w, https:\/\/meetgirl.ch\/wp-content\/uploads\/2025\/02\/massage-erotique-geneve-300x200.webp 300w, https:\/\/meetgirl.ch\/wp-content\/uploads\/2025\/02\/massage-erotique-geneve-18x12.webp 18w\" sizes=\"(max-width: 600px) 100vw, 600px\" \/>\t\t\t\t\t\t\t\t\t\t\t\t\t\t\t<\/div>\n\t\t\t\t<\/div>\n\t\t\t\t<\/div>\n\t\t<div class=\"elementor-element elementor-element-8d2b098 e-con-full e-flex e-con e-child\" data-id=\"8d2b098\" data-element_type=\"container\" data-settings=\"{&quot;jet_parallax_layout_list&quot;:[]}\">\n\t\t\t\t<div class=\"elementor-element elementor-element-e2c0068 elementor-widget elementor-widget-text-editor\" data-id=\"e2c0068\" data-element_type=\"widget\" data-widget_type=\"text-editor.default\">\n\t\t\t\t<div class=\"elementor-widget-container\">\n\t\t\t\t\t\t\t\t\t<section class=\"massage-erotique-geneve\" style=\"color:#ffffff;\">\n\n<h1 style=\"color:#ffffff;\">Massaggio erotico a Ginevra con escort su meetgirl.ch<\/h1>\n<p>Siete alla ricerca di un momento di intimit\u00e0 e di sensualit\u00e0 con una <strong>escort specializzata in massaggi erotici a Ginevra<\/strong> ? Visita <strong>meetgirl.ch<\/strong>Scoprite una selezione di professionisti raffinati. Hanno imparato l'arte del massaggio erotico e offrono momenti di puro piacere.<\/p>\n\n<h2 style=\"color:#ffffff;\">Che cos'\u00e8 un massaggio erotico a Ginevra?<\/h2>\n<p>A <strong>massaggio erotico<\/strong> \u00e8 un'esperienza sensuale completa. Combina relax, carezze suggestive e stimolazione corporea. Eseguito da una escort nuda o in lingerie, questo massaggio intimo risveglia i vostri sensi e vi conduce lentamente verso l'estasi.<\/p>\n\n<h2 style=\"color:#ffffff;\">Esperte accompagnatrici per massaggi intimi a Ginevra<\/h2>\n<p>Ragazze escort su <strong>meetgirl.ch<\/strong> offrono diversi tipi di <strong>massaggi sensuali a Ginevra<\/strong>. Il loro obiettivo: offrirvi un intenso momento di risveglio erotico. Potete usufruire di questi servizi in un appartamento privato, in albergo o a casa vostra.<\/p>\n\n<h3 style=\"color:#ffffff;\">Massaggio corpo-a-corpo<\/h3>\n<p>Il massaggio corpo a corpo \u00e8 uno dei servizi pi\u00f9 richiesti. La escort fa scorrere il suo corpo lubrificato contro il vostro. Questa pratica ultra-sensoriale vi avvolge di calore e desiderio. \u00c8 il modo ideale per scaricare tutte le tensioni.<\/p>\n\n<h3 style=\"color:#ffffff;\">Massaggio naturista completo<\/h3>\n<p>Il massaggio naturista si svolge in un'atmosfera intima. L'accompagnatore lavora delicatamente e sensualmente su tutto il corpo, comprese le zone erogene. Questo crea un graduale aumento del piacere, che culmina nell'orgasmo.<\/p>\n\n<h2 style=\"color:#ffffff;\">Trova la tua escort con massaggio erotico su meetgirl.ch<\/h2>\n<p>Visita <strong>meetgirl.ch<\/strong>sfogliare i profili di<strong>massaggio erotico ragazze escort a Ginevra<\/strong>. Scegliete quello pi\u00f9 adatto a voi. Ogni profilo illustra i servizi, i prezzi e i possibili luoghi di incontro.<\/p>\n\n<h3 style=\"color:#ffffff;\">Discrezione, piacere e professionalit\u00e0<\/h3>\n<p>Tutti gli incontri su meetgirl.ch sono condotti con rispetto, discrezione e igiene. Le escort adattano i loro gesti alle vostre preferenze per un piacere su misura, garantendovi comfort e sicurezza.<\/p>\n\n<h2 style=\"color:#ffffff;\">Prenotate ora il vostro massaggio erotico<\/h2>\n<p>Lasciatevi tentare da un'esperienza sensoriale unica con una <strong>accompagnatrice esperta in massaggi erotici a Ginevra<\/strong>. Prenota direttamente su <strong>meetgirl.ch<\/strong> e godere di un servizio di alto livello in un ambiente rassicurante e riservato.<\/p>\n\n<\/section>\n\t\t\t\t\t\t\t\t<\/div>\n\t\t\t\t<\/div>\n\t\t\t\t<\/div>\n\t\t\t\t\t<\/div>\n\t\t\t\t<\/div>\n\t\t\t\t<\/div>","protected":false},"excerpt":{"rendered":"<p>Massage \u00e9rotique \u00e0 Gen\u00e8ve avec escort sur meetgirl.ch Vous cherchez un moment intime et sensuel avec une escort sp\u00e9cialis\u00e9e dans le massage \u00e9rotique \u00e0 Gen\u00e8ve ? Sur meetgirl.ch, d\u00e9couvrez une s\u00e9lection de professionnelles raffin\u00e9es. Elles ma\u00eetrisent l\u2019art du massage \u00e9rotique et offrent des instants de pur plaisir. Qu\u2019est-ce qu\u2019un massage \u00e9rotique \u00e0 Gen\u00e8ve ? Un [&hellip;]<\/p>","protected":false},"author":3,"featured_media":0,"parent":0,"menu_order":0,"comment_status":"closed","ping_status":"closed","template":"","meta":{"footnotes":""},"class_list":["post-10164","page","type-page","status-publish","hentry"],"acf":[],"yoast_head":"<!-- This site is optimized with the Yoast SEO plugin v26.0 - https:\/\/yoast.com\/wordpress\/plugins\/seo\/ -->\n<title>Massages \u00c9rotiques \u00e0 Gen\u00e8ve - Meetgirl - Annonces \u00e9rotiques - Escorts, massages et salons<\/title>\n<meta name=\"description\" content=\"Profitez d\u2019un massage \u00e9rotique \u00e0 Gen\u00e8ve avec une escort experte. R\u00e9servez sur meetgirl.ch pour une exp\u00e9rience sensuelle, intime et discr\u00e8te.\" \/>\n<meta name=\"robots\" content=\"index, follow, max-snippet:-1, max-image-preview:large, max-video-preview:-1\" \/>\n<link rel=\"canonical\" href=\"https:\/\/meetgirl.ch\/it\/massaggi-erotici-a-ginevra\/\" \/>\n<meta property=\"og:locale\" content=\"it_IT\" \/>\n<meta property=\"og:type\" content=\"article\" \/>\n<meta property=\"og:title\" content=\"Massages \u00c9rotiques \u00e0 Gen\u00e8ve - Meetgirl - Annonces \u00e9rotiques - Escorts, massages et salons\" \/>\n<meta property=\"og:description\" content=\"Profitez d\u2019un massage \u00e9rotique \u00e0 Gen\u00e8ve avec une escort experte. R\u00e9servez sur meetgirl.ch pour une exp\u00e9rience sensuelle, intime et discr\u00e8te.\" \/>\n<meta property=\"og:url\" content=\"https:\/\/meetgirl.ch\/it\/massaggi-erotici-a-ginevra\/\" \/>\n<meta property=\"og:site_name\" content=\"Meetgirl - Annonces \u00e9rotiques - Escorts, massages et salons\" \/>\n<meta property=\"article:modified_time\" content=\"2025-08-29T08:33:14+00:00\" \/>\n<meta property=\"og:image\" content=\"https:\/\/meetgirl.ch\/wp-content\/uploads\/2024\/10\/massage-erotique-lausanne-1024x512.jpeg\" \/>\n<meta name=\"twitter:card\" content=\"summary_large_image\" \/>\n<meta name=\"twitter:label1\" content=\"Tempo di lettura stimato\" \/>\n\t<meta name=\"twitter:data1\" content=\"3 minuti\" \/>\n<script type=\"application\/ld+json\" class=\"yoast-schema-graph\">{\"@context\":\"https:\/\/schema.org\",\"@graph\":[{\"@type\":\"WebPage\",\"@id\":\"https:\/\/meetgirl.ch\/massages-erotiques-a-geneve\/\",\"url\":\"https:\/\/meetgirl.ch\/massages-erotiques-a-geneve\/\",\"name\":\"Massages \u00c9rotiques \u00e0 Gen\u00e8ve - Meetgirl - Annonces \u00e9rotiques - Escorts, massages et salons\",\"isPartOf\":{\"@id\":\"https:\/\/meetgirl.ch\/#website\"},\"primaryImageOfPage\":{\"@id\":\"https:\/\/meetgirl.ch\/massages-erotiques-a-geneve\/#primaryimage\"},\"image\":{\"@id\":\"https:\/\/meetgirl.ch\/massages-erotiques-a-geneve\/#primaryimage\"},\"thumbnailUrl\":\"https:\/\/meetgirl.ch\/wp-content\/uploads\/2024\/10\/massage-erotique-lausanne-1024x512.jpeg\",\"datePublished\":\"2025-06-28T12:10:08+00:00\",\"dateModified\":\"2025-08-29T08:33:14+00:00\",\"description\":\"Profitez d\u2019un massage \u00e9rotique \u00e0 Gen\u00e8ve avec une escort experte. R\u00e9servez sur meetgirl.ch pour une exp\u00e9rience sensuelle, intime et discr\u00e8te.\",\"breadcrumb\":{\"@id\":\"https:\/\/meetgirl.ch\/massages-erotiques-a-geneve\/#breadcrumb\"},\"inLanguage\":\"it-IT\",\"potentialAction\":[{\"@type\":\"ReadAction\",\"target\":[\"https:\/\/meetgirl.ch\/massages-erotiques-a-geneve\/\"]}]},{\"@type\":\"ImageObject\",\"inLanguage\":\"it-IT\",\"@id\":\"https:\/\/meetgirl.ch\/massages-erotiques-a-geneve\/#primaryimage\",\"url\":\"https:\/\/meetgirl.ch\/wp-content\/uploads\/2024\/10\/massage-erotique-lausanne-1024x512.jpeg\",\"contentUrl\":\"https:\/\/meetgirl.ch\/wp-content\/uploads\/2024\/10\/massage-erotique-lausanne-1024x512.jpeg\"},{\"@type\":\"BreadcrumbList\",\"@id\":\"https:\/\/meetgirl.ch\/massages-erotiques-a-geneve\/#breadcrumb\",\"itemListElement\":[{\"@type\":\"ListItem\",\"position\":1,\"name\":\"Accueil\",\"item\":\"https:\/\/meetgirl.ch\/\"},{\"@type\":\"ListItem\",\"position\":2,\"name\":\"Massages \u00c9rotiques \u00e0 Gen\u00e8ve\"}]},{\"@type\":\"WebSite\",\"@id\":\"https:\/\/meetgirl.ch\/#website\",\"url\":\"https:\/\/meetgirl.ch\/\",\"name\":\"MeetGirl - Annonces \u00e9rotiques Suisse - Escorts, massages et salons\",\"description\":\"Escorts et massages \u00e9rotiques\",\"publisher\":{\"@id\":\"https:\/\/meetgirl.ch\/#organization\"},\"alternateName\":\"Annuaire \u00e9rotique Suisse Escort \u00e0 Gen\u00e8ve, Lausanne, Valais, Neuch\u00e2tel\",\"potentialAction\":[{\"@type\":\"SearchAction\",\"target\":{\"@type\":\"EntryPoint\",\"urlTemplate\":\"https:\/\/meetgirl.ch\/?s={search_term_string}\"},\"query-input\":{\"@type\":\"PropertyValueSpecification\",\"valueRequired\":true,\"valueName\":\"search_term_string\"}}],\"inLanguage\":\"it-IT\"},{\"@type\":\"Organization\",\"@id\":\"https:\/\/meetgirl.ch\/#organization\",\"name\":\"Escort et massage \u00e9rotique\",\"alternateName\":\"Meetgirl escortes et masseuses\",\"url\":\"https:\/\/meetgirl.ch\/\",\"logo\":{\"@type\":\"ImageObject\",\"inLanguage\":\"it-IT\",\"@id\":\"https:\/\/meetgirl.ch\/#\/schema\/logo\/image\/\",\"url\":\"https:\/\/meetgirl.ch\/wp-content\/uploads\/2024\/05\/cropped-meet-logo.png\",\"contentUrl\":\"https:\/\/meetgirl.ch\/wp-content\/uploads\/2024\/05\/cropped-meet-logo.png\",\"width\":512,\"height\":512,\"caption\":\"Escort et massage \u00e9rotique\"},\"image\":{\"@id\":\"https:\/\/meetgirl.ch\/#\/schema\/logo\/image\/\"}}]}<\/script>\n<!-- \/ Yoast SEO plugin. -->","yoast_head_json":{"title":"Massaggi erotici a Ginevra - Meetgirl - Annunci erotici - Escort, massaggi e saloni di bellezza","description":"Godetevi un massaggio erotico a Ginevra con una escort esperta. Prenotate su meetgirl.ch per un'esperienza sensuale, intima e discreta.","robots":{"index":"index","follow":"follow","max-snippet":"max-snippet:-1","max-image-preview":"max-image-preview:large","max-video-preview":"max-video-preview:-1"},"canonical":"https:\/\/meetgirl.ch\/it\/massaggi-erotici-a-ginevra\/","og_locale":"it_IT","og_type":"article","og_title":"Massages \u00c9rotiques \u00e0 Gen\u00e8ve - Meetgirl - Annonces \u00e9rotiques - Escorts, massages et salons","og_description":"Profitez d\u2019un massage \u00e9rotique \u00e0 Gen\u00e8ve avec une escort experte. R\u00e9servez sur meetgirl.ch pour une exp\u00e9rience sensuelle, intime et discr\u00e8te.","og_url":"https:\/\/meetgirl.ch\/it\/massaggi-erotici-a-ginevra\/","og_site_name":"Meetgirl - Annonces \u00e9rotiques - Escorts, massages et salons","article_modified_time":"2025-08-29T08:33:14+00:00","og_image":[{"url":"https:\/\/meetgirl.ch\/wp-content\/uploads\/2024\/10\/massage-erotique-lausanne-1024x512.jpeg","type":"","width":"","height":""}],"twitter_card":"summary_large_image","twitter_misc":{"Tempo di lettura stimato":"3 minuti"},"schema":{"@context":"https:\/\/schema.org","@graph":[{"@type":"WebPage","@id":"https:\/\/meetgirl.ch\/massages-erotiques-a-geneve\/","url":"https:\/\/meetgirl.ch\/massages-erotiques-a-geneve\/","name":"Massaggi erotici a Ginevra - Meetgirl - Annunci erotici - Escort, massaggi e saloni di bellezza","isPartOf":{"@id":"https:\/\/meetgirl.ch\/#website"},"primaryImageOfPage":{"@id":"https:\/\/meetgirl.ch\/massages-erotiques-a-geneve\/#primaryimage"},"image":{"@id":"https:\/\/meetgirl.ch\/massages-erotiques-a-geneve\/#primaryimage"},"thumbnailUrl":"https:\/\/meetgirl.ch\/wp-content\/uploads\/2024\/10\/massage-erotique-lausanne-1024x512.jpeg","datePublished":"2025-06-28T12:10:08+00:00","dateModified":"2025-08-29T08:33:14+00:00","description":"Godetevi un massaggio erotico a Ginevra con una escort esperta. Prenotate su meetgirl.ch per un'esperienza sensuale, intima e discreta.","breadcrumb":{"@id":"https:\/\/meetgirl.ch\/massages-erotiques-a-geneve\/#breadcrumb"},"inLanguage":"it-IT","potentialAction":[{"@type":"ReadAction","target":["https:\/\/meetgirl.ch\/massages-erotiques-a-geneve\/"]}]},{"@type":"ImageObject","inLanguage":"it-IT","@id":"https:\/\/meetgirl.ch\/massages-erotiques-a-geneve\/#primaryimage","url":"https:\/\/meetgirl.ch\/wp-content\/uploads\/2024\/10\/massage-erotique-lausanne-1024x512.jpeg","contentUrl":"https:\/\/meetgirl.ch\/wp-content\/uploads\/2024\/10\/massage-erotique-lausanne-1024x512.jpeg"},{"@type":"BreadcrumbList","@id":"https:\/\/meetgirl.ch\/massages-erotiques-a-geneve\/#breadcrumb","itemListElement":[{"@type":"ListItem","position":1,"name":"Accueil","item":"https:\/\/meetgirl.ch\/"},{"@type":"ListItem","position":2,"name":"Massages \u00c9rotiques \u00e0 Gen\u00e8ve"}]},{"@type":"WebSite","@id":"https:\/\/meetgirl.ch\/#website","url":"https:\/\/meetgirl.ch\/","name":"MeetGirl - Annunci erotici Svizzera - Accompagnatrici, massaggi e saloni di bellezza","description":"Escort e massaggi erotici","publisher":{"@id":"https:\/\/meetgirl.ch\/#organization"},"alternateName":"Annuaire \u00e9rotique Suisse Escort \u00e0 Gen\u00e8ve, Lausanne, Valais, Neuch\u00e2tel","potentialAction":[{"@type":"SearchAction","target":{"@type":"EntryPoint","urlTemplate":"https:\/\/meetgirl.ch\/?s={search_term_string}"},"query-input":{"@type":"PropertyValueSpecification","valueRequired":true,"valueName":"search_term_string"}}],"inLanguage":"it-IT"},{"@type":"Organization","@id":"https:\/\/meetgirl.ch\/#organization","name":"Escort e massaggio erotico","alternateName":"Meetgirl escortes et masseuses","url":"https:\/\/meetgirl.ch\/","logo":{"@type":"ImageObject","inLanguage":"it-IT","@id":"https:\/\/meetgirl.ch\/#\/schema\/logo\/image\/","url":"https:\/\/meetgirl.ch\/wp-content\/uploads\/2024\/05\/cropped-meet-logo.png","contentUrl":"https:\/\/meetgirl.ch\/wp-content\/uploads\/2024\/05\/cropped-meet-logo.png","width":512,"height":512,"caption":"Escort et massage \u00e9rotique"},"image":{"@id":"https:\/\/meetgirl.ch\/#\/schema\/logo\/image\/"}}]}},"_links":{"self":[{"href":"https:\/\/meetgirl.ch\/it\/wp-json\/wp\/v2\/pages\/10164","targetHints":{"allow":["GET"]}}],"collection":[{"href":"https:\/\/meetgirl.ch\/it\/wp-json\/wp\/v2\/pages"}],"about":[{"href":"https:\/\/meetgirl.ch\/it\/wp-json\/wp\/v2\/types\/page"}],"author":[{"embeddable":true,"href":"https:\/\/meetgirl.ch\/it\/wp-json\/wp\/v2\/users\/3"}],"replies":[{"embeddable":true,"href":"https:\/\/meetgirl.ch\/it\/wp-json\/wp\/v2\/comments?post=10164"}],"version-history":[{"count":3,"href":"https:\/\/meetgirl.ch\/it\/wp-json\/wp\/v2\/pages\/10164\/revisions"}],"predecessor-version":[{"id":13182,"href":"https:\/\/meetgirl.ch\/it\/wp-json\/wp\/v2\/pages\/10164\/revisions\/13182"}],"wp:attachment":[{"href":"https:\/\/meetgirl.ch\/it\/wp-json\/wp\/v2\/media?parent=10164"}],"curies":[{"name":"wp","href":"https:\/\/api.w.org\/{rel}","templated":true}]}}