{"id":10169,"date":"2025-06-28T12:14:01","date_gmt":"2025-06-28T12:14:01","guid":{"rendered":"https:\/\/meetgirl.ch\/?page_id=10169"},"modified":"2025-06-28T12:16:18","modified_gmt":"2025-06-28T12:16:18","slug":"doccia-doro-a-ginevra","status":"publish","type":"page","link":"https:\/\/meetgirl.ch\/it\/doccia-doro-a-ginevra\/","title":{"rendered":"Douche Dor\u00e9e a Ginevra"},"content":{"rendered":"<div data-elementor-type=\"wp-page\" data-elementor-id=\"10169\" class=\"elementor elementor-10169\">\n\t\t\t\t<div class=\"elementor-element elementor-element-0139ecd e-flex e-con-boxed e-con e-parent\" data-id=\"0139ecd\" data-element_type=\"container\" data-settings=\"{&quot;jet_parallax_layout_list&quot;:[]}\">\n\t\t\t\t\t<div class=\"e-con-inner\">\n\t\t<div class=\"elementor-element elementor-element-e1c2600 e-con-full e-flex e-con e-child\" data-id=\"e1c2600\" data-element_type=\"container\" data-settings=\"{&quot;jet_parallax_layout_list&quot;:[]}\">\n\t\t\t\t<div class=\"elementor-element elementor-element-15e7c59 elementor-widget elementor-widget-image\" data-id=\"15e7c59\" data-element_type=\"widget\" data-widget_type=\"image.default\">\n\t\t\t\t<div class=\"elementor-widget-container\">\n\t\t\t\t\t\t\t\t\t\t\t\t\t\t\t<img decoding=\"async\" src=\"https:\/\/meetgirl.ch\/wp-content\/uploads\/2025\/05\/domina-geneve-4.jpg\" title=\"\" alt=\"\" loading=\"lazy\" \/>\t\t\t\t\t\t\t\t\t\t\t\t\t\t\t<\/div>\n\t\t\t\t<\/div>\n\t\t\t\t<\/div>\n\t\t<div class=\"elementor-element elementor-element-92944ce e-con-full e-flex e-con e-child\" data-id=\"92944ce\" data-element_type=\"container\" data-settings=\"{&quot;jet_parallax_layout_list&quot;:[]}\">\n\t\t\t\t<div class=\"elementor-element elementor-element-142c9c0 elementor-widget elementor-widget-text-editor\" data-id=\"142c9c0\" data-element_type=\"widget\" data-widget_type=\"text-editor.default\">\n\t\t\t\t<div class=\"elementor-widget-container\">\n\t\t\t\t\t\t\t\t\t<h1><span style=\"color: #ffffff;\">Douche Dor\u00e9e Escort in Geneva - Esplora la tua fantasia su meetgirl.ch<\/span><\/h1><p><span style=\"color: #ffffff;\">Siete alla ricerca di una fantasia intima e trasgressiva? Visitate <strong>doccia dorata<\/strong>\u00e8 uno dei <strong>feticci sessuali<\/strong> erotismo e dominazione. Su <strong>meetgirl.ch<\/strong>troverete <strong>Accompagnatrici di Ginevra specializzate in docce dorate<\/strong>pronti a soddisfare i vostri desideri con discrezione e rispetto reciproco.<\/span><\/p><h2><span style=\"color: #ffffff;\">Che cos'\u00e8 la doccia dorata?<\/span><\/h2><p><span style=\"color: #ffffff;\">La <strong>doccia dorata<\/strong> \u00e8 una pratica sessuale in cui un partner urina sull'altro in un contesto sensuale e consensuale. Questa esperienza assume spesso la forma di un <strong>gioco di ruolo erotico<\/strong>Si tratta di una forma di doccia in cui la persona che riceve la doccia dorata adotta una postura sottomessa. La pratica si svolge generalmente sotto la doccia o in un ambiente igienico.<\/span><\/p><h2><span style=\"color: #ffffff;\">Una pratica fetish inquadrata e consensuale<\/span><\/h2><p><span style=\"color: #ffffff;\">Come ogni atto sessuale, il <strong>doccia dorata a Ginevra<\/strong> richiede il consenso reciproco e la discussione preliminare dei limiti e delle preferenze. Il rispetto dell'igiene e dei desideri dell'altro \u00e8 fondamentale per rendere questa esperienza eccitante e soddisfacente.<\/span><\/p><h3><span style=\"color: #ffffff;\">Perch\u00e9 assumere una escort per una doccia dorata?<\/span><\/h3><p><span style=\"color: #ffffff;\">Questa fantasia \u00e8 difficile da realizzare in una coppia tradizionale, perch\u00e9 pu\u00f2 portare a blocchi o a una mancanza di compatibilit\u00e0. Visita <strong>meetgirl.ch<\/strong>si ha la possibilit\u00e0 di scegliere un <strong>scorta aperta alla doccia d'oro<\/strong> e con esperienza in questa pratica fetish, per godere di questa esperienza senza giudizi e con professionalit\u00e0.<\/span><\/p><h2><span style=\"color: #ffffff;\">Trova la tua escort per la doccia dorata su meetgirl.ch<\/span><\/h2><p><span style=\"color: #ffffff;\">Sulla nostra piattaforma \u00e8 possibile accedere a una selezione di<strong>escort disponibili per docce dorate a Ginevra<\/strong>. Ogni profilo indica i servizi offerti e le preferenze della escort, consentendovi di fare una scelta consapevole e all'altezza delle vostre aspettative.<\/span><\/p><h3><span style=\"color: #ffffff;\">Garantisce discrezione e igiene<\/span><\/h3><p><span style=\"color: #ffffff;\">Il <strong>docce dorate<\/strong> proposti dalle escort di meetgirl.ch si svolgono in condizioni igieniche ottimali. A casa, in hotel o in un luogo privato, ogni incontro \u00e8 organizzato nella massima discrezione, con il comfort e il rispetto come priorit\u00e0.<\/span><\/p><h2><span style=\"color: #ffffff;\">Prenotate un'esperienza unica a Ginevra<\/span><\/h2><p><span style=\"color: #ffffff;\">Non aspettate oltre per esplorare i vostri desideri con un <strong>escort specializzata in docce d'oro a Ginevra<\/strong>. Su <strong>meetgirl.ch<\/strong>Troverete professioniste attente alle vostre fantasie e capaci di offrirvi un momento di piacere intenso e liberatorio.<\/span><\/p>\t\t\t\t\t\t\t\t<\/div>\n\t\t\t\t<\/div>\n\t\t\t\t<\/div>\n\t\t\t\t\t<\/div>\n\t\t\t\t<\/div>\n\t\t\t\t<\/div>","protected":false},"excerpt":{"rendered":"<p>Escort pour Douche Dor\u00e9e \u00e0 Gen\u00e8ve \u2013 Explorez votre fantasme sur meetgirl.ch Envie de vivre un fantasme intime et transgressif ? La douceur dor\u00e9e, ou golden shower, fait partie des f\u00e9tichismes sexuels les plus intrigants, m\u00ealant \u00e9rotisme et domination. Sur meetgirl.ch, vous trouverez des escorts \u00e0 Gen\u00e8ve sp\u00e9cialis\u00e9es dans la douche dor\u00e9e, pr\u00eates \u00e0 r\u00e9aliser [&hellip;]<\/p>","protected":false},"author":3,"featured_media":0,"parent":0,"menu_order":0,"comment_status":"closed","ping_status":"closed","template":"","meta":{"footnotes":""},"class_list":["post-10169","page","type-page","status-publish","hentry"],"acf":[],"yoast_head":"<!-- This site is optimized with the Yoast SEO plugin v26.0 - https:\/\/yoast.com\/wordpress\/plugins\/seo\/ -->\n<title>Douche Dor\u00e9e \u00e0 Gen\u00e8ve - Meetgirl - Annonces \u00e9rotiques - Escorts, massages et salons<\/title>\n<meta name=\"description\" content=\"D\u00e9couvrez les escortes qui pratiquent la douche dor\u00e9e \u00e0 Gen\u00e8ve sur meetgirl.ch. Vivez votre fantasme en toute discr\u00e9tion\" \/>\n<meta name=\"robots\" content=\"index, follow, max-snippet:-1, max-image-preview:large, max-video-preview:-1\" \/>\n<link rel=\"canonical\" href=\"https:\/\/meetgirl.ch\/it\/doccia-doro-a-ginevra\/\" \/>\n<meta property=\"og:locale\" content=\"it_IT\" \/>\n<meta property=\"og:type\" content=\"article\" \/>\n<meta property=\"og:title\" content=\"Douche Dor\u00e9e \u00e0 Gen\u00e8ve - Meetgirl - Annonces \u00e9rotiques - Escorts, massages et salons\" \/>\n<meta property=\"og:description\" content=\"D\u00e9couvrez les escortes qui pratiquent la douche dor\u00e9e \u00e0 Gen\u00e8ve sur meetgirl.ch. Vivez votre fantasme en toute discr\u00e9tion\" \/>\n<meta property=\"og:url\" content=\"https:\/\/meetgirl.ch\/it\/doccia-doro-a-ginevra\/\" \/>\n<meta property=\"og:site_name\" content=\"Meetgirl - Annonces \u00e9rotiques - Escorts, massages et salons\" \/>\n<meta property=\"article:modified_time\" content=\"2025-06-28T12:16:18+00:00\" \/>\n<meta property=\"og:image\" content=\"https:\/\/meetgirl.ch\/wp-content\/uploads\/2025\/05\/domina-geneve-4.jpg\" \/>\n<meta name=\"twitter:card\" content=\"summary_large_image\" \/>\n<meta name=\"twitter:label1\" content=\"Tempo di lettura stimato\" \/>\n\t<meta name=\"twitter:data1\" content=\"3 minuti\" \/>\n<script type=\"application\/ld+json\" class=\"yoast-schema-graph\">{\"@context\":\"https:\/\/schema.org\",\"@graph\":[{\"@type\":\"WebPage\",\"@id\":\"https:\/\/meetgirl.ch\/douche-doree-a-geneve\/\",\"url\":\"https:\/\/meetgirl.ch\/douche-doree-a-geneve\/\",\"name\":\"Douche Dor\u00e9e \u00e0 Gen\u00e8ve - Meetgirl - Annonces \u00e9rotiques - Escorts, massages et salons\",\"isPartOf\":{\"@id\":\"https:\/\/meetgirl.ch\/#website\"},\"primaryImageOfPage\":{\"@id\":\"https:\/\/meetgirl.ch\/douche-doree-a-geneve\/#primaryimage\"},\"image\":{\"@id\":\"https:\/\/meetgirl.ch\/douche-doree-a-geneve\/#primaryimage\"},\"thumbnailUrl\":\"https:\/\/meetgirl.ch\/wp-content\/uploads\/2025\/05\/domina-geneve-4.jpg\",\"datePublished\":\"2025-06-28T12:14:01+00:00\",\"dateModified\":\"2025-06-28T12:16:18+00:00\",\"description\":\"D\u00e9couvrez les escortes qui pratiquent la douche dor\u00e9e \u00e0 Gen\u00e8ve sur meetgirl.ch. Vivez votre fantasme en toute discr\u00e9tion\",\"breadcrumb\":{\"@id\":\"https:\/\/meetgirl.ch\/douche-doree-a-geneve\/#breadcrumb\"},\"inLanguage\":\"it-IT\",\"potentialAction\":[{\"@type\":\"ReadAction\",\"target\":[\"https:\/\/meetgirl.ch\/douche-doree-a-geneve\/\"]}]},{\"@type\":\"ImageObject\",\"inLanguage\":\"it-IT\",\"@id\":\"https:\/\/meetgirl.ch\/douche-doree-a-geneve\/#primaryimage\",\"url\":\"https:\/\/meetgirl.ch\/wp-content\/uploads\/2025\/05\/domina-geneve-4.jpg\",\"contentUrl\":\"https:\/\/meetgirl.ch\/wp-content\/uploads\/2025\/05\/domina-geneve-4.jpg\"},{\"@type\":\"BreadcrumbList\",\"@id\":\"https:\/\/meetgirl.ch\/douche-doree-a-geneve\/#breadcrumb\",\"itemListElement\":[{\"@type\":\"ListItem\",\"position\":1,\"name\":\"Accueil\",\"item\":\"https:\/\/meetgirl.ch\/\"},{\"@type\":\"ListItem\",\"position\":2,\"name\":\"Douche Dor\u00e9e \u00e0 Gen\u00e8ve\"}]},{\"@type\":\"WebSite\",\"@id\":\"https:\/\/meetgirl.ch\/#website\",\"url\":\"https:\/\/meetgirl.ch\/\",\"name\":\"MeetGirl - Annonces \u00e9rotiques Suisse - Escorts, massages et salons\",\"description\":\"Escorts et massages \u00e9rotiques\",\"publisher\":{\"@id\":\"https:\/\/meetgirl.ch\/#organization\"},\"alternateName\":\"Annuaire \u00e9rotique Suisse Escort \u00e0 Gen\u00e8ve, Lausanne, Valais, Neuch\u00e2tel\",\"potentialAction\":[{\"@type\":\"SearchAction\",\"target\":{\"@type\":\"EntryPoint\",\"urlTemplate\":\"https:\/\/meetgirl.ch\/?s={search_term_string}\"},\"query-input\":{\"@type\":\"PropertyValueSpecification\",\"valueRequired\":true,\"valueName\":\"search_term_string\"}}],\"inLanguage\":\"it-IT\"},{\"@type\":\"Organization\",\"@id\":\"https:\/\/meetgirl.ch\/#organization\",\"name\":\"Escort et massage \u00e9rotique\",\"alternateName\":\"Meetgirl escortes et masseuses\",\"url\":\"https:\/\/meetgirl.ch\/\",\"logo\":{\"@type\":\"ImageObject\",\"inLanguage\":\"it-IT\",\"@id\":\"https:\/\/meetgirl.ch\/#\/schema\/logo\/image\/\",\"url\":\"https:\/\/meetgirl.ch\/wp-content\/uploads\/2024\/05\/cropped-meet-logo.png\",\"contentUrl\":\"https:\/\/meetgirl.ch\/wp-content\/uploads\/2024\/05\/cropped-meet-logo.png\",\"width\":512,\"height\":512,\"caption\":\"Escort et massage \u00e9rotique\"},\"image\":{\"@id\":\"https:\/\/meetgirl.ch\/#\/schema\/logo\/image\/\"}}]}<\/script>\n<!-- \/ Yoast SEO plugin. -->","yoast_head_json":{"title":"Douche Dor\u00e9e \u00e0 Gen\u00e8ve - Meetgirl - Annunci erotici - Escort, massaggi e saloni di bellezza","description":"Scopri le escort che praticano la doccia dorata a Ginevra su meetgirl.ch. Vivete la vostra fantasia in totale discrezione","robots":{"index":"index","follow":"follow","max-snippet":"max-snippet:-1","max-image-preview":"max-image-preview:large","max-video-preview":"max-video-preview:-1"},"canonical":"https:\/\/meetgirl.ch\/it\/doccia-doro-a-ginevra\/","og_locale":"it_IT","og_type":"article","og_title":"Douche Dor\u00e9e \u00e0 Gen\u00e8ve - Meetgirl - Annonces \u00e9rotiques - Escorts, massages et salons","og_description":"D\u00e9couvrez les escortes qui pratiquent la douche dor\u00e9e \u00e0 Gen\u00e8ve sur meetgirl.ch. Vivez votre fantasme en toute discr\u00e9tion","og_url":"https:\/\/meetgirl.ch\/it\/doccia-doro-a-ginevra\/","og_site_name":"Meetgirl - Annonces \u00e9rotiques - Escorts, massages et salons","article_modified_time":"2025-06-28T12:16:18+00:00","og_image":[{"url":"https:\/\/meetgirl.ch\/wp-content\/uploads\/2025\/05\/domina-geneve-4.jpg","type":"","width":"","height":""}],"twitter_card":"summary_large_image","twitter_misc":{"Tempo di lettura stimato":"3 minuti"},"schema":{"@context":"https:\/\/schema.org","@graph":[{"@type":"WebPage","@id":"https:\/\/meetgirl.ch\/douche-doree-a-geneve\/","url":"https:\/\/meetgirl.ch\/douche-doree-a-geneve\/","name":"Douche Dor\u00e9e \u00e0 Gen\u00e8ve - Meetgirl - Annunci erotici - Escort, massaggi e saloni di bellezza","isPartOf":{"@id":"https:\/\/meetgirl.ch\/#website"},"primaryImageOfPage":{"@id":"https:\/\/meetgirl.ch\/douche-doree-a-geneve\/#primaryimage"},"image":{"@id":"https:\/\/meetgirl.ch\/douche-doree-a-geneve\/#primaryimage"},"thumbnailUrl":"https:\/\/meetgirl.ch\/wp-content\/uploads\/2025\/05\/domina-geneve-4.jpg","datePublished":"2025-06-28T12:14:01+00:00","dateModified":"2025-06-28T12:16:18+00:00","description":"Scopri le escort che praticano la doccia dorata a Ginevra su meetgirl.ch. Vivete la vostra fantasia in totale discrezione","breadcrumb":{"@id":"https:\/\/meetgirl.ch\/douche-doree-a-geneve\/#breadcrumb"},"inLanguage":"it-IT","potentialAction":[{"@type":"ReadAction","target":["https:\/\/meetgirl.ch\/douche-doree-a-geneve\/"]}]},{"@type":"ImageObject","inLanguage":"it-IT","@id":"https:\/\/meetgirl.ch\/douche-doree-a-geneve\/#primaryimage","url":"https:\/\/meetgirl.ch\/wp-content\/uploads\/2025\/05\/domina-geneve-4.jpg","contentUrl":"https:\/\/meetgirl.ch\/wp-content\/uploads\/2025\/05\/domina-geneve-4.jpg"},{"@type":"BreadcrumbList","@id":"https:\/\/meetgirl.ch\/douche-doree-a-geneve\/#breadcrumb","itemListElement":[{"@type":"ListItem","position":1,"name":"Accueil","item":"https:\/\/meetgirl.ch\/"},{"@type":"ListItem","position":2,"name":"Douche Dor\u00e9e \u00e0 Gen\u00e8ve"}]},{"@type":"WebSite","@id":"https:\/\/meetgirl.ch\/#website","url":"https:\/\/meetgirl.ch\/","name":"MeetGirl - Annunci erotici Svizzera - Accompagnatrici, massaggi e saloni di bellezza","description":"Escort e massaggi erotici","publisher":{"@id":"https:\/\/meetgirl.ch\/#organization"},"alternateName":"Annuaire \u00e9rotique Suisse Escort \u00e0 Gen\u00e8ve, Lausanne, Valais, Neuch\u00e2tel","potentialAction":[{"@type":"SearchAction","target":{"@type":"EntryPoint","urlTemplate":"https:\/\/meetgirl.ch\/?s={search_term_string}"},"query-input":{"@type":"PropertyValueSpecification","valueRequired":true,"valueName":"search_term_string"}}],"inLanguage":"it-IT"},{"@type":"Organization","@id":"https:\/\/meetgirl.ch\/#organization","name":"Escort e massaggio erotico","alternateName":"Meetgirl escortes et masseuses","url":"https:\/\/meetgirl.ch\/","logo":{"@type":"ImageObject","inLanguage":"it-IT","@id":"https:\/\/meetgirl.ch\/#\/schema\/logo\/image\/","url":"https:\/\/meetgirl.ch\/wp-content\/uploads\/2024\/05\/cropped-meet-logo.png","contentUrl":"https:\/\/meetgirl.ch\/wp-content\/uploads\/2024\/05\/cropped-meet-logo.png","width":512,"height":512,"caption":"Escort et massage \u00e9rotique"},"image":{"@id":"https:\/\/meetgirl.ch\/#\/schema\/logo\/image\/"}}]}},"_links":{"self":[{"href":"https:\/\/meetgirl.ch\/it\/wp-json\/wp\/v2\/pages\/10169","targetHints":{"allow":["GET"]}}],"collection":[{"href":"https:\/\/meetgirl.ch\/it\/wp-json\/wp\/v2\/pages"}],"about":[{"href":"https:\/\/meetgirl.ch\/it\/wp-json\/wp\/v2\/types\/page"}],"author":[{"embeddable":true,"href":"https:\/\/meetgirl.ch\/it\/wp-json\/wp\/v2\/users\/3"}],"replies":[{"embeddable":true,"href":"https:\/\/meetgirl.ch\/it\/wp-json\/wp\/v2\/comments?post=10169"}],"version-history":[{"count":0,"href":"https:\/\/meetgirl.ch\/it\/wp-json\/wp\/v2\/pages\/10169\/revisions"}],"wp:attachment":[{"href":"https:\/\/meetgirl.ch\/it\/wp-json\/wp\/v2\/media?parent=10169"}],"curies":[{"name":"wp","href":"https:\/\/api.w.org\/{rel}","templated":true}]}}