{"id":10174,"date":"2025-06-28T12:18:18","date_gmt":"2025-06-28T12:18:18","guid":{"rendered":"https:\/\/meetgirl.ch\/?page_id=10174"},"modified":"2025-06-28T12:22:35","modified_gmt":"2025-06-28T12:22:35","slug":"spagnolo-che-si-masturba-a-ginevra","status":"publish","type":"page","link":"https:\/\/meetgirl.ch\/it\/spagnolo-che-si-masturba-a-ginevra\/","title":{"rendered":"Branlette spagnola a Ginevra"},"content":{"rendered":"<div data-elementor-type=\"wp-page\" data-elementor-id=\"10174\" class=\"elementor elementor-10174\">\n\t\t\t\t<div class=\"elementor-element elementor-element-0fbcdd9 e-flex e-con-boxed e-con e-parent\" data-id=\"0fbcdd9\" data-element_type=\"container\" data-settings=\"{&quot;jet_parallax_layout_list&quot;:[]}\">\n\t\t\t\t\t<div class=\"e-con-inner\">\n\t\t<div class=\"elementor-element elementor-element-72bea14 e-con-full e-flex e-con e-child\" data-id=\"72bea14\" data-element_type=\"container\" data-settings=\"{&quot;jet_parallax_layout_list&quot;:[]}\">\n\t\t\t\t<div class=\"elementor-element elementor-element-29db25f elementor-widget elementor-widget-image\" data-id=\"29db25f\" data-element_type=\"widget\" data-widget_type=\"image.default\">\n\t\t\t\t<div class=\"elementor-widget-container\">\n\t\t\t\t\t\t\t\t\t\t\t\t\t\t\t<img decoding=\"async\" width=\"612\" height=\"408\" src=\"https:\/\/meetgirl.ch\/wp-content\/uploads\/2025\/02\/escort-fribourg.jpg\" class=\"attachment-large size-large wp-image-5152\" alt=\"un&#039;accattivante accompagnatrice che conosce le bellezze di Bulle, nel cantone di Friburgo.\" srcset=\"https:\/\/meetgirl.ch\/wp-content\/uploads\/2025\/02\/escort-fribourg.jpg 612w, https:\/\/meetgirl.ch\/wp-content\/uploads\/2025\/02\/escort-fribourg-300x200.jpg 300w, https:\/\/meetgirl.ch\/wp-content\/uploads\/2025\/02\/escort-fribourg-18x12.jpg 18w, https:\/\/meetgirl.ch\/wp-content\/uploads\/2025\/02\/escort-fribourg-600x400.jpg 600w\" sizes=\"(max-width: 612px) 100vw, 612px\" \/>\t\t\t\t\t\t\t\t\t\t\t\t\t\t\t<\/div>\n\t\t\t\t<\/div>\n\t\t\t\t<div class=\"elementor-element elementor-element-7d2e93f elementor-widget elementor-widget-image\" data-id=\"7d2e93f\" data-element_type=\"widget\" data-widget_type=\"image.default\">\n\t\t\t\t<div class=\"elementor-widget-container\">\n\t\t\t\t\t\t\t\t\t\t\t\t\t\t\t<img decoding=\"async\" width=\"600\" height=\"900\" src=\"https:\/\/meetgirl.ch\/wp-content\/uploads\/2025\/06\/escort-milf-felina-geneve-1.jpg\" class=\"attachment-large size-large wp-image-8214\" alt=\"\" srcset=\"https:\/\/meetgirl.ch\/wp-content\/uploads\/2025\/06\/escort-milf-felina-geneve-1.jpg 600w, https:\/\/meetgirl.ch\/wp-content\/uploads\/2025\/06\/escort-milf-felina-geneve-1-200x300.jpg 200w, https:\/\/meetgirl.ch\/wp-content\/uploads\/2025\/06\/escort-milf-felina-geneve-1-8x12.jpg 8w\" sizes=\"(max-width: 600px) 100vw, 600px\" \/>\t\t\t\t\t\t\t\t\t\t\t\t\t\t\t<\/div>\n\t\t\t\t<\/div>\n\t\t\t\t<\/div>\n\t\t<div class=\"elementor-element elementor-element-1328f2d e-con-full e-flex e-con e-child\" data-id=\"1328f2d\" data-element_type=\"container\" data-settings=\"{&quot;jet_parallax_layout_list&quot;:[]}\">\n\t\t\t\t<div class=\"elementor-element elementor-element-945edf5 elementor-widget elementor-widget-text-editor\" data-id=\"945edf5\" data-element_type=\"widget\" data-widget_type=\"text-editor.default\">\n\t\t\t\t<div class=\"elementor-widget-container\">\n\t\t\t\t\t\t\t\t\t<h1><span style=\"color: #ffffff;\">Escort specializzata in incontri spagnoli a Ginevra su meetgirl.ch<\/span><\/h1><p><span style=\"color: #ffffff;\">La <strong>masturbazione spagnola<\/strong>nota anche come \"cravatta notarile\", \u00e8 una tecnica di masturbazione altamente sensuale in cui il pene viene stimolato tra i seni della escort. Questa pratica combina sia il piacere visivo che le sensazioni tattili uniche, dando al cliente un piacere intenso.<\/span><\/p><h2><span style=\"color: #ffffff;\">Che cos'\u00e8 una sega spagnola?<\/span><\/h2><p><span style=\"color: #ffffff;\">Durante questa pratica, l'uomo posiziona il pene tra i seni della donna, li stringe e si muove avanti e indietro, simulando la penetrazione e stimolando delicatamente il glande strofinando la pelle. Questo gioco erotico pu\u00f2 portare all'orgasmo maschile, con o senza eiaculazione facciale o corporea.<\/span><\/p><h2><span style=\"color: #ffffff;\">Una fantasia popolare a Ginevra<\/span><\/h2><p><span style=\"color: #ffffff;\">Il hand-job spagnolo \u00e8 molto apprezzato per l'eccitazione visiva che genera e per il contatto delicato tra la pelle sensibile dei seni e il pene. Viene spesso utilizzato come preliminare ad altri atti sessuali come la fellatio o la penetrazione vaginale o anale.<\/span><\/p><h3><span style=\"color: #ffffff;\">Ragazze escort che offrono handjobs spagnoli su meetgirl.ch<\/span><\/h3><p><span style=\"color: #ffffff;\">Visita <strong>meetgirl.ch<\/strong>\u00e8 possibile scoprire una selezione di<strong>escort a Ginevra che hanno imparato l'arte delle seghe spagnole<\/strong>. Ogni profilo illustra in dettaglio i servizi offerti, permettendovi di scegliere un professionista in base alle vostre preferenze e ai vostri desideri.<\/span><\/p><h2><span style=\"color: #ffffff;\">Consigli per la scelta dell'accompagnatore<\/span><\/h2><p><span style=\"color: #ffffff;\">Prima di prenotare, vi raccomandiamo di controllare attentamente i servizi elencati sul profilo della escort per assicurarvi che esegua davvero dei handjob spagnoli. Potete anche chiedere una conferma al momento del contatto per evitare qualsiasi malinteso.<\/span><\/p><h2><span style=\"color: #ffffff;\">Vivete la vostra fantasia con una escort esperta a Ginevra<\/span><\/h2><p><span style=\"color: #ffffff;\">Lasciatevi tentare da questa esperienza sensuale e raffinata con un <strong>escort specializzata in handjob spagnoli a Ginevra<\/strong>. Prenota direttamente tramite <strong>meetgirl.ch<\/strong> per un appuntamento privato e discreto, e godetevi un momento di piacere unico.<\/span><\/p>\t\t\t\t\t\t\t\t<\/div>\n\t\t\t\t<\/div>\n\t\t\t\t<\/div>\n\t\t\t\t\t<\/div>\n\t\t\t\t<\/div>\n\t\t\t\t<\/div>","protected":false},"excerpt":{"rendered":"<p>Escort sp\u00e9cialis\u00e9e en Branlette Espagnole \u00e0 Gen\u00e8ve sur meetgirl.ch La branlette espagnole, aussi appel\u00e9e \u00ab cravate de notaire \u00bb, est une technique de masturbation tr\u00e8s sensuelle o\u00f9 le p\u00e9nis est stimul\u00e9 entre les seins de l\u2019escort. Cette pratique combine \u00e0 la fois plaisir visuel et sensations tactiles uniques, procurant un intense plaisir au client. En [&hellip;]<\/p>","protected":false},"author":3,"featured_media":0,"parent":0,"menu_order":0,"comment_status":"closed","ping_status":"closed","template":"","meta":{"footnotes":""},"class_list":["post-10174","page","type-page","status-publish","hentry"],"acf":[],"yoast_head":"<!-- This site is optimized with the Yoast SEO plugin v26.0 - https:\/\/yoast.com\/wordpress\/plugins\/seo\/ -->\n<title>Branlette Espagnole \u00e0 Gen\u00e8ve - Meetgirl - Annonces \u00e9rotiques - Escorts, massages et salons<\/title>\n<meta name=\"description\" content=\"Trouvez des escortes pratiquant la branlette espagnole \u00e0 Gen\u00e8ve sur meetgirl.ch. R\u00e9alisez votre fantasme avec des professionnelles expertes\" \/>\n<meta name=\"robots\" content=\"index, follow, max-snippet:-1, max-image-preview:large, max-video-preview:-1\" \/>\n<link rel=\"canonical\" href=\"https:\/\/meetgirl.ch\/it\/spagnolo-che-si-masturba-a-ginevra\/\" \/>\n<meta property=\"og:locale\" content=\"it_IT\" \/>\n<meta property=\"og:type\" content=\"article\" \/>\n<meta property=\"og:title\" content=\"Branlette Espagnole \u00e0 Gen\u00e8ve - Meetgirl - Annonces \u00e9rotiques - Escorts, massages et salons\" \/>\n<meta property=\"og:description\" content=\"Trouvez des escortes pratiquant la branlette espagnole \u00e0 Gen\u00e8ve sur meetgirl.ch. R\u00e9alisez votre fantasme avec des professionnelles expertes\" \/>\n<meta property=\"og:url\" content=\"https:\/\/meetgirl.ch\/it\/spagnolo-che-si-masturba-a-ginevra\/\" \/>\n<meta property=\"og:site_name\" content=\"Meetgirl - Annonces \u00e9rotiques - Escorts, massages et salons\" \/>\n<meta property=\"article:modified_time\" content=\"2025-06-28T12:22:35+00:00\" \/>\n<meta property=\"og:image\" content=\"https:\/\/meetgirl.ch\/wp-content\/uploads\/2025\/02\/escort-fribourg.jpg\" \/>\n<meta name=\"twitter:card\" content=\"summary_large_image\" \/>\n<meta name=\"twitter:label1\" content=\"Tempo di lettura stimato\" \/>\n\t<meta name=\"twitter:data1\" content=\"2 minuti\" \/>\n<script type=\"application\/ld+json\" class=\"yoast-schema-graph\">{\"@context\":\"https:\/\/schema.org\",\"@graph\":[{\"@type\":\"WebPage\",\"@id\":\"https:\/\/meetgirl.ch\/branlette-espagnole-a-geneve\/\",\"url\":\"https:\/\/meetgirl.ch\/branlette-espagnole-a-geneve\/\",\"name\":\"Branlette Espagnole \u00e0 Gen\u00e8ve - Meetgirl - Annonces \u00e9rotiques - Escorts, massages et salons\",\"isPartOf\":{\"@id\":\"https:\/\/meetgirl.ch\/#website\"},\"primaryImageOfPage\":{\"@id\":\"https:\/\/meetgirl.ch\/branlette-espagnole-a-geneve\/#primaryimage\"},\"image\":{\"@id\":\"https:\/\/meetgirl.ch\/branlette-espagnole-a-geneve\/#primaryimage\"},\"thumbnailUrl\":\"https:\/\/meetgirl.ch\/wp-content\/uploads\/2025\/02\/escort-fribourg.jpg\",\"datePublished\":\"2025-06-28T12:18:18+00:00\",\"dateModified\":\"2025-06-28T12:22:35+00:00\",\"description\":\"Trouvez des escortes pratiquant la branlette espagnole \u00e0 Gen\u00e8ve sur meetgirl.ch. R\u00e9alisez votre fantasme avec des professionnelles expertes\",\"breadcrumb\":{\"@id\":\"https:\/\/meetgirl.ch\/branlette-espagnole-a-geneve\/#breadcrumb\"},\"inLanguage\":\"it-IT\",\"potentialAction\":[{\"@type\":\"ReadAction\",\"target\":[\"https:\/\/meetgirl.ch\/branlette-espagnole-a-geneve\/\"]}]},{\"@type\":\"ImageObject\",\"inLanguage\":\"it-IT\",\"@id\":\"https:\/\/meetgirl.ch\/branlette-espagnole-a-geneve\/#primaryimage\",\"url\":\"https:\/\/meetgirl.ch\/wp-content\/uploads\/2025\/02\/escort-fribourg.jpg\",\"contentUrl\":\"https:\/\/meetgirl.ch\/wp-content\/uploads\/2025\/02\/escort-fribourg.jpg\"},{\"@type\":\"BreadcrumbList\",\"@id\":\"https:\/\/meetgirl.ch\/branlette-espagnole-a-geneve\/#breadcrumb\",\"itemListElement\":[{\"@type\":\"ListItem\",\"position\":1,\"name\":\"Accueil\",\"item\":\"https:\/\/meetgirl.ch\/\"},{\"@type\":\"ListItem\",\"position\":2,\"name\":\"Branlette Espagnole \u00e0 Gen\u00e8ve\"}]},{\"@type\":\"WebSite\",\"@id\":\"https:\/\/meetgirl.ch\/#website\",\"url\":\"https:\/\/meetgirl.ch\/\",\"name\":\"MeetGirl - Annonces \u00e9rotiques Suisse - Escorts, massages et salons\",\"description\":\"Escorts et massages \u00e9rotiques\",\"publisher\":{\"@id\":\"https:\/\/meetgirl.ch\/#organization\"},\"alternateName\":\"Annuaire \u00e9rotique Suisse Escort \u00e0 Gen\u00e8ve, Lausanne, Valais, Neuch\u00e2tel\",\"potentialAction\":[{\"@type\":\"SearchAction\",\"target\":{\"@type\":\"EntryPoint\",\"urlTemplate\":\"https:\/\/meetgirl.ch\/?s={search_term_string}\"},\"query-input\":{\"@type\":\"PropertyValueSpecification\",\"valueRequired\":true,\"valueName\":\"search_term_string\"}}],\"inLanguage\":\"it-IT\"},{\"@type\":\"Organization\",\"@id\":\"https:\/\/meetgirl.ch\/#organization\",\"name\":\"Escort et massage \u00e9rotique\",\"alternateName\":\"Meetgirl escortes et masseuses\",\"url\":\"https:\/\/meetgirl.ch\/\",\"logo\":{\"@type\":\"ImageObject\",\"inLanguage\":\"it-IT\",\"@id\":\"https:\/\/meetgirl.ch\/#\/schema\/logo\/image\/\",\"url\":\"https:\/\/meetgirl.ch\/wp-content\/uploads\/2024\/05\/cropped-meet-logo.png\",\"contentUrl\":\"https:\/\/meetgirl.ch\/wp-content\/uploads\/2024\/05\/cropped-meet-logo.png\",\"width\":512,\"height\":512,\"caption\":\"Escort et massage \u00e9rotique\"},\"image\":{\"@id\":\"https:\/\/meetgirl.ch\/#\/schema\/logo\/image\/\"}}]}<\/script>\n<!-- \/ Yoast SEO plugin. -->","yoast_head_json":{"title":"Branlette Espagnole \u00e0 Gen\u00e8ve - Meetgirl - Annunci erotici - Accompagnatori, massaggi e saloni di bellezza","description":"Trova le escort spagnole a Ginevra su meetgirl.ch. Realizza la tua fantasia con professioniste esperte","robots":{"index":"index","follow":"follow","max-snippet":"max-snippet:-1","max-image-preview":"max-image-preview:large","max-video-preview":"max-video-preview:-1"},"canonical":"https:\/\/meetgirl.ch\/it\/spagnolo-che-si-masturba-a-ginevra\/","og_locale":"it_IT","og_type":"article","og_title":"Branlette Espagnole \u00e0 Gen\u00e8ve - Meetgirl - Annonces \u00e9rotiques - Escorts, massages et salons","og_description":"Trouvez des escortes pratiquant la branlette espagnole \u00e0 Gen\u00e8ve sur meetgirl.ch. R\u00e9alisez votre fantasme avec des professionnelles expertes","og_url":"https:\/\/meetgirl.ch\/it\/spagnolo-che-si-masturba-a-ginevra\/","og_site_name":"Meetgirl - Annonces \u00e9rotiques - Escorts, massages et salons","article_modified_time":"2025-06-28T12:22:35+00:00","og_image":[{"url":"https:\/\/meetgirl.ch\/wp-content\/uploads\/2025\/02\/escort-fribourg.jpg","type":"","width":"","height":""}],"twitter_card":"summary_large_image","twitter_misc":{"Tempo di lettura stimato":"2 minuti"},"schema":{"@context":"https:\/\/schema.org","@graph":[{"@type":"WebPage","@id":"https:\/\/meetgirl.ch\/branlette-espagnole-a-geneve\/","url":"https:\/\/meetgirl.ch\/branlette-espagnole-a-geneve\/","name":"Branlette Espagnole \u00e0 Gen\u00e8ve - Meetgirl - Annunci erotici - Accompagnatori, massaggi e saloni di bellezza","isPartOf":{"@id":"https:\/\/meetgirl.ch\/#website"},"primaryImageOfPage":{"@id":"https:\/\/meetgirl.ch\/branlette-espagnole-a-geneve\/#primaryimage"},"image":{"@id":"https:\/\/meetgirl.ch\/branlette-espagnole-a-geneve\/#primaryimage"},"thumbnailUrl":"https:\/\/meetgirl.ch\/wp-content\/uploads\/2025\/02\/escort-fribourg.jpg","datePublished":"2025-06-28T12:18:18+00:00","dateModified":"2025-06-28T12:22:35+00:00","description":"Trova le escort spagnole a Ginevra su meetgirl.ch. Realizza la tua fantasia con professioniste esperte","breadcrumb":{"@id":"https:\/\/meetgirl.ch\/branlette-espagnole-a-geneve\/#breadcrumb"},"inLanguage":"it-IT","potentialAction":[{"@type":"ReadAction","target":["https:\/\/meetgirl.ch\/branlette-espagnole-a-geneve\/"]}]},{"@type":"ImageObject","inLanguage":"it-IT","@id":"https:\/\/meetgirl.ch\/branlette-espagnole-a-geneve\/#primaryimage","url":"https:\/\/meetgirl.ch\/wp-content\/uploads\/2025\/02\/escort-fribourg.jpg","contentUrl":"https:\/\/meetgirl.ch\/wp-content\/uploads\/2025\/02\/escort-fribourg.jpg"},{"@type":"BreadcrumbList","@id":"https:\/\/meetgirl.ch\/branlette-espagnole-a-geneve\/#breadcrumb","itemListElement":[{"@type":"ListItem","position":1,"name":"Accueil","item":"https:\/\/meetgirl.ch\/"},{"@type":"ListItem","position":2,"name":"Branlette Espagnole \u00e0 Gen\u00e8ve"}]},{"@type":"WebSite","@id":"https:\/\/meetgirl.ch\/#website","url":"https:\/\/meetgirl.ch\/","name":"MeetGirl - Annunci erotici Svizzera - Accompagnatrici, massaggi e saloni di bellezza","description":"Escort e massaggi erotici","publisher":{"@id":"https:\/\/meetgirl.ch\/#organization"},"alternateName":"Annuaire \u00e9rotique Suisse Escort \u00e0 Gen\u00e8ve, Lausanne, Valais, Neuch\u00e2tel","potentialAction":[{"@type":"SearchAction","target":{"@type":"EntryPoint","urlTemplate":"https:\/\/meetgirl.ch\/?s={search_term_string}"},"query-input":{"@type":"PropertyValueSpecification","valueRequired":true,"valueName":"search_term_string"}}],"inLanguage":"it-IT"},{"@type":"Organization","@id":"https:\/\/meetgirl.ch\/#organization","name":"Escort e massaggio erotico","alternateName":"Meetgirl escortes et masseuses","url":"https:\/\/meetgirl.ch\/","logo":{"@type":"ImageObject","inLanguage":"it-IT","@id":"https:\/\/meetgirl.ch\/#\/schema\/logo\/image\/","url":"https:\/\/meetgirl.ch\/wp-content\/uploads\/2024\/05\/cropped-meet-logo.png","contentUrl":"https:\/\/meetgirl.ch\/wp-content\/uploads\/2024\/05\/cropped-meet-logo.png","width":512,"height":512,"caption":"Escort et massage \u00e9rotique"},"image":{"@id":"https:\/\/meetgirl.ch\/#\/schema\/logo\/image\/"}}]}},"_links":{"self":[{"href":"https:\/\/meetgirl.ch\/it\/wp-json\/wp\/v2\/pages\/10174","targetHints":{"allow":["GET"]}}],"collection":[{"href":"https:\/\/meetgirl.ch\/it\/wp-json\/wp\/v2\/pages"}],"about":[{"href":"https:\/\/meetgirl.ch\/it\/wp-json\/wp\/v2\/types\/page"}],"author":[{"embeddable":true,"href":"https:\/\/meetgirl.ch\/it\/wp-json\/wp\/v2\/users\/3"}],"replies":[{"embeddable":true,"href":"https:\/\/meetgirl.ch\/it\/wp-json\/wp\/v2\/comments?post=10174"}],"version-history":[{"count":0,"href":"https:\/\/meetgirl.ch\/it\/wp-json\/wp\/v2\/pages\/10174\/revisions"}],"wp:attachment":[{"href":"https:\/\/meetgirl.ch\/it\/wp-json\/wp\/v2\/media?parent=10174"}],"curies":[{"name":"wp","href":"https:\/\/api.w.org\/{rel}","templated":true}]}}