{"id":10238,"date":"2025-06-28T13:27:24","date_gmt":"2025-06-28T13:27:24","guid":{"rendered":"https:\/\/meetgirl.ch\/?page_id=10238"},"modified":"2025-06-28T13:29:24","modified_gmt":"2025-06-28T13:29:24","slug":"escort-prostituta-a-lausanne","status":"publish","type":"page","link":"https:\/\/meetgirl.ch\/it\/escort-prostituta-a-lausanne\/","title":{"rendered":"Escort prostituta a Lausanne"},"content":{"rendered":"<div data-elementor-type=\"wp-page\" data-elementor-id=\"10238\" class=\"elementor elementor-10238\">\n\t\t\t\t<div class=\"elementor-element elementor-element-40b57c4 e-flex e-con-boxed e-con e-parent\" data-id=\"40b57c4\" data-element_type=\"container\" data-settings=\"{&quot;jet_parallax_layout_list&quot;:[]}\">\n\t\t\t\t\t<div class=\"e-con-inner\">\n\t\t\t\t<div class=\"elementor-element elementor-element-5585874 elementor-widget elementor-widget-case27-listing-feed-widget\" data-id=\"5585874\" data-element_type=\"widget\" data-widget_type=\"case27-listing-feed-widget.default\">\n\t\t\t\t<div class=\"elementor-widget-container\">\n\t\t\t\t\t\t\t<section class=\"i-section listing-feed\">\r\n\t\t<div class=\"container-fluid\">\r\n\t\t\t<div class=\"row section-body grid\">\r\n\t\t\t\t\t\t\t\t\t<div class=\"col-lg-4 col-md-4 col-sm-6 col-xs-12 grid-item\"><div class=\"lf-item-container listing-preview type-independante c27-verified no-logo has-tagline no-info-fields level-promoted priority-2\" data-id=\"listing-id-16574\" data-category-icon=\"\t&lt;i class=&quot;mi bookmark_border&quot; style=&quot;color: #fff; background: #f67675; &quot;&gt;&lt;\/i&gt;\t\" data-category-color=\"#f67675\" data-category-text-color=\"#fff\" data-thumbnail=\"https:\/\/meetgirl.ch\/wp-content\/themes\/my-listing\/assets\/images\/marker.jpg\" data-marker=\"https:\/\/meetgirl.ch\/wp-content\/themes\/my-listing\/assets\/images\/marker.jpg\" data-template=\"default\" data-locations=\"[{&quot;address&quot;:&quot;Lausanne, canton de Vaud, Suisse&quot;,&quot;lat&quot;:&quot;46.52071&quot;,&quot;lng&quot;:&quot;6.63253&quot;}]\"\n><div class=\"lf-item lf-item-default\" data-template=\"default\"> <a href=\"https:\/\/meetgirl.ch\/it\/accompagnatori-2\/sabrina-brune-chaude-italienne\/\"> <div class=\"overlay\" style=\" background-color: #242429; opacity: 0;\"><\/div> <div class=\"lf-background\" style=\"background-image: url('https:\/\/meetgirl.ch\/wp-content\/uploads\/2025\/11\/WhatsApp-Image-2025-11-12-at-09.05.40.jpeg');\"><\/div> <div class=\"lf-item-info\"> <h4 class=\"case27-primary-text listing-preview-title\"> Sabrina bruna calda italiana <img decoding=\"async\" height=\"18\" width=\"18\" alt=\"Elenco verificato\" class=\"verified-listing\" src=\"https:\/\/meetgirl.ch\/wp-content\/themes\/my-listing\/assets\/images\/tick.svg\"> <\/h4> <\/div> <\/a> <div class=\"lf-head level-promoted\"> <span class=\"tooltip-element tooltip-bottom\"> <div class=\"lf-head-btn ad-badge\"> <span><i class=\"icon-flash\"><\/i><\/span> <\/div> <span class=\"tooltip-container\">Promosso<\/span> <\/span> <\/div> <\/div> <div class=\"listing-details-3 c27-footer-section\"> <ul class=\"details-list no-list-style\"> <li class=\"\" > <span>Losanna <\/span> <\/li> <li class=\"\" > <span> <div class=\"codicts-online-status\"><span class=\"codicts-dot cdtsols-online\"><\/span> <span class=\"cdtsols-txt\">In linea<\/span><\/div> <\/span> <\/li> <\/ul> <\/div> <div class=\"listing-details-3 c27-footer-section\"> <ul class=\"details-list no-list-style\"> <li class=\"\" > <span>dominazione hard e soft <\/span> <\/li> <\/ul> <\/div> <\/div><\/div>\t\t\t\t\t\t\t\t\t<div class=\"col-lg-4 col-md-4 col-sm-6 col-xs-12 grid-item\"><div class=\"lf-item-container listing-preview type-independante c27-verified no-logo has-tagline no-info-fields level-promoted priority-2\" data-id=\"listing-id-16551\" data-category-icon=\"\t&lt;i class=&quot;mi bookmark_border&quot; style=&quot;color: #fff; background: #f67675; &quot;&gt;&lt;\/i&gt;\t\" data-category-color=\"#f67675\" data-category-text-color=\"#fff\" data-thumbnail=\"https:\/\/meetgirl.ch\/wp-content\/themes\/my-listing\/assets\/images\/marker.jpg\" data-marker=\"https:\/\/meetgirl.ch\/wp-content\/themes\/my-listing\/assets\/images\/marker.jpg\" data-template=\"default\" data-locations=\"[{&quot;address&quot;:&quot;Rue De L&#039;industrie 7, 1005 Lausanne, Suisse&quot;,&quot;lat&quot;:&quot;46.52591&quot;,&quot;lng&quot;:&quot;6.63848&quot;}]\"\n><div class=\"lf-item lf-item-default\" data-template=\"default\"> <a href=\"https:\/\/meetgirl.ch\/it\/accompagnatori-2\/diana-5\/\"> <div class=\"overlay\" style=\" background-color: #242429; opacity: 0;\"><\/div> <div class=\"lf-background\" style=\"background-image: url('https:\/\/meetgirl.ch\/wp-content\/uploads\/listing-uploads\/cover\/2025\/11\/Snapchat-19137046793.jpg');\"><\/div> <div class=\"lf-item-info\"> <h4 class=\"case27-primary-text listing-preview-title\"> Diana <img decoding=\"async\" height=\"18\" width=\"18\" alt=\"Elenco verificato\" class=\"verified-listing\" src=\"https:\/\/meetgirl.ch\/wp-content\/themes\/my-listing\/assets\/images\/tick.svg\"> <\/h4> <\/div> <\/a> <div class=\"lf-head level-promoted\"> <span class=\"tooltip-element tooltip-bottom\"> <div class=\"lf-head-btn ad-badge\"> <span><i class=\"icon-flash\"><\/i><\/span> <\/div> <span class=\"tooltip-container\">Promosso<\/span> <\/span> <\/div> <\/div> <div class=\"listing-details-3 c27-footer-section\"> <ul class=\"details-list no-list-style\"> <li class=\"\" > <span>Losanna <\/span> <\/li> <li class=\"\" > <span> <div class=\"codicts-online-status\"><span class=\"codicts-dot cdtsols-offline\"><\/span> <span class=\"cdtsols-txt\">-24H<\/span><\/div> <\/span> <\/li> <\/ul> <\/div> <div class=\"listing-details-3 c27-footer-section\"> <ul class=\"details-list no-list-style\"> <li class=\"\" > <span>caldo e umido <\/span> <\/li> <\/ul> <\/div> <\/div><\/div>\t\t\t\t\t\t\t\t\t<div class=\"col-lg-4 col-md-4 col-sm-6 col-xs-12 grid-item\"><div class=\"lf-item-container listing-preview type-independante no-logo has-tagline no-info-fields level-promoted priority-2\" data-id=\"listing-id-15816\" data-category-icon=\"\t&lt;i class=&quot;mi bookmark_border&quot; style=&quot;color: #fff; background: #f67675; &quot;&gt;&lt;\/i&gt;\t\" data-category-color=\"#f67675\" data-category-text-color=\"#fff\" data-thumbnail=\"https:\/\/meetgirl.ch\/wp-content\/themes\/my-listing\/assets\/images\/marker.jpg\" data-marker=\"https:\/\/meetgirl.ch\/wp-content\/themes\/my-listing\/assets\/images\/marker.jpg\" data-template=\"default\" data-locations=\"[{&quot;address&quot;:&quot;Lausanne, canton de Vaud, Suisse&quot;,&quot;lat&quot;:&quot;46.52071&quot;,&quot;lng&quot;:&quot;6.63253&quot;}]\"\n><div class=\"lf-item lf-item-default\" data-template=\"default\"> <a href=\"https:\/\/meetgirl.ch\/it\/accompagnatori-2\/tyha\/\"> <div class=\"overlay\" style=\" background-color: #242429; opacity: 0;\"><\/div> <div class=\"lf-background\" style=\"background-image: url('https:\/\/meetgirl.ch\/wp-content\/uploads\/listing-uploads\/cover\/2025\/10\/IMG-20241129-WA0192-768x940.jpg');\"><\/div> <div class=\"lf-item-info\"> <h4 class=\"case27-primary-text listing-preview-title\"> Tyha <\/h4> <\/div> <\/a> <div class=\"lf-head level-promoted\"> <span class=\"tooltip-element tooltip-bottom\"> <div class=\"lf-head-btn ad-badge\"> <span><i class=\"icon-flash\"><\/i><\/span> <\/div> <span class=\"tooltip-container\">Promosso<\/span> <\/span> <\/div> <\/div> <div class=\"listing-details-3 c27-footer-section\"> <ul class=\"details-list no-list-style\"> <li class=\"\" > <span>Losanna <\/span> <\/li> <li class=\"\" > <span> <div class=\"codicts-online-status\"><span class=\"codicts-dot cdtsols-offline\"><\/span> <span class=\"cdtsols-txt\">-24H<\/span><\/div> <\/span> <\/li> <\/ul> <\/div> <div class=\"listing-details-3 c27-footer-section\"> <ul class=\"details-list no-list-style\"> <li class=\"\" > <span>Bambina sexy <\/span> <\/li> <\/ul> <\/div> <\/div><\/div>\t\t\t\t\t\t\t<\/div>\r\n\t\t<\/div>\r\n\t<\/section>\r\n\r\n\t\t\t\t<\/div>\n\t\t\t\t<\/div>\n\t\t\t\t\t<\/div>\n\t\t\t\t<\/div>\n\t\t<div class=\"elementor-element elementor-element-609871b e-flex e-con-boxed e-con e-parent\" data-id=\"609871b\" data-element_type=\"container\" data-settings=\"{&quot;jet_parallax_layout_list&quot;:[]}\">\n\t\t\t\t\t<div class=\"e-con-inner\">\n\t\t\t\t<div class=\"elementor-element elementor-element-2444002 elementor-widget elementor-widget-text-editor\" data-id=\"2444002\" data-element_type=\"widget\" data-widget_type=\"text-editor.default\">\n\t\t\t\t<div class=\"elementor-widget-container\">\n\t\t\t\t\t\t\t\t\t<h1 data-start=\"184\" data-end=\"283\"><span style=\"color: #ffffff;\">Escort Prostituta a Losanna : Come trovare una prostituta per un'esperienza erotica unica<\/span><\/h1><h2 data-start=\"285\" data-end=\"339\"><span style=\"color: #ffffff;\">Perch\u00e9 scegliere una prostituta escort a Losanna?<\/span><\/h2><p data-start=\"341\" data-end=\"738\"><span style=\"color: #ffffff;\">Nella dinamica citt\u00e0 di Losanna, molte persone scelgono le escort prostitute per soddisfare bisogni intimi o emotivi, o semplicemente per godere di un'esperienza senza restrizioni. Utilizzare una escort prostituta permette di esplorare i propri desideri senza le complicazioni delle relazioni tradizionali, offrendo uno spazio di libert\u00e0 dove le aspettative sono chiare e rispettate.<\/span><\/p><p data-start=\"740\" data-end=\"1042\"><span style=\"color: #ffffff;\">Le escort a Losanna offrono spesso servizi personalizzati, che vanno dalla semplice compagnia a incontri pi\u00f9 passionali e personalizzati in base ai desideri individuali. Permettono ai loro clienti di vivere momenti su misura, in totale discrezione e sicurezza, all'interno di un quadro legale rigorosamente rispettato.<\/span><\/p><h2 data-start=\"1044\" data-end=\"1119\"><span style=\"color: #ffffff;\">Come posso organizzare un incontro con una prostituta escort a Losanna?<\/span><\/h2><h3 data-start=\"1121\" data-end=\"1159\"><span style=\"color: #ffffff;\">Scegliere la giusta prostituta escort<\/span><\/h3><p data-start=\"1161\" data-end=\"1404\"><span style=\"color: #ffffff;\">Il primo passo \u00e8 selezionare la escort che corrisponde alle vostre aspettative: stile, servizi offerti, tariffe e disponibilit\u00e0. Prendersi il tempo necessario per esaminare i profili, le foto e le recensioni vi aiuter\u00e0 a fare una scelta informata e soddisfacente.<\/span><\/p><h3 data-start=\"1406\" data-end=\"1438\"><span style=\"color: #ffffff;\">Comunicazione e prenotazione<\/span><\/h3><p data-start=\"1440\" data-end=\"1730\"><span style=\"color: #ffffff;\">Una discussione rispettosa e chiara con l'accompagnatore \u00e8 essenziale per definire i servizi richiesti, i termini e le condizioni e per assicurarsi che tutto sia in linea con i vostri desideri. La discrezione deve essere sempre una priorit\u00e0, con canali di comunicazione sicuri (telefono privato, messaggistica criptata).<\/span><\/p><h3 data-start=\"1732\" data-end=\"1771\"><span style=\"color: #ffffff;\">Consigli per un appuntamento di successo<\/span><\/h3><p data-start=\"1773\" data-end=\"1995\"><span style=\"color: #ffffff;\">Scegliete un luogo neutro o la vostra casa per garantire comfort e sicurezza. Rispettate le regole dell'igiene e del consenso reciproco. Queste precauzioni garantiranno un'esperienza piacevole e priva di stress per entrambe le parti.<\/span><\/p><h2 data-start=\"1997\" data-end=\"2052\"><span style=\"color: #ffffff;\">Servizi offerti dalle prostitute a Losanna<\/span><\/h2><p data-start=\"2054\" data-end=\"2158\"><span style=\"color: #ffffff;\">Le escort di Losanna offrono un'ampia gamma di servizi personalizzati in base alle preferenze dei loro clienti:<\/span><\/p><ul data-start=\"2160\" data-end=\"2476\"><li data-start=\"2160\" data-end=\"2243\"><p data-start=\"2162\" data-end=\"2243\"><span style=\"color: #ffffff;\"><strong data-start=\"2162\" data-end=\"2175\">Sesso orale<\/strong> Un servizio spesso favorito per la sua intimit\u00e0 e complicit\u00e0.<\/span><\/p><\/li><li data-start=\"2244\" data-end=\"2358\"><p data-start=\"2246\" data-end=\"2358\"><span style=\"color: #ffffff;\"><strong data-start=\"2246\" data-end=\"2266\">Massaggio erotico<\/strong> Combina relax e stimolazione sensuale, perfetto per rilassarsi e risvegliare i sensi.<\/span><\/p><\/li><li data-start=\"2359\" data-end=\"2476\"><p data-start=\"2361\" data-end=\"2476\"><span style=\"color: #ffffff;\"><strong data-start=\"2361\" data-end=\"2386\">Pratiche specifiche<\/strong> Il modo migliore per conoscersi \u00e8 discutere e concordare prima dell'incontro, ad esempio il sesso anale o altre fantasie.<\/span><\/p><\/li><\/ul><p data-start=\"2478\" data-end=\"2602\"><span style=\"color: #ffffff;\">\u00c8 consigliabile verificare in anticipo i servizi disponibili attraverso le descrizioni del profilo o durante il primo contatto.<\/span><\/p><h2 data-start=\"2604\" data-end=\"2659\"><span style=\"color: #ffffff;\">I diversi tipi di prostitute escort a Lausanne<\/span><\/h2><p data-start=\"2661\" data-end=\"2785\"><span style=\"color: #ffffff;\">Losanna ospita un'ampia variet\u00e0 di escort prostitute, offrendo una ricca cultura e una variet\u00e0 di esperienze:<\/span><\/p><h3 data-start=\"2787\" data-end=\"2807\"><span style=\"color: #ffffff;\">Accompagnatori svizzeri<\/span><\/h3><p data-start=\"2809\" data-end=\"2942\"><span style=\"color: #ffffff;\">Rinomati per la loro discrezione e professionalit\u00e0, offrono un'esperienza autentica in linea con gli standard locali.<\/span><\/p><h3 data-start=\"2944\" data-end=\"2972\"><span style=\"color: #ffffff;\">Accompagnatori internazionali<\/span><\/h3><p data-start=\"2974\" data-end=\"3116\"><span style=\"color: #ffffff;\">Le origini francesi, latine, slave e altre sono presenti, portando fascino, diversit\u00e0 e una variet\u00e0 di stili per tutti i gusti.<\/span><\/p>\t\t\t\t\t\t\t\t<\/div>\n\t\t\t\t<\/div>\n\t\t\t\t\t<\/div>\n\t\t\t\t<\/div>\n\t\t\t\t<\/div>","protected":false},"excerpt":{"rendered":"<p>Escort Prostitu\u00e9e \u00e0 Lausanne : Comment Trouver une Prostitu\u00e9e pour une Exp\u00e9rience \u00c9rotique Unique Pourquoi Choisir une Escort Prostitu\u00e9e \u00e0 Lausanne ? Dans la dynamique ville de Lausanne, de nombreuses personnes choisissent les escortes prostitu\u00e9es pour r\u00e9pondre \u00e0 des besoins intimes, \u00e9motionnels ou simplement pour vivre une exp\u00e9rience sans contraintes. Faire appel \u00e0 une escort [&hellip;]<\/p>","protected":false},"author":3,"featured_media":0,"parent":0,"menu_order":0,"comment_status":"closed","ping_status":"closed","template":"","meta":{"footnotes":""},"class_list":["post-10238","page","type-page","status-publish","hentry"],"acf":[],"yoast_head":"<!-- This site is optimized with the Yoast SEO plugin v26.0 - https:\/\/yoast.com\/wordpress\/plugins\/seo\/ -->\n<title>Escort prostitu\u00e9e \u00e0 Lausanne - Meetgirl - Annonces \u00e9rotiques - Escorts, massages et salons<\/title>\n<meta name=\"description\" content=\"Trouvez une escort prostitu\u00e9e \u00e0 Lausanne pour une exp\u00e9rience \u00e9rotique sur mesure, en toute s\u00e9curit\u00e9 et discr\u00e9tion.\" \/>\n<meta name=\"robots\" content=\"index, follow, max-snippet:-1, max-image-preview:large, max-video-preview:-1\" \/>\n<link rel=\"canonical\" href=\"https:\/\/meetgirl.ch\/it\/escort-prostituta-a-lausanne\/\" \/>\n<meta property=\"og:locale\" content=\"it_IT\" \/>\n<meta property=\"og:type\" content=\"article\" \/>\n<meta property=\"og:title\" content=\"Escort prostitu\u00e9e \u00e0 Lausanne - Meetgirl - Annonces \u00e9rotiques - Escorts, massages et salons\" \/>\n<meta property=\"og:description\" content=\"Trouvez une escort prostitu\u00e9e \u00e0 Lausanne pour une exp\u00e9rience \u00e9rotique sur mesure, en toute s\u00e9curit\u00e9 et discr\u00e9tion.\" \/>\n<meta property=\"og:url\" content=\"https:\/\/meetgirl.ch\/it\/escort-prostituta-a-lausanne\/\" \/>\n<meta property=\"og:site_name\" content=\"Meetgirl - Annonces \u00e9rotiques - Escorts, massages et salons\" \/>\n<meta property=\"article:modified_time\" content=\"2025-06-28T13:29:24+00:00\" \/>\n<meta property=\"og:image\" content=\"https:\/\/meetgirl.ch\/wp-content\/uploads\/2025\/03\/meetgirl-yoast.jpg\" \/>\n\t<meta property=\"og:image:width\" content=\"1200\" \/>\n\t<meta property=\"og:image:height\" content=\"675\" \/>\n\t<meta property=\"og:image:type\" content=\"image\/jpeg\" \/>\n<meta name=\"twitter:card\" content=\"summary_large_image\" \/>\n<meta name=\"twitter:label1\" content=\"Tempo di lettura stimato\" \/>\n\t<meta name=\"twitter:data1\" content=\"3 minuti\" \/>\n<script type=\"application\/ld+json\" class=\"yoast-schema-graph\">{\"@context\":\"https:\/\/schema.org\",\"@graph\":[{\"@type\":\"WebPage\",\"@id\":\"https:\/\/meetgirl.ch\/escort-prostituee-a-lausanne\/\",\"url\":\"https:\/\/meetgirl.ch\/escort-prostituee-a-lausanne\/\",\"name\":\"Escort prostitu\u00e9e \u00e0 Lausanne - Meetgirl - Annonces \u00e9rotiques - Escorts, massages et salons\",\"isPartOf\":{\"@id\":\"https:\/\/meetgirl.ch\/#website\"},\"datePublished\":\"2025-06-28T13:27:24+00:00\",\"dateModified\":\"2025-06-28T13:29:24+00:00\",\"description\":\"Trouvez une escort prostitu\u00e9e \u00e0 Lausanne pour une exp\u00e9rience \u00e9rotique sur mesure, en toute s\u00e9curit\u00e9 et discr\u00e9tion.\",\"breadcrumb\":{\"@id\":\"https:\/\/meetgirl.ch\/escort-prostituee-a-lausanne\/#breadcrumb\"},\"inLanguage\":\"it-IT\",\"potentialAction\":[{\"@type\":\"ReadAction\",\"target\":[\"https:\/\/meetgirl.ch\/escort-prostituee-a-lausanne\/\"]}]},{\"@type\":\"BreadcrumbList\",\"@id\":\"https:\/\/meetgirl.ch\/escort-prostituee-a-lausanne\/#breadcrumb\",\"itemListElement\":[{\"@type\":\"ListItem\",\"position\":1,\"name\":\"Accueil\",\"item\":\"https:\/\/meetgirl.ch\/\"},{\"@type\":\"ListItem\",\"position\":2,\"name\":\"Escort prostitu\u00e9e \u00e0 Lausanne\"}]},{\"@type\":\"WebSite\",\"@id\":\"https:\/\/meetgirl.ch\/#website\",\"url\":\"https:\/\/meetgirl.ch\/\",\"name\":\"MeetGirl - Annonces \u00e9rotiques Suisse - Escorts, massages et salons\",\"description\":\"Escorts et massages \u00e9rotiques\",\"publisher\":{\"@id\":\"https:\/\/meetgirl.ch\/#organization\"},\"alternateName\":\"Annuaire \u00e9rotique Suisse Escort \u00e0 Gen\u00e8ve, Lausanne, Valais, Neuch\u00e2tel\",\"potentialAction\":[{\"@type\":\"SearchAction\",\"target\":{\"@type\":\"EntryPoint\",\"urlTemplate\":\"https:\/\/meetgirl.ch\/?s={search_term_string}\"},\"query-input\":{\"@type\":\"PropertyValueSpecification\",\"valueRequired\":true,\"valueName\":\"search_term_string\"}}],\"inLanguage\":\"it-IT\"},{\"@type\":\"Organization\",\"@id\":\"https:\/\/meetgirl.ch\/#organization\",\"name\":\"Escort et massage \u00e9rotique\",\"alternateName\":\"Meetgirl escortes et masseuses\",\"url\":\"https:\/\/meetgirl.ch\/\",\"logo\":{\"@type\":\"ImageObject\",\"inLanguage\":\"it-IT\",\"@id\":\"https:\/\/meetgirl.ch\/#\/schema\/logo\/image\/\",\"url\":\"https:\/\/meetgirl.ch\/wp-content\/uploads\/2024\/05\/cropped-meet-logo.png\",\"contentUrl\":\"https:\/\/meetgirl.ch\/wp-content\/uploads\/2024\/05\/cropped-meet-logo.png\",\"width\":512,\"height\":512,\"caption\":\"Escort et massage \u00e9rotique\"},\"image\":{\"@id\":\"https:\/\/meetgirl.ch\/#\/schema\/logo\/image\/\"}}]}<\/script>\n<!-- \/ Yoast SEO plugin. -->","yoast_head_json":{"title":"Escort prostituta a Losanna - Meetgirl - Annunci erotici - Accompagnatori, massaggi e saloni di bellezza","description":"Trovate una prostituta escort a Losanna per un'esperienza erotica su misura, in totale sicurezza e discrezione.","robots":{"index":"index","follow":"follow","max-snippet":"max-snippet:-1","max-image-preview":"max-image-preview:large","max-video-preview":"max-video-preview:-1"},"canonical":"https:\/\/meetgirl.ch\/it\/escort-prostituta-a-lausanne\/","og_locale":"it_IT","og_type":"article","og_title":"Escort prostitu\u00e9e \u00e0 Lausanne - Meetgirl - Annonces \u00e9rotiques - Escorts, massages et salons","og_description":"Trouvez une escort prostitu\u00e9e \u00e0 Lausanne pour une exp\u00e9rience \u00e9rotique sur mesure, en toute s\u00e9curit\u00e9 et discr\u00e9tion.","og_url":"https:\/\/meetgirl.ch\/it\/escort-prostituta-a-lausanne\/","og_site_name":"Meetgirl - Annonces \u00e9rotiques - Escorts, massages et salons","article_modified_time":"2025-06-28T13:29:24+00:00","og_image":[{"width":1200,"height":675,"url":"https:\/\/meetgirl.ch\/wp-content\/uploads\/2025\/03\/meetgirl-yoast.jpg","type":"image\/jpeg"}],"twitter_card":"summary_large_image","twitter_misc":{"Tempo di lettura stimato":"3 minuti"},"schema":{"@context":"https:\/\/schema.org","@graph":[{"@type":"WebPage","@id":"https:\/\/meetgirl.ch\/escort-prostituee-a-lausanne\/","url":"https:\/\/meetgirl.ch\/escort-prostituee-a-lausanne\/","name":"Escort prostituta a Losanna - Meetgirl - Annunci erotici - Accompagnatori, massaggi e saloni di bellezza","isPartOf":{"@id":"https:\/\/meetgirl.ch\/#website"},"datePublished":"2025-06-28T13:27:24+00:00","dateModified":"2025-06-28T13:29:24+00:00","description":"Trovate una prostituta escort a Losanna per un'esperienza erotica su misura, in totale sicurezza e discrezione.","breadcrumb":{"@id":"https:\/\/meetgirl.ch\/escort-prostituee-a-lausanne\/#breadcrumb"},"inLanguage":"it-IT","potentialAction":[{"@type":"ReadAction","target":["https:\/\/meetgirl.ch\/escort-prostituee-a-lausanne\/"]}]},{"@type":"BreadcrumbList","@id":"https:\/\/meetgirl.ch\/escort-prostituee-a-lausanne\/#breadcrumb","itemListElement":[{"@type":"ListItem","position":1,"name":"Accueil","item":"https:\/\/meetgirl.ch\/"},{"@type":"ListItem","position":2,"name":"Escort prostitu\u00e9e \u00e0 Lausanne"}]},{"@type":"WebSite","@id":"https:\/\/meetgirl.ch\/#website","url":"https:\/\/meetgirl.ch\/","name":"MeetGirl - Annunci erotici Svizzera - Accompagnatrici, massaggi e saloni di bellezza","description":"Escort e massaggi erotici","publisher":{"@id":"https:\/\/meetgirl.ch\/#organization"},"alternateName":"Annuaire \u00e9rotique Suisse Escort \u00e0 Gen\u00e8ve, Lausanne, Valais, Neuch\u00e2tel","potentialAction":[{"@type":"SearchAction","target":{"@type":"EntryPoint","urlTemplate":"https:\/\/meetgirl.ch\/?s={search_term_string}"},"query-input":{"@type":"PropertyValueSpecification","valueRequired":true,"valueName":"search_term_string"}}],"inLanguage":"it-IT"},{"@type":"Organization","@id":"https:\/\/meetgirl.ch\/#organization","name":"Escort e massaggio erotico","alternateName":"Meetgirl escortes et masseuses","url":"https:\/\/meetgirl.ch\/","logo":{"@type":"ImageObject","inLanguage":"it-IT","@id":"https:\/\/meetgirl.ch\/#\/schema\/logo\/image\/","url":"https:\/\/meetgirl.ch\/wp-content\/uploads\/2024\/05\/cropped-meet-logo.png","contentUrl":"https:\/\/meetgirl.ch\/wp-content\/uploads\/2024\/05\/cropped-meet-logo.png","width":512,"height":512,"caption":"Escort et massage \u00e9rotique"},"image":{"@id":"https:\/\/meetgirl.ch\/#\/schema\/logo\/image\/"}}]}},"_links":{"self":[{"href":"https:\/\/meetgirl.ch\/it\/wp-json\/wp\/v2\/pages\/10238","targetHints":{"allow":["GET"]}}],"collection":[{"href":"https:\/\/meetgirl.ch\/it\/wp-json\/wp\/v2\/pages"}],"about":[{"href":"https:\/\/meetgirl.ch\/it\/wp-json\/wp\/v2\/types\/page"}],"author":[{"embeddable":true,"href":"https:\/\/meetgirl.ch\/it\/wp-json\/wp\/v2\/users\/3"}],"replies":[{"embeddable":true,"href":"https:\/\/meetgirl.ch\/it\/wp-json\/wp\/v2\/comments?post=10238"}],"version-history":[{"count":0,"href":"https:\/\/meetgirl.ch\/it\/wp-json\/wp\/v2\/pages\/10238\/revisions"}],"wp:attachment":[{"href":"https:\/\/meetgirl.ch\/it\/wp-json\/wp\/v2\/media?parent=10238"}],"curies":[{"name":"wp","href":"https:\/\/api.w.org\/{rel}","templated":true}]}}