{"id":10572,"date":"2025-07-06T10:58:26","date_gmt":"2025-07-06T10:58:26","guid":{"rendered":"https:\/\/meetgirl.ch\/?page_id=10572"},"modified":"2025-07-06T11:00:24","modified_gmt":"2025-07-06T11:00:24","slug":"douche-doree-lausanne","status":"publish","type":"page","link":"https:\/\/meetgirl.ch\/it\/douche-doree-lausanne\/","title":{"rendered":"Douche dor\u00e9e Lausanne"},"content":{"rendered":"<div data-elementor-type=\"wp-page\" data-elementor-id=\"10572\" class=\"elementor elementor-10572\">\n\t\t\t\t<div class=\"elementor-element elementor-element-98c6943 e-flex e-con-boxed e-con e-parent\" data-id=\"98c6943\" data-element_type=\"container\" data-settings=\"{&quot;jet_parallax_layout_list&quot;:[]}\">\n\t\t\t\t\t<div class=\"e-con-inner\">\n\t\t<div class=\"elementor-element elementor-element-f5c21be e-con-full e-flex e-con e-child\" data-id=\"f5c21be\" data-element_type=\"container\" data-settings=\"{&quot;jet_parallax_layout_list&quot;:[]}\">\n\t\t\t\t<div class=\"elementor-element elementor-element-4c41687 elementor-widget elementor-widget-image\" data-id=\"4c41687\" data-element_type=\"widget\" data-widget_type=\"image.default\">\n\t\t\t\t<div class=\"elementor-widget-container\">\n\t\t\t\t\t\t\t\t\t\t\t\t\t\t\t<img decoding=\"async\" src=\"https:\/\/meetgirl.ch\/wp-content\/uploads\/2025\/05\/domina-geneve-3.jpg\" title=\"\" alt=\"\" loading=\"lazy\" \/>\t\t\t\t\t\t\t\t\t\t\t\t\t\t\t<\/div>\n\t\t\t\t<\/div>\n\t\t\t\t<div class=\"elementor-element elementor-element-bafcaf1 elementor-widget elementor-widget-image\" data-id=\"bafcaf1\" data-element_type=\"widget\" data-widget_type=\"image.default\">\n\t\t\t\t<div class=\"elementor-widget-container\">\n\t\t\t\t\t\t\t\t\t\t\t\t\t\t\t<img decoding=\"async\" src=\"https:\/\/meetgirl.ch\/wp-content\/uploads\/2025\/05\/domina-geneve-2.jpg\" title=\"\" alt=\"\" loading=\"lazy\" \/>\t\t\t\t\t\t\t\t\t\t\t\t\t\t\t<\/div>\n\t\t\t\t<\/div>\n\t\t\t\t<\/div>\n\t\t<div class=\"elementor-element elementor-element-2cd4e88 e-con-full e-flex e-con e-child\" data-id=\"2cd4e88\" data-element_type=\"container\" data-settings=\"{&quot;jet_parallax_layout_list&quot;:[]}\">\n\t\t\t\t<div class=\"elementor-element elementor-element-bff7fac elementor-widget elementor-widget-text-editor\" data-id=\"bff7fac\" data-element_type=\"widget\" data-widget_type=\"text-editor.default\">\n\t\t\t\t<div class=\"elementor-widget-container\">\n\t\t\t\t\t\t\t\t\t<div style=\"color: white; font-family: Arial, sans-serif; line-height: 1.6;\">\n  <h1 style=\"font-size: 32px; font-weight: bold; text-align: center; color: #ff6f61;\">\n    Escort doccia dorata a Lausanne - Esplora le tue fantasie con discrezione\n  <\/h1>\n\n  <h2 style=\"font-size: 28px; font-weight: bold; color: #ff6f61;\">\n    Un'esperienza intima e audace da scoprire su meetgirl.ch\n  <\/h2>\n  Siete attratti dal mondo dei feticci e volete sperimentare una doccia dorata a Losanna? Visitate <strong>meetgirl.ch<\/strong>Troverete escort aperte a questa pratica e pronte a soddisfare i vostri desideri in un ambiente igienico, sensuale e rispettoso.\n\n  <h2 style=\"font-size: 28px; font-weight: bold; color: #ff6f61;\">\n    Che cos'\u00e8 la doccia dorata?\n  <\/h2>\n  Conosciuta anche come doccia dorata, questa pratica consiste nell'urinare sul partner in un contesto sessuale consensuale. Pu\u00f2 far parte di un gioco di ruolo erotico, spesso legato alla sottomissione, e di solito si svolge nella doccia o in un'area predisposta allo scopo.\n\n  <h2 style=\"font-size: 28px; font-weight: bold; color: #ff6f61;\">\n    Un feticcio sorvegliato a Losanna\n  <\/h2>\n  Come in ogni pratica BDSM o fetish, la chiave \u00e8 la comunicazione. Con le escort di <strong>meetgirl.ch<\/strong>I limiti sono definiti in anticipo per garantire un'esperienza piacevole e senza esclusione di colpi, nel pieno rispetto delle preferenze e del comfort reciproco.\n\n  <h3 style=\"font-size: 24px; font-weight: bold; color: #ff6f61;\">\n    Perch\u00e9 scegliere una escort per una doccia dorata?\n  <\/h3>\n  Vivere questa fantasia con una escort a Losanna vi permette di beneficiare di un partner esperto che vi ascolta senza giudicarvi. Questo contesto professionale elimina le inibizioni spesso presenti nelle relazioni tradizionali.\n\n  <h2 style=\"font-size: 28px; font-weight: bold; color: #ff6f61;\">\n    Seleziona la tua escort con doccia dorata a Lausanne\n  <\/h2>\n  Visita <strong>meetgirl.ch<\/strong>Sfogliate i profili delle escort che indicano chiaramente di essere aperte a questa pratica. Potete scegliere in base ai vostri criteri: luogo di incontro, atmosfera, stile o livello di esperienza.\n\n  <h3 style=\"font-size: 24px; font-weight: bold; color: #ff6f61;\">\n    Igiene, discrezione e comfort garantiti\n  <\/h3>\n  Gli incontri si svolgono in luoghi adatti: alberghi, appartamenti privati o a domicilio, sempre nel rispetto degli standard di igiene e riservatezza. Losanna offre quartieri discreti come <strong>Sottostazione<\/strong> o <strong>Chailly<\/strong> per appuntamenti tranquilli e riservati.\n\n  <h3 style=\"font-size: 24px; font-weight: bold; color: #ff6f61;\">\n    Prenota ora la tua esperienza a Losanna\n  <\/h3>\n  Concedetevi un audace interludio con una escort specializzata in docce dorate. Su <strong>meetgirl.ch<\/strong>Troverete il partner perfetto per dare vita a questa fantasia in modo elegante, controllato e indimenticabile.\n\n<\/div>\n\t\t\t\t\t\t\t\t<\/div>\n\t\t\t\t<\/div>\n\t\t\t\t<\/div>\n\t\t\t\t\t<\/div>\n\t\t\t\t<\/div>\n\t\t\t\t<\/div>","protected":false},"excerpt":{"rendered":"<p>Escort pour douche dor\u00e9e \u00e0 Lausanne \u2013 Explorez vos fantasmes avec discr\u00e9tion Une exp\u00e9rience intime et audacieuse \u00e0 d\u00e9couvrir sur meetgirl.ch Vous \u00eates attir\u00e9 par l\u2019univers des f\u00e9tiches et souhaitez vivre une exp\u00e9rience de golden shower \u00e0 Lausanne ? Sur meetgirl.ch, vous trouverez des escortes ouvertes \u00e0 cette pratique, pr\u00eates \u00e0 r\u00e9pondre \u00e0 vos envies [&hellip;]<\/p>","protected":false},"author":3,"featured_media":0,"parent":0,"menu_order":0,"comment_status":"closed","ping_status":"closed","template":"","meta":{"footnotes":""},"class_list":["post-10572","page","type-page","status-publish","hentry"],"acf":[],"yoast_head":"<!-- This site is optimized with the Yoast SEO plugin v26.0 - https:\/\/yoast.com\/wordpress\/plugins\/seo\/ -->\n<title>Douche dor\u00e9e Lausanne - Meetgirl - Annonces \u00e9rotiques - Escorts, massages et salons<\/title>\n<meta name=\"description\" content=\"Explorez la douche dor\u00e9e \u00e0 Lausanne avec une escort experte. Vivez ce fantasme f\u00e9tichiste dans un cadre discret, hygi\u00e9nique et respectueux\" \/>\n<meta name=\"robots\" content=\"index, follow, max-snippet:-1, max-image-preview:large, max-video-preview:-1\" \/>\n<link rel=\"canonical\" href=\"https:\/\/meetgirl.ch\/it\/douche-doree-lausanne\/\" \/>\n<meta property=\"og:locale\" content=\"it_IT\" \/>\n<meta property=\"og:type\" content=\"article\" \/>\n<meta property=\"og:title\" content=\"Douche dor\u00e9e Lausanne - Meetgirl - Annonces \u00e9rotiques - Escorts, massages et salons\" \/>\n<meta property=\"og:description\" content=\"Explorez la douche dor\u00e9e \u00e0 Lausanne avec une escort experte. Vivez ce fantasme f\u00e9tichiste dans un cadre discret, hygi\u00e9nique et respectueux\" \/>\n<meta property=\"og:url\" content=\"https:\/\/meetgirl.ch\/it\/douche-doree-lausanne\/\" \/>\n<meta property=\"og:site_name\" content=\"Meetgirl - Annonces \u00e9rotiques - Escorts, massages et salons\" \/>\n<meta property=\"article:modified_time\" content=\"2025-07-06T11:00:24+00:00\" \/>\n<meta property=\"og:image\" content=\"https:\/\/meetgirl.ch\/wp-content\/uploads\/2025\/03\/meetgirl-yoast.jpg\" \/>\n\t<meta property=\"og:image:width\" content=\"1200\" \/>\n\t<meta property=\"og:image:height\" content=\"675\" \/>\n\t<meta property=\"og:image:type\" content=\"image\/jpeg\" \/>\n<meta name=\"twitter:card\" content=\"summary_large_image\" \/>\n<meta name=\"twitter:label1\" content=\"Tempo di lettura stimato\" \/>\n\t<meta name=\"twitter:data1\" content=\"3 minuti\" \/>\n<script type=\"application\/ld+json\" class=\"yoast-schema-graph\">{\"@context\":\"https:\/\/schema.org\",\"@graph\":[{\"@type\":\"WebPage\",\"@id\":\"https:\/\/meetgirl.ch\/douche-doree-lausanne\/\",\"url\":\"https:\/\/meetgirl.ch\/douche-doree-lausanne\/\",\"name\":\"Douche dor\u00e9e Lausanne - Meetgirl - Annonces \u00e9rotiques - Escorts, massages et salons\",\"isPartOf\":{\"@id\":\"https:\/\/meetgirl.ch\/#website\"},\"primaryImageOfPage\":{\"@id\":\"https:\/\/meetgirl.ch\/douche-doree-lausanne\/#primaryimage\"},\"image\":{\"@id\":\"https:\/\/meetgirl.ch\/douche-doree-lausanne\/#primaryimage\"},\"thumbnailUrl\":\"https:\/\/meetgirl.ch\/wp-content\/uploads\/2025\/05\/domina-geneve-3.jpg\",\"datePublished\":\"2025-07-06T10:58:26+00:00\",\"dateModified\":\"2025-07-06T11:00:24+00:00\",\"description\":\"Explorez la douche dor\u00e9e \u00e0 Lausanne avec une escort experte. Vivez ce fantasme f\u00e9tichiste dans un cadre discret, hygi\u00e9nique et respectueux\",\"breadcrumb\":{\"@id\":\"https:\/\/meetgirl.ch\/douche-doree-lausanne\/#breadcrumb\"},\"inLanguage\":\"it-IT\",\"potentialAction\":[{\"@type\":\"ReadAction\",\"target\":[\"https:\/\/meetgirl.ch\/douche-doree-lausanne\/\"]}]},{\"@type\":\"ImageObject\",\"inLanguage\":\"it-IT\",\"@id\":\"https:\/\/meetgirl.ch\/douche-doree-lausanne\/#primaryimage\",\"url\":\"https:\/\/meetgirl.ch\/wp-content\/uploads\/2025\/05\/domina-geneve-3.jpg\",\"contentUrl\":\"https:\/\/meetgirl.ch\/wp-content\/uploads\/2025\/05\/domina-geneve-3.jpg\"},{\"@type\":\"BreadcrumbList\",\"@id\":\"https:\/\/meetgirl.ch\/douche-doree-lausanne\/#breadcrumb\",\"itemListElement\":[{\"@type\":\"ListItem\",\"position\":1,\"name\":\"Accueil\",\"item\":\"https:\/\/meetgirl.ch\/\"},{\"@type\":\"ListItem\",\"position\":2,\"name\":\"Douche dor\u00e9e Lausanne\"}]},{\"@type\":\"WebSite\",\"@id\":\"https:\/\/meetgirl.ch\/#website\",\"url\":\"https:\/\/meetgirl.ch\/\",\"name\":\"MeetGirl - Annonces \u00e9rotiques Suisse - Escorts, massages et salons\",\"description\":\"Escorts et massages \u00e9rotiques\",\"publisher\":{\"@id\":\"https:\/\/meetgirl.ch\/#organization\"},\"alternateName\":\"Annuaire \u00e9rotique Suisse Escort \u00e0 Gen\u00e8ve, Lausanne, Valais, Neuch\u00e2tel\",\"potentialAction\":[{\"@type\":\"SearchAction\",\"target\":{\"@type\":\"EntryPoint\",\"urlTemplate\":\"https:\/\/meetgirl.ch\/?s={search_term_string}\"},\"query-input\":{\"@type\":\"PropertyValueSpecification\",\"valueRequired\":true,\"valueName\":\"search_term_string\"}}],\"inLanguage\":\"it-IT\"},{\"@type\":\"Organization\",\"@id\":\"https:\/\/meetgirl.ch\/#organization\",\"name\":\"Escort et massage \u00e9rotique\",\"alternateName\":\"Meetgirl escortes et masseuses\",\"url\":\"https:\/\/meetgirl.ch\/\",\"logo\":{\"@type\":\"ImageObject\",\"inLanguage\":\"it-IT\",\"@id\":\"https:\/\/meetgirl.ch\/#\/schema\/logo\/image\/\",\"url\":\"https:\/\/meetgirl.ch\/wp-content\/uploads\/2024\/05\/cropped-meet-logo.png\",\"contentUrl\":\"https:\/\/meetgirl.ch\/wp-content\/uploads\/2024\/05\/cropped-meet-logo.png\",\"width\":512,\"height\":512,\"caption\":\"Escort et massage \u00e9rotique\"},\"image\":{\"@id\":\"https:\/\/meetgirl.ch\/#\/schema\/logo\/image\/\"}}]}<\/script>\n<!-- \/ Yoast SEO plugin. -->","yoast_head_json":{"title":"Douche dor\u00e9e Lausanne - Meetgirl - Annunci erotici - Escort, massaggi e saloni di bellezza","description":"Esplorate la doccia dorata a Losanna con una escort esperta. Sperimentate questa fantasia fetish in un ambiente discreto, igienico e rispettoso.","robots":{"index":"index","follow":"follow","max-snippet":"max-snippet:-1","max-image-preview":"max-image-preview:large","max-video-preview":"max-video-preview:-1"},"canonical":"https:\/\/meetgirl.ch\/it\/douche-doree-lausanne\/","og_locale":"it_IT","og_type":"article","og_title":"Douche dor\u00e9e Lausanne - Meetgirl - Annonces \u00e9rotiques - Escorts, massages et salons","og_description":"Explorez la douche dor\u00e9e \u00e0 Lausanne avec une escort experte. Vivez ce fantasme f\u00e9tichiste dans un cadre discret, hygi\u00e9nique et respectueux","og_url":"https:\/\/meetgirl.ch\/it\/douche-doree-lausanne\/","og_site_name":"Meetgirl - Annonces \u00e9rotiques - Escorts, massages et salons","article_modified_time":"2025-07-06T11:00:24+00:00","og_image":[{"width":1200,"height":675,"url":"https:\/\/meetgirl.ch\/wp-content\/uploads\/2025\/03\/meetgirl-yoast.jpg","type":"image\/jpeg"}],"twitter_card":"summary_large_image","twitter_misc":{"Tempo di lettura stimato":"3 minuti"},"schema":{"@context":"https:\/\/schema.org","@graph":[{"@type":"WebPage","@id":"https:\/\/meetgirl.ch\/douche-doree-lausanne\/","url":"https:\/\/meetgirl.ch\/douche-doree-lausanne\/","name":"Douche dor\u00e9e Lausanne - Meetgirl - Annunci erotici - Escort, massaggi e saloni di bellezza","isPartOf":{"@id":"https:\/\/meetgirl.ch\/#website"},"primaryImageOfPage":{"@id":"https:\/\/meetgirl.ch\/douche-doree-lausanne\/#primaryimage"},"image":{"@id":"https:\/\/meetgirl.ch\/douche-doree-lausanne\/#primaryimage"},"thumbnailUrl":"https:\/\/meetgirl.ch\/wp-content\/uploads\/2025\/05\/domina-geneve-3.jpg","datePublished":"2025-07-06T10:58:26+00:00","dateModified":"2025-07-06T11:00:24+00:00","description":"Esplorate la doccia dorata a Losanna con una escort esperta. Sperimentate questa fantasia fetish in un ambiente discreto, igienico e rispettoso.","breadcrumb":{"@id":"https:\/\/meetgirl.ch\/douche-doree-lausanne\/#breadcrumb"},"inLanguage":"it-IT","potentialAction":[{"@type":"ReadAction","target":["https:\/\/meetgirl.ch\/douche-doree-lausanne\/"]}]},{"@type":"ImageObject","inLanguage":"it-IT","@id":"https:\/\/meetgirl.ch\/douche-doree-lausanne\/#primaryimage","url":"https:\/\/meetgirl.ch\/wp-content\/uploads\/2025\/05\/domina-geneve-3.jpg","contentUrl":"https:\/\/meetgirl.ch\/wp-content\/uploads\/2025\/05\/domina-geneve-3.jpg"},{"@type":"BreadcrumbList","@id":"https:\/\/meetgirl.ch\/douche-doree-lausanne\/#breadcrumb","itemListElement":[{"@type":"ListItem","position":1,"name":"Accueil","item":"https:\/\/meetgirl.ch\/"},{"@type":"ListItem","position":2,"name":"Douche dor\u00e9e Lausanne"}]},{"@type":"WebSite","@id":"https:\/\/meetgirl.ch\/#website","url":"https:\/\/meetgirl.ch\/","name":"MeetGirl - Annunci erotici Svizzera - Accompagnatrici, massaggi e saloni di bellezza","description":"Escort e massaggi erotici","publisher":{"@id":"https:\/\/meetgirl.ch\/#organization"},"alternateName":"Annuaire \u00e9rotique Suisse Escort \u00e0 Gen\u00e8ve, Lausanne, Valais, Neuch\u00e2tel","potentialAction":[{"@type":"SearchAction","target":{"@type":"EntryPoint","urlTemplate":"https:\/\/meetgirl.ch\/?s={search_term_string}"},"query-input":{"@type":"PropertyValueSpecification","valueRequired":true,"valueName":"search_term_string"}}],"inLanguage":"it-IT"},{"@type":"Organization","@id":"https:\/\/meetgirl.ch\/#organization","name":"Escort e massaggio erotico","alternateName":"Meetgirl escortes et masseuses","url":"https:\/\/meetgirl.ch\/","logo":{"@type":"ImageObject","inLanguage":"it-IT","@id":"https:\/\/meetgirl.ch\/#\/schema\/logo\/image\/","url":"https:\/\/meetgirl.ch\/wp-content\/uploads\/2024\/05\/cropped-meet-logo.png","contentUrl":"https:\/\/meetgirl.ch\/wp-content\/uploads\/2024\/05\/cropped-meet-logo.png","width":512,"height":512,"caption":"Escort et massage \u00e9rotique"},"image":{"@id":"https:\/\/meetgirl.ch\/#\/schema\/logo\/image\/"}}]}},"_links":{"self":[{"href":"https:\/\/meetgirl.ch\/it\/wp-json\/wp\/v2\/pages\/10572","targetHints":{"allow":["GET"]}}],"collection":[{"href":"https:\/\/meetgirl.ch\/it\/wp-json\/wp\/v2\/pages"}],"about":[{"href":"https:\/\/meetgirl.ch\/it\/wp-json\/wp\/v2\/types\/page"}],"author":[{"embeddable":true,"href":"https:\/\/meetgirl.ch\/it\/wp-json\/wp\/v2\/users\/3"}],"replies":[{"embeddable":true,"href":"https:\/\/meetgirl.ch\/it\/wp-json\/wp\/v2\/comments?post=10572"}],"version-history":[{"count":0,"href":"https:\/\/meetgirl.ch\/it\/wp-json\/wp\/v2\/pages\/10572\/revisions"}],"wp:attachment":[{"href":"https:\/\/meetgirl.ch\/it\/wp-json\/wp\/v2\/media?parent=10572"}],"curies":[{"name":"wp","href":"https:\/\/api.w.org\/{rel}","templated":true}]}}