{"id":10619,"date":"2025-07-06T11:42:17","date_gmt":"2025-07-06T11:42:17","guid":{"rendered":"https:\/\/meetgirl.ch\/?page_id=10619"},"modified":"2025-07-06T12:32:27","modified_gmt":"2025-07-06T12:32:27","slug":"shibari-artistique-lausanne","status":"publish","type":"page","link":"https:\/\/meetgirl.ch\/it\/shibari-artistique-lausanne\/","title":{"rendered":"Shibari artistico Losanna"},"content":{"rendered":"<div data-elementor-type=\"wp-page\" data-elementor-id=\"10619\" class=\"elementor elementor-10619\">\n\t\t\t\t<div class=\"elementor-element elementor-element-84a900b e-flex e-con-boxed e-con e-parent\" data-id=\"84a900b\" data-element_type=\"container\" data-settings=\"{&quot;jet_parallax_layout_list&quot;:[]}\">\n\t\t\t\t\t<div class=\"e-con-inner\">\n\t\t<div class=\"elementor-element elementor-element-c2de33e e-con-full e-flex e-con e-child\" data-id=\"c2de33e\" data-element_type=\"container\" data-settings=\"{&quot;jet_parallax_layout_list&quot;:[]}\">\n\t\t\t\t<div class=\"elementor-element elementor-element-3fdeac5 elementor-widget elementor-widget-image\" data-id=\"3fdeac5\" data-element_type=\"widget\" data-widget_type=\"image.default\">\n\t\t\t\t<div class=\"elementor-widget-container\">\n\t\t\t\t\t\t\t\t\t\t\t\t\t\t\t<img decoding=\"async\" src=\"https:\/\/meetgirl.ch\/wp-content\/uploads\/2025\/05\/domina-geneve-3.jpg\" title=\"\" alt=\"\" loading=\"lazy\" \/>\t\t\t\t\t\t\t\t\t\t\t\t\t\t\t<\/div>\n\t\t\t\t<\/div>\n\t\t\t\t<div class=\"elementor-element elementor-element-feb6a58 elementor-widget elementor-widget-text-editor\" data-id=\"feb6a58\" data-element_type=\"widget\" data-widget_type=\"text-editor.default\">\n\t\t\t\t<div class=\"elementor-widget-container\">\n\t\t\t\t\t\t\t\t\t<p><span style=\"color: #ffffff;\"><a style=\"color: #ffffff;\" href=\"https:\/\/meetgirl.ch\/it\/bondage-lausanne\/\">Scopri anche il Bondage<\/a><\/span><\/p>\t\t\t\t\t\t\t\t<\/div>\n\t\t\t\t<\/div>\n\t\t\t\t<\/div>\n\t\t<div class=\"elementor-element elementor-element-5b09e63 e-con-full e-flex e-con e-child\" data-id=\"5b09e63\" data-element_type=\"container\" data-settings=\"{&quot;jet_parallax_layout_list&quot;:[]}\">\n\t\t\t\t<div class=\"elementor-element elementor-element-7558b03 elementor-widget elementor-widget-text-editor\" data-id=\"7558b03\" data-element_type=\"widget\" data-widget_type=\"text-editor.default\">\n\t\t\t\t<div class=\"elementor-widget-container\">\n\t\t\t\t\t\t\t\t\t<div style=\"color: white; font-family: Arial, sans-serif; line-height: 1.6;\">\n  <h1 style=\"font-size: 32px; font-weight: bold; text-align: center; color: #ff6f61;\">\n    Shibari artistico a Losanna - L'arte del bondage giapponese con una raffinata escort\n  <\/h1>\n\n  <h2 style=\"font-size: 28px; font-weight: bold; color: #ff6f61;\">\n    Scoprite la bellezza dello Shibari con un'accompagnatrice esperta\n  <\/h2>\n  A Losanna, alcune escort vi propongono un'iniziazione o una sessione immersiva di <strong>Shibari artistico<\/strong>Una forma di bondage giapponese che unisce erotismo, estetica ed emozione. Questi giochi di corda sublimano il corpo e risvegliano i sensi in un ambiente intimo e sicuro.\n\n  <h2 style=\"font-size: 28px; font-weight: bold; color: #ff6f61;\">\n    Che cos'\u00e8 lo Shibari?\n  <\/h2>\n  Lo Shibari (\u7e1b\u308a), noto anche come Kinbaku, \u00e8 l'arte di legare il corpo con corde naturali utilizzando tecniche precise. Pi\u00f9 che di un semplice bondage, si tratta di un linguaggio del corpo che evoca fiducia, vulnerabilit\u00e0, lasciarsi andare ed eccitazione visiva.\n\n  <h3 style=\"font-size: 24px; font-weight: bold; color: #ff6f61;\">\n    Un'esperienza estetica ed emotiva\n  <\/h3>\n  Lo shibari pu\u00f2 essere dolce, lento e meditativo, o pi\u00f9 intenso a seconda dei vostri desideri. L'accompagnatore crea una scena in cui il vostro corpo diventa un'opera d'arte. Ogni nodo, ogni tensione della corda \u00e8 un invito a sentirsi in modo diverso.\n\n  <h2 style=\"font-size: 28px; font-weight: bold; color: #ff6f61;\">\n    Perch\u00e9 provare una sessione Shibari con una escort a Lausanne?\n  <\/h2>\n  Una escort formata in Shibari conosce le tecniche di sicurezza, i punti di pressione e i limiti da rispettare. Vi accompagner\u00e0 con professionalit\u00e0 per una sessione armoniosa, sia essa puramente artistica, sensuale o leggermente BDSM.\n\n  <h3 style=\"font-size: 24px; font-weight: bold; color: #ff6f61;\">\n    Una forma d'arte intima praticata nei quartieri chic di Losanna\n  <\/h3>\n  Incontra la tua escort Shibari a <strong>Ahi!<\/strong>, <strong>Centro di Losanna<\/strong>, <strong>Chailly<\/strong> o <strong>Carrucola<\/strong>. Gli appuntamenti si svolgono nella massima discrezione, in un ambiente accogliente, pulito e sicuro.\n\n  <h2 style=\"font-size: 28px; font-weight: bold; color: #ff6f61;\">\n    Trova una escort specializzata in Shibari su meetgirl.ch\n  <\/h2>\n  Visita <strong>meetgirl.ch<\/strong>Potrete filtrare i profili delle escort di Losanna che offrono lo Shibari artistico. Lasciate che le foto, le recensioni e le descrizioni dettagliate vi guidino nella scelta di quella che soddisfer\u00e0 i vostri desideri.\n\n  <h2 style=\"font-size: 28px; font-weight: bold; color: #ff6f61;\">\n    Prenotate un'esperienza Shibari unica a Losanna\n  <\/h2>\n  Che vogliate esplorare una nuova forma di piacere o abbandonarvi nelle mani di un esperto, lo Shibari \u00e8 una parentesi sensuale ed estetica. Prenotate ora su <strong>meetgirl.ch<\/strong> per una sessione indimenticabile.\n<\/div>\n\t\t\t\t\t\t\t\t<\/div>\n\t\t\t\t<\/div>\n\t\t\t\t<\/div>\n\t\t\t\t\t<\/div>\n\t\t\t\t<\/div>\n\t\t\t\t<\/div>","protected":false},"excerpt":{"rendered":"<p>Scoprite anche il Bondage Artistico Shibari a Losanna - L'arte del bondage giapponese con una escort raffinata Scoprite la bellezza dello Shibari con una escort esperta A Losanna, alcune escort vi propongono un'iniziazione o una sessione coinvolgente di Shibari Artistico, una forma di bondage giapponese che unisce erotismo, estetica ed emozione. Questi giochi di [...]<\/p>","protected":false},"author":3,"featured_media":0,"parent":0,"menu_order":0,"comment_status":"closed","ping_status":"closed","template":"","meta":{"footnotes":""},"class_list":["post-10619","page","type-page","status-publish","hentry"],"acf":[],"yoast_head":"<!-- This site is optimized with the Yoast SEO plugin v26.0 - https:\/\/yoast.com\/wordpress\/plugins\/seo\/ -->\n<title>Shibari artistique Lausanne - Meetgirl - Annonces \u00e9rotiques - Escorts, massages et salons<\/title>\n<meta name=\"description\" content=\"Vivez une s\u00e9ance de Shibari artistique \u00e0 Lausanne avec une escort experte. Sensualit\u00e9, esth\u00e9tique et cordes japonaises sur meetgirl.ch\" \/>\n<meta name=\"robots\" content=\"index, follow, max-snippet:-1, max-image-preview:large, max-video-preview:-1\" \/>\n<link rel=\"canonical\" href=\"https:\/\/meetgirl.ch\/it\/shibari-artistique-lausanne\/\" \/>\n<meta property=\"og:locale\" content=\"it_IT\" \/>\n<meta property=\"og:type\" content=\"article\" \/>\n<meta property=\"og:title\" content=\"Shibari artistique Lausanne - Meetgirl - Annonces \u00e9rotiques - Escorts, massages et salons\" \/>\n<meta property=\"og:description\" content=\"Vivez une s\u00e9ance de Shibari artistique \u00e0 Lausanne avec une escort experte. Sensualit\u00e9, esth\u00e9tique et cordes japonaises sur meetgirl.ch\" \/>\n<meta property=\"og:url\" content=\"https:\/\/meetgirl.ch\/it\/shibari-artistique-lausanne\/\" \/>\n<meta property=\"og:site_name\" content=\"Meetgirl - Annonces \u00e9rotiques - Escorts, massages et salons\" \/>\n<meta property=\"article:modified_time\" content=\"2025-07-06T12:32:27+00:00\" \/>\n<meta property=\"og:image\" content=\"https:\/\/meetgirl.ch\/wp-content\/uploads\/2025\/03\/meetgirl-yoast.jpg\" \/>\n\t<meta property=\"og:image:width\" content=\"1200\" \/>\n\t<meta property=\"og:image:height\" content=\"675\" \/>\n\t<meta property=\"og:image:type\" content=\"image\/jpeg\" \/>\n<meta name=\"twitter:card\" content=\"summary_large_image\" \/>\n<meta name=\"twitter:label1\" content=\"Tempo di lettura stimato\" \/>\n\t<meta name=\"twitter:data1\" content=\"2 minuti\" \/>\n<script type=\"application\/ld+json\" class=\"yoast-schema-graph\">{\"@context\":\"https:\/\/schema.org\",\"@graph\":[{\"@type\":\"WebPage\",\"@id\":\"https:\/\/meetgirl.ch\/shibari-artistique-lausanne\/\",\"url\":\"https:\/\/meetgirl.ch\/shibari-artistique-lausanne\/\",\"name\":\"Shibari artistique Lausanne - Meetgirl - Annonces \u00e9rotiques - Escorts, massages et salons\",\"isPartOf\":{\"@id\":\"https:\/\/meetgirl.ch\/#website\"},\"primaryImageOfPage\":{\"@id\":\"https:\/\/meetgirl.ch\/shibari-artistique-lausanne\/#primaryimage\"},\"image\":{\"@id\":\"https:\/\/meetgirl.ch\/shibari-artistique-lausanne\/#primaryimage\"},\"thumbnailUrl\":\"https:\/\/meetgirl.ch\/wp-content\/uploads\/2025\/05\/domina-geneve-3.jpg\",\"datePublished\":\"2025-07-06T11:42:17+00:00\",\"dateModified\":\"2025-07-06T12:32:27+00:00\",\"description\":\"Vivez une s\u00e9ance de Shibari artistique \u00e0 Lausanne avec une escort experte. Sensualit\u00e9, esth\u00e9tique et cordes japonaises sur meetgirl.ch\",\"breadcrumb\":{\"@id\":\"https:\/\/meetgirl.ch\/shibari-artistique-lausanne\/#breadcrumb\"},\"inLanguage\":\"it-IT\",\"potentialAction\":[{\"@type\":\"ReadAction\",\"target\":[\"https:\/\/meetgirl.ch\/shibari-artistique-lausanne\/\"]}]},{\"@type\":\"ImageObject\",\"inLanguage\":\"it-IT\",\"@id\":\"https:\/\/meetgirl.ch\/shibari-artistique-lausanne\/#primaryimage\",\"url\":\"https:\/\/meetgirl.ch\/wp-content\/uploads\/2025\/05\/domina-geneve-3.jpg\",\"contentUrl\":\"https:\/\/meetgirl.ch\/wp-content\/uploads\/2025\/05\/domina-geneve-3.jpg\"},{\"@type\":\"BreadcrumbList\",\"@id\":\"https:\/\/meetgirl.ch\/shibari-artistique-lausanne\/#breadcrumb\",\"itemListElement\":[{\"@type\":\"ListItem\",\"position\":1,\"name\":\"Accueil\",\"item\":\"https:\/\/meetgirl.ch\/\"},{\"@type\":\"ListItem\",\"position\":2,\"name\":\"Shibari artistique Lausanne\"}]},{\"@type\":\"WebSite\",\"@id\":\"https:\/\/meetgirl.ch\/#website\",\"url\":\"https:\/\/meetgirl.ch\/\",\"name\":\"MeetGirl - Annonces \u00e9rotiques Suisse - Escorts, massages et salons\",\"description\":\"Escorts et massages \u00e9rotiques\",\"publisher\":{\"@id\":\"https:\/\/meetgirl.ch\/#organization\"},\"alternateName\":\"Annuaire \u00e9rotique Suisse Escort \u00e0 Gen\u00e8ve, Lausanne, Valais, Neuch\u00e2tel\",\"potentialAction\":[{\"@type\":\"SearchAction\",\"target\":{\"@type\":\"EntryPoint\",\"urlTemplate\":\"https:\/\/meetgirl.ch\/?s={search_term_string}\"},\"query-input\":{\"@type\":\"PropertyValueSpecification\",\"valueRequired\":true,\"valueName\":\"search_term_string\"}}],\"inLanguage\":\"it-IT\"},{\"@type\":\"Organization\",\"@id\":\"https:\/\/meetgirl.ch\/#organization\",\"name\":\"Escort et massage \u00e9rotique\",\"alternateName\":\"Meetgirl escortes et masseuses\",\"url\":\"https:\/\/meetgirl.ch\/\",\"logo\":{\"@type\":\"ImageObject\",\"inLanguage\":\"it-IT\",\"@id\":\"https:\/\/meetgirl.ch\/#\/schema\/logo\/image\/\",\"url\":\"https:\/\/meetgirl.ch\/wp-content\/uploads\/2024\/05\/cropped-meet-logo.png\",\"contentUrl\":\"https:\/\/meetgirl.ch\/wp-content\/uploads\/2024\/05\/cropped-meet-logo.png\",\"width\":512,\"height\":512,\"caption\":\"Escort et massage \u00e9rotique\"},\"image\":{\"@id\":\"https:\/\/meetgirl.ch\/#\/schema\/logo\/image\/\"}}]}<\/script>\n<!-- \/ Yoast SEO plugin. -->","yoast_head_json":{"title":"Shibari artistico Lausanne - Meetgirl - Annunci erotici - Escort, massaggi e saloni di bellezza","description":"Provate una sessione di Shibari artistico a Losanna con una escort esperta. Sensualit\u00e0, estetica e corde giapponesi su meetgirl.ch","robots":{"index":"index","follow":"follow","max-snippet":"max-snippet:-1","max-image-preview":"max-image-preview:large","max-video-preview":"max-video-preview:-1"},"canonical":"https:\/\/meetgirl.ch\/it\/shibari-artistique-lausanne\/","og_locale":"it_IT","og_type":"article","og_title":"Shibari artistique Lausanne - Meetgirl - Annonces \u00e9rotiques - Escorts, massages et salons","og_description":"Vivez une s\u00e9ance de Shibari artistique \u00e0 Lausanne avec une escort experte. Sensualit\u00e9, esth\u00e9tique et cordes japonaises sur meetgirl.ch","og_url":"https:\/\/meetgirl.ch\/it\/shibari-artistique-lausanne\/","og_site_name":"Meetgirl - Annonces \u00e9rotiques - Escorts, massages et salons","article_modified_time":"2025-07-06T12:32:27+00:00","og_image":[{"width":1200,"height":675,"url":"https:\/\/meetgirl.ch\/wp-content\/uploads\/2025\/03\/meetgirl-yoast.jpg","type":"image\/jpeg"}],"twitter_card":"summary_large_image","twitter_misc":{"Tempo di lettura stimato":"2 minuti"},"schema":{"@context":"https:\/\/schema.org","@graph":[{"@type":"WebPage","@id":"https:\/\/meetgirl.ch\/shibari-artistique-lausanne\/","url":"https:\/\/meetgirl.ch\/shibari-artistique-lausanne\/","name":"Shibari artistico Lausanne - Meetgirl - Annunci erotici - Escort, massaggi e saloni di bellezza","isPartOf":{"@id":"https:\/\/meetgirl.ch\/#website"},"primaryImageOfPage":{"@id":"https:\/\/meetgirl.ch\/shibari-artistique-lausanne\/#primaryimage"},"image":{"@id":"https:\/\/meetgirl.ch\/shibari-artistique-lausanne\/#primaryimage"},"thumbnailUrl":"https:\/\/meetgirl.ch\/wp-content\/uploads\/2025\/05\/domina-geneve-3.jpg","datePublished":"2025-07-06T11:42:17+00:00","dateModified":"2025-07-06T12:32:27+00:00","description":"Provate una sessione di Shibari artistico a Losanna con una escort esperta. Sensualit\u00e0, estetica e corde giapponesi su meetgirl.ch","breadcrumb":{"@id":"https:\/\/meetgirl.ch\/shibari-artistique-lausanne\/#breadcrumb"},"inLanguage":"it-IT","potentialAction":[{"@type":"ReadAction","target":["https:\/\/meetgirl.ch\/shibari-artistique-lausanne\/"]}]},{"@type":"ImageObject","inLanguage":"it-IT","@id":"https:\/\/meetgirl.ch\/shibari-artistique-lausanne\/#primaryimage","url":"https:\/\/meetgirl.ch\/wp-content\/uploads\/2025\/05\/domina-geneve-3.jpg","contentUrl":"https:\/\/meetgirl.ch\/wp-content\/uploads\/2025\/05\/domina-geneve-3.jpg"},{"@type":"BreadcrumbList","@id":"https:\/\/meetgirl.ch\/shibari-artistique-lausanne\/#breadcrumb","itemListElement":[{"@type":"ListItem","position":1,"name":"Accueil","item":"https:\/\/meetgirl.ch\/"},{"@type":"ListItem","position":2,"name":"Shibari artistique Lausanne"}]},{"@type":"WebSite","@id":"https:\/\/meetgirl.ch\/#website","url":"https:\/\/meetgirl.ch\/","name":"MeetGirl - Annunci erotici Svizzera - Accompagnatrici, massaggi e saloni di bellezza","description":"Escort e massaggi erotici","publisher":{"@id":"https:\/\/meetgirl.ch\/#organization"},"alternateName":"Annuaire \u00e9rotique Suisse Escort \u00e0 Gen\u00e8ve, Lausanne, Valais, Neuch\u00e2tel","potentialAction":[{"@type":"SearchAction","target":{"@type":"EntryPoint","urlTemplate":"https:\/\/meetgirl.ch\/?s={search_term_string}"},"query-input":{"@type":"PropertyValueSpecification","valueRequired":true,"valueName":"search_term_string"}}],"inLanguage":"it-IT"},{"@type":"Organization","@id":"https:\/\/meetgirl.ch\/#organization","name":"Escort e massaggio erotico","alternateName":"Meetgirl escortes et masseuses","url":"https:\/\/meetgirl.ch\/","logo":{"@type":"ImageObject","inLanguage":"it-IT","@id":"https:\/\/meetgirl.ch\/#\/schema\/logo\/image\/","url":"https:\/\/meetgirl.ch\/wp-content\/uploads\/2024\/05\/cropped-meet-logo.png","contentUrl":"https:\/\/meetgirl.ch\/wp-content\/uploads\/2024\/05\/cropped-meet-logo.png","width":512,"height":512,"caption":"Escort et massage \u00e9rotique"},"image":{"@id":"https:\/\/meetgirl.ch\/#\/schema\/logo\/image\/"}}]}},"_links":{"self":[{"href":"https:\/\/meetgirl.ch\/it\/wp-json\/wp\/v2\/pages\/10619","targetHints":{"allow":["GET"]}}],"collection":[{"href":"https:\/\/meetgirl.ch\/it\/wp-json\/wp\/v2\/pages"}],"about":[{"href":"https:\/\/meetgirl.ch\/it\/wp-json\/wp\/v2\/types\/page"}],"author":[{"embeddable":true,"href":"https:\/\/meetgirl.ch\/it\/wp-json\/wp\/v2\/users\/3"}],"replies":[{"embeddable":true,"href":"https:\/\/meetgirl.ch\/it\/wp-json\/wp\/v2\/comments?post=10619"}],"version-history":[{"count":0,"href":"https:\/\/meetgirl.ch\/it\/wp-json\/wp\/v2\/pages\/10619\/revisions"}],"wp:attachment":[{"href":"https:\/\/meetgirl.ch\/it\/wp-json\/wp\/v2\/media?parent=10619"}],"curies":[{"name":"wp","href":"https:\/\/api.w.org\/{rel}","templated":true}]}}