{"id":123,"date":"2024-02-03T08:08:18","date_gmt":"2024-02-03T08:08:18","guid":{"rendered":"https:\/\/meet2.le-digital.ch\/explore-2-columns\/"},"modified":"2024-02-03T08:08:18","modified_gmt":"2024-02-03T08:08:18","slug":"explore-2-columns","status":"publish","type":"page","link":"https:\/\/meetgirl.ch\/it\/explore-2-columns\/","title":{"rendered":"Explore (2 columns)"},"content":{"rendered":"<div data-elementor-type=\"wp-page\" data-elementor-id=\"123\" class=\"elementor elementor-123 elementor-bc-flex-widget\">\n\t\t\t\t\t\t<section class=\"elementor-section elementor-top-section elementor-element elementor-element-e5ib7yy elementor-section-full_width elementor-section-height-default elementor-section-height-default\" data-id=\"e5ib7yy\" data-element_type=\"section\" data-settings=\"{&quot;jet_parallax_layout_list&quot;:[]}\">\n\t\t\t\t\t\t<div class=\"elementor-container elementor-column-gap-no\">\n\t\t\t\t\t<div class=\"elementor-column elementor-col-100 elementor-top-column elementor-element elementor-element-no7ij0f\" data-id=\"no7ij0f\" data-element_type=\"column\">\n\t\t\t<div class=\"elementor-widget-wrap elementor-element-populated\">\n\t\t\t\t\t\t<div class=\"elementor-element elementor-element-sea90f9 elementor-widget elementor-widget-case27-explore-widget\" data-id=\"sea90f9\" data-element_type=\"widget\" data-widget_type=\"case27-explore-widget.default\">\n\t\t\t\t<div class=\"elementor-widget-container\">\n\t\t\t\t\t\r\n\t\r\n<div v-cloak\r\n\t:class=\"['mobile-tab-'+state.mobileTab,mapExpanded?'map-expanded':'',loading?'loading-new-results':'']\"\r\n\tclass=\"cts-explore finder-container fc-type-1 finder-two-columns pages-pagination explore-types-topbar\"\r\n\tid=\"c27-explore-listings\"\r\n\t:style=\"containerStyles\"\r\n>\r\n\r\n\t\t\t\t\r\n\t\r\n\t<div @scroll=\"infiniteScroll\" class=\"fc-default\">\r\n\t\t<div class=\"finder-search min-scroll\" id=\"finderSearch\" :class=\"( state.mobileTab === 'filters' ? '' : 'visible-lg' )\">\r\n\t\t\t<div class=\"finder-tabs-wrapper\">\r\n\t\t\t\t\t\t\t<\/div>\r\n\t\t<\/div>\r\n\t\t<div class=\"finder-listings min-scroll\" @scroll=\"infiniteScroll\" id=\"finderListings\" :class=\"( state.mobileTab === 'results' ? '' : 'visible-lg' )\">\r\n\t\t\t<div class=\"fl-head\">\r\n\t\t\t\t<results-header inline-template>\t\t\t\t\t<div class=\"explore-desktop-head\" v-if=\"foundPosts !== 0\">\r\n\t\t\t\t\t\t\t\t\t\t\t\t\t<div class=\"load-previews-batch load-batch-icon\" :class=\"! hasPrevPage ? 'batch-unavailable' : ''\">\r\n\t\t\t\t\t\t\t\t<a aria-label=\"Carica i risultati precedenti\" href=\"#\" @click.prevent=\"getPrevPage\">\r\n\t\t\t\t\t\t\t\t\t<i class=\"material-icons arrow_back\"><\/i>\r\n\t\t\t\t\t\t\t\t<\/a>\r\n\t\t\t\t\t\t\t<\/div>\r\n\t\t\t\t\t\t\t<span href=\"#\" class=\"fl-results-no text-left\" v-cloak>\r\n\t\t\t\t\t\t\t\t<span class=\"rslt-nr\" v-html=\"resultCountText\"><\/span>\r\n\t\t\t\t\t\t\t<\/span>\r\n\t\t\t\t\t\t\t<div class=\"load-next-batch load-batch-icon\" :class=\"{ 'batch-unavailable': ! hasNextPage }\">\r\n\t\t\t\t\t\t\t\t<a aria-label=\"Carica i risultati successivi\" href=\"#\" @click.prevent=\"getNextPage\">\r\n\t\t\t\t\t\t\t\t\t<i class=\"material-icons arrow_forward\"><\/i>\r\n\t\t\t\t\t\t\t\t<\/a>\r\n\t\t\t\t\t\t\t<\/div>\r\n\t\t\t\t\t\t\t\t\t\t\t\t\r\n\t\t\t\t\t\t\t\t\t\t\t\t\t<a href=\"#\" class=\"expand-map-btn\" v-if=\"!$root.isMobile && !$root.mapExpanded\"\t@click.prevent=\"$root.toggleMap(true)\">\r\n\t\t\t\t\t\t\t\t<i class=\"mi map\"><\/i>\r\n\t\t\t\t\t\t\t\t<span>Vista sulla mappa<\/span>\r\n\t\t\t\t\t\t\t<\/a>\r\n\t\t\t\t\t\t\t\t\t\t\t<\/div>\r\n\t\t\t\t<\/results-header>\t\t\t<\/div>\r\n\t\t\t\t\t\t\t<div class=\"results-view\" :class=\"isotope ? 'grid' : ''\" v-show=\"!loading && found_posts !== 0\"><\/div>\r\n\t\t\t\r\n\t\t\t<div class=\"no-results-wrapper\" v-show=\"!loading && found_posts === 0\">\r\n\t\t\t\t<i class=\"no-results-icon mi mood_bad\"><\/i>\r\n\t\t\t\t<li role=\"presentation\" class=\"no_job_listings_found\">\r\n\t\t\t\t\tNon ci sono annunci corrispondenti alla tua ricerca.\t\t\t\t\t<a href=\"#\" class=\"reset-results-27 full-width\" @click.prevent=\"resetFilters($event); getListings('reset', true);\">\r\n\t\t\t\t\t\t<i class=\"mi refresh\"><\/i>\r\n\t\t\t\t\t\tAzzeramento dei filtri\t\t\t\t\t<\/a>\r\n\t\t\t\t<\/li>\r\n\t\t\t<\/div>\r\n\t\t\t<div class=\"loader-bg\" v-show=\"loading\">\r\n\t\t\t\t\r\n<div class=\"paper-spinner center-vh\" style=\"width: 28px; height: 28px;\">\r\n\t<div class=\"spinner-container active\">\r\n\t\t<div class=\"spinner-layer layer-1\" style=\"border-color: #777;\">\r\n\t\t\t<div class=\"circle-clipper left\">\r\n\t\t\t\t<div class=\"circle\" style=\"border-width: 3px;\"><\/div>\r\n\t\t\t<\/div><div class=\"gap-patch\">\r\n\t\t\t\t<div class=\"circle\" style=\"border-width: 3px;\"><\/div>\r\n\t\t\t<\/div><div class=\"circle-clipper right\">\r\n\t\t\t\t<div class=\"circle\" style=\"border-width: 3px;\"><\/div>\r\n\t\t\t<\/div>\r\n\t\t<\/div>\r\n\t<\/div>\r\n<\/div>\t\t\t<\/div>\r\n\t\t\t\t\t\t\t<div class=\"col-md-12 center-button pagination c27-explore-pagination\" v-show=\"!loading\"><\/div>\r\n\t\t\t\t\t<\/div>\r\n\t<\/div>\r\n\r\n\t<div class=\"compare-bar\" v-if=\"compare.length >= 2\">\r\n\t<a href=\"#\" class=\"buttons button-2\" @click.prevent=\"_compareListing()\">\r\n\t\t<i title=\"mi confronta\" class=\"mi compare\"><\/i>\r\n\t\tConfronta gli articoli\t\t<span>({{ compare.length }})<\/span>\r\n\t<\/a>\r\n\t<a href=\"#\" class=\"buttons button-5\" @click.prevent=\"_clearCompareListing()\">\r\n\t\tAnnullamento\t<\/a>\r\n<\/div>\r\n\t<div class=\"finder-map\" id=\"finderMap\" :class=\"{'map-mobile-visible':state.mobileTab==='map'}\">\r\n\t\t<div\r\n\t\t\tclass=\"map c27-map mylisting-map-loading\"\r\n\t\t\tid=\"map__69f4f1e201bc4\"\r\n\t\t\tdata-options=\"{&quot;skin&quot;:&quot;skin3&quot;,&quot;scrollwheel&quot;:&quot;&quot;,&quot;zoom&quot;:11,&quot;minZoom&quot;:2,&quot;maxZoom&quot;:18,&quot;defaultLat&quot;:51.492,&quot;defaultLng&quot;:-0.13}\"\r\n\t\t>\r\n\t\t<\/div>\r\n\t\t\t<div class=\"mapdrag-switch\" :class=\"{'mb-skin': mapProvider === 'mapbox'}\">\r\n\t\t<div class=\"md-checkbox\">\r\n\t\t\t<input type=\"checkbox\" v-model=\"dragSearch\" id=\"explore-drag-toggle\">\r\n\t\t\t<label for=\"explore-drag-toggle\">Ricerca mentre muovo la mappa<\/label>\r\n\t\t<\/div>\r\n\t<\/div>\r\n\t\t\t\t\t<a href=\"#\" class=\"collapse-map-btn\" v-if=\"!isMobile && mapExpanded\"\r\n\t\t\t\t@click.prevent=\"$root.toggleMap(false)\">\r\n\t\t\t\t<i class=\"mi view_agenda\"><\/i>\r\n\t\t\t\t<span>Vista elenco<\/span>\r\n\t\t\t<\/a>\r\n\t\t\t<\/div>\r\n\t<div style=\"display: none;\">\r\n\t\t<div id=\"explore-map-location-ctrl\" title=\"Fare clic per visualizzare la propria posizione\">\r\n\t\t\t<i class=\"mi my_location\"><\/i>\r\n\t\t<\/div>\r\n\t<\/div>\r\n\r\n\t<div class=\"explore-mobile-nav\">\r\n\t<ul class=\"nav nav-tabs\">\r\n\t\t<li class=\"show-results\" :class=\"state.mobileTab === 'results' ? 'active' : ''\">\r\n\t\t\t<a href=\"#\" @click.prevent=\"state.mobileTab = 'results';\">\r\n\t\t\t\t<i class=\"mi view_agenda\"><\/i>\r\n\t\t\t\t<span>Vista elenco<\/span>\r\n\t\t\t<\/a>\r\n\t\t<\/li>\r\n\r\n\t\t\t\t\t<li class=\"show-map\" :class=\"state.mobileTab === 'map' ? 'active' : ''\" v-if=\"map\">\r\n\t\t\t\t<a href=\"#\" @click.prevent=\"state.mobileTab = 'map'; this.window.scrollTo(0,0);\">\r\n\t\t\t\t\t<i class=\"fa fa-map-marked-alt\"><\/i>\r\n\t\t\t\t\t<span>Vista sulla mappa<\/span>\r\n\t\t\t\t<\/a>\r\n\t\t\t<\/li>\r\n\t\t\t<\/ul>\r\n<\/div><\/div>\r\n\r\n<script type=\"text\/javascript\">\r\n\tvar CASE27_Explore_Settings = {\r\n\t\tListingWrap: \"col-md-12 grid-item\",\r\n\t\tActiveMobileTab: \"results\",\r\n\t\tScrollToResults: false,\r\n\t\tMap: {\"default_lat\":51.492,\"default_lng\":-0.13,\"default_zoom\":11,\"min_zoom\":2,\"max_zoom\":18,\"skin\":\"skin3\",\"scrollwheel\":\"\"},\r\n\t\tCircleColor: {\"circle_color\":\"#B7BABE\",\"circle_opacity\":0.1,\"circle_border_color\":\"#B7BABE\",\"circle_border_opacity\":0.3},\r\n\t\tIsFirstLoad: true,\r\n\t\tDisableIsotope: false,\r\n\t\tDisableLiveUrlUpdate: false,\r\n\t\tDragSearchEnabled: true,\r\n\t\tDragSearchLabel: \"Visible map area\",\r\n\t\tTermSettings: {\"count\":10},\r\n\t\tListingTypes: [],\r\n\t\tExplorePage: null,\r\n\t\tActiveListingType: null,\r\n\t\tTermCache: {},\r\n\t\tCache: {},\r\n\t\tScrollPosition: 0,\r\n\t\tTemplate: \"explore-1\",\r\n\t\tPagination: \"pages\",\r\n\t\tInfiniteScroll: false,\r\n\t\tDisplayAd: false,\r\n\t\tAdPublisherID: \"\",\r\n\t\tAdSlotID: \"\",\r\n\t\tAdInterval: \"\"\t};\r\n<\/script>\r\n\r\n\r\n\t\t\t\t<\/div>\n\t\t\t\t<\/div>\n\t\t\t\t\t<\/div>\n\t\t<\/div>\n\t\t\t\t\t<\/div>\n\t\t<\/section>\n\t\t\t\t<\/div>","protected":false},"excerpt":{"rendered":"","protected":false},"author":1,"featured_media":0,"parent":0,"menu_order":0,"comment_status":"closed","ping_status":"closed","template":"","meta":{"footnotes":""},"class_list":["post-123","page","type-page","status-publish","hentry"],"acf":[],"yoast_head":"<!-- This site is optimized with the Yoast SEO plugin v26.0 - https:\/\/yoast.com\/wordpress\/plugins\/seo\/ -->\n<title>Explore (2 columns) - Meetgirl - Annonces \u00e9rotiques - Escorts, massages et salons<\/title>\n<meta name=\"robots\" content=\"index, follow, max-snippet:-1, max-image-preview:large, max-video-preview:-1\" \/>\n<link rel=\"canonical\" href=\"https:\/\/meetgirl.ch\/it\/explore-2-columns\/\" \/>\n<meta property=\"og:locale\" content=\"it_IT\" \/>\n<meta property=\"og:type\" content=\"article\" \/>\n<meta property=\"og:title\" content=\"Explore (2 columns) - Meetgirl - Annonces \u00e9rotiques - Escorts, massages et salons\" \/>\n<meta property=\"og:url\" content=\"https:\/\/meetgirl.ch\/it\/explore-2-columns\/\" \/>\n<meta property=\"og:site_name\" content=\"Meetgirl - Annonces \u00e9rotiques - Escorts, massages et salons\" \/>\n<meta property=\"og:image\" content=\"https:\/\/meetgirl.ch\/wp-content\/uploads\/2025\/03\/meetgirl-yoast.jpg\" \/>\n\t<meta property=\"og:image:width\" content=\"1200\" \/>\n\t<meta property=\"og:image:height\" content=\"675\" \/>\n\t<meta property=\"og:image:type\" content=\"image\/jpeg\" \/>\n<meta name=\"twitter:card\" content=\"summary_large_image\" \/>\n<script type=\"application\/ld+json\" class=\"yoast-schema-graph\">{\"@context\":\"https:\/\/schema.org\",\"@graph\":[{\"@type\":\"WebPage\",\"@id\":\"https:\/\/meetgirl.ch\/explore-2-columns\/\",\"url\":\"https:\/\/meetgirl.ch\/explore-2-columns\/\",\"name\":\"Explore (2 columns) - Meetgirl - Annonces \u00e9rotiques - Escorts, massages et salons\",\"isPartOf\":{\"@id\":\"https:\/\/meetgirl.ch\/#website\"},\"datePublished\":\"2024-02-03T08:08:18+00:00\",\"breadcrumb\":{\"@id\":\"https:\/\/meetgirl.ch\/explore-2-columns\/#breadcrumb\"},\"inLanguage\":\"it-IT\",\"potentialAction\":[{\"@type\":\"ReadAction\",\"target\":[\"https:\/\/meetgirl.ch\/explore-2-columns\/\"]}]},{\"@type\":\"BreadcrumbList\",\"@id\":\"https:\/\/meetgirl.ch\/explore-2-columns\/#breadcrumb\",\"itemListElement\":[{\"@type\":\"ListItem\",\"position\":1,\"name\":\"Accueil\",\"item\":\"https:\/\/meetgirl.ch\/\"},{\"@type\":\"ListItem\",\"position\":2,\"name\":\"Explore (2 columns)\"}]},{\"@type\":\"WebSite\",\"@id\":\"https:\/\/meetgirl.ch\/#website\",\"url\":\"https:\/\/meetgirl.ch\/\",\"name\":\"MeetGirl - Annonces \u00e9rotiques Suisse - Escorts, massages et salons\",\"description\":\"Escorts et massages \u00e9rotiques\",\"publisher\":{\"@id\":\"https:\/\/meetgirl.ch\/#organization\"},\"alternateName\":\"Annuaire \u00e9rotique Suisse Escort \u00e0 Gen\u00e8ve, Lausanne, Valais, Neuch\u00e2tel\",\"potentialAction\":[{\"@type\":\"SearchAction\",\"target\":{\"@type\":\"EntryPoint\",\"urlTemplate\":\"https:\/\/meetgirl.ch\/?s={search_term_string}\"},\"query-input\":{\"@type\":\"PropertyValueSpecification\",\"valueRequired\":true,\"valueName\":\"search_term_string\"}}],\"inLanguage\":\"it-IT\"},{\"@type\":\"Organization\",\"@id\":\"https:\/\/meetgirl.ch\/#organization\",\"name\":\"Escort et massage \u00e9rotique\",\"alternateName\":\"Meetgirl escortes et masseuses\",\"url\":\"https:\/\/meetgirl.ch\/\",\"logo\":{\"@type\":\"ImageObject\",\"inLanguage\":\"it-IT\",\"@id\":\"https:\/\/meetgirl.ch\/#\/schema\/logo\/image\/\",\"url\":\"https:\/\/meetgirl.ch\/wp-content\/uploads\/2024\/05\/cropped-meet-logo.png\",\"contentUrl\":\"https:\/\/meetgirl.ch\/wp-content\/uploads\/2024\/05\/cropped-meet-logo.png\",\"width\":512,\"height\":512,\"caption\":\"Escort et massage \u00e9rotique\"},\"image\":{\"@id\":\"https:\/\/meetgirl.ch\/#\/schema\/logo\/image\/\"}}]}<\/script>\n<!-- \/ Yoast SEO plugin. -->","yoast_head_json":{"title":"Explore (2 columns) - Meetgirl - Annonces \u00e9rotiques - Escorts, massages et salons","robots":{"index":"index","follow":"follow","max-snippet":"max-snippet:-1","max-image-preview":"max-image-preview:large","max-video-preview":"max-video-preview:-1"},"canonical":"https:\/\/meetgirl.ch\/it\/explore-2-columns\/","og_locale":"it_IT","og_type":"article","og_title":"Explore (2 columns) - Meetgirl - Annonces \u00e9rotiques - Escorts, massages et salons","og_url":"https:\/\/meetgirl.ch\/it\/explore-2-columns\/","og_site_name":"Meetgirl - Annonces \u00e9rotiques - Escorts, massages et salons","og_image":[{"width":1200,"height":675,"url":"https:\/\/meetgirl.ch\/wp-content\/uploads\/2025\/03\/meetgirl-yoast.jpg","type":"image\/jpeg"}],"twitter_card":"summary_large_image","schema":{"@context":"https:\/\/schema.org","@graph":[{"@type":"WebPage","@id":"https:\/\/meetgirl.ch\/explore-2-columns\/","url":"https:\/\/meetgirl.ch\/explore-2-columns\/","name":"Explore (2 columns) - Meetgirl - Annonces \u00e9rotiques - Escorts, massages et salons","isPartOf":{"@id":"https:\/\/meetgirl.ch\/#website"},"datePublished":"2024-02-03T08:08:18+00:00","breadcrumb":{"@id":"https:\/\/meetgirl.ch\/explore-2-columns\/#breadcrumb"},"inLanguage":"it-IT","potentialAction":[{"@type":"ReadAction","target":["https:\/\/meetgirl.ch\/explore-2-columns\/"]}]},{"@type":"BreadcrumbList","@id":"https:\/\/meetgirl.ch\/explore-2-columns\/#breadcrumb","itemListElement":[{"@type":"ListItem","position":1,"name":"Accueil","item":"https:\/\/meetgirl.ch\/"},{"@type":"ListItem","position":2,"name":"Explore (2 columns)"}]},{"@type":"WebSite","@id":"https:\/\/meetgirl.ch\/#website","url":"https:\/\/meetgirl.ch\/","name":"MeetGirl - Annunci erotici Svizzera - Accompagnatrici, massaggi e saloni di bellezza","description":"Escort e massaggi erotici","publisher":{"@id":"https:\/\/meetgirl.ch\/#organization"},"alternateName":"Annuaire \u00e9rotique Suisse Escort \u00e0 Gen\u00e8ve, Lausanne, Valais, Neuch\u00e2tel","potentialAction":[{"@type":"SearchAction","target":{"@type":"EntryPoint","urlTemplate":"https:\/\/meetgirl.ch\/?s={search_term_string}"},"query-input":{"@type":"PropertyValueSpecification","valueRequired":true,"valueName":"search_term_string"}}],"inLanguage":"it-IT"},{"@type":"Organization","@id":"https:\/\/meetgirl.ch\/#organization","name":"Escort e massaggio erotico","alternateName":"Meetgirl escortes et masseuses","url":"https:\/\/meetgirl.ch\/","logo":{"@type":"ImageObject","inLanguage":"it-IT","@id":"https:\/\/meetgirl.ch\/#\/schema\/logo\/image\/","url":"https:\/\/meetgirl.ch\/wp-content\/uploads\/2024\/05\/cropped-meet-logo.png","contentUrl":"https:\/\/meetgirl.ch\/wp-content\/uploads\/2024\/05\/cropped-meet-logo.png","width":512,"height":512,"caption":"Escort et massage \u00e9rotique"},"image":{"@id":"https:\/\/meetgirl.ch\/#\/schema\/logo\/image\/"}}]}},"_links":{"self":[{"href":"https:\/\/meetgirl.ch\/it\/wp-json\/wp\/v2\/pages\/123","targetHints":{"allow":["GET"]}}],"collection":[{"href":"https:\/\/meetgirl.ch\/it\/wp-json\/wp\/v2\/pages"}],"about":[{"href":"https:\/\/meetgirl.ch\/it\/wp-json\/wp\/v2\/types\/page"}],"author":[{"embeddable":true,"href":"https:\/\/meetgirl.ch\/it\/wp-json\/wp\/v2\/users\/1"}],"replies":[{"embeddable":true,"href":"https:\/\/meetgirl.ch\/it\/wp-json\/wp\/v2\/comments?post=123"}],"version-history":[{"count":0,"href":"https:\/\/meetgirl.ch\/it\/wp-json\/wp\/v2\/pages\/123\/revisions"}],"wp:attachment":[{"href":"https:\/\/meetgirl.ch\/it\/wp-json\/wp\/v2\/media?parent=123"}],"curies":[{"name":"wp","href":"https:\/\/api.w.org\/{rel}","templated":true}]}}