{"id":12789,"date":"2025-08-17T13:29:41","date_gmt":"2025-08-17T13:29:41","guid":{"rendered":"https:\/\/meetgirl.ch\/?page_id=12789"},"modified":"2025-08-17T13:33:52","modified_gmt":"2025-08-17T13:33:52","slug":"escort-soumise-fribourg","status":"publish","type":"page","link":"https:\/\/meetgirl.ch\/it\/escort-soumise-fribourg\/","title":{"rendered":"Escort soumise \u00e0 Fribourg \u2013 Rencontres hard et confidentielles"},"content":{"rendered":"<div data-elementor-type=\"wp-page\" data-elementor-id=\"12789\" class=\"elementor elementor-12789\">\n\t\t\t\t<div class=\"elementor-element elementor-element-a055424 e-flex e-con-boxed e-con e-parent\" data-id=\"a055424\" data-element_type=\"container\" data-settings=\"{&quot;jet_parallax_layout_list&quot;:[]}\">\n\t\t\t\t\t<div class=\"e-con-inner\">\n\t\t\t\t<div class=\"elementor-element elementor-element-c2a174b elementor-widget elementor-widget-case27-listing-feed-widget\" data-id=\"c2a174b\" data-element_type=\"widget\" data-widget_type=\"case27-listing-feed-widget.default\">\n\t\t\t\t<div class=\"elementor-widget-container\">\n\t\t\t\t\t\t\t<section class=\"i-section listing-feed\">\r\n\t\t<div class=\"container-fluid\">\r\n\t\t\t<div class=\"row section-body grid\">\r\n\t\t\t\t\t\t\t\t\t<div class=\"col-lg-4 col-md-4 col-sm-6 col-xs-12 grid-item\"><div class=\"lf-item-container listing-preview type-independante no-logo has-tagline no-info-fields level-promoted priority-2\" data-id=\"listing-id-16570\" data-category-icon=\"\t&lt;i class=&quot;mi bookmark_border&quot; style=&quot;color: #fff; background: #f67675; &quot;&gt;&lt;\/i&gt;\t\" data-category-color=\"#f67675\" data-category-text-color=\"#fff\" data-thumbnail=\"https:\/\/meetgirl.ch\/wp-content\/themes\/my-listing\/assets\/images\/marker.jpg\" data-marker=\"https:\/\/meetgirl.ch\/wp-content\/themes\/my-listing\/assets\/images\/marker.jpg\" data-template=\"default\" data-locations=\"[{&quot;address&quot;:&quot;Fribourg, canton de Fribourg, Suisse&quot;,&quot;lat&quot;:&quot;46.80445&quot;,&quot;lng&quot;:&quot;7.15434&quot;}]\"\n><div class=\"lf-item lf-item-default\" data-template=\"default\"> <a href=\"https:\/\/meetgirl.ch\/it\/accompagnatori-2\/chantale334\/\"> <div class=\"overlay\" style=\" background-color: #242429; opacity: 0;\"><\/div> <div class=\"lf-background\" style=\"background-image: url('https:\/\/meetgirl.ch\/wp-content\/uploads\/listing-uploads\/cover\/2025\/11\/ZA1-1.jpg');\"><\/div> <div class=\"lf-item-info\"> <h4 class=\"case27-primary-text listing-preview-title\"> Chantale334 <\/h4> <\/div> <\/a> <div class=\"lf-head level-promoted\"> <span class=\"tooltip-element tooltip-bottom\"> <div class=\"lf-head-btn ad-badge\"> <span><i class=\"icon-flash\"><\/i><\/span> <\/div> <span class=\"tooltip-container\">Promosso<\/span> <\/span> <\/div> <\/div> <div class=\"listing-details-3 c27-footer-section\"> <ul class=\"details-list no-list-style\"> <li class=\"\" > <span>Friburgo <\/span> <\/li> <li class=\"\" > <span> <div class=\"codicts-online-status\"><span class=\"codicts-dot cdtsols-offline\"><\/span> <span class=\"cdtsols-txt\">-24H<\/span><\/div> <\/span> <\/li> <\/ul> <\/div> <div class=\"listing-details-3 c27-footer-section\"> <ul class=\"details-list no-list-style\"> <li class=\"\" > <span>Sexy <\/span> <\/li> <\/ul> <\/div> <\/div><\/div>\t\t\t\t\t\t\t\t\t<div class=\"col-lg-4 col-md-4 col-sm-6 col-xs-12 grid-item\"><div class=\"lf-item-container listing-preview type-independante no-logo has-tagline no-info-fields level-promoted priority-2\" data-id=\"listing-id-16565\" data-category-icon=\"\t&lt;i class=&quot;mi bookmark_border&quot; style=&quot;color: #fff; background: #f67675; &quot;&gt;&lt;\/i&gt;\t\" data-category-color=\"#f67675\" data-category-text-color=\"#fff\" data-thumbnail=\"https:\/\/meetgirl.ch\/wp-content\/themes\/my-listing\/assets\/images\/marker.jpg\" data-marker=\"https:\/\/meetgirl.ch\/wp-content\/themes\/my-listing\/assets\/images\/marker.jpg\" data-template=\"default\" data-locations=\"[{&quot;address&quot;:&quot;Fribourg, canton de Fribourg, Suisse&quot;,&quot;lat&quot;:&quot;46.80445&quot;,&quot;lng&quot;:&quot;7.15434&quot;}]\"\n><div class=\"lf-item lf-item-default\" data-template=\"default\"> <a href=\"https:\/\/meetgirl.ch\/it\/accompagnatori-2\/christina-5542\/\"> <div class=\"overlay\" style=\" background-color: #242429; opacity: 0;\"><\/div> <div class=\"lf-background\" style=\"background-image: url('https:\/\/meetgirl.ch\/wp-content\/uploads\/listing-uploads\/cover\/2025\/11\/IMG-20201104-WA0039.jpg');\"><\/div> <div class=\"lf-item-info\"> <h4 class=\"case27-primary-text listing-preview-title\"> Christina 5542 <\/h4> <\/div> <\/a> <div class=\"lf-head level-promoted\"> <span class=\"tooltip-element tooltip-bottom\"> <div class=\"lf-head-btn ad-badge\"> <span><i class=\"icon-flash\"><\/i><\/span> <\/div> <span class=\"tooltip-container\">Promosso<\/span> <\/span> <\/div> <\/div> <div class=\"listing-details-3 c27-footer-section\"> <ul class=\"details-list no-list-style\"> <li class=\"\" > <span>Friburgo <\/span> <\/li> <li class=\"\" > <span> <div class=\"codicts-online-status\"><span class=\"codicts-dot cdtsols-offline\"><\/span> <span class=\"cdtsols-txt\">-24H<\/span><\/div> <\/span> <\/li> <\/ul> <\/div> <div class=\"listing-details-3 c27-footer-section\"> <ul class=\"details-list no-list-style\"> <li class=\"\" > <span>Disponibile presso <\/span> <\/li> <\/ul> <\/div> <\/div><\/div>\t\t\t\t\t\t\t\t\t<div class=\"col-lg-4 col-md-4 col-sm-6 col-xs-12 grid-item\"><div class=\"lf-item-container listing-preview type-independante no-logo has-tagline no-info-fields level-promoted priority-2\" data-id=\"listing-id-11157\" data-category-icon=\"\t&lt;i class=&quot;mi bookmark_border&quot; style=&quot;color: #fff; background: #f67675; &quot;&gt;&lt;\/i&gt;\t\" data-category-color=\"#f67675\" data-category-text-color=\"#fff\" data-thumbnail=\"https:\/\/meetgirl.ch\/wp-content\/themes\/my-listing\/assets\/images\/marker.jpg\" data-marker=\"https:\/\/meetgirl.ch\/wp-content\/themes\/my-listing\/assets\/images\/marker.jpg\" data-template=\"default\" data-locations=\"[{&quot;address&quot;:&quot;Bulle, canton de Fribourg, Suisse&quot;,&quot;lat&quot;:&quot;46.61919&quot;,&quot;lng&quot;:&quot;7.05757&quot;}]\"\n><div class=\"lf-item lf-item-default\" data-template=\"default\"> <a href=\"https:\/\/meetgirl.ch\/it\/accompagnatori-2\/bottino-caldo%f0%9f%94%a5\/\"> <div class=\"overlay\" style=\" background-color: #242429; opacity: 0;\"><\/div> <div class=\"lf-background\" style=\"background-image: url('https:\/\/meetgirl.ch\/wp-content\/uploads\/listing-uploads\/cover\/2025\/07\/Internet_20250711_175358_29.jpeg');\"><\/div> <div class=\"lf-item-info\"> <h4 class=\"case27-primary-text listing-preview-title\"> Sesso bollente\ud83d\udd25 <\/h4> <\/div> <\/a> <div class=\"lf-head level-promoted\"> <span class=\"tooltip-element tooltip-bottom\"> <div class=\"lf-head-btn ad-badge\"> <span><i class=\"icon-flash\"><\/i><\/span> <\/div> <span class=\"tooltip-container\">Promosso<\/span> <\/span> <\/div> <\/div> <div class=\"listing-details-3 c27-footer-section\"> <ul class=\"details-list no-list-style\"> <li class=\"\" > <span>Bolla <\/span> <\/li> <li class=\"\" > <span> <div class=\"codicts-online-status\"><span class=\"codicts-dot cdtsols-offline\"><\/span> <span class=\"cdtsols-txt\">-24H<\/span><\/div> <\/span> <\/li> <\/ul> <\/div> <div class=\"listing-details-3 c27-footer-section\"> <ul class=\"details-list no-list-style\"> <li class=\"\" > <span>discreto <\/span> <\/li> <\/ul> <\/div> <\/div><\/div>\t\t\t\t\t\t\t<\/div>\r\n\t\t<\/div>\r\n\t<\/section>\r\n\r\n\t\t\t\t<\/div>\n\t\t\t\t<\/div>\n\t\t\t\t\t<\/div>\n\t\t\t\t<\/div>\n\t\t<div class=\"elementor-element elementor-element-fc0ac61 e-flex e-con-boxed e-con e-parent\" data-id=\"fc0ac61\" data-element_type=\"container\" data-settings=\"{&quot;jet_parallax_layout_list&quot;:[]}\">\n\t\t\t\t\t<div class=\"e-con-inner\">\n\t\t\t\t<div class=\"elementor-element elementor-element-93f235f elementor-widget elementor-widget-text-editor\" data-id=\"93f235f\" data-element_type=\"widget\" data-widget_type=\"text-editor.default\">\n\t\t\t\t<div class=\"elementor-widget-container\">\n\t\t\t\t\t\t\t\t\t<section style=\"padding:40px 20px; background-color:#222; font-family:Arial,sans-serif; color:#ffffff;\">\n  <div style=\"max-width:1000px; margin:0 auto;\">\n\n    <!-- Intro teaser -->\n    <p style=\"font-size:16px; line-height:1.6; text-align:center; margin-bottom:20px;\">\n      Scoprite esperienze intense con i nostri <strong>escort sottomesse a Fribourg<\/strong>. Questi incontri hot e hard sono pensati per chi vuole esplorare le proprie fantasie in un ambiente discreto e sicuro. I nostri esperti professionisti si adatteranno ai vostri desideri pi\u00f9 audaci, che siate principianti o intenditori.\n    <\/p>\n\n    <!-- Les avantages -->\n    <h2 style=\"color:#ff69b4; font-size:28px; margin-bottom:15px;\">Perch\u00e9 scegliere una escort sottomessa a Fribourg?<\/h2>\n    <p style=\"font-size:16px; line-height:1.6; margin-bottom:15px;\">\n      Le nostre escort sottomesse a Friburgo offrono esperienze uniche che combinano piacere, giochi di ruolo e sensazioni estreme. Ogni sessione \u00e8 personalizzata per stimolare i vostri desideri, rispettare i vostri limiti e immergervi in un mondo sensuale e hard, in totale sicurezza e riservatezza.\n    <\/p>\n\n    <!-- Types de prestations -->\n    <h2 style=\"color:#ff69b4; font-size:28px; margin-bottom:15px;\">Servizi offerti<\/h2>\n    <p style=\"font-size:16px; line-height:1.6; margin-bottom:15px;\">\n      Le esperienze offerte includono:\n    <\/p>\n    <ul style=\"font-size:16px; line-height:1.6; margin-bottom:20px;\">\n      <li>Giochi di dominazione e sottomissione per soddisfare le vostre fantasie<\/li>\n      <li>Massaggi sessuali duri e sensuali<\/li>\n      <li>Scenari di bondage, sculacciate e BDSM<\/li>\n      <li>Giochi di ruolo estremi ed esperienze personalizzate<\/li>\n      <li>Incontri a Friburgo, Conthey e dintorni<\/li>\n    <\/ul>\n\n    <!-- Discr\u00e9tion et s\u00e9curit\u00e9 -->\n    <h2 style=\"color:#ff69b4; font-size:28px; margin-bottom:15px;\">Discrezione e sicurezza<\/h2>\n    <p style=\"font-size:16px; line-height:1.6; margin-bottom:15px;\">\n      Ogni incontro si svolge nella massima riservatezza. Grazie alla sicurezza e alla discrezione, potrete godervi appieno l'esperienza, sia nel centro citt\u00e0 che a Conthey o nei dintorni.\n    <\/p>\n\n    <!-- Comment r\u00e9server -->\n    <h2 style=\"color:#ff69b4; font-size:28px; margin-bottom:15px;\">Prenota la tua escort sottomessa a Fribourg<\/h2>\n    <p style=\"font-size:16px; line-height:1.6; margin-bottom:20px;\">\n      Per una sessione intensa, rispettosa e personalizzata, scoprite i nostri <a href=\"https:\/\/meetgirl.ch\/it\/massaggio-sessuale-friburgo\/\" style=\"color:#ff69b4; text-decoration:underline; font-weight:bold;\">escort a Fribourg<\/a>. Concedetevi un momento di piacere, dominazione e sensualit\u00e0 estrema, pensato per le vostre fantasie e la vostra totale soddisfazione.\n    <\/p>\n\n  <\/div>\n<\/section>\n\t\t\t\t\t\t\t\t<\/div>\n\t\t\t\t<\/div>\n\t\t\t\t\t<\/div>\n\t\t\t\t<\/div>\n\t\t\t\t<\/div>","protected":false},"excerpt":{"rendered":"<p>D\u00e9couvrez des exp\u00e9riences intenses avec nos escortes soumises \u00e0 Fribourg. Ces rencontres hot et hard sont con\u00e7ues pour ceux qui souhaitent explorer leurs fantasmes dans un cadre discret et s\u00e9curis\u00e9. Nos professionnelles exp\u00e9riment\u00e9es s\u2019adaptent \u00e0 vos d\u00e9sirs les plus audacieux, que vous soyez d\u00e9butant ou connaisseur. Pourquoi choisir une escort soumise \u00e0 Fribourg ? Nos [&hellip;]<\/p>","protected":false},"author":3,"featured_media":0,"parent":0,"menu_order":0,"comment_status":"closed","ping_status":"closed","template":"","meta":{"footnotes":""},"class_list":["post-12789","page","type-page","status-publish","hentry"],"acf":[],"yoast_head":"<!-- This site is optimized with the Yoast SEO plugin v26.0 - https:\/\/yoast.com\/wordpress\/plugins\/seo\/ -->\n<title>Escort soumise \u00e0 Fribourg \u2013 Rencontres hard et confidentielles - Meetgirl - Annonces \u00e9rotiques - Escorts, massages et salons<\/title>\n<meta name=\"description\" content=\"D\u00e9couvrez nos escortes soumises \u00e0 Fribourg pour des rencontres hot et hard, discr\u00e8tes et personnalis\u00e9es. Vivez vos fantasmes\" \/>\n<meta name=\"robots\" content=\"index, follow, max-snippet:-1, max-image-preview:large, max-video-preview:-1\" \/>\n<link rel=\"canonical\" href=\"https:\/\/meetgirl.ch\/it\/escort-soumise-fribourg\/\" \/>\n<meta property=\"og:locale\" content=\"it_IT\" \/>\n<meta property=\"og:type\" content=\"article\" \/>\n<meta property=\"og:title\" content=\"Escort soumise \u00e0 Fribourg \u2013 Rencontres hard et confidentielles - Meetgirl - Annonces \u00e9rotiques - Escorts, massages et salons\" \/>\n<meta property=\"og:description\" content=\"D\u00e9couvrez nos escortes soumises \u00e0 Fribourg pour des rencontres hot et hard, discr\u00e8tes et personnalis\u00e9es. Vivez vos fantasmes\" \/>\n<meta property=\"og:url\" content=\"https:\/\/meetgirl.ch\/it\/escort-soumise-fribourg\/\" \/>\n<meta property=\"og:site_name\" content=\"Meetgirl - Annonces \u00e9rotiques - Escorts, massages et salons\" \/>\n<meta property=\"article:modified_time\" content=\"2025-08-17T13:33:52+00:00\" \/>\n<meta property=\"og:image\" content=\"https:\/\/meetgirl.ch\/wp-content\/uploads\/2025\/03\/meetgirl-yoast.jpg\" \/>\n\t<meta property=\"og:image:width\" content=\"1200\" \/>\n\t<meta property=\"og:image:height\" content=\"675\" \/>\n\t<meta property=\"og:image:type\" content=\"image\/jpeg\" \/>\n<meta name=\"twitter:card\" content=\"summary_large_image\" \/>\n<meta name=\"twitter:label1\" content=\"Tempo di lettura stimato\" \/>\n\t<meta name=\"twitter:data1\" content=\"2 minuti\" \/>\n<script type=\"application\/ld+json\" class=\"yoast-schema-graph\">{\"@context\":\"https:\/\/schema.org\",\"@graph\":[{\"@type\":\"WebPage\",\"@id\":\"https:\/\/meetgirl.ch\/escort-soumise-fribourg\/\",\"url\":\"https:\/\/meetgirl.ch\/escort-soumise-fribourg\/\",\"name\":\"Escort soumise \u00e0 Fribourg \u2013 Rencontres hard et confidentielles - Meetgirl - Annonces \u00e9rotiques - Escorts, massages et salons\",\"isPartOf\":{\"@id\":\"https:\/\/meetgirl.ch\/#website\"},\"datePublished\":\"2025-08-17T13:29:41+00:00\",\"dateModified\":\"2025-08-17T13:33:52+00:00\",\"description\":\"D\u00e9couvrez nos escortes soumises \u00e0 Fribourg pour des rencontres hot et hard, discr\u00e8tes et personnalis\u00e9es. Vivez vos fantasmes\",\"breadcrumb\":{\"@id\":\"https:\/\/meetgirl.ch\/escort-soumise-fribourg\/#breadcrumb\"},\"inLanguage\":\"it-IT\",\"potentialAction\":[{\"@type\":\"ReadAction\",\"target\":[\"https:\/\/meetgirl.ch\/escort-soumise-fribourg\/\"]}]},{\"@type\":\"BreadcrumbList\",\"@id\":\"https:\/\/meetgirl.ch\/escort-soumise-fribourg\/#breadcrumb\",\"itemListElement\":[{\"@type\":\"ListItem\",\"position\":1,\"name\":\"Accueil\",\"item\":\"https:\/\/meetgirl.ch\/\"},{\"@type\":\"ListItem\",\"position\":2,\"name\":\"Escort soumise \u00e0 Fribourg \u2013 Rencontres hard et confidentielles\"}]},{\"@type\":\"WebSite\",\"@id\":\"https:\/\/meetgirl.ch\/#website\",\"url\":\"https:\/\/meetgirl.ch\/\",\"name\":\"MeetGirl - Annonces \u00e9rotiques Suisse - Escorts, massages et salons\",\"description\":\"Escorts et massages \u00e9rotiques\",\"publisher\":{\"@id\":\"https:\/\/meetgirl.ch\/#organization\"},\"alternateName\":\"Annuaire \u00e9rotique Suisse Escort \u00e0 Gen\u00e8ve, Lausanne, Valais, Neuch\u00e2tel\",\"potentialAction\":[{\"@type\":\"SearchAction\",\"target\":{\"@type\":\"EntryPoint\",\"urlTemplate\":\"https:\/\/meetgirl.ch\/?s={search_term_string}\"},\"query-input\":{\"@type\":\"PropertyValueSpecification\",\"valueRequired\":true,\"valueName\":\"search_term_string\"}}],\"inLanguage\":\"it-IT\"},{\"@type\":\"Organization\",\"@id\":\"https:\/\/meetgirl.ch\/#organization\",\"name\":\"Escort et massage \u00e9rotique\",\"alternateName\":\"Meetgirl escortes et masseuses\",\"url\":\"https:\/\/meetgirl.ch\/\",\"logo\":{\"@type\":\"ImageObject\",\"inLanguage\":\"it-IT\",\"@id\":\"https:\/\/meetgirl.ch\/#\/schema\/logo\/image\/\",\"url\":\"https:\/\/meetgirl.ch\/wp-content\/uploads\/2024\/05\/cropped-meet-logo.png\",\"contentUrl\":\"https:\/\/meetgirl.ch\/wp-content\/uploads\/2024\/05\/cropped-meet-logo.png\",\"width\":512,\"height\":512,\"caption\":\"Escort et massage \u00e9rotique\"},\"image\":{\"@id\":\"https:\/\/meetgirl.ch\/#\/schema\/logo\/image\/\"}}]}<\/script>\n<!-- \/ Yoast SEO plugin. -->","yoast_head_json":{"title":"Escort soumise \u00e0 Fribourg - Incontri hard e confidenziali - Meetgirl - Annonces \u00e9rotiques - Escorts, massages et salons","description":"Scopri le nostre escort sottomesse a Friburgo per incontri piccanti e hard, discreti e personalizzati. Vivi le tue fantasie","robots":{"index":"index","follow":"follow","max-snippet":"max-snippet:-1","max-image-preview":"max-image-preview:large","max-video-preview":"max-video-preview:-1"},"canonical":"https:\/\/meetgirl.ch\/it\/escort-soumise-fribourg\/","og_locale":"it_IT","og_type":"article","og_title":"Escort soumise \u00e0 Fribourg \u2013 Rencontres hard et confidentielles - Meetgirl - Annonces \u00e9rotiques - Escorts, massages et salons","og_description":"D\u00e9couvrez nos escortes soumises \u00e0 Fribourg pour des rencontres hot et hard, discr\u00e8tes et personnalis\u00e9es. Vivez vos fantasmes","og_url":"https:\/\/meetgirl.ch\/it\/escort-soumise-fribourg\/","og_site_name":"Meetgirl - Annonces \u00e9rotiques - Escorts, massages et salons","article_modified_time":"2025-08-17T13:33:52+00:00","og_image":[{"width":1200,"height":675,"url":"https:\/\/meetgirl.ch\/wp-content\/uploads\/2025\/03\/meetgirl-yoast.jpg","type":"image\/jpeg"}],"twitter_card":"summary_large_image","twitter_misc":{"Tempo di lettura stimato":"2 minuti"},"schema":{"@context":"https:\/\/schema.org","@graph":[{"@type":"WebPage","@id":"https:\/\/meetgirl.ch\/escort-soumise-fribourg\/","url":"https:\/\/meetgirl.ch\/escort-soumise-fribourg\/","name":"Escort soumise \u00e0 Fribourg - Incontri hard e confidenziali - Meetgirl - Annonces \u00e9rotiques - Escorts, massages et salons","isPartOf":{"@id":"https:\/\/meetgirl.ch\/#website"},"datePublished":"2025-08-17T13:29:41+00:00","dateModified":"2025-08-17T13:33:52+00:00","description":"Scopri le nostre escort sottomesse a Friburgo per incontri piccanti e hard, discreti e personalizzati. Vivi le tue fantasie","breadcrumb":{"@id":"https:\/\/meetgirl.ch\/escort-soumise-fribourg\/#breadcrumb"},"inLanguage":"it-IT","potentialAction":[{"@type":"ReadAction","target":["https:\/\/meetgirl.ch\/escort-soumise-fribourg\/"]}]},{"@type":"BreadcrumbList","@id":"https:\/\/meetgirl.ch\/escort-soumise-fribourg\/#breadcrumb","itemListElement":[{"@type":"ListItem","position":1,"name":"Accueil","item":"https:\/\/meetgirl.ch\/"},{"@type":"ListItem","position":2,"name":"Escort soumise \u00e0 Fribourg \u2013 Rencontres hard et confidentielles"}]},{"@type":"WebSite","@id":"https:\/\/meetgirl.ch\/#website","url":"https:\/\/meetgirl.ch\/","name":"MeetGirl - Annunci erotici Svizzera - Accompagnatrici, massaggi e saloni di bellezza","description":"Escort e massaggi erotici","publisher":{"@id":"https:\/\/meetgirl.ch\/#organization"},"alternateName":"Annuaire \u00e9rotique Suisse Escort \u00e0 Gen\u00e8ve, Lausanne, Valais, Neuch\u00e2tel","potentialAction":[{"@type":"SearchAction","target":{"@type":"EntryPoint","urlTemplate":"https:\/\/meetgirl.ch\/?s={search_term_string}"},"query-input":{"@type":"PropertyValueSpecification","valueRequired":true,"valueName":"search_term_string"}}],"inLanguage":"it-IT"},{"@type":"Organization","@id":"https:\/\/meetgirl.ch\/#organization","name":"Escort e massaggio erotico","alternateName":"Meetgirl escortes et masseuses","url":"https:\/\/meetgirl.ch\/","logo":{"@type":"ImageObject","inLanguage":"it-IT","@id":"https:\/\/meetgirl.ch\/#\/schema\/logo\/image\/","url":"https:\/\/meetgirl.ch\/wp-content\/uploads\/2024\/05\/cropped-meet-logo.png","contentUrl":"https:\/\/meetgirl.ch\/wp-content\/uploads\/2024\/05\/cropped-meet-logo.png","width":512,"height":512,"caption":"Escort et massage \u00e9rotique"},"image":{"@id":"https:\/\/meetgirl.ch\/#\/schema\/logo\/image\/"}}]}},"_links":{"self":[{"href":"https:\/\/meetgirl.ch\/it\/wp-json\/wp\/v2\/pages\/12789","targetHints":{"allow":["GET"]}}],"collection":[{"href":"https:\/\/meetgirl.ch\/it\/wp-json\/wp\/v2\/pages"}],"about":[{"href":"https:\/\/meetgirl.ch\/it\/wp-json\/wp\/v2\/types\/page"}],"author":[{"embeddable":true,"href":"https:\/\/meetgirl.ch\/it\/wp-json\/wp\/v2\/users\/3"}],"replies":[{"embeddable":true,"href":"https:\/\/meetgirl.ch\/it\/wp-json\/wp\/v2\/comments?post=12789"}],"version-history":[{"count":5,"href":"https:\/\/meetgirl.ch\/it\/wp-json\/wp\/v2\/pages\/12789\/revisions"}],"predecessor-version":[{"id":12796,"href":"https:\/\/meetgirl.ch\/it\/wp-json\/wp\/v2\/pages\/12789\/revisions\/12796"}],"wp:attachment":[{"href":"https:\/\/meetgirl.ch\/it\/wp-json\/wp\/v2\/media?parent=12789"}],"curies":[{"name":"wp","href":"https:\/\/api.w.org\/{rel}","templated":true}]}}