{"id":12841,"date":"2025-08-17T14:39:33","date_gmt":"2025-08-17T14:39:33","guid":{"rendered":"https:\/\/meetgirl.ch\/?page_id=12841"},"modified":"2025-09-03T08:47:51","modified_gmt":"2025-09-03T08:47:51","slug":"escort-fribourg-ville","status":"publish","type":"page","link":"https:\/\/meetgirl.ch\/it\/escort-fribourg-ville\/","title":{"rendered":"Escort \u00e0 Fribourg ville \u2013 Exp\u00e9riences sensuelles, jeux de r\u00f4le et plaisir intense"},"content":{"rendered":"<div data-elementor-type=\"wp-page\" data-elementor-id=\"12841\" class=\"elementor elementor-12841\">\n\t\t\t\t<div class=\"elementor-element elementor-element-28a8c2b e-flex e-con-boxed e-con e-parent\" data-id=\"28a8c2b\" data-element_type=\"container\" data-settings=\"{&quot;jet_parallax_layout_list&quot;:[]}\">\n\t\t\t\t\t<div class=\"e-con-inner\">\n\t\t\t\t<div class=\"elementor-element elementor-element-5ace459 elementor-widget elementor-widget-case27-listing-feed-widget\" data-id=\"5ace459\" data-element_type=\"widget\" data-widget_type=\"case27-listing-feed-widget.default\">\n\t\t\t\t<div class=\"elementor-widget-container\">\n\t\t\t\t\t\t\t<section class=\"i-section listing-feed\">\r\n\t\t<div class=\"container-fluid\">\r\n\t\t\t<div class=\"row section-body grid\">\r\n\t\t\t\t\t\t\t\t\t<div class=\"col-lg-4 col-md-4 col-sm-6 col-xs-12 grid-item\"><div class=\"lf-item-container listing-preview type-independante c27-verified no-logo has-tagline no-info-fields level-promoted priority-2\" data-id=\"listing-id-3281\" data-category-icon=\"\t&lt;i class=&quot;mi bookmark_border&quot; style=&quot;color: #fff; background: #f67675; &quot;&gt;&lt;\/i&gt;\t\" data-category-color=\"#f67675\" data-category-text-color=\"#fff\" data-thumbnail=\"https:\/\/meetgirl.ch\/wp-content\/themes\/my-listing\/assets\/images\/marker.jpg\" data-marker=\"https:\/\/meetgirl.ch\/wp-content\/themes\/my-listing\/assets\/images\/marker.jpg\" data-template=\"default\" data-locations=\"[{&quot;address&quot;:&quot;Fribourg, canton de Fribourg, Suisse&quot;,&quot;lat&quot;:&quot;46.80445&quot;,&quot;lng&quot;:&quot;7.15434&quot;}]\"\n><div class=\"lf-item lf-item-default\" data-template=\"default\"> <a href=\"https:\/\/meetgirl.ch\/it\/accompagnatori-2\/giada\/\"> <div class=\"overlay\" style=\" background-color: #242429; opacity: 0;\"><\/div> <div class=\"lf-background\" style=\"background-image: url('https:\/\/meetgirl.ch\/wp-content\/uploads\/listing-uploads\/cover\/2024\/08\/3031b35c-efe3-41ab-9bee-247505980dcc_profile_s.jpg');\"><\/div> <div class=\"lf-item-info\"> <h4 class=\"case27-primary-text listing-preview-title\"> Giada <img decoding=\"async\" height=\"18\" width=\"18\" alt=\"Elenco verificato\" class=\"verified-listing\" src=\"https:\/\/meetgirl.ch\/wp-content\/themes\/my-listing\/assets\/images\/tick.svg\"> <\/h4> <\/div> <\/a> <div class=\"lf-head level-promoted\"> <span class=\"tooltip-element tooltip-bottom\"> <div class=\"lf-head-btn ad-badge\"> <span><i class=\"icon-flash\"><\/i><\/span> <\/div> <span class=\"tooltip-container\">Promosso<\/span> <\/span> <\/div> <\/div> <div class=\"listing-details-3 c27-footer-section\"> <ul class=\"details-list no-list-style\"> <li class=\"\" > <span>Bolla <\/span> <\/li> <li class=\"\" > <span> <div class=\"codicts-online-status\"><span class=\"codicts-dot cdtsols-offline\"><\/span> <span class=\"cdtsols-txt\">-24H<\/span><\/div> <\/span> <\/li> <\/ul> <\/div> <div class=\"listing-details-3 c27-footer-section\"> <ul class=\"details-list no-list-style\"> <li class=\"\" > <span>maliziosa e sexy <\/span> <\/li> <\/ul> <\/div> <\/div><\/div>\t\t\t\t\t\t\t\t\t<div class=\"col-lg-4 col-md-4 col-sm-6 col-xs-12 grid-item\"><div class=\"lf-item-container listing-preview type-independante c27-verified no-logo has-tagline no-info-fields level-promoted priority-2\" data-id=\"listing-id-3669\" data-category-icon=\"\t&lt;i class=&quot;mi bookmark_border&quot; style=&quot;color: #fff; background: #f67675; &quot;&gt;&lt;\/i&gt;\t\" data-category-color=\"#f67675\" data-category-text-color=\"#fff\" data-thumbnail=\"https:\/\/meetgirl.ch\/wp-content\/themes\/my-listing\/assets\/images\/marker.jpg\" data-marker=\"https:\/\/meetgirl.ch\/wp-content\/themes\/my-listing\/assets\/images\/marker.jpg\" data-template=\"default\" data-locations=\"[{&quot;address&quot;:&quot;Fribourg, canton de Fribourg, Suisse&quot;,&quot;lat&quot;:&quot;46.80445&quot;,&quot;lng&quot;:&quot;7.15434&quot;}]\"\n><div class=\"lf-item lf-item-default\" data-template=\"default\"> <a href=\"https:\/\/meetgirl.ch\/it\/accompagnatori-2\/valentina-thai\/\"> <div class=\"overlay\" style=\" background-color: #242429; opacity: 0;\"><\/div> <div class=\"lf-background\" style=\"background-image: url('https:\/\/meetgirl.ch\/wp-content\/uploads\/listing-uploads\/cover\/2024\/09\/1a9acfc8-c168-4fb2-85be-0a69dba4814f_profile_s.jpg');\"><\/div> <div class=\"lf-item-info\"> <h4 class=\"case27-primary-text listing-preview-title\"> Valentina Thai <img decoding=\"async\" height=\"18\" width=\"18\" alt=\"Elenco verificato\" class=\"verified-listing\" src=\"https:\/\/meetgirl.ch\/wp-content\/themes\/my-listing\/assets\/images\/tick.svg\"> <\/h4> <\/div> <\/a> <div class=\"lf-head level-promoted\"> <span class=\"tooltip-element tooltip-bottom\"> <div class=\"lf-head-btn ad-badge\"> <span><i class=\"icon-flash\"><\/i><\/span> <\/div> <span class=\"tooltip-container\">Promosso<\/span> <\/span> <\/div> <\/div> <div class=\"listing-details-3 c27-footer-section\"> <ul class=\"details-list no-list-style\"> <li class=\"\" > <span>Bolla <\/span> <\/li> <li class=\"\" > <span> <div class=\"codicts-online-status\"><span class=\"codicts-dot cdtsols-offline\"><\/span> <span class=\"cdtsols-txt\">-24H<\/span><\/div> <\/span> <\/li> <\/ul> <\/div> <div class=\"listing-details-3 c27-footer-section\"> <ul class=\"details-list no-list-style\"> <li class=\"\" > <span>Godetevi tutto il mio corpo <\/span> <\/li> <\/ul> <\/div> <\/div><\/div>\t\t\t\t\t\t\t\t\t<div class=\"col-lg-4 col-md-4 col-sm-6 col-xs-12 grid-item\"><div class=\"lf-item-container listing-preview type-independante c27-verified no-logo has-tagline no-info-fields level-promoted priority-2\" data-id=\"listing-id-3691\" data-category-icon=\"\t&lt;i class=&quot;mi bookmark_border&quot; style=&quot;color: #fff; background: #f67675; &quot;&gt;&lt;\/i&gt;\t\" data-category-color=\"#f67675\" data-category-text-color=\"#fff\" data-thumbnail=\"https:\/\/meetgirl.ch\/wp-content\/themes\/my-listing\/assets\/images\/marker.jpg\" data-marker=\"https:\/\/meetgirl.ch\/wp-content\/themes\/my-listing\/assets\/images\/marker.jpg\" data-template=\"default\" data-locations=\"[{&quot;address&quot;:&quot;Fribourg, canton de Fribourg, Suisse&quot;,&quot;lat&quot;:&quot;46.80445&quot;,&quot;lng&quot;:&quot;7.15434&quot;}]\"\n><div class=\"lf-item lf-item-default\" data-template=\"default\"> <a href=\"https:\/\/meetgirl.ch\/it\/accompagnatori-2\/bianca\/\"> <div class=\"overlay\" style=\" background-color: #242429; opacity: 0;\"><\/div> <div class=\"lf-background\" style=\"background-image: url('https:\/\/meetgirl.ch\/wp-content\/uploads\/listing-uploads\/cover\/2024\/09\/a5a15f3d-a861-4ccf-83e7-5e63767b8c68_profile_s.jpg');\"><\/div> <div class=\"lf-item-info\"> <h4 class=\"case27-primary-text listing-preview-title\"> Bianca <img decoding=\"async\" height=\"18\" width=\"18\" alt=\"Elenco verificato\" class=\"verified-listing\" src=\"https:\/\/meetgirl.ch\/wp-content\/themes\/my-listing\/assets\/images\/tick.svg\"> <\/h4> <\/div> <\/a> <div class=\"lf-head level-promoted\"> <span class=\"tooltip-element tooltip-bottom\"> <div class=\"lf-head-btn ad-badge\"> <span><i class=\"icon-flash\"><\/i><\/span> <\/div> <span class=\"tooltip-container\">Promosso<\/span> <\/span> <\/div> <\/div> <div class=\"listing-details-3 c27-footer-section\"> <ul class=\"details-list no-list-style\"> <li class=\"\" > <span>Friburgo <\/span> <\/li> <li class=\"\" > <span> <div class=\"codicts-online-status\"><span class=\"codicts-dot cdtsols-online\"><\/span> <span class=\"cdtsols-txt\">In linea<\/span><\/div> <\/span> <\/li> <\/ul> <\/div> <div class=\"listing-details-3 c27-footer-section\"> <ul class=\"details-list no-list-style\"> <li class=\"\" > <span>Ho 22 anni <\/span> <\/li> <\/ul> <\/div> <\/div><\/div>\t\t\t\t\t\t\t<\/div>\r\n\t\t<\/div>\r\n\t<\/section>\r\n\r\n\t\t\t\t<\/div>\n\t\t\t\t<\/div>\n\t\t\t\t\t<\/div>\n\t\t\t\t<\/div>\n\t\t<div class=\"elementor-element elementor-element-906e621 e-flex e-con-boxed e-con e-parent\" data-id=\"906e621\" data-element_type=\"container\" data-settings=\"{&quot;jet_parallax_layout_list&quot;:[]}\">\n\t\t\t\t\t<div class=\"e-con-inner\">\n\t\t\t\t<div class=\"elementor-element elementor-element-8c5dd47 elementor-widget elementor-widget-text-editor\" data-id=\"8c5dd47\" data-element_type=\"widget\" data-widget_type=\"text-editor.default\">\n\t\t\t\t<div class=\"elementor-widget-container\">\n\t\t\t\t\t\t\t\t\t<section style=\"padding:40px 20px; background-color:#222; font-family:Arial,sans-serif; color:#ffffff;\">\n  <div style=\"max-width:1000px; margin:0 auto;\">\n\n    <!-- Intro teaser -->\n    <p style=\"font-size:16px; line-height:1.6; text-align:center; margin-bottom:20px;\">\n      Regalatevi un'esperienza indimenticabile con un <strong>accompagnatore nella citt\u00e0 di Fribourg<\/strong>nel cuore del <strong>Cantone di Friburgo<\/strong>. Le nostre eleganti e sensuali professioniste vi offrono incontri piccanti e personalizzati che combinano amore, sensualit\u00e0 e giochi di ruolo. Esplorate le vostre fantasie nel centro citt\u00e0 o nelle citt\u00e0 vicine come Marly, Villars-sur-Gl\u00e2ne, Matran, Corminboeuf e Granges-Paccot.\n    <\/p>\n\n    <!-- Qu\u2019est-ce qu\u2019une escort \u00e0 Fribourg -->\n    <h2 style=\"color:#ff69b4; font-size:28px; margin-bottom:15px;\">Che cos'\u00e8 una escort a Fribourg?<\/h2>\n    <p style=\"font-size:16px; line-height:1.6; margin-bottom:20px;\">\n      A <strong>escort a Fribourg<\/strong> \u00e8 un'accompagnatrice raffinata ed esperta, che offre momenti intimi ed eccitanti in un ambiente discreto e sicuro. Ogni incontro \u00e8 pensato per risvegliare i vostri sensi e soddisfare i vostri desideri: massaggi sensuali, giochi di ruolo, momenti amorosi o torride esperienze sessuali. Le zone circostanti di Marly, Villars-sur-Gl\u00e2ne, Matran, Granges-Paccot e Corminboeuf sono facilmente raggiungibili per trarre il massimo da ogni incontro.\n    <\/p>\n\n    <!-- Prestations et fantaisies -->\n    <h2 style=\"color:#ff69b4; font-size:28px; margin-bottom:15px;\">Servizi di fantasia a Friburgo<\/h2>\n    <p style=\"font-size:16px; line-height:1.6; margin-bottom:20px;\">\n      Le nostre escort offrono una vasta gamma di servizi per soddisfare le vostre fantasie:\n      <ul style=\"margin-left:20px; line-height:1.6;\">\n        <li>Massaggi sensuali ed erotici per rilassare il corpo e risvegliare il piacere<\/li>\n        <li>Giochi di ruolo per esplorare tutti i vostri desideri<\/li>\n        <li>Momenti d'amore e di complicit\u00e0, che uniscono tenerezza e passione<\/li>\n        <li>Esperienze sessuali torride e personalizzate<\/li>\n        <li>Elegante azienda per feste, cene o eventi privati nel cantone di Friburgo<\/li>\n      <\/ul>\n    <\/p>\n\n    <!-- Pourquoi Fribourg -->\n    <h2 style=\"color:#ff69b4; font-size:28px; margin-bottom:15px;\">Perch\u00e9 scegliere Friburgo?<\/h2>\n    <p style=\"font-size:16px; line-height:1.6; margin-bottom:20px;\">\n      Friburgo offre un ambiente discreto e piacevole per i vostri incontri sensuali. Con la sua atmosfera calda e confidenziale, potrete godere di momenti intimi nel centro citt\u00e0 o nelle citt\u00e0 vicine di Marly, Villars-sur-Gl\u00e2ne, Matran, Granges-Paccot e Corminboeuf. I trasporti pubblici permettono di raggiungere facilmente ogni incontro e la discrezione \u00e8 sempre garantita.\n    <\/p>\n\n    <!-- Comment r\u00e9server -->\n    <h2 style=\"color:#ff69b4; font-size:28px; margin-bottom:15px;\">Come posso prenotare una escort a Fribourg?<\/h2>\n    <p style=\"font-size:16px; line-height:1.6; margin-bottom:20px;\">\n      Per un'esperienza indimenticabile con un <strong>escort a Fribourg<\/strong>Esplorate i profili disponibili e scegliete il professionista che corrisponde ai vostri desideri e alle vostre fantasie. Parlate delle vostre preferenze, che si tratti di massaggi sensuali, giochi di ruolo o momenti piccanti. Per scoprire altri servizi e appuntamenti eccitanti, visitate il sito <a href=\"https:\/\/meetgirl.ch\/it\/escort-coquine-fribourg\/\" style=\"color:#ff69b4; text-decoration:underline; font-weight:bold;\">escort birichina a Fribourg<\/a>.\n    <\/p>\n\n    <!-- Conclusion -->\n    <h2 style=\"color:#ff69b4; font-size:28px; margin-bottom:15px;\">Vivere momenti intensi e indimenticabili<\/h2>\n    <p style=\"font-size:16px; line-height:1.6;\">\n      Con un <strong>escort a Fribourg<\/strong>Ogni incontro \u00e8 un'avventura sensuale ed eccitante. Che vi troviate in centro o nei dintorni, ogni incontro \u00e8 pensato per combinare piacere, amore e giochi di ruolo nel massimo rispetto e discrezione.\n    <\/p>\n\n  <\/div>\n<\/section>\n\t\t\t\t\t\t\t\t<\/div>\n\t\t\t\t<\/div>\n\t\t\t\t\t<\/div>\n\t\t\t\t<\/div>\n\t\t\t\t<\/div>","protected":false},"excerpt":{"rendered":"<p>Offrez-vous une exp\u00e9rience inoubliable avec une escort \u00e0 la ville de Fribourg, au c\u0153ur du canton de Fribourg. Nos professionnelles \u00e9l\u00e9gantes et sensuelles vous proposent des rendez-vous chauds et personnalis\u00e9s, m\u00ealant amour, sensualit\u00e9 et jeux de r\u00f4le. Explorez vos fantasmes dans le centre-ville ou dans les communes proches comme Marly, Villars-sur-Gl\u00e2ne, Matran, Corminboeuf et Granges-Paccot. [&hellip;]<\/p>","protected":false},"author":3,"featured_media":0,"parent":0,"menu_order":0,"comment_status":"closed","ping_status":"closed","template":"","meta":{"footnotes":""},"class_list":["post-12841","page","type-page","status-publish","hentry"],"acf":[],"yoast_head":"<!-- This site is optimized with the Yoast SEO plugin v26.0 - https:\/\/yoast.com\/wordpress\/plugins\/seo\/ -->\n<title>Escort \u00e0 Fribourg ville \u2013 Exp\u00e9riences sensuelles, jeux de r\u00f4le et plaisir intense - Meetgirl - Annonces \u00e9rotiques - Escorts, massages et salons<\/title>\n<meta name=\"description\" content=\"D\u00e9couvrez une escort \u00e0 Fribourg ville et ses alentours pour des rendez-vous sensuels : massages, jeux de r\u00f4le et moments excitants\" \/>\n<meta name=\"robots\" content=\"index, follow, max-snippet:-1, max-image-preview:large, max-video-preview:-1\" \/>\n<link rel=\"canonical\" href=\"https:\/\/meetgirl.ch\/it\/escort-fribourg-ville\/\" \/>\n<meta property=\"og:locale\" content=\"it_IT\" \/>\n<meta property=\"og:type\" content=\"article\" \/>\n<meta property=\"og:title\" content=\"Escort \u00e0 Fribourg ville \u2013 Exp\u00e9riences sensuelles, jeux de r\u00f4le et plaisir intense - Meetgirl - Annonces \u00e9rotiques - Escorts, massages et salons\" \/>\n<meta property=\"og:description\" content=\"D\u00e9couvrez une escort \u00e0 Fribourg ville et ses alentours pour des rendez-vous sensuels : massages, jeux de r\u00f4le et moments excitants\" \/>\n<meta property=\"og:url\" content=\"https:\/\/meetgirl.ch\/it\/escort-fribourg-ville\/\" \/>\n<meta property=\"og:site_name\" content=\"Meetgirl - Annonces \u00e9rotiques - Escorts, massages et salons\" \/>\n<meta property=\"article:modified_time\" content=\"2025-09-03T08:47:51+00:00\" \/>\n<meta property=\"og:image\" content=\"https:\/\/meetgirl.ch\/wp-content\/uploads\/2025\/03\/meetgirl-yoast.jpg\" \/>\n\t<meta property=\"og:image:width\" content=\"1200\" \/>\n\t<meta property=\"og:image:height\" content=\"675\" \/>\n\t<meta property=\"og:image:type\" content=\"image\/jpeg\" \/>\n<meta name=\"twitter:card\" content=\"summary_large_image\" \/>\n<meta name=\"twitter:label1\" content=\"Tempo di lettura stimato\" \/>\n\t<meta name=\"twitter:data1\" content=\"2 minuti\" \/>\n<script type=\"application\/ld+json\" class=\"yoast-schema-graph\">{\"@context\":\"https:\/\/schema.org\",\"@graph\":[{\"@type\":\"WebPage\",\"@id\":\"https:\/\/meetgirl.ch\/escort-fribourg-ville\/\",\"url\":\"https:\/\/meetgirl.ch\/escort-fribourg-ville\/\",\"name\":\"Escort \u00e0 Fribourg ville \u2013 Exp\u00e9riences sensuelles, jeux de r\u00f4le et plaisir intense - Meetgirl - Annonces \u00e9rotiques - Escorts, massages et salons\",\"isPartOf\":{\"@id\":\"https:\/\/meetgirl.ch\/#website\"},\"datePublished\":\"2025-08-17T14:39:33+00:00\",\"dateModified\":\"2025-09-03T08:47:51+00:00\",\"description\":\"D\u00e9couvrez une escort \u00e0 Fribourg ville et ses alentours pour des rendez-vous sensuels : massages, jeux de r\u00f4le et moments excitants\",\"breadcrumb\":{\"@id\":\"https:\/\/meetgirl.ch\/escort-fribourg-ville\/#breadcrumb\"},\"inLanguage\":\"it-IT\",\"potentialAction\":[{\"@type\":\"ReadAction\",\"target\":[\"https:\/\/meetgirl.ch\/escort-fribourg-ville\/\"]}]},{\"@type\":\"BreadcrumbList\",\"@id\":\"https:\/\/meetgirl.ch\/escort-fribourg-ville\/#breadcrumb\",\"itemListElement\":[{\"@type\":\"ListItem\",\"position\":1,\"name\":\"Accueil\",\"item\":\"https:\/\/meetgirl.ch\/\"},{\"@type\":\"ListItem\",\"position\":2,\"name\":\"Escort \u00e0 Fribourg ville \u2013 Exp\u00e9riences sensuelles, jeux de r\u00f4le et plaisir intense\"}]},{\"@type\":\"WebSite\",\"@id\":\"https:\/\/meetgirl.ch\/#website\",\"url\":\"https:\/\/meetgirl.ch\/\",\"name\":\"MeetGirl - Annonces \u00e9rotiques Suisse - Escorts, massages et salons\",\"description\":\"Escorts et massages \u00e9rotiques\",\"publisher\":{\"@id\":\"https:\/\/meetgirl.ch\/#organization\"},\"alternateName\":\"Annuaire \u00e9rotique Suisse Escort \u00e0 Gen\u00e8ve, Lausanne, Valais, Neuch\u00e2tel\",\"potentialAction\":[{\"@type\":\"SearchAction\",\"target\":{\"@type\":\"EntryPoint\",\"urlTemplate\":\"https:\/\/meetgirl.ch\/?s={search_term_string}\"},\"query-input\":{\"@type\":\"PropertyValueSpecification\",\"valueRequired\":true,\"valueName\":\"search_term_string\"}}],\"inLanguage\":\"it-IT\"},{\"@type\":\"Organization\",\"@id\":\"https:\/\/meetgirl.ch\/#organization\",\"name\":\"Escort et massage \u00e9rotique\",\"alternateName\":\"Meetgirl escortes et masseuses\",\"url\":\"https:\/\/meetgirl.ch\/\",\"logo\":{\"@type\":\"ImageObject\",\"inLanguage\":\"it-IT\",\"@id\":\"https:\/\/meetgirl.ch\/#\/schema\/logo\/image\/\",\"url\":\"https:\/\/meetgirl.ch\/wp-content\/uploads\/2024\/05\/cropped-meet-logo.png\",\"contentUrl\":\"https:\/\/meetgirl.ch\/wp-content\/uploads\/2024\/05\/cropped-meet-logo.png\",\"width\":512,\"height\":512,\"caption\":\"Escort et massage \u00e9rotique\"},\"image\":{\"@id\":\"https:\/\/meetgirl.ch\/#\/schema\/logo\/image\/\"}}]}<\/script>\n<!-- \/ Yoast SEO plugin. -->","yoast_head_json":{"title":"Escort \u00e0 Fribourg ville - Esperienze sensuali, giochi di ruolo e piacere intenso - Meetgirl - Annunci erotici - Escort, massaggi e saloni di bellezza","description":"Scoprite una escort a Fribourg e dintorni per incontri sensuali: massaggi, giochi di ruolo e momenti eccitanti.","robots":{"index":"index","follow":"follow","max-snippet":"max-snippet:-1","max-image-preview":"max-image-preview:large","max-video-preview":"max-video-preview:-1"},"canonical":"https:\/\/meetgirl.ch\/it\/escort-fribourg-ville\/","og_locale":"it_IT","og_type":"article","og_title":"Escort \u00e0 Fribourg ville \u2013 Exp\u00e9riences sensuelles, jeux de r\u00f4le et plaisir intense - Meetgirl - Annonces \u00e9rotiques - Escorts, massages et salons","og_description":"D\u00e9couvrez une escort \u00e0 Fribourg ville et ses alentours pour des rendez-vous sensuels : massages, jeux de r\u00f4le et moments excitants","og_url":"https:\/\/meetgirl.ch\/it\/escort-fribourg-ville\/","og_site_name":"Meetgirl - Annonces \u00e9rotiques - Escorts, massages et salons","article_modified_time":"2025-09-03T08:47:51+00:00","og_image":[{"width":1200,"height":675,"url":"https:\/\/meetgirl.ch\/wp-content\/uploads\/2025\/03\/meetgirl-yoast.jpg","type":"image\/jpeg"}],"twitter_card":"summary_large_image","twitter_misc":{"Tempo di lettura stimato":"2 minuti"},"schema":{"@context":"https:\/\/schema.org","@graph":[{"@type":"WebPage","@id":"https:\/\/meetgirl.ch\/escort-fribourg-ville\/","url":"https:\/\/meetgirl.ch\/escort-fribourg-ville\/","name":"Escort \u00e0 Fribourg ville - Esperienze sensuali, giochi di ruolo e piacere intenso - Meetgirl - Annunci erotici - Escort, massaggi e saloni di bellezza","isPartOf":{"@id":"https:\/\/meetgirl.ch\/#website"},"datePublished":"2025-08-17T14:39:33+00:00","dateModified":"2025-09-03T08:47:51+00:00","description":"Scoprite una escort a Fribourg e dintorni per incontri sensuali: massaggi, giochi di ruolo e momenti eccitanti.","breadcrumb":{"@id":"https:\/\/meetgirl.ch\/escort-fribourg-ville\/#breadcrumb"},"inLanguage":"it-IT","potentialAction":[{"@type":"ReadAction","target":["https:\/\/meetgirl.ch\/escort-fribourg-ville\/"]}]},{"@type":"BreadcrumbList","@id":"https:\/\/meetgirl.ch\/escort-fribourg-ville\/#breadcrumb","itemListElement":[{"@type":"ListItem","position":1,"name":"Accueil","item":"https:\/\/meetgirl.ch\/"},{"@type":"ListItem","position":2,"name":"Escort \u00e0 Fribourg ville \u2013 Exp\u00e9riences sensuelles, jeux de r\u00f4le et plaisir intense"}]},{"@type":"WebSite","@id":"https:\/\/meetgirl.ch\/#website","url":"https:\/\/meetgirl.ch\/","name":"MeetGirl - Annunci erotici Svizzera - Accompagnatrici, massaggi e saloni di bellezza","description":"Escort e massaggi erotici","publisher":{"@id":"https:\/\/meetgirl.ch\/#organization"},"alternateName":"Annuaire \u00e9rotique Suisse Escort \u00e0 Gen\u00e8ve, Lausanne, Valais, Neuch\u00e2tel","potentialAction":[{"@type":"SearchAction","target":{"@type":"EntryPoint","urlTemplate":"https:\/\/meetgirl.ch\/?s={search_term_string}"},"query-input":{"@type":"PropertyValueSpecification","valueRequired":true,"valueName":"search_term_string"}}],"inLanguage":"it-IT"},{"@type":"Organization","@id":"https:\/\/meetgirl.ch\/#organization","name":"Escort e massaggio erotico","alternateName":"Meetgirl escortes et masseuses","url":"https:\/\/meetgirl.ch\/","logo":{"@type":"ImageObject","inLanguage":"it-IT","@id":"https:\/\/meetgirl.ch\/#\/schema\/logo\/image\/","url":"https:\/\/meetgirl.ch\/wp-content\/uploads\/2024\/05\/cropped-meet-logo.png","contentUrl":"https:\/\/meetgirl.ch\/wp-content\/uploads\/2024\/05\/cropped-meet-logo.png","width":512,"height":512,"caption":"Escort et massage \u00e9rotique"},"image":{"@id":"https:\/\/meetgirl.ch\/#\/schema\/logo\/image\/"}}]}},"_links":{"self":[{"href":"https:\/\/meetgirl.ch\/it\/wp-json\/wp\/v2\/pages\/12841","targetHints":{"allow":["GET"]}}],"collection":[{"href":"https:\/\/meetgirl.ch\/it\/wp-json\/wp\/v2\/pages"}],"about":[{"href":"https:\/\/meetgirl.ch\/it\/wp-json\/wp\/v2\/types\/page"}],"author":[{"embeddable":true,"href":"https:\/\/meetgirl.ch\/it\/wp-json\/wp\/v2\/users\/3"}],"replies":[{"embeddable":true,"href":"https:\/\/meetgirl.ch\/it\/wp-json\/wp\/v2\/comments?post=12841"}],"version-history":[{"count":4,"href":"https:\/\/meetgirl.ch\/it\/wp-json\/wp\/v2\/pages\/12841\/revisions"}],"predecessor-version":[{"id":12845,"href":"https:\/\/meetgirl.ch\/it\/wp-json\/wp\/v2\/pages\/12841\/revisions\/12845"}],"wp:attachment":[{"href":"https:\/\/meetgirl.ch\/it\/wp-json\/wp\/v2\/media?parent=12841"}],"curies":[{"name":"wp","href":"https:\/\/api.w.org\/{rel}","templated":true}]}}