{"id":14267,"date":"2025-09-21T14:34:25","date_gmt":"2025-09-21T14:34:25","guid":{"rendered":"https:\/\/meetgirl.ch\/?page_id=14267"},"modified":"2025-09-21T14:45:59","modified_gmt":"2025-09-21T14:45:59","slug":"losanna","status":"publish","type":"page","link":"https:\/\/meetgirl.ch\/it\/scorta\/losanna\/","title":{"rendered":"Escort Lausanne - annunci certificati ed escort di lusso"},"content":{"rendered":"<div data-elementor-type=\"wp-page\" data-elementor-id=\"14267\" class=\"elementor elementor-14267\">\n\t\t\t\t<div class=\"elementor-element elementor-element-29eddcb e-flex e-con-boxed e-con e-parent\" data-id=\"29eddcb\" data-element_type=\"container\" data-settings=\"{&quot;jet_parallax_layout_list&quot;:[]}\">\n\t\t\t\t\t<div class=\"e-con-inner\">\n\t\t\t\t<div class=\"elementor-element elementor-element-858182b elementor-widget elementor-widget-text-editor\" data-id=\"858182b\" data-element_type=\"widget\" data-widget_type=\"text-editor.default\">\n\t\t\t\t<div class=\"elementor-widget-container\">\n\t\t\t\t\t\t\t\t\t<div style=\"color:#ffffff; font-family:Arial,sans-serif; line-height:1.6;\">\n\n<h1 style=\"color:#f67675; font-size:32px; font-weight:bold; text-align:center;\">\nEscort Lausanne - annunci certificati ed escort di lusso\n<\/h1>\n\n<!-- Sommaire -->\n<h2 style=\"color:#f67675;\">Contenuti<\/h2>\n<ul>\n  <li><a href=\"#pourquoi\" style=\"color:#f67675;\">Perch\u00e9 scegliere una escort a Lausanne<\/a><\/li>\n  <li><a href=\"#quartiers\" style=\"color:#f67675;\">Quartieri e luoghi da non perdere<\/a><\/li>\n  <li><a href=\"#tarifs\" style=\"color:#f67675;\">Tariffe e servizi<\/a><\/li>\n  <li><a href=\"#evenements\" style=\"color:#f67675;\">Eventi ed esperienze a Losanna<\/a><\/li>\n  <li><a href=\"#specs\" style=\"color:#f67675;\">Caratteristiche specifiche di Losanna<\/a><\/li>\n  <li><a href=\"#conseils\" style=\"color:#f67675;\">Suggerimenti per una riunione di successo<\/a><\/li>\n  <li><a href=\"#faq\" style=\"color:#f67675;\">FAQ - Escort Lausanne<\/a><\/li>\n<\/ul>\n\n<p>\nIl <strong>escort Lausanne<\/strong> su Meetgirl sono selezionate per la loro eleganza, professionalit\u00e0 e discrezione. Se siete alla ricerca di un <strong>ragazza escort Lausanne<\/strong>a <strong>compagno Losanna<\/strong> o un <strong>escort di lusso Lausanne<\/strong>I nostri annunci certificati garantiscono autenticit\u00e0 e sicurezza.\n<\/p>\n\n<h2 id=\"pourquoi\" style=\"color:#f67675;\">Perch\u00e9 scegliere una escort a Lausanne?<\/h2>\n<p>\nLosanna, sulle rive del Lago di Ginevra, \u00e8 una citt\u00e0 cosmopolita che unisce cultura, raffinatezza e un'atmosfera festosa. Con un <strong>escort Lausanne<\/strong>Nel Museo Olimpico o nel quartiere Flon, godrete di una presenza elegante per le vostre feste private, eventi aziendali o fughe intime. Dal Museo Olimpico al quartiere Flon, ogni incontro diventa un'esperienza memorabile.\n<\/p>\n\n<h2 id=\"quartiers\" style=\"color:#f67675;\">Quartieri e luoghi da non perdere<\/h2>\n<p>\nIl nostro <strong>accompagnatori Lausanne<\/strong> muoversi nei quartieri principali:\n<\/p>\n<ul>\n  <li><strong>Ahi!<\/strong> - passeggiata romantica in riva al lago.<\/li>\n  <li><strong>Le Flon<\/strong> - bar alla moda e una vivace vita notturna.<\/li>\n  <li><strong>Losanna-Gare<\/strong> - centrale e discreto per i vostri appuntamenti.<\/li>\n  <li><strong>Pully e Chailly<\/strong> - eleganti aree residenziali.<\/li>\n  <li><strong>Epalinghi<\/strong> - per una maggiore discrezione e privacy.<\/li>\n<\/ul>\n\n<h2 id=\"tarifs\" style=\"color:#f67675;\">Tariffe e servizi<\/h2>\n<p>\nTariffe per <strong>escort Lausanne<\/strong> variano a seconda della durata e dei servizi:\n<\/p>\n<ul>\n  <li>Riunione breve (1h): a partire da 250 CHF<\/li>\n  <li>Serata completa: 600-1000 franchi<\/li>\n  <li>Intera notte: da CHF 1.500<\/li>\n<\/ul>\n<p>\nI servizi includono massaggi, giochi di ruolo, accompagnamento di VIP, viaggi privati e servizi personalizzati. Ogni annuncio riporta chiaramente i termini e le condizioni del servizio.<strong>ragazza escort Lausanne<\/strong>.\n<\/p>\n\n<h2 id=\"evenements\" style=\"color:#f67675;\">Eventi ed esperienze a Losanna<\/h2>\n<p>\nLosanna ospita eventi prestigiosi come il Festival de la Cit\u00e9, il vicino Montreux Jazz Festival e conferenze internazionali. Il nostro <strong>compagni Losanna<\/strong> pu\u00f2 accompagnarvi al Palazzo Beau-Rivage, al Royal Savoy o a cene gastronomiche. Ogni incontro unisce discrezione, eleganza e piacere.\n<\/p>\n\n<h2 id=\"specs\" style=\"color:#f67675;\">Caratteristiche specifiche di Losanna<\/h2>\n<p>\nLosanna \u00e8 una citt\u00e0 unica anche dal punto di vista topografico e della vita locale. Costruita su tre colline, offre una spettacolare vista panoramica sul Lago di Ginevra e sulle Alpi. Questo ambiente romantico \u00e8 ideale per un incontro con la persona amata. <strong>escort Lausanne<\/strong>. La citt\u00e0 \u00e8 anche rinomata per il suo dinamismo studentesco, l'atmosfera festosa e i numerosi cocktail bar. Visitare <strong>hostess privata Losanna<\/strong> vi guider\u00e0 agli indirizzi migliori e trasformer\u00e0 una semplice serata in un'avventura memorabile.\n<\/p>\n\n<h2 id=\"conseils\" style=\"color:#f67675;\">Suggerimenti per una riunione di successo<\/h2>\n<ul>\n  <li>Prenotate in anticipo per garantire la disponibilit\u00e0.<\/li>\n  <li>Comunicate chiaramente le vostre aspettative.<\/li>\n  <li>Rispettare i limiti imposti dalla scorta.<\/li>\n  <li>Pianificare un luogo adatto: hotel, appartamento privato, spazio discreto.<\/li>\n<\/ul>\n\n<h2 style=\"color:#f67675;\">Altre destinazioni disponibili<\/h2>\n<p>\nScoprite anche il nostro <a style=\"color:#f67675; text-decoration:underline;\" href=\"\/it\/scorta\/geneve\/\">escort Ginevra<\/a>cos\u00ec come le nostre pubblicit\u00e0 nel <a style=\"color:#f67675; text-decoration:underline;\" href=\"\/it\/scorta\/valais\/\">Vallese<\/a>, \u00e0 <a style=\"color:#f67675; text-decoration:underline;\" href=\"\/it\/scorta\/friburgo\/\">Friburgo<\/a> e <a style=\"color:#f67675; text-decoration:underline;\" href=\"\/it\/scorta\/berna\/\">Berna<\/a>.\n<\/p>\n\n<h2 id=\"faq\" style=\"color:#f67675;\">FAQ - Escort Lausanne<\/h2>\n\n<h3 style=\"color:#f67675;\">Come posso prenotare una escort a Lausanne?<\/h3>\n<p>Prenotate direttamente tramite gli annunci certificati di Meetgirl, contattando la escort o la sua agenzia.<\/p>\n\n<h3 style=\"color:#f67675;\">Quali tipi di servizi sono disponibili?<\/h3>\n<p>Massaggi, assistenza VIP, giochi di ruolo, feste private, viaggi personalizzati.<\/p>\n\n<h3 style=\"color:#f67675;\">Gli incontri sono discreti?<\/h3>\n<p>S\u00ec, tutti gli annunci certificati garantiscono riservatezza e sicurezza.<\/p>\n\n<h3 style=\"color:#f67675;\">Quali sono i quartieri pi\u00f9 popolari?<\/h3>\n<p>Ouchy, Le Flon, Lausanne-Gare, Pully, Chailly ed Epalinges.<\/p>\n\n<h3 style=\"color:#f67675;\">Le escort lavorano da casa o in hotel?<\/h3>\n<p>S\u00ec, a seconda delle loro condizioni, possono trasferirsi in alberghi o appartamenti privati.<\/p>\n\n<\/div>\n\t\t\t\t\t\t\t\t<\/div>\n\t\t\t\t<\/div>\n\t\t\t\t\t<\/div>\n\t\t\t\t<\/div>\n\t\t<div class=\"elementor-element elementor-element-546248b e-flex e-con-boxed e-con e-parent\" data-id=\"546248b\" data-element_type=\"container\" data-settings=\"{&quot;jet_parallax_layout_list&quot;:[]}\">\n\t\t\t\t\t<div class=\"e-con-inner\">\n\t\t<div class=\"elementor-element elementor-element-8a7b3aa e-con-full e-flex e-con e-child\" data-id=\"8a7b3aa\" data-element_type=\"container\" data-settings=\"{&quot;jet_parallax_layout_list&quot;:[]}\">\n\t\t\t\t<div class=\"elementor-element elementor-element-0f42661 elementor-widget elementor-widget-image\" data-id=\"0f42661\" data-element_type=\"widget\" data-widget_type=\"image.default\">\n\t\t\t\t<div class=\"elementor-widget-container\">\n\t\t\t\t\t\t\t\t\t\t\t\t\t\t\t<img decoding=\"async\" width=\"820\" height=\"542\" src=\"https:\/\/meetgirl.ch\/wp-content\/uploads\/2025\/09\/escort-girl-lausanne-quartier-flon.png\" class=\"attachment-large size-large wp-image-14283\" alt=\"Ragazza accompagnatrice Lausanne - serata elegante nel quartiere Flon\" srcset=\"https:\/\/meetgirl.ch\/wp-content\/uploads\/2025\/09\/escort-girl-lausanne-quartier-flon.png 820w, https:\/\/meetgirl.ch\/wp-content\/uploads\/2025\/09\/escort-girl-lausanne-quartier-flon-300x198.png 300w, https:\/\/meetgirl.ch\/wp-content\/uploads\/2025\/09\/escort-girl-lausanne-quartier-flon-768x508.png 768w, https:\/\/meetgirl.ch\/wp-content\/uploads\/2025\/09\/escort-girl-lausanne-quartier-flon-18x12.png 18w, https:\/\/meetgirl.ch\/wp-content\/uploads\/2025\/09\/escort-girl-lausanne-quartier-flon-600x397.png 600w\" sizes=\"(max-width: 820px) 100vw, 820px\" \/>\t\t\t\t\t\t\t\t\t\t\t\t\t\t\t<\/div>\n\t\t\t\t<\/div>\n\t\t\t\t<\/div>\n\t\t<div class=\"elementor-element elementor-element-27d5330 e-con-full e-flex e-con e-child\" data-id=\"27d5330\" data-element_type=\"container\" data-settings=\"{&quot;jet_parallax_layout_list&quot;:[]}\">\n\t\t\t\t<div class=\"elementor-element elementor-element-8564fdb elementor-widget elementor-widget-image\" data-id=\"8564fdb\" data-element_type=\"widget\" data-widget_type=\"image.default\">\n\t\t\t\t<div class=\"elementor-widget-container\">\n\t\t\t\t\t\t\t\t\t\t\t\t\t\t\t<img decoding=\"async\" width=\"814\" height=\"534\" src=\"https:\/\/meetgirl.ch\/wp-content\/uploads\/2025\/09\/accompagnatrice-lausanne-hotel-luxe.png\" class=\"attachment-large size-large wp-image-14284\" alt=\"Accompagnatore Losanna - Incontro VIP in un hotel prestigioso\" srcset=\"https:\/\/meetgirl.ch\/wp-content\/uploads\/2025\/09\/accompagnatrice-lausanne-hotel-luxe.png 814w, https:\/\/meetgirl.ch\/wp-content\/uploads\/2025\/09\/accompagnatrice-lausanne-hotel-luxe-300x197.png 300w, https:\/\/meetgirl.ch\/wp-content\/uploads\/2025\/09\/accompagnatrice-lausanne-hotel-luxe-768x504.png 768w, https:\/\/meetgirl.ch\/wp-content\/uploads\/2025\/09\/accompagnatrice-lausanne-hotel-luxe-18x12.png 18w, https:\/\/meetgirl.ch\/wp-content\/uploads\/2025\/09\/accompagnatrice-lausanne-hotel-luxe-600x394.png 600w\" sizes=\"(max-width: 814px) 100vw, 814px\" \/>\t\t\t\t\t\t\t\t\t\t\t\t\t\t\t<\/div>\n\t\t\t\t<\/div>\n\t\t\t\t<\/div>\n\t\t<div class=\"elementor-element elementor-element-bf6526c e-con-full e-flex e-con e-child\" data-id=\"bf6526c\" data-element_type=\"container\" data-settings=\"{&quot;jet_parallax_layout_list&quot;:[]}\">\n\t\t\t\t<div class=\"elementor-element elementor-element-0828575 elementor-widget elementor-widget-image\" data-id=\"0828575\" data-element_type=\"widget\" data-widget_type=\"image.default\">\n\t\t\t\t<div class=\"elementor-widget-container\">\n\t\t\t\t\t\t\t\t\t\t\t\t\t\t\t<img decoding=\"async\" width=\"822\" height=\"540\" src=\"https:\/\/meetgirl.ch\/wp-content\/uploads\/2025\/09\/escort-lausanne-lac-leman.png\" class=\"attachment-large size-large wp-image-14282\" alt=\"Escort Lausanne - escort di lusso sul lago di Ginevra\" srcset=\"https:\/\/meetgirl.ch\/wp-content\/uploads\/2025\/09\/escort-lausanne-lac-leman.png 822w, https:\/\/meetgirl.ch\/wp-content\/uploads\/2025\/09\/escort-lausanne-lac-leman-300x197.png 300w, https:\/\/meetgirl.ch\/wp-content\/uploads\/2025\/09\/escort-lausanne-lac-leman-768x505.png 768w, https:\/\/meetgirl.ch\/wp-content\/uploads\/2025\/09\/escort-lausanne-lac-leman-18x12.png 18w, https:\/\/meetgirl.ch\/wp-content\/uploads\/2025\/09\/escort-lausanne-lac-leman-600x394.png 600w\" sizes=\"(max-width: 822px) 100vw, 822px\" \/>\t\t\t\t\t\t\t\t\t\t\t\t\t\t\t<\/div>\n\t\t\t\t<\/div>\n\t\t\t\t<\/div>\n\t\t\t\t\t<\/div>\n\t\t\t\t<\/div>\n\t\t\t\t<\/div>","protected":false},"excerpt":{"rendered":"<p>Escort Lausanne \u2013 annonces certifi\u00e9es et escort de luxe Sommaire Pourquoi choisir une escort \u00e0 Lausanne Quartiers et lieux incontournables Tarifs et services \u00c9v\u00e9nements et exp\u00e9riences \u00e0 Lausanne Sp\u00e9cificit\u00e9s lausannoises Conseils pour une rencontre r\u00e9ussie FAQ \u2013 Escort Lausanne Les escort Lausanne propos\u00e9es sur Meetgirl sont s\u00e9lectionn\u00e9es pour leur \u00e9l\u00e9gance, leur professionnalisme et leur discr\u00e9tion. [&hellip;]<\/p>","protected":false},"author":3,"featured_media":0,"parent":14075,"menu_order":0,"comment_status":"closed","ping_status":"closed","template":"","meta":{"footnotes":""},"class_list":["post-14267","page","type-page","status-publish","hentry"],"acf":[],"yoast_head":"<!-- This site is optimized with the Yoast SEO plugin v26.0 - https:\/\/yoast.com\/wordpress\/plugins\/seo\/ -->\n<title>Escort Lausanne | Escort girl Lausanne \u2013 Meetgirl<\/title>\n<meta name=\"description\" content=\"D\u00e9couvrez nos annonces certifi\u00e9es d\u2019escorts \u00e0 Lausanne : escort girls ind\u00e9pendantes et agences. Discr\u00e9tion et \u00e9l\u00e9gance garanties\" \/>\n<meta name=\"robots\" content=\"index, follow, max-snippet:-1, max-image-preview:large, max-video-preview:-1\" \/>\n<link rel=\"canonical\" href=\"https:\/\/meetgirl.ch\/it\/scorta\/losanna\/\" \/>\n<meta property=\"og:locale\" content=\"it_IT\" \/>\n<meta property=\"og:type\" content=\"article\" \/>\n<meta property=\"og:title\" content=\"Escort Lausanne | Escort girl Lausanne \u2013 Meetgirl\" \/>\n<meta property=\"og:description\" content=\"D\u00e9couvrez nos annonces certifi\u00e9es d\u2019escorts \u00e0 Lausanne : escort girls ind\u00e9pendantes et agences. Discr\u00e9tion et \u00e9l\u00e9gance garanties\" \/>\n<meta property=\"og:url\" content=\"https:\/\/meetgirl.ch\/it\/scorta\/losanna\/\" \/>\n<meta property=\"og:site_name\" content=\"Meetgirl - Annonces \u00e9rotiques - Escorts, massages et salons\" \/>\n<meta property=\"article:modified_time\" content=\"2025-09-21T14:45:59+00:00\" \/>\n<meta property=\"og:image\" content=\"https:\/\/meetgirl.ch\/wp-content\/uploads\/2025\/09\/escort-girl-lausanne-quartier-flon.png\" \/>\n\t<meta property=\"og:image:width\" content=\"820\" \/>\n\t<meta property=\"og:image:height\" content=\"542\" \/>\n\t<meta property=\"og:image:type\" content=\"image\/png\" \/>\n<meta name=\"twitter:card\" content=\"summary_large_image\" \/>\n<meta name=\"twitter:label1\" content=\"Tempo di lettura stimato\" \/>\n\t<meta name=\"twitter:data1\" content=\"4 minuti\" \/>\n<script type=\"application\/ld+json\" class=\"yoast-schema-graph\">{\"@context\":\"https:\/\/schema.org\",\"@graph\":[{\"@type\":\"WebPage\",\"@id\":\"https:\/\/meetgirl.ch\/escort\/lausanne\/\",\"url\":\"https:\/\/meetgirl.ch\/escort\/lausanne\/\",\"name\":\"Escort Lausanne | Escort girl Lausanne \u2013 Meetgirl\",\"isPartOf\":{\"@id\":\"https:\/\/meetgirl.ch\/#website\"},\"primaryImageOfPage\":{\"@id\":\"https:\/\/meetgirl.ch\/escort\/lausanne\/#primaryimage\"},\"image\":{\"@id\":\"https:\/\/meetgirl.ch\/escort\/lausanne\/#primaryimage\"},\"thumbnailUrl\":\"https:\/\/meetgirl.ch\/wp-content\/uploads\/2025\/09\/escort-girl-lausanne-quartier-flon.png\",\"datePublished\":\"2025-09-21T14:34:25+00:00\",\"dateModified\":\"2025-09-21T14:45:59+00:00\",\"description\":\"D\u00e9couvrez nos annonces certifi\u00e9es d\u2019escorts \u00e0 Lausanne : escort girls ind\u00e9pendantes et agences. Discr\u00e9tion et \u00e9l\u00e9gance garanties\",\"breadcrumb\":{\"@id\":\"https:\/\/meetgirl.ch\/escort\/lausanne\/#breadcrumb\"},\"inLanguage\":\"it-IT\",\"potentialAction\":[{\"@type\":\"ReadAction\",\"target\":[\"https:\/\/meetgirl.ch\/escort\/lausanne\/\"]}]},{\"@type\":\"ImageObject\",\"inLanguage\":\"it-IT\",\"@id\":\"https:\/\/meetgirl.ch\/escort\/lausanne\/#primaryimage\",\"url\":\"https:\/\/meetgirl.ch\/wp-content\/uploads\/2025\/09\/escort-girl-lausanne-quartier-flon.png\",\"contentUrl\":\"https:\/\/meetgirl.ch\/wp-content\/uploads\/2025\/09\/escort-girl-lausanne-quartier-flon.png\"},{\"@type\":\"BreadcrumbList\",\"@id\":\"https:\/\/meetgirl.ch\/escort\/lausanne\/#breadcrumb\",\"itemListElement\":[{\"@type\":\"ListItem\",\"position\":1,\"name\":\"Accueil\",\"item\":\"https:\/\/meetgirl.ch\/\"},{\"@type\":\"ListItem\",\"position\":2,\"name\":\"Escort en Suisse \u2013 annonces certifi\u00e9es et v\u00e9rifi\u00e9es\",\"item\":\"https:\/\/meetgirl.ch\/escort\/\"},{\"@type\":\"ListItem\",\"position\":3,\"name\":\"Escort Lausanne \u2013 annonces certifi\u00e9es et escort de luxe\"}]},{\"@type\":\"WebSite\",\"@id\":\"https:\/\/meetgirl.ch\/#website\",\"url\":\"https:\/\/meetgirl.ch\/\",\"name\":\"MeetGirl - Annonces \u00e9rotiques Suisse - Escorts, massages et salons\",\"description\":\"Escorts et massages \u00e9rotiques\",\"publisher\":{\"@id\":\"https:\/\/meetgirl.ch\/#organization\"},\"alternateName\":\"Annuaire \u00e9rotique Suisse Escort \u00e0 Gen\u00e8ve, Lausanne, Valais, Neuch\u00e2tel\",\"potentialAction\":[{\"@type\":\"SearchAction\",\"target\":{\"@type\":\"EntryPoint\",\"urlTemplate\":\"https:\/\/meetgirl.ch\/?s={search_term_string}\"},\"query-input\":{\"@type\":\"PropertyValueSpecification\",\"valueRequired\":true,\"valueName\":\"search_term_string\"}}],\"inLanguage\":\"it-IT\"},{\"@type\":\"Organization\",\"@id\":\"https:\/\/meetgirl.ch\/#organization\",\"name\":\"Escort et massage \u00e9rotique\",\"alternateName\":\"Meetgirl escortes et masseuses\",\"url\":\"https:\/\/meetgirl.ch\/\",\"logo\":{\"@type\":\"ImageObject\",\"inLanguage\":\"it-IT\",\"@id\":\"https:\/\/meetgirl.ch\/#\/schema\/logo\/image\/\",\"url\":\"https:\/\/meetgirl.ch\/wp-content\/uploads\/2024\/05\/cropped-meet-logo.png\",\"contentUrl\":\"https:\/\/meetgirl.ch\/wp-content\/uploads\/2024\/05\/cropped-meet-logo.png\",\"width\":512,\"height\":512,\"caption\":\"Escort et massage \u00e9rotique\"},\"image\":{\"@id\":\"https:\/\/meetgirl.ch\/#\/schema\/logo\/image\/\"}}]}<\/script>\n<!-- \/ Yoast SEO plugin. -->","yoast_head_json":{"title":"Escort Lausanne | Escort girl Lausanne - Meetgirl","description":"Scoprite i nostri annunci certificati di escort a Lausanne: ragazze escort indipendenti e agenzie. Discrezione ed eleganza garantite","robots":{"index":"index","follow":"follow","max-snippet":"max-snippet:-1","max-image-preview":"max-image-preview:large","max-video-preview":"max-video-preview:-1"},"canonical":"https:\/\/meetgirl.ch\/it\/scorta\/losanna\/","og_locale":"it_IT","og_type":"article","og_title":"Escort Lausanne | Escort girl Lausanne \u2013 Meetgirl","og_description":"D\u00e9couvrez nos annonces certifi\u00e9es d\u2019escorts \u00e0 Lausanne : escort girls ind\u00e9pendantes et agences. Discr\u00e9tion et \u00e9l\u00e9gance garanties","og_url":"https:\/\/meetgirl.ch\/it\/scorta\/losanna\/","og_site_name":"Meetgirl - Annonces \u00e9rotiques - Escorts, massages et salons","article_modified_time":"2025-09-21T14:45:59+00:00","og_image":[{"width":820,"height":542,"url":"https:\/\/meetgirl.ch\/wp-content\/uploads\/2025\/09\/escort-girl-lausanne-quartier-flon.png","type":"image\/png"}],"twitter_card":"summary_large_image","twitter_misc":{"Tempo di lettura stimato":"4 minuti"},"schema":{"@context":"https:\/\/schema.org","@graph":[{"@type":"WebPage","@id":"https:\/\/meetgirl.ch\/escort\/lausanne\/","url":"https:\/\/meetgirl.ch\/escort\/lausanne\/","name":"Escort Lausanne | Escort girl Lausanne - Meetgirl","isPartOf":{"@id":"https:\/\/meetgirl.ch\/#website"},"primaryImageOfPage":{"@id":"https:\/\/meetgirl.ch\/escort\/lausanne\/#primaryimage"},"image":{"@id":"https:\/\/meetgirl.ch\/escort\/lausanne\/#primaryimage"},"thumbnailUrl":"https:\/\/meetgirl.ch\/wp-content\/uploads\/2025\/09\/escort-girl-lausanne-quartier-flon.png","datePublished":"2025-09-21T14:34:25+00:00","dateModified":"2025-09-21T14:45:59+00:00","description":"Scoprite i nostri annunci certificati di escort a Lausanne: ragazze escort indipendenti e agenzie. Discrezione ed eleganza garantite","breadcrumb":{"@id":"https:\/\/meetgirl.ch\/escort\/lausanne\/#breadcrumb"},"inLanguage":"it-IT","potentialAction":[{"@type":"ReadAction","target":["https:\/\/meetgirl.ch\/escort\/lausanne\/"]}]},{"@type":"ImageObject","inLanguage":"it-IT","@id":"https:\/\/meetgirl.ch\/escort\/lausanne\/#primaryimage","url":"https:\/\/meetgirl.ch\/wp-content\/uploads\/2025\/09\/escort-girl-lausanne-quartier-flon.png","contentUrl":"https:\/\/meetgirl.ch\/wp-content\/uploads\/2025\/09\/escort-girl-lausanne-quartier-flon.png"},{"@type":"BreadcrumbList","@id":"https:\/\/meetgirl.ch\/escort\/lausanne\/#breadcrumb","itemListElement":[{"@type":"ListItem","position":1,"name":"Accueil","item":"https:\/\/meetgirl.ch\/"},{"@type":"ListItem","position":2,"name":"Escort en Suisse \u2013 annonces certifi\u00e9es et v\u00e9rifi\u00e9es","item":"https:\/\/meetgirl.ch\/escort\/"},{"@type":"ListItem","position":3,"name":"Escort Lausanne \u2013 annonces certifi\u00e9es et escort de luxe"}]},{"@type":"WebSite","@id":"https:\/\/meetgirl.ch\/#website","url":"https:\/\/meetgirl.ch\/","name":"MeetGirl - Annunci erotici Svizzera - Accompagnatrici, massaggi e saloni di bellezza","description":"Escort e massaggi erotici","publisher":{"@id":"https:\/\/meetgirl.ch\/#organization"},"alternateName":"Annuaire \u00e9rotique Suisse Escort \u00e0 Gen\u00e8ve, Lausanne, Valais, Neuch\u00e2tel","potentialAction":[{"@type":"SearchAction","target":{"@type":"EntryPoint","urlTemplate":"https:\/\/meetgirl.ch\/?s={search_term_string}"},"query-input":{"@type":"PropertyValueSpecification","valueRequired":true,"valueName":"search_term_string"}}],"inLanguage":"it-IT"},{"@type":"Organization","@id":"https:\/\/meetgirl.ch\/#organization","name":"Escort e massaggio erotico","alternateName":"Meetgirl escortes et masseuses","url":"https:\/\/meetgirl.ch\/","logo":{"@type":"ImageObject","inLanguage":"it-IT","@id":"https:\/\/meetgirl.ch\/#\/schema\/logo\/image\/","url":"https:\/\/meetgirl.ch\/wp-content\/uploads\/2024\/05\/cropped-meet-logo.png","contentUrl":"https:\/\/meetgirl.ch\/wp-content\/uploads\/2024\/05\/cropped-meet-logo.png","width":512,"height":512,"caption":"Escort et massage \u00e9rotique"},"image":{"@id":"https:\/\/meetgirl.ch\/#\/schema\/logo\/image\/"}}]}},"_links":{"self":[{"href":"https:\/\/meetgirl.ch\/it\/wp-json\/wp\/v2\/pages\/14267","targetHints":{"allow":["GET"]}}],"collection":[{"href":"https:\/\/meetgirl.ch\/it\/wp-json\/wp\/v2\/pages"}],"about":[{"href":"https:\/\/meetgirl.ch\/it\/wp-json\/wp\/v2\/types\/page"}],"author":[{"embeddable":true,"href":"https:\/\/meetgirl.ch\/it\/wp-json\/wp\/v2\/users\/3"}],"replies":[{"embeddable":true,"href":"https:\/\/meetgirl.ch\/it\/wp-json\/wp\/v2\/comments?post=14267"}],"version-history":[{"count":5,"href":"https:\/\/meetgirl.ch\/it\/wp-json\/wp\/v2\/pages\/14267\/revisions"}],"predecessor-version":[{"id":14287,"href":"https:\/\/meetgirl.ch\/it\/wp-json\/wp\/v2\/pages\/14267\/revisions\/14287"}],"up":[{"embeddable":true,"href":"https:\/\/meetgirl.ch\/it\/wp-json\/wp\/v2\/pages\/14075"}],"wp:attachment":[{"href":"https:\/\/meetgirl.ch\/it\/wp-json\/wp\/v2\/media?parent=14267"}],"curies":[{"name":"wp","href":"https:\/\/api.w.org\/{rel}","templated":true}]}}