{"id":14288,"date":"2025-09-21T14:51:21","date_gmt":"2025-09-21T14:51:21","guid":{"rendered":"https:\/\/meetgirl.ch\/?page_id=14288"},"modified":"2025-09-21T15:09:23","modified_gmt":"2025-09-21T15:09:23","slug":"vaud-3","status":"publish","type":"page","link":"https:\/\/meetgirl.ch\/it\/vaud-3\/","title":{"rendered":"Escort Vaud - annunci certificati e ragazze escort di lusso"},"content":{"rendered":"<div data-elementor-type=\"wp-page\" data-elementor-id=\"14288\" class=\"elementor elementor-14288\">\n\t\t\t\t<div class=\"elementor-element elementor-element-48f1d35 e-flex e-con-boxed e-con e-parent\" data-id=\"48f1d35\" data-element_type=\"container\" data-settings=\"{&quot;jet_parallax_layout_list&quot;:[]}\">\n\t\t\t\t\t<div class=\"e-con-inner\">\n\t\t\t\t<div class=\"elementor-element elementor-element-d4a6ead elementor-widget elementor-widget-text-editor\" data-id=\"d4a6ead\" data-element_type=\"widget\" data-widget_type=\"text-editor.default\">\n\t\t\t\t<div class=\"elementor-widget-container\">\n\t\t\t\t\t\t\t\t\t<div style=\"color:#ffffff; font-family:Arial,sans-serif; line-height:1.6;\">\n\n  <h1 style=\"color:#f67675; text-align:center;\">Escort Vaud - annunci certificati e ragazze escort di lusso<\/h1>\n\n  <!-- Sommaire -->\n  <h2 style=\"color:#f67675;\">Contenuti<\/h2>\n  <ul>\n    <li><a href=\"#pourquoi\" style=\"color:#f67675;\">Perch\u00e9 scegliere una escort nel cantone di Vaud?<\/a><\/li>\n    <li><a href=\"#villes\" style=\"color:#f67675;\">Citt\u00e0 e luoghi da non perdere (Vevey, Prilly)<\/a><\/li>\n    <li><a href=\"#tarifs\" style=\"color:#f67675;\">Tariffe e servizi delle escort Vaud<\/a><\/li>\n    <li><a href=\"#spec\" style=\"color:#f67675;\">Caratteristiche specifiche del Vaud<\/a><\/li>\n    <li><a href=\"#conseils\" style=\"color:#f67675;\">Suggerimenti per una riunione di successo<\/a><\/li>\n    <li><a href=\"#faq\" style=\"color:#f67675;\">FAQ - Escort Vaud<\/a><\/li>\n  <\/ul>\n\n  <p>Il Cantone di Vaud seduce con i suoi panorami lacustri, i vigneti terrazzati e l'arte di vivere. Scegliete un <strong>escort Vaud<\/strong>In un ambiente raffinato e discreto per una serata, una cena, un'uscita culturale o un momento intimo e su misura. I nostri annunci certificati includono <strong>ragazze escort Vaud<\/strong> tenendo conto del vostro comfort, delle vostre preferenze e della vostra riservatezza.<\/p>\n\n  <h2 id=\"pourquoi\" style=\"color:#f67675;\">Perch\u00e9 scegliere una escort nel cantone di Vaud?<\/h2>\n  <p>Tra il Lago di Ginevra e le Prealpi, il Vaud offre una cornice ideale per incontri eleganti: hotel prestigiosi, ristoranti gourmet, spa e salotti intimi. A <strong>escort di lusso Vaud<\/strong> vi accompagnano con naturalezza a una cena, a un ricevimento o a un weekend romantico. Multilingue e professionali, si adattano al vostro stile: conversazione, uscite culturali, complicit\u00e0 sensuale o semplicemente una presenza discreta. Potrete vivere un'esperienza su misura, senza rinunciare alla sicurezza o alla discrezione.<\/p>\n\n  <h2 id=\"villes\" style=\"color:#f67675;\">Citt\u00e0 e luoghi da non perdere (Vevey, Prilly)<\/h2>\n  <p>Il nostro <strong>escort Vaud<\/strong> possono viaggiare ovunque nel Cantone. Per il momento, ci concentriamo su due destinazioni chiave:<\/p>\n  <ul>\n    <li><strong>Vevey<\/strong> - Elegante e romantica sulle rive del Lago di Ginevra, perfetta per una passeggiata al tramonto, un cocktail in un palazzo e poi una cena con vista sul lago. Scoprite i nostri profili su <a href=\"\/it\/scorta\/vevey\/\" style=\"color:#f67675;\">Escort Vevey<\/a>.<\/li>\n    <li><strong>Prilly<\/strong> - Alle porte di Losanna, pratico e discreto: hotel confortevoli, rapido accesso ai quartieri pi\u00f9 vivaci, atmosfera pi\u00f9 intima. Visitare <a href=\"\/it\/scorta\/prilly\/\" style=\"color:#f67675;\">Escort Prilly<\/a>.<\/li>\n  <\/ul>\n  <p>A seconda di ci\u00f2 che si desidera, un <strong>ragazza escort Vaud<\/strong> pu\u00f2 anche suggerire indirizzi accoglienti: cocktail bar, rooftop, spa o salotti per un'ambientazione intima. Voi stabilite il ritmo, lei si occupa del resto.<\/p>\n\n  <h2 id=\"tarifs\" style=\"color:#f67675;\">Tariffe e servizi delle escort Vaud<\/h2>\n  <p>I prezzi variano a seconda dell'esperienza, della durata e delle opzioni. Per informazioni :<\/p>\n  <ul>\n    <li><strong>Riunione breve (1 h)<\/strong> a partire da 300 franchi<\/li>\n    <li><strong>Appuntamento a cena \/ soir\u00e9e<\/strong> 600-900 FRANCHI<\/li>\n    <li><strong>Notte<\/strong> CHF 1.500-2.500 a seconda del profilo<\/li>\n  <\/ul>\n  <p>Gli annunci specificano i servizi offerti: accompagnamento VIP, eventi privati, massaggi sensuali, giochi di ruolo, abbigliamento, lingue parlate, viaggi. Ogni <strong>ragazza escort Vaud<\/strong> dettagli sulle sue condizioni (disponibilit\u00e0, preferenze, eventuali supplementi) in modo da poter prenotare con assoluta chiarezza.<\/p>\n\n  <h2 id=\"spec\" style=\"color:#f67675;\">Caratteristiche specifiche del Vaud<\/h2>\n  <p>Il Canton Vaud vanta anche eccellenti alberghi, grandi eventi culturali e paesaggi tutelati dall'UNESCO (Lavaux). Questi punti di forza aumentano il fascino di un incontro: un aperitivo sulla terrazza con vista sul lago, una degustazione di vini nei vigneti, un concerto o una mostra, seguiti da un intermezzo intimo in un ambiente accogliente. A <strong>ragazza escort Vaud<\/strong> che conoscono bene la regione, trasforma questo programma in un'esperienza di alta gamma senza soluzione di continuit\u00e0 e memorabile. Potrete godere appieno del Cantone, senza stress logistici e con una presenza elegante al vostro fianco.<\/p>\n\n  <h2 id=\"conseils\" style=\"color:#f67675;\">Suggerimenti per una riunione di successo<\/h2>\n  <ul>\n    <li><strong>Prenota in anticipo<\/strong> per garantire la disponibilit\u00e0 del profilo desiderato.<\/li>\n    <li><strong>Siate chiari sulle vostre aspettative<\/strong> stile della riunione, abbigliamento, atmosfera, linguaggio.<\/li>\n    <li><strong>Rispettare i limiti<\/strong> e le condizioni indicate nell'annuncio.<\/li>\n    <li><strong>Scegliere la cornice giusta<\/strong> hotel, appartamento, sala discreta o tavolo riservato.<\/li>\n  <\/ul>\n\n  <h2 id=\"faq\" style=\"color:#f67675;\">FAQ - Escort Vaud<\/h2>\n\n  <h3 style=\"color:#f67675;\">Come posso prenotare una escort nel cantone di Vaud?<\/h3>\n  <p>Sfoglia gli annunci certificati, seleziona un profilo, quindi contattala utilizzando i dettagli forniti per concordare un appuntamento, il luogo e la durata.<\/p>\n\n  <h3 style=\"color:#f67675;\">Quali aree vengono coperte per prime?<\/h3>\n  <p>Attualmente ci stiamo concentrando su <a href=\"\/it\/scorta\/vevey\/\" style=\"color:#f67675;\">Vevey<\/a> e <a href=\"\/it\/scorta\/prilly\/\" style=\"color:#f67675;\">Prilly<\/a>. Altre citt\u00e0 del cantone saranno aggiunte gradualmente.<\/p>\n\n  <h3 style=\"color:#f67675;\">La discrezione \u00e8 garantita?<\/h3>\n  <p>S\u00ec, le discussioni rimangono riservate e le riunioni si svolgono in luoghi scelti per la loro discrezione.<\/p>\n\n  <h3 style=\"color:#f67675;\">Quali servizi offre una escort Vaud?<\/h3>\n  <p>Compagnia serale, cene, eventi, massaggi sensuali, giochi di ruolo e opzioni personalizzate come da annuncio.<\/p>\n\n  <h3 style=\"color:#f67675;\">Possiamo organizzare un viaggio?<\/h3>\n  <p>A seconda del profilo e degli orari, potrebbero essere richieste trasferte. Eventuali spese saranno specificate nell'annuncio.<\/p>\n\n<\/div>\n\n<!-- Schema LocalBusiness -->\n<script type=\"application\/ld+json\">\n{\n  \"@context\": \"https:\/\/schema.org\",\n  \"@type\": \"LocalBusiness\",\n  \"name\": \"Escort Vaud - Meetgirl\",\n  \"description\": \"Annonces d'escort Vaud certifi\u00e9es : escort girls \u00e9l\u00e9gantes et discr\u00e8tes \u00e0 Vevey et Prilly.\",\n  \"address\": {\n    \"@type\": \"PostalAddress\",\n    \"addressLocality\": \"Vaud\",\n    \"addressRegion\": \"VD\",\n    \"addressCountry\": \"CH\"\n  },\n  \"areaServed\": [\"Vaud\",\"Vevey\",\"Prilly\"]\n}\n<\/script>\n\n<!-- Schema FAQ -->\n<script type=\"application\/ld+json\">\n{\n  \"@context\": \"https:\/\/schema.org\",\n  \"@type\": \"FAQPage\",\n  \"mainEntity\": [\n    {\n      \"@type\": \"Question\",\n      \"name\": \"Comment r\u00e9server une escort dans le canton de Vaud ?\",\n      \"acceptedAnswer\": {\n        \"@type\": \"Answer\",\n        \"text\": \"Parcourez les annonces certifi\u00e9es, s\u00e9lectionnez un profil, puis contactez-la via les informations indiqu\u00e9es pour fixer date, lieu et dur\u00e9e.\"\n      }\n    },\n    {\n      \"@type\": \"Question\",\n      \"name\": \"Quelles zones sont couvertes en priorit\u00e9 ?\",\n      \"acceptedAnswer\": {\n        \"@type\": \"Answer\",\n        \"text\": \"Nous mettons actuellement l\u2019accent sur Vevey et Prilly. D\u2019autres villes du canton seront ajout\u00e9es progressivement.\"\n      }\n    },\n    {\n      \"@type\": \"Question\",\n      \"name\": \"La discr\u00e9tion est-elle garantie ?\",\n      \"acceptedAnswer\": {\n        \"@type\": \"Answer\",\n        \"text\": \"Oui. Les \u00e9changes restent confidentiels et les rencontres se d\u00e9roulent dans des lieux choisis pour leur discr\u00e9tion.\"\n      }\n    },\n    {\n      \"@type\": \"Question\",\n      \"name\": \"Quels services propose une escort Vaud ?\",\n      \"acceptedAnswer\": {\n        \"@type\": \"Answer\",\n        \"text\": \"Accompagnement en soir\u00e9e, d\u00eeners, \u00e9v\u00e9nements, massages sensuels, jeux de r\u00f4le, et options personnalis\u00e9es selon l\u2019annonce.\"\n      }\n    },\n    {\n      \"@type\": \"Question\",\n      \"name\": \"Peut-on convenir d\u2019un d\u00e9placement ?\",\n      \"acceptedAnswer\": {\n        \"@type\": \"Answer\",\n        \"text\": \"Selon le profil et l\u2019horaire, des d\u00e9placements sont possibles. Les \u00e9ventuels frais sont pr\u00e9cis\u00e9s dans l\u2019annonce.\"\n      }\n    }\n  ]\n}\n<\/script>\n\t\t\t\t\t\t\t\t<\/div>\n\t\t\t\t<\/div>\n\t\t\t\t\t<\/div>\n\t\t\t\t<\/div>\n\t\t\t\t<\/div>","protected":false},"excerpt":{"rendered":"<p>Escort Vaud \u2013 annonces certifi\u00e9es et escort girls de luxe Sommaire Pourquoi choisir une escort dans le canton de Vaud Villes et lieux incontournables (Vevey, Prilly) Tarifs et services des escort Vaud Sp\u00e9cificit\u00e9s vaudoises Conseils pour une rencontre r\u00e9ussie FAQ \u2013 Escort Vaud Le canton de Vaud s\u00e9duit par ses panoramas lacustres, ses vignobles en [&hellip;]<\/p>","protected":false},"author":3,"featured_media":0,"parent":0,"menu_order":0,"comment_status":"closed","ping_status":"closed","template":"","meta":{"footnotes":""},"class_list":["post-14288","page","type-page","status-publish","hentry"],"acf":[],"yoast_head":"<!-- This site is optimized with the Yoast SEO plugin v26.0 - https:\/\/yoast.com\/wordpress\/plugins\/seo\/ -->\n<title>Escort Vaud | Escort girls et escort de luxe \u2013 Meetgirl<\/title>\n<meta name=\"description\" content=\"D\u00e9couvrez nos annonces d\u2019escort Vaud certifi\u00e9es : escort girls \u00e9l\u00e9gantes et discr\u00e8tes \u00e0 Vevey et Prilly. Rencontres haut de gamme.\" \/>\n<meta name=\"robots\" content=\"index, follow, max-snippet:-1, max-image-preview:large, max-video-preview:-1\" \/>\n<link rel=\"canonical\" href=\"https:\/\/meetgirl.ch\/it\/vaud-3\/\" \/>\n<meta property=\"og:locale\" content=\"it_IT\" \/>\n<meta property=\"og:type\" content=\"article\" \/>\n<meta property=\"og:title\" content=\"Escort Vaud | Escort girls et escort de luxe \u2013 Meetgirl\" \/>\n<meta property=\"og:description\" content=\"D\u00e9couvrez nos annonces d\u2019escort Vaud certifi\u00e9es : escort girls \u00e9l\u00e9gantes et discr\u00e8tes \u00e0 Vevey et Prilly. Rencontres haut de gamme.\" \/>\n<meta property=\"og:url\" content=\"https:\/\/meetgirl.ch\/it\/vaud-3\/\" \/>\n<meta property=\"og:site_name\" content=\"Meetgirl - Annonces \u00e9rotiques - Escorts, massages et salons\" \/>\n<meta property=\"article:modified_time\" content=\"2025-09-21T15:09:23+00:00\" \/>\n<meta property=\"og:image\" content=\"https:\/\/meetgirl.ch\/wp-content\/uploads\/2025\/03\/meetgirl-yoast.jpg\" \/>\n\t<meta property=\"og:image:width\" content=\"1200\" \/>\n\t<meta property=\"og:image:height\" content=\"675\" \/>\n\t<meta property=\"og:image:type\" content=\"image\/jpeg\" \/>\n<meta name=\"twitter:card\" content=\"summary_large_image\" \/>\n<meta name=\"twitter:label1\" content=\"Tempo di lettura stimato\" \/>\n\t<meta name=\"twitter:data1\" content=\"4 minuti\" \/>\n<script type=\"application\/ld+json\" class=\"yoast-schema-graph\">{\"@context\":\"https:\/\/schema.org\",\"@graph\":[{\"@type\":\"WebPage\",\"@id\":\"https:\/\/meetgirl.ch\/vaud-3\/\",\"url\":\"https:\/\/meetgirl.ch\/vaud-3\/\",\"name\":\"Escort Vaud | Escort girls et escort de luxe \u2013 Meetgirl\",\"isPartOf\":{\"@id\":\"https:\/\/meetgirl.ch\/#website\"},\"datePublished\":\"2025-09-21T14:51:21+00:00\",\"dateModified\":\"2025-09-21T15:09:23+00:00\",\"description\":\"D\u00e9couvrez nos annonces d\u2019escort Vaud certifi\u00e9es : escort girls \u00e9l\u00e9gantes et discr\u00e8tes \u00e0 Vevey et Prilly. Rencontres haut de gamme.\",\"breadcrumb\":{\"@id\":\"https:\/\/meetgirl.ch\/vaud-3\/#breadcrumb\"},\"inLanguage\":\"it-IT\",\"potentialAction\":[{\"@type\":\"ReadAction\",\"target\":[\"https:\/\/meetgirl.ch\/vaud-3\/\"]}]},{\"@type\":\"BreadcrumbList\",\"@id\":\"https:\/\/meetgirl.ch\/vaud-3\/#breadcrumb\",\"itemListElement\":[{\"@type\":\"ListItem\",\"position\":1,\"name\":\"Accueil\",\"item\":\"https:\/\/meetgirl.ch\/\"},{\"@type\":\"ListItem\",\"position\":2,\"name\":\"Escort Vaud \u2013 annonces certifi\u00e9es et escort girls de luxe\"}]},{\"@type\":\"WebSite\",\"@id\":\"https:\/\/meetgirl.ch\/#website\",\"url\":\"https:\/\/meetgirl.ch\/\",\"name\":\"MeetGirl - Annonces \u00e9rotiques Suisse - Escorts, massages et salons\",\"description\":\"Escorts et massages \u00e9rotiques\",\"publisher\":{\"@id\":\"https:\/\/meetgirl.ch\/#organization\"},\"alternateName\":\"Annuaire \u00e9rotique Suisse Escort \u00e0 Gen\u00e8ve, Lausanne, Valais, Neuch\u00e2tel\",\"potentialAction\":[{\"@type\":\"SearchAction\",\"target\":{\"@type\":\"EntryPoint\",\"urlTemplate\":\"https:\/\/meetgirl.ch\/?s={search_term_string}\"},\"query-input\":{\"@type\":\"PropertyValueSpecification\",\"valueRequired\":true,\"valueName\":\"search_term_string\"}}],\"inLanguage\":\"it-IT\"},{\"@type\":\"Organization\",\"@id\":\"https:\/\/meetgirl.ch\/#organization\",\"name\":\"Escort et massage \u00e9rotique\",\"alternateName\":\"Meetgirl escortes et masseuses\",\"url\":\"https:\/\/meetgirl.ch\/\",\"logo\":{\"@type\":\"ImageObject\",\"inLanguage\":\"it-IT\",\"@id\":\"https:\/\/meetgirl.ch\/#\/schema\/logo\/image\/\",\"url\":\"https:\/\/meetgirl.ch\/wp-content\/uploads\/2024\/05\/cropped-meet-logo.png\",\"contentUrl\":\"https:\/\/meetgirl.ch\/wp-content\/uploads\/2024\/05\/cropped-meet-logo.png\",\"width\":512,\"height\":512,\"caption\":\"Escort et massage \u00e9rotique\"},\"image\":{\"@id\":\"https:\/\/meetgirl.ch\/#\/schema\/logo\/image\/\"}}]}<\/script>\n<!-- \/ Yoast SEO plugin. -->","yoast_head_json":{"title":"Escort Vaud | Ragazze escort e accompagnatrici di lusso - Meetgirl","description":"Scoprite i nostri annunci certificati di escort Vaud: ragazze escort eleganti e discrete a Vevey e Prilly. Incontri di alto livello.","robots":{"index":"index","follow":"follow","max-snippet":"max-snippet:-1","max-image-preview":"max-image-preview:large","max-video-preview":"max-video-preview:-1"},"canonical":"https:\/\/meetgirl.ch\/it\/vaud-3\/","og_locale":"it_IT","og_type":"article","og_title":"Escort Vaud | Escort girls et escort de luxe \u2013 Meetgirl","og_description":"D\u00e9couvrez nos annonces d\u2019escort Vaud certifi\u00e9es : escort girls \u00e9l\u00e9gantes et discr\u00e8tes \u00e0 Vevey et Prilly. Rencontres haut de gamme.","og_url":"https:\/\/meetgirl.ch\/it\/vaud-3\/","og_site_name":"Meetgirl - Annonces \u00e9rotiques - Escorts, massages et salons","article_modified_time":"2025-09-21T15:09:23+00:00","og_image":[{"width":1200,"height":675,"url":"https:\/\/meetgirl.ch\/wp-content\/uploads\/2025\/03\/meetgirl-yoast.jpg","type":"image\/jpeg"}],"twitter_card":"summary_large_image","twitter_misc":{"Tempo di lettura stimato":"4 minuti"},"schema":{"@context":"https:\/\/schema.org","@graph":[{"@type":"WebPage","@id":"https:\/\/meetgirl.ch\/vaud-3\/","url":"https:\/\/meetgirl.ch\/vaud-3\/","name":"Escort Vaud | Ragazze escort e accompagnatrici di lusso - Meetgirl","isPartOf":{"@id":"https:\/\/meetgirl.ch\/#website"},"datePublished":"2025-09-21T14:51:21+00:00","dateModified":"2025-09-21T15:09:23+00:00","description":"Scoprite i nostri annunci certificati di escort Vaud: ragazze escort eleganti e discrete a Vevey e Prilly. Incontri di alto livello.","breadcrumb":{"@id":"https:\/\/meetgirl.ch\/vaud-3\/#breadcrumb"},"inLanguage":"it-IT","potentialAction":[{"@type":"ReadAction","target":["https:\/\/meetgirl.ch\/vaud-3\/"]}]},{"@type":"BreadcrumbList","@id":"https:\/\/meetgirl.ch\/vaud-3\/#breadcrumb","itemListElement":[{"@type":"ListItem","position":1,"name":"Accueil","item":"https:\/\/meetgirl.ch\/"},{"@type":"ListItem","position":2,"name":"Escort Vaud \u2013 annonces certifi\u00e9es et escort girls de luxe"}]},{"@type":"WebSite","@id":"https:\/\/meetgirl.ch\/#website","url":"https:\/\/meetgirl.ch\/","name":"MeetGirl - Annunci erotici Svizzera - Accompagnatrici, massaggi e saloni di bellezza","description":"Escort e massaggi erotici","publisher":{"@id":"https:\/\/meetgirl.ch\/#organization"},"alternateName":"Annuaire \u00e9rotique Suisse Escort \u00e0 Gen\u00e8ve, Lausanne, Valais, Neuch\u00e2tel","potentialAction":[{"@type":"SearchAction","target":{"@type":"EntryPoint","urlTemplate":"https:\/\/meetgirl.ch\/?s={search_term_string}"},"query-input":{"@type":"PropertyValueSpecification","valueRequired":true,"valueName":"search_term_string"}}],"inLanguage":"it-IT"},{"@type":"Organization","@id":"https:\/\/meetgirl.ch\/#organization","name":"Escort e massaggio erotico","alternateName":"Meetgirl escortes et masseuses","url":"https:\/\/meetgirl.ch\/","logo":{"@type":"ImageObject","inLanguage":"it-IT","@id":"https:\/\/meetgirl.ch\/#\/schema\/logo\/image\/","url":"https:\/\/meetgirl.ch\/wp-content\/uploads\/2024\/05\/cropped-meet-logo.png","contentUrl":"https:\/\/meetgirl.ch\/wp-content\/uploads\/2024\/05\/cropped-meet-logo.png","width":512,"height":512,"caption":"Escort et massage \u00e9rotique"},"image":{"@id":"https:\/\/meetgirl.ch\/#\/schema\/logo\/image\/"}}]}},"_links":{"self":[{"href":"https:\/\/meetgirl.ch\/it\/wp-json\/wp\/v2\/pages\/14288","targetHints":{"allow":["GET"]}}],"collection":[{"href":"https:\/\/meetgirl.ch\/it\/wp-json\/wp\/v2\/pages"}],"about":[{"href":"https:\/\/meetgirl.ch\/it\/wp-json\/wp\/v2\/types\/page"}],"author":[{"embeddable":true,"href":"https:\/\/meetgirl.ch\/it\/wp-json\/wp\/v2\/users\/3"}],"replies":[{"embeddable":true,"href":"https:\/\/meetgirl.ch\/it\/wp-json\/wp\/v2\/comments?post=14288"}],"version-history":[{"count":5,"href":"https:\/\/meetgirl.ch\/it\/wp-json\/wp\/v2\/pages\/14288\/revisions"}],"predecessor-version":[{"id":14293,"href":"https:\/\/meetgirl.ch\/it\/wp-json\/wp\/v2\/pages\/14288\/revisions\/14293"}],"wp:attachment":[{"href":"https:\/\/meetgirl.ch\/it\/wp-json\/wp\/v2\/media?parent=14288"}],"curies":[{"name":"wp","href":"https:\/\/api.w.org\/{rel}","templated":true}]}}