{"id":5206,"date":"2025-03-02T15:29:54","date_gmt":"2025-03-02T15:29:54","guid":{"rendered":"https:\/\/meet2.le-digital.ch\/?page_id=5206"},"modified":"2026-02-23T12:08:58","modified_gmt":"2026-02-23T12:08:58","slug":"partner","status":"publish","type":"page","link":"https:\/\/meetgirl.ch\/it\/partner\/","title":{"rendered":"Partner"},"content":{"rendered":"<div data-elementor-type=\"wp-page\" data-elementor-id=\"5206\" class=\"elementor elementor-5206\">\n\t\t\t\t<div class=\"elementor-element elementor-element-54d7bd6 e-flex e-con-boxed e-con e-parent\" data-id=\"54d7bd6\" data-element_type=\"container\" data-settings=\"{&quot;jet_parallax_layout_list&quot;:[]}\">\n\t\t\t\t\t<div class=\"e-con-inner\">\n\t\t\t\t<div class=\"elementor-element elementor-element-2772c3e elementor-widget elementor-widget-heading\" data-id=\"2772c3e\" data-element_type=\"widget\" data-widget_type=\"heading.default\">\n\t\t\t\t<div class=\"elementor-widget-container\">\n\t\t\t\t\t<h2 class=\"elementor-heading-title elementor-size-default\">Diventa un partner di Meetgirl<\/h2>\t\t\t\t<\/div>\n\t\t\t\t<\/div>\n\t\t\t\t\t<\/div>\n\t\t\t\t<\/div>\n\t\t<div class=\"elementor-element elementor-element-7c9ed3b e-flex e-con-boxed e-con e-parent\" data-id=\"7c9ed3b\" data-element_type=\"container\" data-settings=\"{&quot;jet_parallax_layout_list&quot;:[]}\">\n\t\t\t\t\t<div class=\"e-con-inner\">\n\t\t\t\t<div class=\"elementor-element elementor-element-7d0f463 elementor-widget elementor-widget-text-editor\" data-id=\"7d0f463\" data-element_type=\"widget\" data-widget_type=\"text-editor.default\">\n\t\t\t\t<div class=\"elementor-widget-container\">\n\t\t\t\t\t\t\t\t\t<p>Vous souhaitez faire un \u00e9change de lien avec Meetgirl? Copier \/ coller le code et l&rsquo;ajouter sur votre site internet. Apr\u00e8s veuillez nous contacter \u00e0 contact@meetgirl.ch. Nous allons v\u00e9rifier la pr\u00e9sence de notre lien sur votre site et nous ajouterons le votre.<\/p>\t\t\t\t\t\t\t\t<\/div>\n\t\t\t\t<\/div>\n\t\t\t\t\t<\/div>\n\t\t\t\t<\/div>\n\t\t<div class=\"elementor-element elementor-element-0740915 e-flex e-con-boxed e-con e-parent\" data-id=\"0740915\" data-element_type=\"container\" data-settings=\"{&quot;jet_parallax_layout_list&quot;:[]}\">\n\t\t\t\t\t<div class=\"e-con-inner\">\n\t\t\t\t<div class=\"elementor-element elementor-element-04c23ed e-n-tabs-mobile elementor-widget elementor-widget-n-tabs\" data-id=\"04c23ed\" data-element_type=\"widget\" data-settings=\"{&quot;horizontal_scroll&quot;:&quot;disable&quot;}\" data-widget_type=\"nested-tabs.default\">\n\t\t\t\t<div class=\"elementor-widget-container\">\n\t\t\t\t\t\t\t<div class=\"e-n-tabs\" data-widget-number=\"4989933\" aria-label=\"Schede. Apri gli elementi con Invio o Spazio, chiudili con Esc e naviga con i tasti freccia.\">\n\t\t\t<div class=\"e-n-tabs-heading\" role=\"tablist\">\n\t\t\t\t\t<button id=\"e-n-tab-title-49899331\" class=\"e-n-tab-title\" aria-selected=\"true\" data-tab-index=\"1\" role=\"tab\" tabindex=\"0\" aria-controls=\"e-n-tab-content-49899331\" style=\"--n-tabs-title-order: 1;\">\n\t\t\t\t\t\t<span class=\"e-n-tab-title-text\">\n\t\t\t\t468 x 60\t\t\t<\/span>\n\t\t<\/button>\n\t\t\t\t<button id=\"e-n-tab-title-49899332\" class=\"e-n-tab-title\" aria-selected=\"false\" data-tab-index=\"2\" role=\"tab\" tabindex=\"-1\" aria-controls=\"e-n-tab-content-49899332\" style=\"--n-tabs-title-order: 2;\">\n\t\t\t\t\t\t<span class=\"e-n-tab-title-text\">\n\t\t\t\t300 x 150\t\t\t<\/span>\n\t\t<\/button>\n\t\t\t\t<button id=\"e-n-tab-title-49899333\" class=\"e-n-tab-title\" aria-selected=\"false\" data-tab-index=\"3\" role=\"tab\" tabindex=\"-1\" aria-controls=\"e-n-tab-content-49899333\" style=\"--n-tabs-title-order: 3;\">\n\t\t\t\t\t\t<span class=\"e-n-tab-title-text\">\n\t\t\t\t300 x 100\t\t\t<\/span>\n\t\t<\/button>\n\t\t\t\t<button id=\"e-n-tab-title-49899334\" class=\"e-n-tab-title\" aria-selected=\"false\" data-tab-index=\"4\" role=\"tab\" tabindex=\"-1\" aria-controls=\"e-n-tab-content-49899334\" style=\"--n-tabs-title-order: 4;\">\n\t\t\t\t\t\t<span class=\"e-n-tab-title-text\">\n\t\t\t\t200 x 100\t\t\t<\/span>\n\t\t<\/button>\n\t\t\t\t<button id=\"e-n-tab-title-49899335\" class=\"e-n-tab-title\" aria-selected=\"false\" data-tab-index=\"5\" role=\"tab\" tabindex=\"-1\" aria-controls=\"e-n-tab-content-49899335\" style=\"--n-tabs-title-order: 5;\">\n\t\t\t\t\t\t<span class=\"e-n-tab-title-text\">\n\t\t\t\tTesto\t\t\t<\/span>\n\t\t<\/button>\n\t\t\t\t\t<\/div>\n\t\t\t<div class=\"e-n-tabs-content\">\n\t\t\t\t<div id=\"e-n-tab-content-49899331\" role=\"tabpanel\" aria-labelledby=\"e-n-tab-title-49899331\" data-tab-index=\"1\" style=\"--n-tabs-title-order: 1;\" class=\"e-active elementor-element elementor-element-751f759 e-con-full e-flex e-con e-child\" data-id=\"751f759\" data-element_type=\"container\" data-settings=\"{&quot;jet_parallax_layout_list&quot;:[]}\">\n\t\t<div class=\"elementor-element elementor-element-35431f3 e-flex e-con-boxed e-con e-child\" data-id=\"35431f3\" data-element_type=\"container\" data-settings=\"{&quot;jet_parallax_layout_list&quot;:[]}\">\n\t\t\t\t\t<div class=\"e-con-inner\">\n\t\t\t\t<div class=\"elementor-element elementor-element-28fbb73 elementor-widget elementor-widget-html\" data-id=\"28fbb73\" data-element_type=\"widget\" data-widget_type=\"html.default\">\n\t\t\t\t<div class=\"elementor-widget-container\">\n\t\t\t\t\t<div style=\"text-align:center;\"><a href=\"https:\/\/meetgirl.ch\/it\/\" target=\"_blank\" rel=\"follow\" title=\"&quot;Mgirl\" - annonces gratuites pour escortes et masseuses en suisse\"><img decoding=\"async\" border=\"0\" src=\"https:\/\/meetgirl.ch\/wp-content\/uploads\/2025\/03\/meetgirl-468x60-1.jpg\" alt=\"&quot;Meetgirl\" - annonces pour escortes et masseuses en suisse\"><\/a><\/div> \n\t\t\t\t<\/div>\n\t\t\t\t<\/div>\n\t\t\t\t<div class=\"elementor-element elementor-element-0d277de elementor-widget elementor-widget-text-editor\" data-id=\"0d277de\" data-element_type=\"widget\" data-widget_type=\"text-editor.default\">\n\t\t\t\t<div class=\"elementor-widget-container\">\n\t\t\t\t\t\t\t\t\t<pre class=\"p1\"><span class=\"s1\">&lt;div style=&quot;text-align:center;&quot;&gt;&lt;a href=&quot;https:\/\/meetgirl.ch\/it\/&quot; target=&quot;_blank&quot; rel=&quot;follow&quot; title=&quot;&amp;quot;Mgirl&quot; - annonces gratuites pour escortes et masseuses en suisse&quot;&gt;&lt;img border=&quot;0&quot; src=&quot;https:\/\/meetgirl.ch\/wp-content\/uploads\/2025\/03\/meetgirl-468x60-1.jpg&quot; alt=&quot;&amp;quot;Meetgirl&quot; - annonces pour escortes et masseuses en suisse&quot;&gt;&lt;\/a&gt;&lt;\/div&gt; <\/span><\/pre>\t\t\t\t\t\t\t\t<\/div>\n\t\t\t\t<\/div>\n\t\t\t\t\t<\/div>\n\t\t\t\t<\/div>\n\t\t\t\t<\/div>\n\t\t<div id=\"e-n-tab-content-49899332\" role=\"tabpanel\" aria-labelledby=\"e-n-tab-title-49899332\" data-tab-index=\"2\" style=\"--n-tabs-title-order: 2;\" class=\"elementor-element elementor-element-40d2df3 e-con-full e-flex e-con e-child\" data-id=\"40d2df3\" data-element_type=\"container\" data-settings=\"{&quot;jet_parallax_layout_list&quot;:[]}\">\n\t\t<div class=\"elementor-element elementor-element-3463822 e-flex e-con-boxed e-con e-child\" data-id=\"3463822\" data-element_type=\"container\" data-settings=\"{&quot;jet_parallax_layout_list&quot;:[]}\">\n\t\t\t\t\t<div class=\"e-con-inner\">\n\t\t\t\t<div class=\"elementor-element elementor-element-6c8e963 elementor-widget elementor-widget-html\" data-id=\"6c8e963\" data-element_type=\"widget\" data-widget_type=\"html.default\">\n\t\t\t\t<div class=\"elementor-widget-container\">\n\t\t\t\t\t<div style=\"text-align:center;\"><a href=\"https:\/\/meetgirl.ch\/it\/\" target=\"_blank\" rel=\"follow\" title=\"&quot;Mgirl\" - annonces gratuites pour escortes et masseuses en suisse\"><img decoding=\"async\" border=\"0\" src=\"https:\/\/meetgirl.ch\/wp-content\/uploads\/2025\/03\/meetgirl-300x150-1.jpg\" alt=\"&quot;Meetgirl\" - annonces pour escortes et masseuses en suisse\"><\/a><\/div> \t\t\t\t<\/div>\n\t\t\t\t<\/div>\n\t\t\t\t<div class=\"elementor-element elementor-element-c0f5893 elementor-widget elementor-widget-text-editor\" data-id=\"c0f5893\" data-element_type=\"widget\" data-widget_type=\"text-editor.default\">\n\t\t\t\t<div class=\"elementor-widget-container\">\n\t\t\t\t\t\t\t\t\t<pre class=\"p1\"><span class=\"s1\">&lt;div style=&quot;text-align:center;&quot;&gt;&lt;a href=&quot;https:\/\/meetgirl.ch\/it\/&quot; target=&quot;_blank&quot; rel=&quot;follow&quot; title=&quot;&amp;quot;Mgirl&quot; - annonces gratuites pour escortes et masseuses en suisse&quot;&gt;&lt;img border=&quot;0&quot; src=&quot;https:\/\/meetgirl.ch\/wp-content\/uploads\/2025\/03\/meetgirl-300x150-1.jpg&quot; alt=&quot;&amp;quot;Meetgirl&quot; - annonces pour escortes et masseuses en suisse&quot;&gt;&lt;\/a&gt;&lt;\/div&gt;<br \/> <\/span><\/pre>\t\t\t\t\t\t\t\t<\/div>\n\t\t\t\t<\/div>\n\t\t\t\t\t<\/div>\n\t\t\t\t<\/div>\n\t\t\t\t<\/div>\n\t\t<div id=\"e-n-tab-content-49899333\" role=\"tabpanel\" aria-labelledby=\"e-n-tab-title-49899333\" data-tab-index=\"3\" style=\"--n-tabs-title-order: 3;\" class=\"elementor-element elementor-element-7b47c01 e-con-full e-flex e-con e-child\" data-id=\"7b47c01\" data-element_type=\"container\" data-settings=\"{&quot;jet_parallax_layout_list&quot;:[]}\">\n\t\t<div class=\"elementor-element elementor-element-5545b1b e-flex e-con-boxed e-con e-child\" data-id=\"5545b1b\" data-element_type=\"container\" data-settings=\"{&quot;jet_parallax_layout_list&quot;:[]}\">\n\t\t\t\t\t<div class=\"e-con-inner\">\n\t\t\t\t<div class=\"elementor-element elementor-element-38f339c elementor-widget elementor-widget-html\" data-id=\"38f339c\" data-element_type=\"widget\" data-widget_type=\"html.default\">\n\t\t\t\t<div class=\"elementor-widget-container\">\n\t\t\t\t\t<div style=\"text-align:center;\"><a href=\"https:\/\/meetgirl.ch\/it\/\" target=\"_blank\" rel=\"follow\" title=\"&quot;Mgirl\" - annonces gratuites pour escortes et masseuses en suisse\"><img decoding=\"async\" border=\"0\" src=\"https:\/\/meetgirl.ch\/wp-content\/uploads\/2025\/03\/meet-300x100-1.jpg\" alt=\"&quot;Meetgirl\" - annonces pour escortes et masseuses en suisse\"><\/a><\/div> \t\t\t\t<\/div>\n\t\t\t\t<\/div>\n\t\t\t\t<div class=\"elementor-element elementor-element-a04b505 elementor-widget elementor-widget-text-editor\" data-id=\"a04b505\" data-element_type=\"widget\" data-widget_type=\"text-editor.default\">\n\t\t\t\t<div class=\"elementor-widget-container\">\n\t\t\t\t\t\t\t\t\t<pre class=\"p1\"><span class=\"s1\">&lt;div style=&quot;text-align:center;&quot;&gt;&lt;a href=&quot;https:\/\/meetgirl.ch\/it\/&quot; target=&quot;_blank&quot; rel=&quot;follow&quot; title=&quot;&amp;quot;Mgirl&quot; - annonces gratuites pour escortes et masseuses en suisse&quot;&gt;&lt;img border=&quot;0&quot; src=&quot;https:\/\/meetgirl.ch\/wp-content\/uploads\/2025\/03\/meet-300x100-1.jpg&quot; alt=&quot;&amp;quot;Meetgirl&quot; - annonces pour escortes et masseuses en suisse&quot;&gt;&lt;\/a&gt;&lt;\/div&gt; <\/span><\/pre>\t\t\t\t\t\t\t\t<\/div>\n\t\t\t\t<\/div>\n\t\t\t\t\t<\/div>\n\t\t\t\t<\/div>\n\t\t\t\t<\/div>\n\t\t<div id=\"e-n-tab-content-49899334\" role=\"tabpanel\" aria-labelledby=\"e-n-tab-title-49899334\" data-tab-index=\"4\" style=\"--n-tabs-title-order: 4;\" class=\"elementor-element elementor-element-704888f e-con-full e-flex e-con e-child\" data-id=\"704888f\" data-element_type=\"container\" data-settings=\"{&quot;jet_parallax_layout_list&quot;:[]}\">\n\t\t<div class=\"elementor-element elementor-element-057b8ed e-flex e-con-boxed e-con e-child\" data-id=\"057b8ed\" data-element_type=\"container\" data-settings=\"{&quot;jet_parallax_layout_list&quot;:[]}\">\n\t\t\t\t\t<div class=\"e-con-inner\">\n\t\t\t\t<div class=\"elementor-element elementor-element-34c8784 elementor-widget elementor-widget-html\" data-id=\"34c8784\" data-element_type=\"widget\" data-widget_type=\"html.default\">\n\t\t\t\t<div class=\"elementor-widget-container\">\n\t\t\t\t\t<div style=\"text-align:center;\"><a href=\"https:\/\/meetgirl.ch\/it\/\" target=\"_blank\" rel=\"follow\" title=\"&quot;Mgirl\" - annonces gratuites pour escortes et masseuses en suisse\"><img decoding=\"async\" border=\"0\" src=\"https:\/\/meetgirl.ch\/wp-content\/uploads\/2025\/03\/meet-200x100-1.jpg\" alt=\"&quot;Meetgirl\" - annonces pour escortes et masseuses en suisse\"><\/a><\/div> \t\t\t\t<\/div>\n\t\t\t\t<\/div>\n\t\t\t\t<div class=\"elementor-element elementor-element-524b9fa elementor-widget elementor-widget-text-editor\" data-id=\"524b9fa\" data-element_type=\"widget\" data-widget_type=\"text-editor.default\">\n\t\t\t\t<div class=\"elementor-widget-container\">\n\t\t\t\t\t\t\t\t\t<pre class=\"p1\"><span class=\"s1\">&lt;div style=&quot;text-align:center;&quot;&gt;&lt;a href=&quot;https:\/\/meetgirl.ch\/it\/&quot; target=&quot;_blank&quot; rel=&quot;follow&quot; title=&quot;&amp;quot;Mgirl&quot; - annonces gratuites pour escortes et masseuses en suisse&quot;&gt;&lt;img border=&quot;0&quot; src=&quot;https:\/\/meetgirl.ch\/wp-content\/uploads\/2025\/03\/meet-200x100-1.jpg&quot; alt=&quot;&amp;quot;Meetgirl&quot; - annonces pour escortes et masseuses en suisse&quot;&gt;&lt;\/a&gt;&lt;\/div&gt; <\/span><\/pre>\t\t\t\t\t\t\t\t<\/div>\n\t\t\t\t<\/div>\n\t\t\t\t\t<\/div>\n\t\t\t\t<\/div>\n\t\t\t\t<\/div>\n\t\t<div id=\"e-n-tab-content-49899335\" role=\"tabpanel\" aria-labelledby=\"e-n-tab-title-49899335\" data-tab-index=\"5\" style=\"--n-tabs-title-order: 5;\" class=\"elementor-element elementor-element-01a230e e-con-full e-flex e-con e-child\" data-id=\"01a230e\" data-element_type=\"container\" data-settings=\"{&quot;jet_parallax_layout_list&quot;:[]}\">\n\t\t<div class=\"elementor-element elementor-element-9a9445e e-flex e-con-boxed e-con e-child\" data-id=\"9a9445e\" data-element_type=\"container\" data-settings=\"{&quot;jet_parallax_layout_list&quot;:[]}\">\n\t\t\t\t\t<div class=\"e-con-inner\">\n\t\t\t\t<div class=\"elementor-element elementor-element-ad8aec6 elementor-widget elementor-widget-html\" data-id=\"ad8aec6\" data-element_type=\"widget\" data-widget_type=\"html.default\">\n\t\t\t\t<div class=\"elementor-widget-container\">\n\t\t\t\t\t<div style=\"text-align: center;\">Le pi\u00f9 belle escort e massaggiatrici erotiche della Svizzera su <a href=\"https:\/\/www.meegirl.ch\/\" target=\"_blank\">meetgirl.ch<\/a><\/div> \t\t\t\t<\/div>\n\t\t\t\t<\/div>\n\t\t\t\t<div class=\"elementor-element elementor-element-325e040 elementor-widget elementor-widget-text-editor\" data-id=\"325e040\" data-element_type=\"widget\" data-widget_type=\"text-editor.default\">\n\t\t\t\t<div class=\"elementor-widget-container\">\n\t\t\t\t\t\t\t\t\t<pre class=\"p1\"><span class=\"s1\">&lt;div style=&quot;text-align: center;&quot;&gt;Le pi&ugrave; belle escort e massaggiatrici erotiche della Svizzera su &lt;a href=&quot;https:\/\/www.meegirl.ch\/&quot; target=&quot;_blank&quot;&gt;meetgirl.ch&lt;\/a&gt;&lt;\/div&gt; <\/span><\/pre>\t\t\t\t\t\t\t\t<\/div>\n\t\t\t\t<\/div>\n\t\t\t\t\t<\/div>\n\t\t\t\t<\/div>\n\t\t\t\t<\/div>\n\t\t\t\t\t<\/div>\n\t\t<\/div>\n\t\t\t\t\t\t<\/div>\n\t\t\t\t<\/div>\n\t\t\t\t\t<\/div>\n\t\t\t\t<\/div>\n\t\t<div class=\"elementor-element elementor-element-f453ede e-flex e-con-boxed e-con e-parent\" data-id=\"f453ede\" data-element_type=\"container\" data-settings=\"{&quot;jet_parallax_layout_list&quot;:[]}\">\n\t\t\t\t\t<div class=\"e-con-inner\">\n\t\t\t\t<div class=\"elementor-element elementor-element-e7d297c elementor-widget elementor-widget-heading\" data-id=\"e7d297c\" data-element_type=\"widget\" data-widget_type=\"heading.default\">\n\t\t\t\t<div class=\"elementor-widget-container\">\n\t\t\t\t\t<h2 class=\"elementor-heading-title elementor-size-default\">I nostri partner<\/h2>\t\t\t\t<\/div>\n\t\t\t\t<\/div>\n\t\t\t\t\t<\/div>\n\t\t\t\t<\/div>\n\t\t<div class=\"elementor-element elementor-element-9cdbe97 e-flex e-con-boxed e-con e-parent\" data-id=\"9cdbe97\" data-element_type=\"container\" data-settings=\"{&quot;jet_parallax_layout_list&quot;:[]}\">\n\t\t\t\t\t<div class=\"e-con-inner\">\n\t\t\t\t<div class=\"elementor-element elementor-element-1aa996c elementor-widget elementor-widget-text-editor\" data-id=\"1aa996c\" data-element_type=\"widget\" data-widget_type=\"text-editor.default\">\n\t\t\t\t<div class=\"elementor-widget-container\">\n\t\t\t\t\t\t\t\t\t<a href=\"https:\/\/www.escortily.ch\"><img decoding=\"async\" alt=\"scorta\" style=\"width: 468px; height: 60px; text-decoration: none;\" src=\"https:\/\/www.escortily.ch\/wp-content\/uploads\/2024\/06\/banner.jpg\"><\/a>;\n\t\t\t\t\t\t\t\t<\/div>\n\t\t\t\t<\/div>\n\t\t\t\t<div class=\"elementor-element elementor-element-02913a0 elementor-widget elementor-widget-text-editor\" data-id=\"02913a0\" data-element_type=\"widget\" data-widget_type=\"text-editor.default\">\n\t\t\t\t<div class=\"elementor-widget-container\">\n\t\t\t\t\t\t\t\t\t<p><a title=\"Huren Inserate\" href=\"https:\/\/www.huren-inserate.com\" target=\"_blank\" rel=\"noopener\"><img decoding=\"async\" src=\"https:\/\/www.huren-inserate.com\/banner.jpg\" alt=\"Huren-Inserate.com, Dein Anzeigenmarkt Huren,Nutten,Inserate,Anzeigen,kostenlos\" border=\"0\" \/><\/a><\/p>\t\t\t\t\t\t\t\t<\/div>\n\t\t\t\t<\/div>\n\t\t\t\t\t<\/div>\n\t\t\t\t<\/div>\n\t\t\t\t<\/div>","protected":false},"excerpt":{"rendered":"<p>Devenez un partenaire de Meetgirl Vous souhaitez faire un \u00e9change de lien avec Meetgirl? Copier \/ coller le code et l&rsquo;ajouter sur votre site internet. Apr\u00e8s veuillez nous contacter \u00e0 contact@meetgirl.ch. Nous allons v\u00e9rifier la pr\u00e9sence de notre lien sur votre site et nous ajouterons le votre. 468 x 60 300 x 150 300 x [&hellip;]<\/p>","protected":false},"author":3,"featured_media":0,"parent":0,"menu_order":0,"comment_status":"closed","ping_status":"closed","template":"","meta":{"footnotes":""},"class_list":["post-5206","page","type-page","status-publish","hentry"],"acf":[],"yoast_head":"<!-- This site is optimized with the Yoast SEO plugin v26.0 - https:\/\/yoast.com\/wordpress\/plugins\/seo\/ -->\n<title>Partenaires - Meetgirl - Annonces \u00e9rotiques - Escorts, massages et salons<\/title>\n<meta name=\"robots\" content=\"index, follow, max-snippet:-1, max-image-preview:large, max-video-preview:-1\" \/>\n<link rel=\"canonical\" href=\"https:\/\/meetgirl.ch\/it\/partner\/\" \/>\n<meta property=\"og:locale\" content=\"it_IT\" \/>\n<meta property=\"og:type\" content=\"article\" \/>\n<meta property=\"og:title\" content=\"Partenaires - Meetgirl - Annonces \u00e9rotiques - Escorts, massages et salons\" \/>\n<meta property=\"og:description\" content=\"Devenez un partenaire de Meetgirl Vous souhaitez faire un \u00e9change de lien avec Meetgirl? Copier \/ coller le code et l&rsquo;ajouter sur votre site internet. Apr\u00e8s veuillez nous contacter \u00e0 contact@meetgirl.ch. Nous allons v\u00e9rifier la pr\u00e9sence de notre lien sur votre site et nous ajouterons le votre. 468 x 60 300 x 150 300 x [&hellip;]\" \/>\n<meta property=\"og:url\" content=\"https:\/\/meetgirl.ch\/it\/partner\/\" \/>\n<meta property=\"og:site_name\" content=\"Meetgirl - Annonces \u00e9rotiques - Escorts, massages et salons\" \/>\n<meta property=\"article:modified_time\" content=\"2026-02-23T12:08:58+00:00\" \/>\n<meta property=\"og:image\" content=\"https:\/\/meetgirl.ch\/wp-content\/uploads\/2025\/03\/meetgirl-468x60-1.jpg\" \/>\n<meta name=\"twitter:card\" content=\"summary_large_image\" \/>\n<meta name=\"twitter:label1\" content=\"Tempo di lettura stimato\" \/>\n\t<meta name=\"twitter:data1\" content=\"3 minuti\" \/>\n<script type=\"application\/ld+json\" class=\"yoast-schema-graph\">{\"@context\":\"https:\/\/schema.org\",\"@graph\":[{\"@type\":\"WebPage\",\"@id\":\"https:\/\/meetgirl.ch\/partenaires\/\",\"url\":\"https:\/\/meetgirl.ch\/partenaires\/\",\"name\":\"Partenaires - Meetgirl - Annonces \u00e9rotiques - Escorts, massages et salons\",\"isPartOf\":{\"@id\":\"https:\/\/meetgirl.ch\/#website\"},\"primaryImageOfPage\":{\"@id\":\"https:\/\/meetgirl.ch\/partenaires\/#primaryimage\"},\"image\":{\"@id\":\"https:\/\/meetgirl.ch\/partenaires\/#primaryimage\"},\"thumbnailUrl\":\"https:\/\/meetgirl.ch\/wp-content\/uploads\/2025\/03\/meetgirl-468x60-1.jpg\",\"datePublished\":\"2025-03-02T15:29:54+00:00\",\"dateModified\":\"2026-02-23T12:08:58+00:00\",\"breadcrumb\":{\"@id\":\"https:\/\/meetgirl.ch\/partenaires\/#breadcrumb\"},\"inLanguage\":\"it-IT\",\"potentialAction\":[{\"@type\":\"ReadAction\",\"target\":[\"https:\/\/meetgirl.ch\/partenaires\/\"]}]},{\"@type\":\"ImageObject\",\"inLanguage\":\"it-IT\",\"@id\":\"https:\/\/meetgirl.ch\/partenaires\/#primaryimage\",\"url\":\"https:\/\/meetgirl.ch\/wp-content\/uploads\/2025\/03\/meetgirl-468x60-1.jpg\",\"contentUrl\":\"https:\/\/meetgirl.ch\/wp-content\/uploads\/2025\/03\/meetgirl-468x60-1.jpg\"},{\"@type\":\"BreadcrumbList\",\"@id\":\"https:\/\/meetgirl.ch\/partenaires\/#breadcrumb\",\"itemListElement\":[{\"@type\":\"ListItem\",\"position\":1,\"name\":\"Accueil\",\"item\":\"https:\/\/meetgirl.ch\/\"},{\"@type\":\"ListItem\",\"position\":2,\"name\":\"Partenaires\"}]},{\"@type\":\"WebSite\",\"@id\":\"https:\/\/meetgirl.ch\/#website\",\"url\":\"https:\/\/meetgirl.ch\/\",\"name\":\"MeetGirl - Annonces \u00e9rotiques Suisse - Escorts, massages et salons\",\"description\":\"Escorts et massages \u00e9rotiques\",\"publisher\":{\"@id\":\"https:\/\/meetgirl.ch\/#organization\"},\"alternateName\":\"Annuaire \u00e9rotique Suisse Escort \u00e0 Gen\u00e8ve, Lausanne, Valais, Neuch\u00e2tel\",\"potentialAction\":[{\"@type\":\"SearchAction\",\"target\":{\"@type\":\"EntryPoint\",\"urlTemplate\":\"https:\/\/meetgirl.ch\/?s={search_term_string}\"},\"query-input\":{\"@type\":\"PropertyValueSpecification\",\"valueRequired\":true,\"valueName\":\"search_term_string\"}}],\"inLanguage\":\"it-IT\"},{\"@type\":\"Organization\",\"@id\":\"https:\/\/meetgirl.ch\/#organization\",\"name\":\"Escort et massage \u00e9rotique\",\"alternateName\":\"Meetgirl escortes et masseuses\",\"url\":\"https:\/\/meetgirl.ch\/\",\"logo\":{\"@type\":\"ImageObject\",\"inLanguage\":\"it-IT\",\"@id\":\"https:\/\/meetgirl.ch\/#\/schema\/logo\/image\/\",\"url\":\"https:\/\/meetgirl.ch\/wp-content\/uploads\/2024\/05\/cropped-meet-logo.png\",\"contentUrl\":\"https:\/\/meetgirl.ch\/wp-content\/uploads\/2024\/05\/cropped-meet-logo.png\",\"width\":512,\"height\":512,\"caption\":\"Escort et massage \u00e9rotique\"},\"image\":{\"@id\":\"https:\/\/meetgirl.ch\/#\/schema\/logo\/image\/\"}}]}<\/script>\n<!-- \/ Yoast SEO plugin. -->","yoast_head_json":{"title":"Partner - Meetgirl - Annunci erotici - Escort, massaggi e saloni di bellezza","robots":{"index":"index","follow":"follow","max-snippet":"max-snippet:-1","max-image-preview":"max-image-preview:large","max-video-preview":"max-video-preview:-1"},"canonical":"https:\/\/meetgirl.ch\/it\/partner\/","og_locale":"it_IT","og_type":"article","og_title":"Partenaires - Meetgirl - Annonces \u00e9rotiques - Escorts, massages et salons","og_description":"Devenez un partenaire de Meetgirl Vous souhaitez faire un \u00e9change de lien avec Meetgirl? Copier \/ coller le code et l&rsquo;ajouter sur votre site internet. Apr\u00e8s veuillez nous contacter \u00e0 contact@meetgirl.ch. Nous allons v\u00e9rifier la pr\u00e9sence de notre lien sur votre site et nous ajouterons le votre. 468 x 60 300 x 150 300 x [&hellip;]","og_url":"https:\/\/meetgirl.ch\/it\/partner\/","og_site_name":"Meetgirl - Annonces \u00e9rotiques - Escorts, massages et salons","article_modified_time":"2026-02-23T12:08:58+00:00","og_image":[{"url":"https:\/\/meetgirl.ch\/wp-content\/uploads\/2025\/03\/meetgirl-468x60-1.jpg","type":"","width":"","height":""}],"twitter_card":"summary_large_image","twitter_misc":{"Tempo di lettura stimato":"3 minuti"},"schema":{"@context":"https:\/\/schema.org","@graph":[{"@type":"WebPage","@id":"https:\/\/meetgirl.ch\/partenaires\/","url":"https:\/\/meetgirl.ch\/partenaires\/","name":"Partner - Meetgirl - Annunci erotici - Escort, massaggi e saloni di bellezza","isPartOf":{"@id":"https:\/\/meetgirl.ch\/#website"},"primaryImageOfPage":{"@id":"https:\/\/meetgirl.ch\/partenaires\/#primaryimage"},"image":{"@id":"https:\/\/meetgirl.ch\/partenaires\/#primaryimage"},"thumbnailUrl":"https:\/\/meetgirl.ch\/wp-content\/uploads\/2025\/03\/meetgirl-468x60-1.jpg","datePublished":"2025-03-02T15:29:54+00:00","dateModified":"2026-02-23T12:08:58+00:00","breadcrumb":{"@id":"https:\/\/meetgirl.ch\/partenaires\/#breadcrumb"},"inLanguage":"it-IT","potentialAction":[{"@type":"ReadAction","target":["https:\/\/meetgirl.ch\/partenaires\/"]}]},{"@type":"ImageObject","inLanguage":"it-IT","@id":"https:\/\/meetgirl.ch\/partenaires\/#primaryimage","url":"https:\/\/meetgirl.ch\/wp-content\/uploads\/2025\/03\/meetgirl-468x60-1.jpg","contentUrl":"https:\/\/meetgirl.ch\/wp-content\/uploads\/2025\/03\/meetgirl-468x60-1.jpg"},{"@type":"BreadcrumbList","@id":"https:\/\/meetgirl.ch\/partenaires\/#breadcrumb","itemListElement":[{"@type":"ListItem","position":1,"name":"Accueil","item":"https:\/\/meetgirl.ch\/"},{"@type":"ListItem","position":2,"name":"Partenaires"}]},{"@type":"WebSite","@id":"https:\/\/meetgirl.ch\/#website","url":"https:\/\/meetgirl.ch\/","name":"MeetGirl - Annunci erotici Svizzera - Accompagnatrici, massaggi e saloni di bellezza","description":"Escort e massaggi erotici","publisher":{"@id":"https:\/\/meetgirl.ch\/#organization"},"alternateName":"Annuaire \u00e9rotique Suisse Escort \u00e0 Gen\u00e8ve, Lausanne, Valais, Neuch\u00e2tel","potentialAction":[{"@type":"SearchAction","target":{"@type":"EntryPoint","urlTemplate":"https:\/\/meetgirl.ch\/?s={search_term_string}"},"query-input":{"@type":"PropertyValueSpecification","valueRequired":true,"valueName":"search_term_string"}}],"inLanguage":"it-IT"},{"@type":"Organization","@id":"https:\/\/meetgirl.ch\/#organization","name":"Escort e massaggio erotico","alternateName":"Meetgirl escortes et masseuses","url":"https:\/\/meetgirl.ch\/","logo":{"@type":"ImageObject","inLanguage":"it-IT","@id":"https:\/\/meetgirl.ch\/#\/schema\/logo\/image\/","url":"https:\/\/meetgirl.ch\/wp-content\/uploads\/2024\/05\/cropped-meet-logo.png","contentUrl":"https:\/\/meetgirl.ch\/wp-content\/uploads\/2024\/05\/cropped-meet-logo.png","width":512,"height":512,"caption":"Escort et massage \u00e9rotique"},"image":{"@id":"https:\/\/meetgirl.ch\/#\/schema\/logo\/image\/"}}]}},"_links":{"self":[{"href":"https:\/\/meetgirl.ch\/it\/wp-json\/wp\/v2\/pages\/5206","targetHints":{"allow":["GET"]}}],"collection":[{"href":"https:\/\/meetgirl.ch\/it\/wp-json\/wp\/v2\/pages"}],"about":[{"href":"https:\/\/meetgirl.ch\/it\/wp-json\/wp\/v2\/types\/page"}],"author":[{"embeddable":true,"href":"https:\/\/meetgirl.ch\/it\/wp-json\/wp\/v2\/users\/3"}],"replies":[{"embeddable":true,"href":"https:\/\/meetgirl.ch\/it\/wp-json\/wp\/v2\/comments?post=5206"}],"version-history":[{"count":12,"href":"https:\/\/meetgirl.ch\/it\/wp-json\/wp\/v2\/pages\/5206\/revisions"}],"predecessor-version":[{"id":20122,"href":"https:\/\/meetgirl.ch\/it\/wp-json\/wp\/v2\/pages\/5206\/revisions\/20122"}],"wp:attachment":[{"href":"https:\/\/meetgirl.ch\/it\/wp-json\/wp\/v2\/media?parent=5206"}],"curies":[{"name":"wp","href":"https:\/\/api.w.org\/{rel}","templated":true}]}}