{"id":9756,"date":"2025-06-25T08:15:48","date_gmt":"2025-06-25T08:15:48","guid":{"rendered":"https:\/\/meetgirl.ch\/?page_id=9756"},"modified":"2026-01-25T16:12:58","modified_gmt":"2026-01-25T16:12:58","slug":"limousine-meetgirl-ginevra","status":"publish","type":"page","link":"https:\/\/meetgirl.ch\/it\/limousine-meetgirl-ginevra\/","title":{"rendered":"Limousine Meetgirl Ginevra"},"content":{"rendered":"<div data-elementor-type=\"wp-page\" data-elementor-id=\"9756\" class=\"elementor elementor-9756\">\n\t\t\t\t<div class=\"elementor-element elementor-element-a9b20b3 e-flex e-con-boxed e-con e-parent\" data-id=\"a9b20b3\" data-element_type=\"container\" data-settings=\"{&quot;jet_parallax_layout_list&quot;:[]}\">\n\t\t\t\t\t<div class=\"e-con-inner\">\n\t\t<div class=\"elementor-element elementor-element-68437dd e-con-full e-flex e-con e-child\" data-id=\"68437dd\" data-element_type=\"container\" data-settings=\"{&quot;jet_parallax_layout_list&quot;:[]}\">\n\t\t\t\t<div class=\"elementor-element elementor-element-67aa554 elementor-widget elementor-widget-image\" data-id=\"67aa554\" data-element_type=\"widget\" data-widget_type=\"image.default\">\n\t\t\t\t<div class=\"elementor-widget-container\">\n\t\t\t\t\t\t\t\t\t\t\t\t\t\t\t<img decoding=\"async\" width=\"1024\" height=\"576\" src=\"https:\/\/meetgirl.ch\/wp-content\/uploads\/2025\/06\/Limousine-Geneve-Meetgirl-1024x576.jpg\" class=\"attachment-large size-large wp-image-9777\" alt=\"Limousine Ginevra Meetgirl\" srcset=\"https:\/\/meetgirl.ch\/wp-content\/uploads\/2025\/06\/Limousine-Geneve-Meetgirl-1024x576.jpg 1024w, https:\/\/meetgirl.ch\/wp-content\/uploads\/2025\/06\/Limousine-Geneve-Meetgirl-300x169.jpg 300w, https:\/\/meetgirl.ch\/wp-content\/uploads\/2025\/06\/Limousine-Geneve-Meetgirl-768x432.jpg 768w, https:\/\/meetgirl.ch\/wp-content\/uploads\/2025\/06\/Limousine-Geneve-Meetgirl-18x10.jpg 18w, https:\/\/meetgirl.ch\/wp-content\/uploads\/2025\/06\/Limousine-Geneve-Meetgirl-600x337.jpg 600w, https:\/\/meetgirl.ch\/wp-content\/uploads\/2025\/06\/Limousine-Geneve-Meetgirl.jpg 1200w\" sizes=\"(max-width: 1024px) 100vw, 1024px\" \/>\t\t\t\t\t\t\t\t\t\t\t\t\t\t\t<\/div>\n\t\t\t\t<\/div>\n\t\t\t\t<\/div>\n\t\t<div class=\"elementor-element elementor-element-74962ef e-con-full e-flex e-con e-child\" data-id=\"74962ef\" data-element_type=\"container\" data-settings=\"{&quot;jet_parallax_layout_list&quot;:[]}\">\n\t\t\t\t<div class=\"elementor-element elementor-element-ad477b7 elementor-widget elementor-widget-image\" data-id=\"ad477b7\" data-element_type=\"widget\" data-widget_type=\"image.default\">\n\t\t\t\t<div class=\"elementor-widget-container\">\n\t\t\t\t\t\t\t\t\t\t\t\t\t\t\t<img decoding=\"async\" width=\"1024\" height=\"576\" src=\"https:\/\/meetgirl.ch\/wp-content\/uploads\/2025\/06\/limousine-geneve-location-1024x576.jpg\" class=\"attachment-large size-large wp-image-9776\" alt=\"Noleggio Limousine Ginevra\" srcset=\"https:\/\/meetgirl.ch\/wp-content\/uploads\/2025\/06\/limousine-geneve-location-1024x576.jpg 1024w, https:\/\/meetgirl.ch\/wp-content\/uploads\/2025\/06\/limousine-geneve-location-300x169.jpg 300w, https:\/\/meetgirl.ch\/wp-content\/uploads\/2025\/06\/limousine-geneve-location-768x432.jpg 768w, https:\/\/meetgirl.ch\/wp-content\/uploads\/2025\/06\/limousine-geneve-location-18x10.jpg 18w, https:\/\/meetgirl.ch\/wp-content\/uploads\/2025\/06\/limousine-geneve-location-600x337.jpg 600w, https:\/\/meetgirl.ch\/wp-content\/uploads\/2025\/06\/limousine-geneve-location.jpg 1200w\" sizes=\"(max-width: 1024px) 100vw, 1024px\" \/>\t\t\t\t\t\t\t\t\t\t\t\t\t\t\t<\/div>\n\t\t\t\t<\/div>\n\t\t\t\t<\/div>\n\t\t\t\t\t<\/div>\n\t\t\t\t<\/div>\n\t\t<div class=\"elementor-element elementor-element-60b00ab e-flex e-con-boxed e-con e-parent\" data-id=\"60b00ab\" data-element_type=\"container\" data-settings=\"{&quot;jet_parallax_layout_list&quot;:[]}\">\n\t\t\t\t\t<div class=\"e-con-inner\">\n\t\t<div class=\"elementor-element elementor-element-99c0fc4 e-con-full e-flex e-con e-child\" data-id=\"99c0fc4\" data-element_type=\"container\" data-settings=\"{&quot;jet_parallax_layout_list&quot;:[]}\">\n\t\t\t\t<div class=\"elementor-element elementor-element-52b6335 elementor-widget elementor-widget-image\" data-id=\"52b6335\" data-element_type=\"widget\" data-widget_type=\"image.default\">\n\t\t\t\t<div class=\"elementor-widget-container\">\n\t\t\t\t\t\t\t\t\t\t\t\t\t\t\t<img decoding=\"async\" width=\"1024\" height=\"576\" src=\"https:\/\/meetgirl.ch\/wp-content\/uploads\/2025\/06\/limousine-escorte-1024x576.jpg\" class=\"attachment-large size-large wp-image-9775\" alt=\"Limousine per accompagnatori\" srcset=\"https:\/\/meetgirl.ch\/wp-content\/uploads\/2025\/06\/limousine-escorte-1024x576.jpg 1024w, https:\/\/meetgirl.ch\/wp-content\/uploads\/2025\/06\/limousine-escorte-300x169.jpg 300w, https:\/\/meetgirl.ch\/wp-content\/uploads\/2025\/06\/limousine-escorte-768x432.jpg 768w, https:\/\/meetgirl.ch\/wp-content\/uploads\/2025\/06\/limousine-escorte-18x10.jpg 18w, https:\/\/meetgirl.ch\/wp-content\/uploads\/2025\/06\/limousine-escorte-600x337.jpg 600w, https:\/\/meetgirl.ch\/wp-content\/uploads\/2025\/06\/limousine-escorte.jpg 1200w\" sizes=\"(max-width: 1024px) 100vw, 1024px\" \/>\t\t\t\t\t\t\t\t\t\t\t\t\t\t\t<\/div>\n\t\t\t\t<\/div>\n\t\t\t\t<\/div>\n\t\t<div class=\"elementor-element elementor-element-e9595c4 e-con-full e-flex e-con e-child\" data-id=\"e9595c4\" data-element_type=\"container\" data-settings=\"{&quot;jet_parallax_layout_list&quot;:[]}\">\n\t\t\t\t<div class=\"elementor-element elementor-element-3176e11 elementor-widget elementor-widget-image\" data-id=\"3176e11\" data-element_type=\"widget\" data-widget_type=\"image.default\">\n\t\t\t\t<div class=\"elementor-widget-container\">\n\t\t\t\t\t\t\t\t\t\t\t\t\t\t\t<img decoding=\"async\" src=\"https:\/\/meetgirl.ch\/wp-content\/uploads\/2025\/06\/limousine-meetgirl-tour.jpg\" title=\"\" alt=\"\" loading=\"lazy\" \/>\t\t\t\t\t\t\t\t\t\t\t\t\t\t\t<\/div>\n\t\t\t\t<\/div>\n\t\t\t\t<\/div>\n\t\t\t\t\t<\/div>\n\t\t\t\t<\/div>\n\t\t<div class=\"elementor-element elementor-element-0668fe7 e-flex e-con-boxed e-con e-parent\" data-id=\"0668fe7\" data-element_type=\"container\" data-settings=\"{&quot;jet_parallax_layout_list&quot;:[]}\">\n\t\t\t\t\t<div class=\"e-con-inner\">\n\t\t\t\t<div class=\"elementor-element elementor-element-bc816f4 elementor-widget elementor-widget-text-editor\" data-id=\"bc816f4\" data-element_type=\"widget\" data-widget_type=\"text-editor.default\">\n\t\t\t\t<div class=\"elementor-widget-container\">\n\t\t\t\t\t\t\t\t\t<h2 data-start=\"164\" data-end=\"283\"><span style=\"color: #ffffff;\">Scoprire il <strong data-start=\"181\" data-end=\"201\">Meetgirl in tour<\/strong> La limousine pi\u00f9 sensuale di Ginevra ha fatto scalpore dal 20 al 23 giugno 2025<\/span><\/h2><p data-start=\"285\" data-end=\"694\"><span style=\"color: #ffffff;\">Dal 20 al 23 giugno 2025, <strong data-start=\"308\" data-end=\"341\">la limousine del Meetgirl On Tour<\/strong> ha attraversato tutte le <strong data-start=\"361\" data-end=\"381\">Cantone di Ginevra<\/strong>Le strade ne sono piene. Da <strong data-start=\"422\" data-end=\"447\">Da Carouge a Plainpalais<\/strong>tramite <strong data-start=\"464\" data-end=\"478\">Les P\u00e2quis<\/strong>, <strong data-start=\"480\" data-end=\"494\">Eaux-Vives<\/strong>, <strong data-start=\"496\" data-end=\"507\">Champel<\/strong>, <strong data-start=\"509\" data-end=\"521\">Servette<\/strong>, <strong data-start=\"523\" data-end=\"541\">Petit-Saconnex<\/strong>, <strong data-start=\"543\" data-end=\"555\">Connessione<\/strong>, <strong data-start=\"557\" data-end=\"568\">Acacie<\/strong>, <strong data-start=\"570\" data-end=\"581\">Vernier<\/strong>, <strong data-start=\"583\" data-end=\"592\">Lancy<\/strong>, <strong data-start=\"594\" data-end=\"602\">Onex<\/strong>, <strong data-start=\"604\" data-end=\"614\">Th\u00f4nex<\/strong> o anche <strong data-start=\"625\" data-end=\"635\">Meyrin<\/strong>Nessuna parte di Ginevra gli \u00e8 sfuggita.<\/span><\/p><h2 data-start=\"696\" data-end=\"1011\"><span style=\"color: #ffffff;\">Ma <strong data-start=\"701\" data-end=\"763\">cosa succede all'interno di questa limousine di lusso<\/strong> con vetri oscurati e luci soffuse?\u00a0<\/span><\/h2><p data-start=\"696\" data-end=\"1011\"><span style=\"color: #ffffff;\">Un'atmosfera esclusiva, misteriosa e intensamente glamour. <strong data-start=\"871\" data-end=\"942\">Champagne, musica incantevole, spettacoli di luci e sguardi complici<\/strong>... Tutto \u00e8 pronto per un'esperienza indimenticabile. <strong data-start=\"985\" data-end=\"1010\">sensuale ed elegante<\/strong>.<\/span><\/p><p data-start=\"1013\" data-end=\"1198\"><span style=\"color: #ffffff;\">Le foto rubate sono trapelate... e parlano da sole. <strong data-start=\"1067\" data-end=\"1111\">Atmosfera sexy, balli, glamour e libert\u00e0<\/strong> La limousine di Meetgirl On Tour \u00e8 pi\u00f9 di una semplice serata, \u00e8 un concetto.<\/span><\/p><p data-start=\"1200\" data-end=\"1339\"><span style=\"color: #ffffff;\">\ud83d\udd1e Curiosi? Incuriosito?<\/span><\/p><h3><span style=\"color: #ffffff;\">Visita <strong data-start=\"1232\" data-end=\"1262\">alcune foto esclusive<\/strong> di questo tour, che sta gi\u00e0 facendo scalpore in tutta la regione di Ginevra...<\/span><\/h3>\t\t\t\t\t\t\t\t<\/div>\n\t\t\t\t<\/div>\n\t\t\t\t\t<\/div>\n\t\t\t\t<\/div>\n\t\t\t\t<\/div>","protected":false},"excerpt":{"rendered":"<p>D\u00e9couvrez le Meetgirl On Tour : la limousine la plus sensuelle de Gen\u00e8ve a fait sensation du 20 au 23 juin 2025 Du 20 au 23 juin 2025, la limousine Meetgirl On Tour a travers\u00e9 tout le canton de Gen\u00e8ve, enflamment les rues et les regards. De Carouge \u00e0 Plainpalais, en passant par Les P\u00e2quis, [&hellip;]<\/p>","protected":false},"author":3,"featured_media":0,"parent":0,"menu_order":0,"comment_status":"closed","ping_status":"closed","template":"","meta":{"footnotes":""},"class_list":["post-9756","page","type-page","status-publish","hentry"],"acf":[],"yoast_head":"<!-- This site is optimized with the Yoast SEO plugin v26.0 - https:\/\/yoast.com\/wordpress\/plugins\/seo\/ -->\n<title>Limousine Meetgirl Gen\u00e8ve - Meetgirl - Annonces \u00e9rotiques - Escorts, massages et salons<\/title>\n<meta name=\"description\" content=\"D\u00e9couvrez le Meetgirl On Tour : la limousine la plus sensuelle de Gen\u00e8ve a fait sensation dans tout le Canton de Gen\u00e8ve\" \/>\n<meta name=\"robots\" content=\"index, follow, max-snippet:-1, max-image-preview:large, max-video-preview:-1\" \/>\n<link rel=\"canonical\" href=\"https:\/\/meetgirl.ch\/it\/limousine-meetgirl-ginevra\/\" \/>\n<meta property=\"og:locale\" content=\"it_IT\" \/>\n<meta property=\"og:type\" content=\"article\" \/>\n<meta property=\"og:title\" content=\"Limousine Meetgirl Gen\u00e8ve - Meetgirl - Annonces \u00e9rotiques - Escorts, massages et salons\" \/>\n<meta property=\"og:description\" content=\"D\u00e9couvrez le Meetgirl On Tour : la limousine la plus sensuelle de Gen\u00e8ve a fait sensation dans tout le Canton de Gen\u00e8ve\" \/>\n<meta property=\"og:url\" content=\"https:\/\/meetgirl.ch\/it\/limousine-meetgirl-ginevra\/\" \/>\n<meta property=\"og:site_name\" content=\"Meetgirl - Annonces \u00e9rotiques - Escorts, massages et salons\" \/>\n<meta property=\"article:modified_time\" content=\"2026-01-25T16:12:58+00:00\" \/>\n<meta property=\"og:image\" content=\"https:\/\/meetgirl.ch\/wp-content\/uploads\/2025\/06\/Limousine-Geneve-Meetgirl.jpg\" \/>\n\t<meta property=\"og:image:width\" content=\"1200\" \/>\n\t<meta property=\"og:image:height\" content=\"675\" \/>\n\t<meta property=\"og:image:type\" content=\"image\/jpeg\" \/>\n<meta name=\"twitter:card\" content=\"summary_large_image\" \/>\n<meta name=\"twitter:label1\" content=\"Tempo di lettura stimato\" \/>\n\t<meta name=\"twitter:data1\" content=\"2 minuti\" \/>\n<script type=\"application\/ld+json\" class=\"yoast-schema-graph\">{\"@context\":\"https:\/\/schema.org\",\"@graph\":[{\"@type\":\"WebPage\",\"@id\":\"https:\/\/meetgirl.ch\/limousine-meetgirl-geneve\/\",\"url\":\"https:\/\/meetgirl.ch\/limousine-meetgirl-geneve\/\",\"name\":\"Limousine Meetgirl Gen\u00e8ve - Meetgirl - Annonces \u00e9rotiques - Escorts, massages et salons\",\"isPartOf\":{\"@id\":\"https:\/\/meetgirl.ch\/#website\"},\"primaryImageOfPage\":{\"@id\":\"https:\/\/meetgirl.ch\/limousine-meetgirl-geneve\/#primaryimage\"},\"image\":{\"@id\":\"https:\/\/meetgirl.ch\/limousine-meetgirl-geneve\/#primaryimage\"},\"thumbnailUrl\":\"https:\/\/meetgirl.ch\/wp-content\/uploads\/2025\/06\/Limousine-Geneve-Meetgirl-1024x576.jpg\",\"datePublished\":\"2025-06-25T08:15:48+00:00\",\"dateModified\":\"2026-01-25T16:12:58+00:00\",\"description\":\"D\u00e9couvrez le Meetgirl On Tour : la limousine la plus sensuelle de Gen\u00e8ve a fait sensation dans tout le Canton de Gen\u00e8ve\",\"breadcrumb\":{\"@id\":\"https:\/\/meetgirl.ch\/limousine-meetgirl-geneve\/#breadcrumb\"},\"inLanguage\":\"it-IT\",\"potentialAction\":[{\"@type\":\"ReadAction\",\"target\":[\"https:\/\/meetgirl.ch\/limousine-meetgirl-geneve\/\"]}]},{\"@type\":\"ImageObject\",\"inLanguage\":\"it-IT\",\"@id\":\"https:\/\/meetgirl.ch\/limousine-meetgirl-geneve\/#primaryimage\",\"url\":\"https:\/\/meetgirl.ch\/wp-content\/uploads\/2025\/06\/Limousine-Geneve-Meetgirl-1024x576.jpg\",\"contentUrl\":\"https:\/\/meetgirl.ch\/wp-content\/uploads\/2025\/06\/Limousine-Geneve-Meetgirl-1024x576.jpg\"},{\"@type\":\"BreadcrumbList\",\"@id\":\"https:\/\/meetgirl.ch\/limousine-meetgirl-geneve\/#breadcrumb\",\"itemListElement\":[{\"@type\":\"ListItem\",\"position\":1,\"name\":\"Accueil\",\"item\":\"https:\/\/meetgirl.ch\/\"},{\"@type\":\"ListItem\",\"position\":2,\"name\":\"Limousine Meetgirl Gen\u00e8ve\"}]},{\"@type\":\"WebSite\",\"@id\":\"https:\/\/meetgirl.ch\/#website\",\"url\":\"https:\/\/meetgirl.ch\/\",\"name\":\"MeetGirl - Annonces \u00e9rotiques Suisse - Escorts, massages et salons\",\"description\":\"Escorts et massages \u00e9rotiques\",\"publisher\":{\"@id\":\"https:\/\/meetgirl.ch\/#organization\"},\"alternateName\":\"Annuaire \u00e9rotique Suisse Escort \u00e0 Gen\u00e8ve, Lausanne, Valais, Neuch\u00e2tel\",\"potentialAction\":[{\"@type\":\"SearchAction\",\"target\":{\"@type\":\"EntryPoint\",\"urlTemplate\":\"https:\/\/meetgirl.ch\/?s={search_term_string}\"},\"query-input\":{\"@type\":\"PropertyValueSpecification\",\"valueRequired\":true,\"valueName\":\"search_term_string\"}}],\"inLanguage\":\"it-IT\"},{\"@type\":\"Organization\",\"@id\":\"https:\/\/meetgirl.ch\/#organization\",\"name\":\"Escort et massage \u00e9rotique\",\"alternateName\":\"Meetgirl escortes et masseuses\",\"url\":\"https:\/\/meetgirl.ch\/\",\"logo\":{\"@type\":\"ImageObject\",\"inLanguage\":\"it-IT\",\"@id\":\"https:\/\/meetgirl.ch\/#\/schema\/logo\/image\/\",\"url\":\"https:\/\/meetgirl.ch\/wp-content\/uploads\/2024\/05\/cropped-meet-logo.png\",\"contentUrl\":\"https:\/\/meetgirl.ch\/wp-content\/uploads\/2024\/05\/cropped-meet-logo.png\",\"width\":512,\"height\":512,\"caption\":\"Escort et massage \u00e9rotique\"},\"image\":{\"@id\":\"https:\/\/meetgirl.ch\/#\/schema\/logo\/image\/\"}}]}<\/script>\n<!-- \/ Yoast SEO plugin. -->","yoast_head_json":{"title":"Limousine Meetgirl Gen\u00e8ve - Meetgirl - Annunci erotici - Escort, massaggi e saloni di bellezza","description":"Scoprite Meetgirl On Tour: la limousine pi\u00f9 sensuale di Ginevra ha fatto scalpore in tutto il Cantone.","robots":{"index":"index","follow":"follow","max-snippet":"max-snippet:-1","max-image-preview":"max-image-preview:large","max-video-preview":"max-video-preview:-1"},"canonical":"https:\/\/meetgirl.ch\/it\/limousine-meetgirl-ginevra\/","og_locale":"it_IT","og_type":"article","og_title":"Limousine Meetgirl Gen\u00e8ve - Meetgirl - Annonces \u00e9rotiques - Escorts, massages et salons","og_description":"D\u00e9couvrez le Meetgirl On Tour : la limousine la plus sensuelle de Gen\u00e8ve a fait sensation dans tout le Canton de Gen\u00e8ve","og_url":"https:\/\/meetgirl.ch\/it\/limousine-meetgirl-ginevra\/","og_site_name":"Meetgirl - Annonces \u00e9rotiques - Escorts, massages et salons","article_modified_time":"2026-01-25T16:12:58+00:00","og_image":[{"width":1200,"height":675,"url":"https:\/\/meetgirl.ch\/wp-content\/uploads\/2025\/06\/Limousine-Geneve-Meetgirl.jpg","type":"image\/jpeg"}],"twitter_card":"summary_large_image","twitter_misc":{"Tempo di lettura stimato":"2 minuti"},"schema":{"@context":"https:\/\/schema.org","@graph":[{"@type":"WebPage","@id":"https:\/\/meetgirl.ch\/limousine-meetgirl-geneve\/","url":"https:\/\/meetgirl.ch\/limousine-meetgirl-geneve\/","name":"Limousine Meetgirl Gen\u00e8ve - Meetgirl - Annunci erotici - Escort, massaggi e saloni di bellezza","isPartOf":{"@id":"https:\/\/meetgirl.ch\/#website"},"primaryImageOfPage":{"@id":"https:\/\/meetgirl.ch\/limousine-meetgirl-geneve\/#primaryimage"},"image":{"@id":"https:\/\/meetgirl.ch\/limousine-meetgirl-geneve\/#primaryimage"},"thumbnailUrl":"https:\/\/meetgirl.ch\/wp-content\/uploads\/2025\/06\/Limousine-Geneve-Meetgirl-1024x576.jpg","datePublished":"2025-06-25T08:15:48+00:00","dateModified":"2026-01-25T16:12:58+00:00","description":"Scoprite Meetgirl On Tour: la limousine pi\u00f9 sensuale di Ginevra ha fatto scalpore in tutto il Cantone.","breadcrumb":{"@id":"https:\/\/meetgirl.ch\/limousine-meetgirl-geneve\/#breadcrumb"},"inLanguage":"it-IT","potentialAction":[{"@type":"ReadAction","target":["https:\/\/meetgirl.ch\/limousine-meetgirl-geneve\/"]}]},{"@type":"ImageObject","inLanguage":"it-IT","@id":"https:\/\/meetgirl.ch\/limousine-meetgirl-geneve\/#primaryimage","url":"https:\/\/meetgirl.ch\/wp-content\/uploads\/2025\/06\/Limousine-Geneve-Meetgirl-1024x576.jpg","contentUrl":"https:\/\/meetgirl.ch\/wp-content\/uploads\/2025\/06\/Limousine-Geneve-Meetgirl-1024x576.jpg"},{"@type":"BreadcrumbList","@id":"https:\/\/meetgirl.ch\/limousine-meetgirl-geneve\/#breadcrumb","itemListElement":[{"@type":"ListItem","position":1,"name":"Accueil","item":"https:\/\/meetgirl.ch\/"},{"@type":"ListItem","position":2,"name":"Limousine Meetgirl Gen\u00e8ve"}]},{"@type":"WebSite","@id":"https:\/\/meetgirl.ch\/#website","url":"https:\/\/meetgirl.ch\/","name":"MeetGirl - Annunci erotici Svizzera - Accompagnatrici, massaggi e saloni di bellezza","description":"Escort e massaggi erotici","publisher":{"@id":"https:\/\/meetgirl.ch\/#organization"},"alternateName":"Annuaire \u00e9rotique Suisse Escort \u00e0 Gen\u00e8ve, Lausanne, Valais, Neuch\u00e2tel","potentialAction":[{"@type":"SearchAction","target":{"@type":"EntryPoint","urlTemplate":"https:\/\/meetgirl.ch\/?s={search_term_string}"},"query-input":{"@type":"PropertyValueSpecification","valueRequired":true,"valueName":"search_term_string"}}],"inLanguage":"it-IT"},{"@type":"Organization","@id":"https:\/\/meetgirl.ch\/#organization","name":"Escort e massaggio erotico","alternateName":"Meetgirl escortes et masseuses","url":"https:\/\/meetgirl.ch\/","logo":{"@type":"ImageObject","inLanguage":"it-IT","@id":"https:\/\/meetgirl.ch\/#\/schema\/logo\/image\/","url":"https:\/\/meetgirl.ch\/wp-content\/uploads\/2024\/05\/cropped-meet-logo.png","contentUrl":"https:\/\/meetgirl.ch\/wp-content\/uploads\/2024\/05\/cropped-meet-logo.png","width":512,"height":512,"caption":"Escort et massage \u00e9rotique"},"image":{"@id":"https:\/\/meetgirl.ch\/#\/schema\/logo\/image\/"}}]}},"_links":{"self":[{"href":"https:\/\/meetgirl.ch\/it\/wp-json\/wp\/v2\/pages\/9756","targetHints":{"allow":["GET"]}}],"collection":[{"href":"https:\/\/meetgirl.ch\/it\/wp-json\/wp\/v2\/pages"}],"about":[{"href":"https:\/\/meetgirl.ch\/it\/wp-json\/wp\/v2\/types\/page"}],"author":[{"embeddable":true,"href":"https:\/\/meetgirl.ch\/it\/wp-json\/wp\/v2\/users\/3"}],"replies":[{"embeddable":true,"href":"https:\/\/meetgirl.ch\/it\/wp-json\/wp\/v2\/comments?post=9756"}],"version-history":[{"count":12,"href":"https:\/\/meetgirl.ch\/it\/wp-json\/wp\/v2\/pages\/9756\/revisions"}],"predecessor-version":[{"id":19393,"href":"https:\/\/meetgirl.ch\/it\/wp-json\/wp\/v2\/pages\/9756\/revisions\/19393"}],"wp:attachment":[{"href":"https:\/\/meetgirl.ch\/it\/wp-json\/wp\/v2\/media?parent=9756"}],"curies":[{"name":"wp","href":"https:\/\/api.w.org\/{rel}","templated":true}]}}