{"id":9803,"date":"2025-06-25T12:24:27","date_gmt":"2025-06-25T12:24:27","guid":{"rendered":"https:\/\/meetgirl.ch\/?page_id=9803"},"modified":"2026-01-25T16:13:23","modified_gmt":"2026-01-25T16:13:23","slug":"limousine-meetgirl-lausanne","status":"publish","type":"page","link":"https:\/\/meetgirl.ch\/it\/limousine-meetgirl-lausanne\/","title":{"rendered":"Limousine Meetgirl Losanna"},"content":{"rendered":"<div data-elementor-type=\"wp-page\" data-elementor-id=\"9803\" class=\"elementor elementor-9803\">\n\t\t\t\t<div class=\"elementor-element elementor-element-ae97e15 e-flex e-con-boxed e-con e-parent\" data-id=\"ae97e15\" data-element_type=\"container\" data-settings=\"{&quot;jet_parallax_layout_list&quot;:[]}\">\n\t\t\t\t\t<div class=\"e-con-inner\">\n\t\t<div class=\"elementor-element elementor-element-1d5f08a e-con-full e-flex e-con e-child\" data-id=\"1d5f08a\" data-element_type=\"container\" data-settings=\"{&quot;jet_parallax_layout_list&quot;:[]}\">\n\t\t\t\t<div class=\"elementor-element elementor-element-d841c3d elementor-widget elementor-widget-image\" data-id=\"d841c3d\" data-element_type=\"widget\" data-widget_type=\"image.default\">\n\t\t\t\t<div class=\"elementor-widget-container\">\n\t\t\t\t\t\t\t\t\t\t\t\t\t\t\t<img decoding=\"async\" width=\"1024\" height=\"576\" src=\"https:\/\/meetgirl.ch\/wp-content\/uploads\/2025\/06\/limousine-lausanne-1-1024x576.jpg\" class=\"attachment-large size-large wp-image-9809\" alt=\"Limousine Meetgirl Losanna\" srcset=\"https:\/\/meetgirl.ch\/wp-content\/uploads\/2025\/06\/limousine-lausanne-1-1024x576.jpg 1024w, https:\/\/meetgirl.ch\/wp-content\/uploads\/2025\/06\/limousine-lausanne-1-300x169.jpg 300w, https:\/\/meetgirl.ch\/wp-content\/uploads\/2025\/06\/limousine-lausanne-1-768x432.jpg 768w, https:\/\/meetgirl.ch\/wp-content\/uploads\/2025\/06\/limousine-lausanne-1-18x10.jpg 18w, https:\/\/meetgirl.ch\/wp-content\/uploads\/2025\/06\/limousine-lausanne-1-600x337.jpg 600w, https:\/\/meetgirl.ch\/wp-content\/uploads\/2025\/06\/limousine-lausanne-1.jpg 1200w\" sizes=\"(max-width: 1024px) 100vw, 1024px\" \/>\t\t\t\t\t\t\t\t\t\t\t\t\t\t\t<\/div>\n\t\t\t\t<\/div>\n\t\t\t\t<\/div>\n\t\t<div class=\"elementor-element elementor-element-97b0f44 e-con-full e-flex e-con e-child\" data-id=\"97b0f44\" data-element_type=\"container\" data-settings=\"{&quot;jet_parallax_layout_list&quot;:[]}\">\n\t\t\t\t<div class=\"elementor-element elementor-element-a0c701f elementor-widget elementor-widget-image\" data-id=\"a0c701f\" data-element_type=\"widget\" data-widget_type=\"image.default\">\n\t\t\t\t<div class=\"elementor-widget-container\">\n\t\t\t\t\t\t\t\t\t\t\t\t\t\t\t<img decoding=\"async\" width=\"1024\" height=\"576\" src=\"https:\/\/meetgirl.ch\/wp-content\/uploads\/2025\/06\/limousine-vaud-1024x576.jpg\" class=\"attachment-large size-large wp-image-9807\" alt=\"Limousine Chateau de Chillon\" srcset=\"https:\/\/meetgirl.ch\/wp-content\/uploads\/2025\/06\/limousine-vaud-1024x576.jpg 1024w, https:\/\/meetgirl.ch\/wp-content\/uploads\/2025\/06\/limousine-vaud-300x169.jpg 300w, https:\/\/meetgirl.ch\/wp-content\/uploads\/2025\/06\/limousine-vaud-768x432.jpg 768w, https:\/\/meetgirl.ch\/wp-content\/uploads\/2025\/06\/limousine-vaud-18x10.jpg 18w, https:\/\/meetgirl.ch\/wp-content\/uploads\/2025\/06\/limousine-vaud-600x337.jpg 600w, https:\/\/meetgirl.ch\/wp-content\/uploads\/2025\/06\/limousine-vaud.jpg 1200w\" sizes=\"(max-width: 1024px) 100vw, 1024px\" \/>\t\t\t\t\t\t\t\t\t\t\t\t\t\t\t<\/div>\n\t\t\t\t<\/div>\n\t\t\t\t<\/div>\n\t\t\t\t\t<\/div>\n\t\t\t\t<\/div>\n\t\t<div class=\"elementor-element elementor-element-ef02324 e-flex e-con-boxed e-con e-parent\" data-id=\"ef02324\" data-element_type=\"container\" data-settings=\"{&quot;jet_parallax_layout_list&quot;:[]}\">\n\t\t\t\t\t<div class=\"e-con-inner\">\n\t\t<div class=\"elementor-element elementor-element-007b94a e-con-full e-flex e-con e-child\" data-id=\"007b94a\" data-element_type=\"container\" data-settings=\"{&quot;jet_parallax_layout_list&quot;:[]}\">\n\t\t\t\t<div class=\"elementor-element elementor-element-ae20788 elementor-widget elementor-widget-image\" data-id=\"ae20788\" data-element_type=\"widget\" data-widget_type=\"image.default\">\n\t\t\t\t<div class=\"elementor-widget-container\">\n\t\t\t\t\t\t\t\t\t\t\t\t\t\t\t<img decoding=\"async\" width=\"1024\" height=\"576\" src=\"https:\/\/meetgirl.ch\/wp-content\/uploads\/2025\/06\/limousine-payerne-1024x576.jpg\" class=\"attachment-large size-large wp-image-9806\" alt=\"Limousine Payerne\" srcset=\"https:\/\/meetgirl.ch\/wp-content\/uploads\/2025\/06\/limousine-payerne-1024x576.jpg 1024w, https:\/\/meetgirl.ch\/wp-content\/uploads\/2025\/06\/limousine-payerne-300x169.jpg 300w, https:\/\/meetgirl.ch\/wp-content\/uploads\/2025\/06\/limousine-payerne-768x432.jpg 768w, https:\/\/meetgirl.ch\/wp-content\/uploads\/2025\/06\/limousine-payerne-18x10.jpg 18w, https:\/\/meetgirl.ch\/wp-content\/uploads\/2025\/06\/limousine-payerne-600x337.jpg 600w, https:\/\/meetgirl.ch\/wp-content\/uploads\/2025\/06\/limousine-payerne.jpg 1200w\" sizes=\"(max-width: 1024px) 100vw, 1024px\" \/>\t\t\t\t\t\t\t\t\t\t\t\t\t\t\t<\/div>\n\t\t\t\t<\/div>\n\t\t\t\t<\/div>\n\t\t<div class=\"elementor-element elementor-element-4356ddd e-con-full e-flex e-con e-child\" data-id=\"4356ddd\" data-element_type=\"container\" data-settings=\"{&quot;jet_parallax_layout_list&quot;:[]}\">\n\t\t\t\t<div class=\"elementor-element elementor-element-3c9e3ba elementor-widget elementor-widget-image\" data-id=\"3c9e3ba\" data-element_type=\"widget\" data-widget_type=\"image.default\">\n\t\t\t\t<div class=\"elementor-widget-container\">\n\t\t\t\t\t\t\t\t\t\t\t\t\t\t\t<img decoding=\"async\" width=\"1024\" height=\"576\" src=\"https:\/\/meetgirl.ch\/wp-content\/uploads\/2025\/06\/limousine-lutry-1024x576.jpg\" class=\"attachment-large size-large wp-image-9805\" alt=\"Limousine Lutry\" srcset=\"https:\/\/meetgirl.ch\/wp-content\/uploads\/2025\/06\/limousine-lutry-1024x576.jpg 1024w, https:\/\/meetgirl.ch\/wp-content\/uploads\/2025\/06\/limousine-lutry-300x169.jpg 300w, https:\/\/meetgirl.ch\/wp-content\/uploads\/2025\/06\/limousine-lutry-768x432.jpg 768w, https:\/\/meetgirl.ch\/wp-content\/uploads\/2025\/06\/limousine-lutry-18x10.jpg 18w, https:\/\/meetgirl.ch\/wp-content\/uploads\/2025\/06\/limousine-lutry-600x337.jpg 600w, https:\/\/meetgirl.ch\/wp-content\/uploads\/2025\/06\/limousine-lutry.jpg 1200w\" sizes=\"(max-width: 1024px) 100vw, 1024px\" \/>\t\t\t\t\t\t\t\t\t\t\t\t\t\t\t<\/div>\n\t\t\t\t<\/div>\n\t\t\t\t<\/div>\n\t\t\t\t\t<\/div>\n\t\t\t\t<\/div>\n\t\t<div class=\"elementor-element elementor-element-db2bf4c e-flex e-con-boxed e-con e-parent\" data-id=\"db2bf4c\" data-element_type=\"container\" data-settings=\"{&quot;jet_parallax_layout_list&quot;:[]}\">\n\t\t\t\t\t<div class=\"e-con-inner\">\n\t\t<div class=\"elementor-element elementor-element-f015ea8 e-con-full e-flex e-con e-child\" data-id=\"f015ea8\" data-element_type=\"container\" data-settings=\"{&quot;jet_parallax_layout_list&quot;:[]}\">\n\t\t\t\t<div class=\"elementor-element elementor-element-a4015f4 elementor-widget elementor-widget-image\" data-id=\"a4015f4\" data-element_type=\"widget\" data-widget_type=\"image.default\">\n\t\t\t\t<div class=\"elementor-widget-container\">\n\t\t\t\t\t\t\t\t\t\t\t\t\t\t\t<img decoding=\"async\" width=\"1024\" height=\"576\" src=\"https:\/\/meetgirl.ch\/wp-content\/uploads\/2025\/06\/limousine-lausanne-1024x576.jpg\" class=\"attachment-large size-large wp-image-9778\" alt=\"Losanna limousine\" srcset=\"https:\/\/meetgirl.ch\/wp-content\/uploads\/2025\/06\/limousine-lausanne-1024x576.jpg 1024w, https:\/\/meetgirl.ch\/wp-content\/uploads\/2025\/06\/limousine-lausanne-300x169.jpg 300w, https:\/\/meetgirl.ch\/wp-content\/uploads\/2025\/06\/limousine-lausanne-768x432.jpg 768w, https:\/\/meetgirl.ch\/wp-content\/uploads\/2025\/06\/limousine-lausanne-18x10.jpg 18w, https:\/\/meetgirl.ch\/wp-content\/uploads\/2025\/06\/limousine-lausanne-600x337.jpg 600w, https:\/\/meetgirl.ch\/wp-content\/uploads\/2025\/06\/limousine-lausanne.jpg 1200w\" sizes=\"(max-width: 1024px) 100vw, 1024px\" \/>\t\t\t\t\t\t\t\t\t\t\t\t\t\t\t<\/div>\n\t\t\t\t<\/div>\n\t\t\t\t<\/div>\n\t\t\t\t\t<\/div>\n\t\t\t\t<\/div>\n\t\t<div class=\"elementor-element elementor-element-0668fe7 e-flex e-con-boxed e-con e-parent\" data-id=\"0668fe7\" data-element_type=\"container\" data-settings=\"{&quot;jet_parallax_layout_list&quot;:[]}\">\n\t\t\t\t\t<div class=\"e-con-inner\">\n\t\t\t\t<div class=\"elementor-element elementor-element-bc816f4 elementor-widget elementor-widget-text-editor\" data-id=\"bc816f4\" data-element_type=\"widget\" data-widget_type=\"text-editor.default\">\n\t\t\t\t<div class=\"elementor-widget-container\">\n\t\t\t\t\t\t\t\t\t<h2 data-start=\"264\" data-end=\"384\"><span style=\"color: #ffffff;\"><strong data-start=\"271\" data-end=\"314\">Meetgirl On Tour nel cantone di Vaud<\/strong> Una limousine sensuale di lusso, champagne e piaceri segreti...<\/span><\/h2><p data-start=\"386\" data-end=\"833\"><span style=\"color: #ffffff;\">Da <strong data-start=\"389\" data-end=\"411\">24-25 giugno 2025<\/strong>il famoso <strong data-start=\"424\" data-end=\"454\">limousine Meetgirl On Tour<\/strong> impostare le strade di <strong data-start=\"480\" data-end=\"498\">Cantone di Vaud<\/strong>per un tour inedito e seducente. Da <strong data-start=\"559\" data-end=\"582\">Da Losanna a Montreux<\/strong>attraverso i paesaggi idilliaci della <strong data-start=\"626\" data-end=\"636\">Lavaux<\/strong>le affascinanti strade di <strong data-start=\"664\" data-end=\"673\">Lutry<\/strong>le sponde del<strong data-start=\"687\" data-end=\"708\">Yverdon-les-Bains<\/strong>o le strette strade di <strong data-start=\"735\" data-end=\"746\">Payerne<\/strong>alle porte di <strong data-start=\"768\" data-end=\"780\">Friburgo<\/strong>Questa lussuosa processione non ha lasciato nessuno indifferente.<\/span><\/p><p data-start=\"835\" data-end=\"995\"><span style=\"color: #ffffff;\">E su <strong data-start=\"842\" data-end=\"862\">la costa vodese<\/strong>tra <strong data-start=\"870\" data-end=\"880\">Morges<\/strong>, <strong data-start=\"882\" data-end=\"891\">Rolle<\/strong>e <strong data-start=\"896\" data-end=\"904\">Nyon<\/strong>Tutti gli occhi erano puntati sulla limousine nera con il suo misterioso luccichio.<\/span><\/p><p data-start=\"997\" data-end=\"1183\"><span style=\"color: #ffffff;\">Ma <strong data-start=\"1002\" data-end=\"1046\">cosa c'\u00e8 veramente dietro questa auto da sogno<\/strong> guidare lungo le strade in silenzio, con una musica soft in sottofondo e i finestrini ben chiusi?<\/span><br data-start=\"1136\" data-end=\"1139\" \/><span style=\"color: #ffffff;\">All'interno, \u00e8 un mondo completamente diverso...<\/span><\/p><p data-start=\"1185\" data-end=\"1492\"><span style=\"color: #ffffff;\"><strong data-start=\"1185\" data-end=\"1297\">Divani di velluto, luci soffuse, bollicine di champagne che scorrono liberamente, dolci profumi e corpi che si sfiorano...<\/strong> al ritmo di una playlist inebriante. Qui il tempo si ferma. Le conversazioni si trasformano in mormorii, gli sguardi diventano accesi e <strong data-start=\"1430\" data-end=\"1491\">gli abiti a volte cadono con la stessa rapidit\u00e0 delle inibizioni<\/strong>.<\/span><\/p><p data-start=\"1494\" data-end=\"1723\"><span style=\"color: #ffffff;\">Alcuni parlano di <strong data-start=\"1517\" data-end=\"1535\">balli privati<\/strong>di <strong data-start=\"1540\" data-end=\"1557\">giochi sensuali<\/strong>di <strong data-start=\"1562\" data-end=\"1579\">baci rubati<\/strong>o <strong data-start=\"1594\" data-end=\"1620\">servizi fotografici torridi<\/strong> con vista sul <strong data-start=\"1649\" data-end=\"1671\">Castello di Chillon<\/strong>o nelle altezze di <strong data-start=\"1697\" data-end=\"1709\">Montreux<\/strong>di fronte al lago.<\/span><\/p><p data-start=\"1725\" data-end=\"1894\"><span style=\"color: #ffffff;\">Tra un sorso e l'altro di champagne, ridiamo, giochiamo, ci avviciniamo... <strong data-start=\"1792\" data-end=\"1894\">La limousine diventa un elegante bozzolo libertino dove ognuno pu\u00f2 esplorare i propri desideri in totale discrezione.<\/strong><\/span><\/p><p data-start=\"1896\" data-end=\"2070\"><span style=\"color: #ffffff;\">Alcuni <strong data-start=\"1908\" data-end=\"1925\">foto rubate<\/strong> trapelato sulle reti: sguardi sexy, gambe nude, corpi abbracciati...<\/span><br data-start=\"2003\" data-end=\"2006\" \/><span style=\"color: #ffffff;\">Abbastanza da suscitare la curiosit\u00e0 di tutta la <strong data-start=\"2051\" data-end=\"2069\">Svizzera francese<\/strong>.<\/span><\/p><hr data-start=\"2072\" data-end=\"2075\" \/><h2 data-start=\"2077\" data-end=\"2221\"><span style=\"color: #ffffff;\"><strong data-start=\"2077\" data-end=\"2097\">Meetgirl in tour<\/strong>non \u00e8 solo un viaggio, \u00e8 uno stile di vita. <strong data-start=\"2132\" data-end=\"2177\">un'esperienza carnale, elegante e libera<\/strong>un mix di piacere, mistero e dolce decadenza.<\/span><\/h2>\t\t\t\t\t\t\t\t<\/div>\n\t\t\t\t<\/div>\n\t\t\t\t\t<\/div>\n\t\t\t\t<\/div>\n\t\t\t\t<\/div>","protected":false},"excerpt":{"rendered":"<p>Meetgirl On Tour dans le canton de Vaud : une limousine sulfureuse entre luxe, champagne et plaisirs secrets\u2026 Du 24 au 25 juin 2025, la fameuse limousine Meetgirl On Tour a enflamm\u00e9 les routes du Canton de Vaud, pour une tourn\u00e9e in\u00e9dite sous le signe de la s\u00e9duction. De Lausanne \u00e0 Montreux, en passant par [&hellip;]<\/p>","protected":false},"author":3,"featured_media":0,"parent":0,"menu_order":0,"comment_status":"closed","ping_status":"closed","template":"","meta":{"footnotes":""},"class_list":["post-9803","page","type-page","status-publish","hentry"],"acf":[],"yoast_head":"<!-- This site is optimized with the Yoast SEO plugin v26.0 - https:\/\/yoast.com\/wordpress\/plugins\/seo\/ -->\n<title>Limousine Meetgirl Lausanne - Meetgirl - Annonces \u00e9rotiques - Escorts, massages et salons<\/title>\n<meta name=\"description\" content=\"D\u00e9couvrez le Meetgirl On Tour : la limousine la plus sensuelle de Lausanne a fait sensation dans tout le Canton de Vaud\" \/>\n<meta name=\"robots\" content=\"index, follow, max-snippet:-1, max-image-preview:large, max-video-preview:-1\" \/>\n<link rel=\"canonical\" href=\"https:\/\/meetgirl.ch\/it\/limousine-meetgirl-lausanne\/\" \/>\n<meta property=\"og:locale\" content=\"it_IT\" \/>\n<meta property=\"og:type\" content=\"article\" \/>\n<meta property=\"og:title\" content=\"Limousine Meetgirl Lausanne - Meetgirl - Annonces \u00e9rotiques - Escorts, massages et salons\" \/>\n<meta property=\"og:description\" content=\"D\u00e9couvrez le Meetgirl On Tour : la limousine la plus sensuelle de Lausanne a fait sensation dans tout le Canton de Vaud\" \/>\n<meta property=\"og:url\" content=\"https:\/\/meetgirl.ch\/it\/limousine-meetgirl-lausanne\/\" \/>\n<meta property=\"og:site_name\" content=\"Meetgirl - Annonces \u00e9rotiques - Escorts, massages et salons\" \/>\n<meta property=\"article:modified_time\" content=\"2026-01-25T16:13:23+00:00\" \/>\n<meta property=\"og:image\" content=\"https:\/\/meetgirl.ch\/wp-content\/uploads\/2025\/06\/limousine-lausanne-1.jpg\" \/>\n\t<meta property=\"og:image:width\" content=\"1200\" \/>\n\t<meta property=\"og:image:height\" content=\"675\" \/>\n\t<meta property=\"og:image:type\" content=\"image\/jpeg\" \/>\n<meta name=\"twitter:card\" content=\"summary_large_image\" \/>\n<meta name=\"twitter:label1\" content=\"Tempo di lettura stimato\" \/>\n\t<meta name=\"twitter:data1\" content=\"3 minuti\" \/>\n<script type=\"application\/ld+json\" class=\"yoast-schema-graph\">{\"@context\":\"https:\/\/schema.org\",\"@graph\":[{\"@type\":\"WebPage\",\"@id\":\"https:\/\/meetgirl.ch\/limousine-meetgirl-lausanne\/\",\"url\":\"https:\/\/meetgirl.ch\/limousine-meetgirl-lausanne\/\",\"name\":\"Limousine Meetgirl Lausanne - Meetgirl - Annonces \u00e9rotiques - Escorts, massages et salons\",\"isPartOf\":{\"@id\":\"https:\/\/meetgirl.ch\/#website\"},\"primaryImageOfPage\":{\"@id\":\"https:\/\/meetgirl.ch\/limousine-meetgirl-lausanne\/#primaryimage\"},\"image\":{\"@id\":\"https:\/\/meetgirl.ch\/limousine-meetgirl-lausanne\/#primaryimage\"},\"thumbnailUrl\":\"https:\/\/meetgirl.ch\/wp-content\/uploads\/2025\/06\/limousine-lausanne-1-1024x576.jpg\",\"datePublished\":\"2025-06-25T12:24:27+00:00\",\"dateModified\":\"2026-01-25T16:13:23+00:00\",\"description\":\"D\u00e9couvrez le Meetgirl On Tour : la limousine la plus sensuelle de Lausanne a fait sensation dans tout le Canton de Vaud\",\"breadcrumb\":{\"@id\":\"https:\/\/meetgirl.ch\/limousine-meetgirl-lausanne\/#breadcrumb\"},\"inLanguage\":\"it-IT\",\"potentialAction\":[{\"@type\":\"ReadAction\",\"target\":[\"https:\/\/meetgirl.ch\/limousine-meetgirl-lausanne\/\"]}]},{\"@type\":\"ImageObject\",\"inLanguage\":\"it-IT\",\"@id\":\"https:\/\/meetgirl.ch\/limousine-meetgirl-lausanne\/#primaryimage\",\"url\":\"https:\/\/meetgirl.ch\/wp-content\/uploads\/2025\/06\/limousine-lausanne-1-1024x576.jpg\",\"contentUrl\":\"https:\/\/meetgirl.ch\/wp-content\/uploads\/2025\/06\/limousine-lausanne-1-1024x576.jpg\"},{\"@type\":\"BreadcrumbList\",\"@id\":\"https:\/\/meetgirl.ch\/limousine-meetgirl-lausanne\/#breadcrumb\",\"itemListElement\":[{\"@type\":\"ListItem\",\"position\":1,\"name\":\"Accueil\",\"item\":\"https:\/\/meetgirl.ch\/\"},{\"@type\":\"ListItem\",\"position\":2,\"name\":\"Limousine Meetgirl Lausanne\"}]},{\"@type\":\"WebSite\",\"@id\":\"https:\/\/meetgirl.ch\/#website\",\"url\":\"https:\/\/meetgirl.ch\/\",\"name\":\"MeetGirl - Annonces \u00e9rotiques Suisse - Escorts, massages et salons\",\"description\":\"Escorts et massages \u00e9rotiques\",\"publisher\":{\"@id\":\"https:\/\/meetgirl.ch\/#organization\"},\"alternateName\":\"Annuaire \u00e9rotique Suisse Escort \u00e0 Gen\u00e8ve, Lausanne, Valais, Neuch\u00e2tel\",\"potentialAction\":[{\"@type\":\"SearchAction\",\"target\":{\"@type\":\"EntryPoint\",\"urlTemplate\":\"https:\/\/meetgirl.ch\/?s={search_term_string}\"},\"query-input\":{\"@type\":\"PropertyValueSpecification\",\"valueRequired\":true,\"valueName\":\"search_term_string\"}}],\"inLanguage\":\"it-IT\"},{\"@type\":\"Organization\",\"@id\":\"https:\/\/meetgirl.ch\/#organization\",\"name\":\"Escort et massage \u00e9rotique\",\"alternateName\":\"Meetgirl escortes et masseuses\",\"url\":\"https:\/\/meetgirl.ch\/\",\"logo\":{\"@type\":\"ImageObject\",\"inLanguage\":\"it-IT\",\"@id\":\"https:\/\/meetgirl.ch\/#\/schema\/logo\/image\/\",\"url\":\"https:\/\/meetgirl.ch\/wp-content\/uploads\/2024\/05\/cropped-meet-logo.png\",\"contentUrl\":\"https:\/\/meetgirl.ch\/wp-content\/uploads\/2024\/05\/cropped-meet-logo.png\",\"width\":512,\"height\":512,\"caption\":\"Escort et massage \u00e9rotique\"},\"image\":{\"@id\":\"https:\/\/meetgirl.ch\/#\/schema\/logo\/image\/\"}}]}<\/script>\n<!-- \/ Yoast SEO plugin. -->","yoast_head_json":{"title":"Limousine Meetgirl Lausanne - Meetgirl - Annunci erotici - Escort, massaggi e saloni di bellezza","description":"Scoprite la Meetgirl On Tour: la limousine pi\u00f9 sensuale di Losanna ha fatto scalpore in tutto il Cantone di Vaud","robots":{"index":"index","follow":"follow","max-snippet":"max-snippet:-1","max-image-preview":"max-image-preview:large","max-video-preview":"max-video-preview:-1"},"canonical":"https:\/\/meetgirl.ch\/it\/limousine-meetgirl-lausanne\/","og_locale":"it_IT","og_type":"article","og_title":"Limousine Meetgirl Lausanne - Meetgirl - Annonces \u00e9rotiques - Escorts, massages et salons","og_description":"D\u00e9couvrez le Meetgirl On Tour : la limousine la plus sensuelle de Lausanne a fait sensation dans tout le Canton de Vaud","og_url":"https:\/\/meetgirl.ch\/it\/limousine-meetgirl-lausanne\/","og_site_name":"Meetgirl - Annonces \u00e9rotiques - Escorts, massages et salons","article_modified_time":"2026-01-25T16:13:23+00:00","og_image":[{"width":1200,"height":675,"url":"https:\/\/meetgirl.ch\/wp-content\/uploads\/2025\/06\/limousine-lausanne-1.jpg","type":"image\/jpeg"}],"twitter_card":"summary_large_image","twitter_misc":{"Tempo di lettura stimato":"3 minuti"},"schema":{"@context":"https:\/\/schema.org","@graph":[{"@type":"WebPage","@id":"https:\/\/meetgirl.ch\/limousine-meetgirl-lausanne\/","url":"https:\/\/meetgirl.ch\/limousine-meetgirl-lausanne\/","name":"Limousine Meetgirl Lausanne - Meetgirl - Annunci erotici - Escort, massaggi e saloni di bellezza","isPartOf":{"@id":"https:\/\/meetgirl.ch\/#website"},"primaryImageOfPage":{"@id":"https:\/\/meetgirl.ch\/limousine-meetgirl-lausanne\/#primaryimage"},"image":{"@id":"https:\/\/meetgirl.ch\/limousine-meetgirl-lausanne\/#primaryimage"},"thumbnailUrl":"https:\/\/meetgirl.ch\/wp-content\/uploads\/2025\/06\/limousine-lausanne-1-1024x576.jpg","datePublished":"2025-06-25T12:24:27+00:00","dateModified":"2026-01-25T16:13:23+00:00","description":"Scoprite la Meetgirl On Tour: la limousine pi\u00f9 sensuale di Losanna ha fatto scalpore in tutto il Cantone di Vaud","breadcrumb":{"@id":"https:\/\/meetgirl.ch\/limousine-meetgirl-lausanne\/#breadcrumb"},"inLanguage":"it-IT","potentialAction":[{"@type":"ReadAction","target":["https:\/\/meetgirl.ch\/limousine-meetgirl-lausanne\/"]}]},{"@type":"ImageObject","inLanguage":"it-IT","@id":"https:\/\/meetgirl.ch\/limousine-meetgirl-lausanne\/#primaryimage","url":"https:\/\/meetgirl.ch\/wp-content\/uploads\/2025\/06\/limousine-lausanne-1-1024x576.jpg","contentUrl":"https:\/\/meetgirl.ch\/wp-content\/uploads\/2025\/06\/limousine-lausanne-1-1024x576.jpg"},{"@type":"BreadcrumbList","@id":"https:\/\/meetgirl.ch\/limousine-meetgirl-lausanne\/#breadcrumb","itemListElement":[{"@type":"ListItem","position":1,"name":"Accueil","item":"https:\/\/meetgirl.ch\/"},{"@type":"ListItem","position":2,"name":"Limousine Meetgirl Lausanne"}]},{"@type":"WebSite","@id":"https:\/\/meetgirl.ch\/#website","url":"https:\/\/meetgirl.ch\/","name":"MeetGirl - Annunci erotici Svizzera - Accompagnatrici, massaggi e saloni di bellezza","description":"Escort e massaggi erotici","publisher":{"@id":"https:\/\/meetgirl.ch\/#organization"},"alternateName":"Annuaire \u00e9rotique Suisse Escort \u00e0 Gen\u00e8ve, Lausanne, Valais, Neuch\u00e2tel","potentialAction":[{"@type":"SearchAction","target":{"@type":"EntryPoint","urlTemplate":"https:\/\/meetgirl.ch\/?s={search_term_string}"},"query-input":{"@type":"PropertyValueSpecification","valueRequired":true,"valueName":"search_term_string"}}],"inLanguage":"it-IT"},{"@type":"Organization","@id":"https:\/\/meetgirl.ch\/#organization","name":"Escort e massaggio erotico","alternateName":"Meetgirl escortes et masseuses","url":"https:\/\/meetgirl.ch\/","logo":{"@type":"ImageObject","inLanguage":"it-IT","@id":"https:\/\/meetgirl.ch\/#\/schema\/logo\/image\/","url":"https:\/\/meetgirl.ch\/wp-content\/uploads\/2024\/05\/cropped-meet-logo.png","contentUrl":"https:\/\/meetgirl.ch\/wp-content\/uploads\/2024\/05\/cropped-meet-logo.png","width":512,"height":512,"caption":"Escort et massage \u00e9rotique"},"image":{"@id":"https:\/\/meetgirl.ch\/#\/schema\/logo\/image\/"}}]}},"_links":{"self":[{"href":"https:\/\/meetgirl.ch\/it\/wp-json\/wp\/v2\/pages\/9803","targetHints":{"allow":["GET"]}}],"collection":[{"href":"https:\/\/meetgirl.ch\/it\/wp-json\/wp\/v2\/pages"}],"about":[{"href":"https:\/\/meetgirl.ch\/it\/wp-json\/wp\/v2\/types\/page"}],"author":[{"embeddable":true,"href":"https:\/\/meetgirl.ch\/it\/wp-json\/wp\/v2\/users\/3"}],"replies":[{"embeddable":true,"href":"https:\/\/meetgirl.ch\/it\/wp-json\/wp\/v2\/comments?post=9803"}],"version-history":[{"count":12,"href":"https:\/\/meetgirl.ch\/it\/wp-json\/wp\/v2\/pages\/9803\/revisions"}],"predecessor-version":[{"id":19399,"href":"https:\/\/meetgirl.ch\/it\/wp-json\/wp\/v2\/pages\/9803\/revisions\/19399"}],"wp:attachment":[{"href":"https:\/\/meetgirl.ch\/it\/wp-json\/wp\/v2\/media?parent=9803"}],"curies":[{"name":"wp","href":"https:\/\/api.w.org\/{rel}","templated":true}]}}