{"id":9813,"date":"2025-06-25T12:39:43","date_gmt":"2025-06-25T12:39:43","guid":{"rendered":"https:\/\/meetgirl.ch\/?page_id=9813"},"modified":"2026-01-25T16:06:54","modified_gmt":"2026-01-25T16:06:54","slug":"limousine-save-the-date","status":"publish","type":"page","link":"https:\/\/meetgirl.ch\/it\/limousine-save-the-date\/","title":{"rendered":"Salvare la data in limousine"},"content":{"rendered":"<div data-elementor-type=\"wp-page\" data-elementor-id=\"9813\" class=\"elementor elementor-9813\">\n\t\t\t\t<div class=\"elementor-element elementor-element-456376d e-flex e-con-boxed e-con e-parent\" data-id=\"456376d\" data-element_type=\"container\" data-settings=\"{&quot;jet_parallax_layout_list&quot;:[]}\">\n\t\t\t\t\t<div class=\"e-con-inner\">\n\t\t\t\t\t<\/div>\n\t\t\t\t<\/div>\n\t\t<div class=\"elementor-element elementor-element-0668fe7 e-flex e-con-boxed e-con e-parent\" data-id=\"0668fe7\" data-element_type=\"container\" data-settings=\"{&quot;jet_parallax_layout_list&quot;:[]}\">\n\t\t\t\t\t<div class=\"e-con-inner\">\n\t\t\t\t<div class=\"elementor-element elementor-element-bc816f4 elementor-widget elementor-widget-text-editor\" data-id=\"bc816f4\" data-element_type=\"widget\" data-widget_type=\"text-editor.default\">\n\t\t\t\t<div class=\"elementor-widget-container\">\n\t\t\t\t\t\t\t\t\t<h2 data-start=\"119\" data-end=\"217\"><span style=\"color: #ffffff;\"><em data-start=\"126\" data-end=\"141\">Ultime notizie<\/em> : La limousine <strong data-start=\"157\" data-end=\"177\">Meetgirl in tour<\/strong> torna a Ginevra questo gioved\u00ec e venerd\u00ec!<\/span><\/h2><p data-start=\"219\" data-end=\"372\"><span style=\"color: #ffffff;\">Dopo aver incendiato le strade del cantone di Vaud, il <strong data-start=\"272\" data-end=\"302\">limousine Meetgirl On Tour<\/strong> \u00e8 tornato a <strong data-start=\"319\" data-end=\"329\">Ginevra<\/strong>, <strong data-start=\"331\" data-end=\"371\">Gioved\u00ec 26 e venerd\u00ec 27 giugno 2025<\/strong>.<\/span><\/p><p data-start=\"374\" data-end=\"575\"><span style=\"color: #ffffff;\">Da <strong data-start=\"380\" data-end=\"395\">Plainpalais<\/strong> \u00e0 <strong data-start=\"398\" data-end=\"409\">Carouge<\/strong>e <strong data-start=\"415\" data-end=\"429\">Eaux-Vives<\/strong> \u00e0 <strong data-start=\"432\" data-end=\"444\">Servette<\/strong>non dimenticare <strong data-start=\"459\" data-end=\"473\">Les P\u00e2quis<\/strong>, <strong data-start=\"475\" data-end=\"486\">Champel<\/strong>, <strong data-start=\"488\" data-end=\"499\">Acacie<\/strong> e <strong data-start=\"503\" data-end=\"512\">Lancy<\/strong>La silhouette sensuale del veicolo non passer\u00e0 inosservata...<\/span><\/p><h2 data-start=\"577\" data-end=\"718\"><span style=\"color: #ffffff;\"><strong data-start=\"580\" data-end=\"626\">La vedete? Non lasciatela scappare.<\/strong><\/span><br \/><span style=\"color: #ffffff;\">Avvicinatevi, scansionate il <strong data-start=\"649\" data-end=\"660\">Codice QR<\/strong> visibile sulla carrozzeria... e lasciatevi sorprendere.<\/span><\/h2><p data-start=\"577\" data-end=\"718\"><span style=\"color: #ffffff;\">A <strong data-start=\"726\" data-end=\"776\">una sorpresa originale, chic e decisamente sensuale<\/strong> Vi aspetta... Riservato ai curiosi, agli audaci e agli spiriti liberi.<\/span><\/p><hr data-start=\"855\" data-end=\"858\" \/><p data-start=\"860\" data-end=\"929\"><span style=\"color: #ffffff;\"><strong data-start=\"860\" data-end=\"880\">Meetgirl in tour<\/strong>Non \u00e8 una macchina, \u00e8 un invito.<\/span><\/p>\t\t\t\t\t\t\t\t<\/div>\n\t\t\t\t<\/div>\n\t\t\t\t\t<\/div>\n\t\t\t\t<\/div>\n\t\t\t\t<\/div>","protected":false},"excerpt":{"rendered":"<p>Breaking News : La limousine Meetgirl On Tour revient \u00e0 Gen\u00e8ve ce jeudi et vendredi ! Apr\u00e8s avoir embras\u00e9 les routes du canton de Vaud, la limousine Meetgirl On Tour est de retour \u00e0 Gen\u00e8ve, ce jeudi 26 et vendredi 27 juin 2025. De Plainpalais \u00e0 Carouge, des Eaux-Vives \u00e0 Servette, sans oublier Les P\u00e2quis, [&hellip;]<\/p>","protected":false},"author":3,"featured_media":0,"parent":0,"menu_order":0,"comment_status":"closed","ping_status":"closed","template":"","meta":{"footnotes":""},"class_list":["post-9813","page","type-page","status-publish","hentry"],"acf":[],"yoast_head":"<!-- This site is optimized with the Yoast SEO plugin v26.0 - https:\/\/yoast.com\/wordpress\/plugins\/seo\/ -->\n<title>Limousine save the date - Meetgirl - Annonces \u00e9rotiques - Escorts, massages et salons<\/title>\n<meta name=\"description\" content=\"D\u00e9couvrez le Meetgirl On Tour. la limousine la plus sensuelle qui tourne dans toute la Suisse et fait sensation que tout le monde en parle\" \/>\n<meta name=\"robots\" content=\"index, follow, max-snippet:-1, max-image-preview:large, max-video-preview:-1\" \/>\n<link rel=\"canonical\" href=\"https:\/\/meetgirl.ch\/it\/limousine-save-the-date\/\" \/>\n<meta property=\"og:locale\" content=\"it_IT\" \/>\n<meta property=\"og:type\" content=\"article\" \/>\n<meta property=\"og:title\" content=\"Limousine save the date - Meetgirl - Annonces \u00e9rotiques - Escorts, massages et salons\" \/>\n<meta property=\"og:description\" content=\"D\u00e9couvrez le Meetgirl On Tour. la limousine la plus sensuelle qui tourne dans toute la Suisse et fait sensation que tout le monde en parle\" \/>\n<meta property=\"og:url\" content=\"https:\/\/meetgirl.ch\/it\/limousine-save-the-date\/\" \/>\n<meta property=\"og:site_name\" content=\"Meetgirl - Annonces \u00e9rotiques - Escorts, massages et salons\" \/>\n<meta property=\"article:modified_time\" content=\"2026-01-25T16:06:54+00:00\" \/>\n<meta property=\"og:image\" content=\"https:\/\/meetgirl.ch\/wp-content\/uploads\/2025\/03\/meetgirl-yoast.jpg\" \/>\n\t<meta property=\"og:image:width\" content=\"1200\" \/>\n\t<meta property=\"og:image:height\" content=\"675\" \/>\n\t<meta property=\"og:image:type\" content=\"image\/jpeg\" \/>\n<meta name=\"twitter:card\" content=\"summary_large_image\" \/>\n<meta name=\"twitter:label1\" content=\"Tempo di lettura stimato\" \/>\n\t<meta name=\"twitter:data1\" content=\"1 minuto\" \/>\n<script type=\"application\/ld+json\" class=\"yoast-schema-graph\">{\"@context\":\"https:\/\/schema.org\",\"@graph\":[{\"@type\":\"WebPage\",\"@id\":\"https:\/\/meetgirl.ch\/limousine-save-the-date\/\",\"url\":\"https:\/\/meetgirl.ch\/limousine-save-the-date\/\",\"name\":\"Limousine save the date - Meetgirl - Annonces \u00e9rotiques - Escorts, massages et salons\",\"isPartOf\":{\"@id\":\"https:\/\/meetgirl.ch\/#website\"},\"datePublished\":\"2025-06-25T12:39:43+00:00\",\"dateModified\":\"2026-01-25T16:06:54+00:00\",\"description\":\"D\u00e9couvrez le Meetgirl On Tour. la limousine la plus sensuelle qui tourne dans toute la Suisse et fait sensation que tout le monde en parle\",\"breadcrumb\":{\"@id\":\"https:\/\/meetgirl.ch\/limousine-save-the-date\/#breadcrumb\"},\"inLanguage\":\"it-IT\",\"potentialAction\":[{\"@type\":\"ReadAction\",\"target\":[\"https:\/\/meetgirl.ch\/limousine-save-the-date\/\"]}]},{\"@type\":\"BreadcrumbList\",\"@id\":\"https:\/\/meetgirl.ch\/limousine-save-the-date\/#breadcrumb\",\"itemListElement\":[{\"@type\":\"ListItem\",\"position\":1,\"name\":\"Accueil\",\"item\":\"https:\/\/meetgirl.ch\/\"},{\"@type\":\"ListItem\",\"position\":2,\"name\":\"Limousine save the date\"}]},{\"@type\":\"WebSite\",\"@id\":\"https:\/\/meetgirl.ch\/#website\",\"url\":\"https:\/\/meetgirl.ch\/\",\"name\":\"MeetGirl - Annonces \u00e9rotiques Suisse - Escorts, massages et salons\",\"description\":\"Escorts et massages \u00e9rotiques\",\"publisher\":{\"@id\":\"https:\/\/meetgirl.ch\/#organization\"},\"alternateName\":\"Annuaire \u00e9rotique Suisse Escort \u00e0 Gen\u00e8ve, Lausanne, Valais, Neuch\u00e2tel\",\"potentialAction\":[{\"@type\":\"SearchAction\",\"target\":{\"@type\":\"EntryPoint\",\"urlTemplate\":\"https:\/\/meetgirl.ch\/?s={search_term_string}\"},\"query-input\":{\"@type\":\"PropertyValueSpecification\",\"valueRequired\":true,\"valueName\":\"search_term_string\"}}],\"inLanguage\":\"it-IT\"},{\"@type\":\"Organization\",\"@id\":\"https:\/\/meetgirl.ch\/#organization\",\"name\":\"Escort et massage \u00e9rotique\",\"alternateName\":\"Meetgirl escortes et masseuses\",\"url\":\"https:\/\/meetgirl.ch\/\",\"logo\":{\"@type\":\"ImageObject\",\"inLanguage\":\"it-IT\",\"@id\":\"https:\/\/meetgirl.ch\/#\/schema\/logo\/image\/\",\"url\":\"https:\/\/meetgirl.ch\/wp-content\/uploads\/2024\/05\/cropped-meet-logo.png\",\"contentUrl\":\"https:\/\/meetgirl.ch\/wp-content\/uploads\/2024\/05\/cropped-meet-logo.png\",\"width\":512,\"height\":512,\"caption\":\"Escort et massage \u00e9rotique\"},\"image\":{\"@id\":\"https:\/\/meetgirl.ch\/#\/schema\/logo\/image\/\"}}]}<\/script>\n<!-- \/ Yoast SEO plugin. -->","yoast_head_json":{"title":"Limousine save the date - Meetgirl - Annunci erotici - Escort, massaggi e saloni di bellezza","description":"Scoprite Meetgirl On Tour. la limousine pi\u00f9 sensuale che gira per tutta la Svizzera e che fa talmente scalpore che tutti ne parlano.","robots":{"index":"index","follow":"follow","max-snippet":"max-snippet:-1","max-image-preview":"max-image-preview:large","max-video-preview":"max-video-preview:-1"},"canonical":"https:\/\/meetgirl.ch\/it\/limousine-save-the-date\/","og_locale":"it_IT","og_type":"article","og_title":"Limousine save the date - Meetgirl - Annonces \u00e9rotiques - Escorts, massages et salons","og_description":"D\u00e9couvrez le Meetgirl On Tour. la limousine la plus sensuelle qui tourne dans toute la Suisse et fait sensation que tout le monde en parle","og_url":"https:\/\/meetgirl.ch\/it\/limousine-save-the-date\/","og_site_name":"Meetgirl - Annonces \u00e9rotiques - Escorts, massages et salons","article_modified_time":"2026-01-25T16:06:54+00:00","og_image":[{"width":1200,"height":675,"url":"https:\/\/meetgirl.ch\/wp-content\/uploads\/2025\/03\/meetgirl-yoast.jpg","type":"image\/jpeg"}],"twitter_card":"summary_large_image","twitter_misc":{"Tempo di lettura stimato":"1 minuto"},"schema":{"@context":"https:\/\/schema.org","@graph":[{"@type":"WebPage","@id":"https:\/\/meetgirl.ch\/limousine-save-the-date\/","url":"https:\/\/meetgirl.ch\/limousine-save-the-date\/","name":"Limousine save the date - Meetgirl - Annunci erotici - Escort, massaggi e saloni di bellezza","isPartOf":{"@id":"https:\/\/meetgirl.ch\/#website"},"datePublished":"2025-06-25T12:39:43+00:00","dateModified":"2026-01-25T16:06:54+00:00","description":"Scoprite Meetgirl On Tour. la limousine pi\u00f9 sensuale che gira per tutta la Svizzera e che fa talmente scalpore che tutti ne parlano.","breadcrumb":{"@id":"https:\/\/meetgirl.ch\/limousine-save-the-date\/#breadcrumb"},"inLanguage":"it-IT","potentialAction":[{"@type":"ReadAction","target":["https:\/\/meetgirl.ch\/limousine-save-the-date\/"]}]},{"@type":"BreadcrumbList","@id":"https:\/\/meetgirl.ch\/limousine-save-the-date\/#breadcrumb","itemListElement":[{"@type":"ListItem","position":1,"name":"Accueil","item":"https:\/\/meetgirl.ch\/"},{"@type":"ListItem","position":2,"name":"Limousine save the date"}]},{"@type":"WebSite","@id":"https:\/\/meetgirl.ch\/#website","url":"https:\/\/meetgirl.ch\/","name":"MeetGirl - Annunci erotici Svizzera - Accompagnatrici, massaggi e saloni di bellezza","description":"Escort e massaggi erotici","publisher":{"@id":"https:\/\/meetgirl.ch\/#organization"},"alternateName":"Annuaire \u00e9rotique Suisse Escort \u00e0 Gen\u00e8ve, Lausanne, Valais, Neuch\u00e2tel","potentialAction":[{"@type":"SearchAction","target":{"@type":"EntryPoint","urlTemplate":"https:\/\/meetgirl.ch\/?s={search_term_string}"},"query-input":{"@type":"PropertyValueSpecification","valueRequired":true,"valueName":"search_term_string"}}],"inLanguage":"it-IT"},{"@type":"Organization","@id":"https:\/\/meetgirl.ch\/#organization","name":"Escort e massaggio erotico","alternateName":"Meetgirl escortes et masseuses","url":"https:\/\/meetgirl.ch\/","logo":{"@type":"ImageObject","inLanguage":"it-IT","@id":"https:\/\/meetgirl.ch\/#\/schema\/logo\/image\/","url":"https:\/\/meetgirl.ch\/wp-content\/uploads\/2024\/05\/cropped-meet-logo.png","contentUrl":"https:\/\/meetgirl.ch\/wp-content\/uploads\/2024\/05\/cropped-meet-logo.png","width":512,"height":512,"caption":"Escort et massage \u00e9rotique"},"image":{"@id":"https:\/\/meetgirl.ch\/#\/schema\/logo\/image\/"}}]}},"_links":{"self":[{"href":"https:\/\/meetgirl.ch\/it\/wp-json\/wp\/v2\/pages\/9813","targetHints":{"allow":["GET"]}}],"collection":[{"href":"https:\/\/meetgirl.ch\/it\/wp-json\/wp\/v2\/pages"}],"about":[{"href":"https:\/\/meetgirl.ch\/it\/wp-json\/wp\/v2\/types\/page"}],"author":[{"embeddable":true,"href":"https:\/\/meetgirl.ch\/it\/wp-json\/wp\/v2\/users\/3"}],"replies":[{"embeddable":true,"href":"https:\/\/meetgirl.ch\/it\/wp-json\/wp\/v2\/comments?post=9813"}],"version-history":[{"count":3,"href":"https:\/\/meetgirl.ch\/it\/wp-json\/wp\/v2\/pages\/9813\/revisions"}],"predecessor-version":[{"id":19379,"href":"https:\/\/meetgirl.ch\/it\/wp-json\/wp\/v2\/pages\/9813\/revisions\/19379"}],"wp:attachment":[{"href":"https:\/\/meetgirl.ch\/it\/wp-json\/wp\/v2\/media?parent=9813"}],"curies":[{"name":"wp","href":"https:\/\/api.w.org\/{rel}","templated":true}]}}